{"id":4402357,"date":"2026-01-28T14:03:05","date_gmt":"2026-01-28T13:03:05","guid":{"rendered":"https:\/\/desw.ersigroup.com\/politicaprivacidad\/"},"modified":"2026-02-02T13:41:21","modified_gmt":"2026-02-02T12:41:21","slug":"politicaprivacidad","status":"publish","type":"page","link":"https:\/\/www.ersigroup.com\/fr\/politicaprivacidad\/","title":{"rendered":"PoliticaPrivacidad"},"content":{"rendered":"<p>[et_pb_section fb_built=\u00a0\u00bb1&Prime; _builder_version=\u00a0\u00bb4.27.4&Prime; _module_preset=\u00a0\u00bbdefault\u00a0\u00bb background_color=\u00a0\u00bbrgba(255,255,255,0.75)\u00a0\u00bb background_image=\u00a0\u00bbhttps:\/\/www.ersigroup.com\/wp-content\/uploads\/2025\/10\/Contrato-ERSI-BNHz-scaled.jpg\u00a0\u00bb background_blend=\u00a0\u00bbsoft-light\u00a0\u00bb custom_margin=\u00a0\u00bb0px||0px||false|false\u00a0\u00bb custom_padding=\u00a0\u00bb0px||0px||false|false\u00a0\u00bb da_disable_devices=\u00a0\u00bboff|off|off\u00a0\u00bb global_colors_info=\u00a0\u00bb{}\u00a0\u00bb da_is_popup=\u00a0\u00bboff\u00a0\u00bb da_exit_intent=\u00a0\u00bboff\u00a0\u00bb da_has_close=\u00a0\u00bbon\u00a0\u00bb da_alt_close=\u00a0\u00bboff\u00a0\u00bb da_dark_close=\u00a0\u00bboff\u00a0\u00bb da_not_modal=\u00a0\u00bbon\u00a0\u00bb da_is_singular=\u00a0\u00bboff\u00a0\u00bb da_with_loader=\u00a0\u00bboff\u00a0\u00bb da_has_shadow=\u00a0\u00bbon\u00a0\u00bb][et_pb_row _builder_version=\u00a0\u00bb4.27.4&Prime; _module_preset=\u00a0\u00bbdefault\u00a0\u00bb global_colors_info=\u00a0\u00bb{}\u00a0\u00bb][et_pb_column type=\u00a0\u00bb4_4&Prime; _builder_version=\u00a0\u00bb4.27.4&Prime; _module_preset=\u00a0\u00bbdefault\u00a0\u00bb global_colors_info=\u00a0\u00bb{}\u00a0\u00bb][et_pb_text _builder_version=\u00a0\u00bb4.27.5&Prime; _module_preset=\u00a0\u00bbdefault\u00a0\u00bb global_colors_info=\u00a0\u00bb{}\u00a0\u00bb]<\/p>\n<h1 style=\"text-align: center;\">Pol\u00edtica de Provacidad<\/h1>\n<p>[\/et_pb_text][dsm_breadcrumbs align=\u00a0\u00bbcenter\u00a0\u00bb _builder_version=\u00a0\u00bb4.27.4&Prime; _module_preset=\u00a0\u00bbdefault\u00a0\u00bb items_font=\u00a0\u00bb|600|||||||\u00a0\u00bb items_text_color=\u00a0\u00bb#111111&Prime; separators_text_color=\u00a0\u00bb#cccccc\u00a0\u00bb global_colors_info=\u00a0\u00bb{}\u00a0\u00bb][\/dsm_breadcrumbs][\/et_pb_column][\/et_pb_row][\/et_pb_section][et_pb_section fb_built=\u00a0\u00bb1&Prime; _builder_version=\u00a0\u00bb4.27.4&Prime; _module_preset=\u00a0\u00bbdefault\u00a0\u00bb custom_margin=\u00a0\u00bb0px||||false|false\u00a0\u00bb custom_padding=\u00a0\u00bb0px||||false|false\u00a0\u00bb da_disable_devices=\u00a0\u00bboff|off|off\u00a0\u00bb global_colors_info=\u00a0\u00bb{}\u00a0\u00bb da_is_popup=\u00a0\u00bboff\u00a0\u00bb da_exit_intent=\u00a0\u00bboff\u00a0\u00bb da_has_close=\u00a0\u00bbon\u00a0\u00bb da_alt_close=\u00a0\u00bboff\u00a0\u00bb da_dark_close=\u00a0\u00bboff\u00a0\u00bb da_not_modal=\u00a0\u00bbon\u00a0\u00bb da_is_singular=\u00a0\u00bboff\u00a0\u00bb da_with_loader=\u00a0\u00bboff\u00a0\u00bb da_has_shadow=\u00a0\u00bbon\u00a0\u00bb][et_pb_row _builder_version=\u00a0\u00bb4.27.4&Prime; _module_preset=\u00a0\u00bbdefault\u00a0\u00bb global_colors_info=\u00a0\u00bb{}\u00a0\u00bb][et_pb_column type=\u00a0\u00bb4_4&Prime; _builder_version=\u00a0\u00bb4.27.4&Prime; _module_preset=\u00a0\u00bbdefault\u00a0\u00bb global_colors_info=\u00a0\u00bb{}\u00a0\u00bb][et_pb_text _builder_version=\u00a0\u00bb4.27.5&Prime; _module_preset=\u00a0\u00bbdefault\u00a0\u00bb hover_enabled=\u00a0\u00bb0&Prime; global_colors_info=\u00a0\u00bb{}\u00a0\u00bb sticky_enabled=\u00a0\u00bb0&Prime;]<\/p>\n<h2>Pol\u00edtica de privacidad<\/h2>\n<p>De conformidad con lo establecido en la legislaci\u00f3n vigente sobre protecci\u00f3n de datos, el Reglamento (UE) 2016\/679, del Parlamento Europeo y del Consejo, de 27 de abril de 2016, relativo a la protecci\u00f3n de las personas f\u00edsicas en lo que respecto al tratamiento de datos personales y a la libre circulaci\u00f3n de estos datos (en adelante, RGPD), as\u00ed como en la Ley Org\u00e1nica 3\/2018, de 5 de diciembre, de Protecci\u00f3n de Datos y garant\u00eda de los derechos digitales (en adelante, LOPD-GDD), se informa al usuario de conformidad con lo establecido en los art\u00edculos 13 del RGPD y 11 de la LOPD-GDD:<\/p>\n<p>&nbsp;<\/p>\n<h4>I. RESPONSABLE<\/h4>\n<p>\u00bfQui\u00e9n es el responsable de tratamiento de sus datos?<\/p>\n<p>&#8211;\u00a0\u00a0\u00a0\u00a0\u00a0\u00a0 Raz\u00f3n social: ASC GRUPO ERSI SLU<\/p>\n<p>&#8211;\u00a0\u00a0\u00a0\u00a0\u00a0\u00a0 CIF: B83364570<\/p>\n<p>&#8211;\u00a0\u00a0\u00a0\u00a0\u00a0\u00a0 Domicilio: \u00a0AVD. DE CASTILLA, 2 KUDOS, EDF. HUNGR\u00cdA, PL. 2, ESC. B &#8211; 28830, SAN FERNANDO DE HENARES, MADRID<\/p>\n<p>&#8211;\u00a0\u00a0\u00a0\u00a0\u00a0\u00a0 Correo electr\u00f3nico: GDPR@ERSIGROUP.COM<\/p>\n<p>&#8211;\u00a0\u00a0\u00a0\u00a0\u00a0\u00a0 P\u00e1gina web: WWW.ERSIGROUP.COM<\/p>\n<p>&nbsp;<\/p>\n<p>&nbsp;<\/p>\n<h4>II.\u00a0 FINALIDAD<\/h4>\n<p>\u00a0\u00bfCon que finalidad trataremos sus datos personales?<\/p>\n<p>&nbsp;<\/p>\n<p>ASC GRUPO ERSI SLU trata su informaci\u00f3n para:<\/p>\n<p>\u00a0&#8211;\u00a0 \u00a0 \u00a0 \u00a0Mantenimiento de la relaci\u00f3n mercantil y prestaci\u00f3n del servicio contratado.<\/p>\n<p>\u00a0&#8211;\u00a0 \u00a0 \u00a0 \u00a0Realizaci\u00f3n de un presupuesto ajustado a sus necesidades.<\/p>\n<p>\u00a0&#8211;\u00a0 \u00a0 \u00a0 \u00a0Gestionar comunicaciones por correo electr\u00f3nico con interesados.<\/p>\n<p>\u00a0&#8211;\u00a0 \u00a0 \u00a0 \u00a0Llevar a cabo los procesos de selecci\u00f3n de la sociedad.<\/p>\n<p>\u00a0&#8211;\u00a0 \u00a0 \u00a0 \u00a0Gesti\u00f3n de los empleados y recursos humanos de la sociedad.<\/p>\n<p>\u00a0&#8211;\u00a0 \u00a0 \u00a0 \u00a0Env\u00edo de informaci\u00f3n comercial vinculada con nuestro sector<\/p>\n<p>&nbsp;<\/p>\n<p>\u00bfDurante cu\u00e1nto tiempo tendremos sus datos?<\/p>\n<p>Los datos personales que nos proporcione ser\u00e1n conservados mientras se mantenga la relaci\u00f3n mercantil vigente. No obstante para tener la m\u00e1xima transparencia con usted le indicamos que los c\u00f3mputos generales con los que trabajamos son:<\/p>\n<p>\u00a0\u00a0&#8211;\u00a0\u00a0\u00a0\u00a0\u00a0\u00a0 Datos gen\u00e9ricos de identificaci\u00f3n (correo electr\u00f3nico, nombre, apellidos, tel\u00e9fono, etc.): mientras dure la relaci\u00f3n mercantil o hasta que se revoque el consentimiento. En cualquier caso, se eliminar\u00e1n cuando no vayan a utilizarse para el fin con el que fueron recabados.<\/p>\n<p>\u00a0&#8211;\u00a0\u00a0\u00a0\u00a0\u00a0\u00a0 Ley sobre Infracciones y Sanciones en el Orden Social (obligaciones en materia de afiliaci\u00f3n, altas, bajas, cotizaci\u00f3n, pago de salarios\u2026); Arts. 66 y sig. Ley General Tributaria (libros de contabilidad\u2026): cuatro (4) a\u00f1os.<\/p>\n<p>\u00a0&#8211;\u00a0\u00a0\u00a0\u00a0\u00a0\u00a0 Acciones personales sin plazo especial (art\u00edculo 1964 C\u00f3digo Civil): cinco (5) a\u00f1os<\/p>\n<p>\u00a0&#8211;\u00a0\u00a0\u00a0\u00a0\u00a0\u00a0 Contable, fiscal y laboral (art\u00edculo 30 C\u00f3digo de Comercio &#8211; libros de contabilidad, facturas\u2026): seis (6) a\u00f1os.<\/p>\n<p>\u00a0&#8211;\u00a0\u00a0\u00a0\u00a0\u00a0\u00a0 Laboral: contratos, registros de jornada, recibos de salarios y cotizaciones, documentos de identificaci\u00f3n, cuatro (4) a\u00f1os; en caso de informes de prevenci\u00f3n de riesgos laborales, expedientes de enfermedades o accidentes, contratos con servicios de prevenci\u00f3n, cinco (5) a\u00f1os.<\/p>\n<p>\u00a0&#8211;\u00a0\u00a0\u00a0\u00a0\u00a0\u00a0 Datos sujeto a la Ley de Prevenci\u00f3n del Blanqueo de Capitales y Financiaci\u00f3n del terrorismo (art\u00edculo 25): diez (10) a\u00f1os.<\/p>\n<p>\u00a0&#8211;\u00a0\u00a0\u00a0\u00a0\u00a0\u00a0 Procesos de selecci\u00f3n: dos (2) a\u00f1os desde la entrega del curriculum vitae.<\/p>\n<p>\u00a0&#8211;\u00a0\u00a0\u00a0\u00a0\u00a0\u00a0 Asimismo, dado el env\u00edo de informaci\u00f3n comercial, aunque se ponga fin a la relaci\u00f3n entre las partes, el responsable seguir\u00e1 conservando su informaci\u00f3n para el env\u00edo de newsletters vinculadas con nuestros productos y servicios[1]. Siempre podr\u00e1 ejercitar los derechos que le reconoce la normativa vigente poni\u00e9ndose en contacto a trav\u00e9s de la v\u00eda que le sea m\u00e1s c\u00f3moda.<\/p>\n<p>\u00a0&#8211;\u00a0\u00a0\u00a0\u00a0\u00a0\u00a0 Datos desagregados y anonimizados: sin plazo<\/p>\n<p>&nbsp;<\/p>\n<p>Pese a la existencia de estos plazos generales, le informamos que de forma peri\u00f3dica revisaremos nuestros sistemas para proceder a eliminar aquellos datos que no sean legalmente necesarios.<\/p>\n<p>&nbsp;<\/p>\n<h4>III.\u00a0\u00a0\u00a0\u00a0\u00a0\u00a0\u00a0\u00a0\u00a0\u00a0\u00a0\u00a0\u00a0\u00a0\u00a0 LEGITIMACI\u00d3N<\/h4>\n<p>\u00a0\u00bfCu\u00e1l es la legitimaci\u00f3n para el tratamiento de sus datos?<\/p>\n<p>\u00a0Seg\u00fan las finalidades de la recogida de nuestros datos, el tratamiento de sus datos es necesario:<\/p>\n<p>&nbsp;<\/p>\n<p>\u00a0&#8211;\u00a0 \u00a0 \u00a0 \u00a0Gestionar la relaci\u00f3n mercantil que ha suscrito y contratado con nosotros.<br \/>Ejecuci\u00f3n de un contrato (habilitado por el art\u00edculo 6.1.b RGPD)<br \/>Consentimiento del interesado (habitado por el art\u00edculo 6.1.a RGPD)<\/p>\n<p>\u00a0&#8211;\u00a0 \u00a0 \u00a0 \u00a0Realizaci\u00f3n de un presupuesto ajustado a sus necesidades.<br \/>Ejecuci\u00f3n de un contrato y\/o relaci\u00f3n precontractual (habilitado por el art\u00edculo 6.1.b RGPD)<\/p>\n<p>\u00a0&#8211;\u00a0 \u00a0 \u00a0 \u00a0Gestionar comunicaciones por correo electr\u00f3nico con interesados.<br \/>Consentimiento del interesado (habitado por el art\u00edculo 6.1.a RGPD)<br \/>Inter\u00e9s leg\u00edtimo (habilitado por el art\u00edculo 6.1.f RGPD)<\/p>\n<p>\u00a0&#8211;\u00a0 \u00a0 \u00a0 \u00a0Llevar a cabo los procesos de selecci\u00f3n de la sociedad.<br \/>Consentimiento del interesado (habitado por el art\u00edculo 6.1.a RGPD)<\/p>\n<p>\u00a0&#8211;\u00a0 \u00a0 \u00a0 \u00a0Gesti\u00f3n de los empleados y recursos humanos internos de la sociedad<br \/>Ejecuci\u00f3n contractual (habilitado por el art\u00edculo 6.1.b RGPD)<\/p>\n<p>\u00a0&#8211;\u00a0 \u00a0 \u00a0 \u00a0Env\u00edo de comunicaciones comerciales<br \/>Consentimiento del interesado (habilitado por el art\u00edculo 6.1. RGPD)<br \/>Consentimiento del interesado (habilitado por el art\u00edculo 20 LSSICE)<br \/>Inter\u00e9s leg\u00edtimo (habilitado por el art\u00edculo 6.1.f RGPD y 21.2 LSSICE)<\/p>\n<p>Asimismo, todos los datos recogidos son necesarios para la prestaci\u00f3n del servicio. No obstante, aquellos datos que est\u00e9n marcados con un asterisco (*) ser\u00e1n obligatorios. En el caso de que los datos obligatorios no fueran facilitados, el responsable no podr\u00e1 prestarle el servicio contratado.<\/p>\n<p>&nbsp;<\/p>\n<p>Por \u00faltimo, le informamos que solo podr\u00e1n aportar datos personales en este sitio web las personas mayores de 14 a\u00f1os. Seg\u00fan obliga la LOPD y GDD, en caso de menores de 14 a\u00f1os, ser\u00e1 condici\u00f3n obligatoria el consentimiento de sus padres o tutores para que podamos tratar sus datos personales.<\/p>\n<p>&nbsp;<\/p>\n<p>Por otra parte, solo podr\u00e1n contratar nuestros servicios las personas mayores de 18 a\u00f1os. En caso de menores de 18 a\u00f1os, ser\u00e1 condici\u00f3n obligatoria el consentimiento de sus padres o tutores legales para que podamos prestar los servicios ofertados, salvo que el menor est\u00e9 emancipado.<\/p>\n<p>&nbsp;<\/p>\n<h4>IV.\u00a0\u00a0\u00a0\u00a0\u00a0\u00a0\u00a0\u00a0\u00a0\u00a0\u00a0\u00a0\u00a0\u00a0 DERECHOS QUE LE ASISTEN A LAS PERSONAS INTERESADAS<\/h4>\n<p>\u00a0\u00bfQu\u00e9 derechos tengo en materia de protecci\u00f3n de datos?<\/p>\n<p>&nbsp;<\/p>\n<p>Conforme a lo establecido en los art\u00edculos 13 RGPD y 11.2.c) LOPDGDD, puede ejercitar cualquiera de los siguientes derechos comunic\u00e1ndonoslo a la direcci\u00f3n postal\u00a0 AVD. DE CASTILLA, 2 KUDOS, EDF. HUNGR\u00cdA, PL. 2, ESC. B &#8211; 28830, SAN FERNANDO DE HENARES, MADRID\u00a0\u00a0 o a la direcci\u00f3n electr\u00f3nica GDPR@ERSIGROUP.COM. En todo caso, seg\u00fan la normativa vigente, tiene reconocidos los siguientes derechos de acuerdo a lo contenido en los art\u00edculos 15 a 22 RGPD y 12 a 18 LOPDGDD:<\/p>\n<p>&nbsp;<\/p>\n<p>\u00a0&#8211;\u00a0 \u00a0 \u00a0 \u00a0Derecho a solicitar el acceso a los datos personales relativos al interesado.<\/p>\n<p>\u00a0&#8211;\u00a0\u00a0\u00a0\u00a0\u00a0\u00a0 Derecho a solicitar su rectificaci\u00f3n o supresi\u00f3n.<\/p>\n<p>\u00a0&#8211;\u00a0\u00a0\u00a0\u00a0\u00a0\u00a0 Derecho a solicitar la limitaci\u00f3n del tratamiento.<\/p>\n<p>\u00a0&#8211;\u00a0\u00a0\u00a0\u00a0\u00a0\u00a0 Derecho a oponerse al tratamiento.<\/p>\n<p>\u00a0&#8211;\u00a0\u00a0\u00a0\u00a0\u00a0\u00a0 Derecho a la portabilidad.<\/p>\n<p>&nbsp;<\/p>\n<p>Puede solicitar al Responsable los formularios para ejercer sus derechos, a trav\u00e9s de la direcci\u00f3n de correo electr\u00f3nico indicado en los datos del responsable. Adicionalmente, puede presentar una reclamaci\u00f3n ante la Agencia Espa\u00f1ola de Protecci\u00f3n de Datos (AEPD). M\u00e1s informaci\u00f3n en el Apartado VII del presente documento.<\/p>\n<p>&nbsp;<\/p>\n<p>&nbsp;<\/p>\n<h4>V.\u00a0\u00a0\u00a0\u00a0\u00a0\u00a0\u00a0\u00a0\u00a0\u00a0\u00a0\u00a0\u00a0\u00a0\u00a0\u00a0 DESTINATARIOS<\/h4>\n<p>\u00a0\u00bfA qu\u00e9 destinatarios se comunicar\u00e1n sus datos?<\/p>\n<p>&nbsp;<\/p>\n<p>Siempre se informar\u00e1 y, cuando proceda, se solicitar\u00e1 su consentimiento expreso para ceder sus datos personales o realizar transferencias internacionales de acuerdo a la normativa vigente (arts. 13.1.e) y 44 RGPD, as\u00ed como el art. 11.1 y 40 LOPDGDD 3\/2018). Por ello, le informamos que los terceros con los que el Responsable trabaja tienen sus servidores ubicados dentro de la UE, EEE o Suiza, contando con medidas de seguridad adecuadas para garantizar un tratamiento de datos adecuado y confidencial.<\/p>\n<p>Fuera de los casos anteriormente mencionados y salvo por obligaci\u00f3n legal, no se ceder\u00e1 ni comunicar\u00e1 a ning\u00fan tercero sus datos, excepto en los casos legalmente previstos o cuando sea estrictamente necesario para la prestaci\u00f3n de un servicio. De forma gen\u00e9rica, los datos podr\u00e1n ser cedidos a:<\/p>\n<p>&#8211;\u00a0\u00a0\u00a0\u00a0\u00a0\u00a0 Proveedores de servicios tecnol\u00f3gicos.<\/p>\n<p>&#8211;\u00a0\u00a0\u00a0\u00a0\u00a0\u00a0 Proveedores de servicios de pago.<\/p>\n<p>&#8211;\u00a0\u00a0\u00a0\u00a0\u00a0\u00a0 Empresas de mensajer\u00eda y paqueter\u00eda.<\/p>\n<p>&#8211;\u00a0\u00a0\u00a0\u00a0\u00a0\u00a0 Terceros o intermediarios, en calidad de prestadores de servicios, que operen en nuestro propio nombre (gestor\u00eda, asesor\u00eda, aut\u00f3nomos colaboradores\u2026).<\/p>\n<p>&#8211;\u00a0\u00a0\u00a0\u00a0\u00a0\u00a0 Terceros encargados del tratamiento, colaboradores o con estrecha relaci\u00f3n mercantil con el responsable para la exclusiva finalidad de prestar nuestros servicios.<\/p>\n<p>&#8211;\u00a0\u00a0\u00a0\u00a0\u00a0\u00a0 Cuando fuera necesario para la prestaci\u00f3n de nuestros servicios, previa informaci\u00f3n y consentimiento, sus datos podr\u00e1n ser tratados por sucursales en el extranjero.<\/p>\n<p>&nbsp;<\/p>\n<p>Las cesiones de datos se producir\u00e1n respetando la m\u00e1s estricta confidencialidad, empleando las medidas necesarias, tales como la firma de contratos de confidencialidad, o la adhesi\u00f3n a sus pol\u00edticas de privacidad establecidas en sus respectivas p\u00e1ginas web. El Usuario (t\u00e9rmino definido para hacer referencia a la persona f\u00edsica o jur\u00eddica que utiliza o navega por la p\u00e1gina Web que se publica bajo el nombre de dominio WWW.ERSIGROUP.COM) podr\u00e1 negarse a la cesi\u00f3n de sus datos a los Encargados del Tratamiento, mediante petici\u00f3n escrita, por cualquiera de los medios anteriormente referenciados. El responsable no ceder\u00e1 ni comunicar\u00e1 a ning\u00fan tercero sus datos, excepto en los casos legalmente previstos o cuando la prestaci\u00f3n de un servicio implique la necesidad de una relaci\u00f3n contractual con un Encargado de Tratamiento. As\u00ed, el Usuario acepta que algunos de los datos personales recabados sean facilitados a estos Encargados del Tratamiento (plataformas de pago, gestor\u00eda, intermediarios, etc.), cuando sea necesario para la efectiva realizaci\u00f3n de un servicio contratado o producto adquirido. El Usuario acepta tambi\u00e9n que, en caso de prestaci\u00f3n de servicios, \u00e9stos puedan ser, total o parcialmente, subcontratados a otras personas o empresas, que tendr\u00e1n la consideraci\u00f3n de Encargados del Tratamiento, con los que se ha convenido el correspondiente contrato de confidencialidad, o adherido a sus pol\u00edticas de privacidad, establecidas en sus respectivas p\u00e1ginas web. El Usuario podr\u00e1 negarse a la cesi\u00f3n de sus datos a los Encargados del Tratamiento, mediante petici\u00f3n escrita, por cualquiera de los medios anteriormente referenciados.<\/p>\n<p>&nbsp;<\/p>\n<h4>VI.\u00a0\u00a0\u00a0\u00a0\u00a0\u00a0\u00a0\u00a0\u00a0\u00a0\u00a0\u00a0\u00a0\u00a0 PROCEDENCIA DE SUS DATOS<\/h4>\n<p>\u00a0\u00bfC\u00f3mo hemos obtenido sus datos?<\/p>\n<p>&nbsp;<\/p>\n<p>Los datos de car\u00e1cter personal que utiliza ASC GRUPO ERSI SLU proceden del propio interesado, dando as\u00ed cumplimiento a lo establecido en los art\u00edculos 13 RGPD y 11 LOPDGDD ya mencionados, o de empresas del grupo o colaboradoras, sobre las que puede obtener m\u00e1s informaci\u00f3n escribiendo a la direcci\u00f3n de correo electr\u00f3nico GDPR@ERSIGROUP.COM o en la oficina del Responsable en la direcci\u00f3n postal indicada en este documento.<\/p>\n<p>&nbsp;<\/p>\n<p>&nbsp;<\/p>\n<p>\u00bfQu\u00e9 categor\u00edas de datos manejamos?<\/p>\n<p>Las categor\u00edas de datos de car\u00e1cter personal que se tratan:<\/p>\n<p>&nbsp;<\/p>\n<p>Datos de identificaci\u00f3n<\/p>\n<p>\u00a0&#8211;\u00a0 \u00a0 \u00a0 \u00a0Nombre<\/p>\n<p>\u00a0&#8211;\u00a0 \u00a0 \u00a0 \u00a0Apellidos<\/p>\n<p>\u00a0&#8211;\u00a0 \u00a0 \u00a0 \u00a0DNI \/ NIE \/ Pasaporte o documento equivalente<\/p>\n<p>\u00a0&#8211;\u00a0 \u00a0 \u00a0 \u00a0Direcciones postales<\/p>\n<p>\u00a0&#8211;\u00a0 \u00a0 \u00a0 \u00a0Direcciones electr\u00f3nicas<\/p>\n<p>\u00a0&#8211;\u00a0 \u00a0 \u00a0 \u00a0Sexo<\/p>\n<p>\u00a0&#8211;\u00a0 \u00a0 \u00a0 \u00a0Fecha de nacimiento<\/p>\n<p>\u00a0&#8211;\u00a0 \u00a0 \u00a0 \u00a0Lugar de nacimiento<\/p>\n<p>\u00a0&#8211;\u00a0 \u00a0 \u00a0 \u00a0Tel\u00e9fono de contacto (m\u00f3vil \/ fijo)<\/p>\n<p>&nbsp;<\/p>\n<p>Informaci\u00f3n comercial: propia y de terceros<\/p>\n<p>&nbsp;<\/p>\n<p>Datos econ\u00f3micos<\/p>\n<p>\u00a0&#8211;\u00a0 \u00a0 \u00a0 \u00a0N\u00famero de cuenta bancaria<\/p>\n<p>&nbsp;<\/p>\n<p>Curriculum vitae<\/p>\n<p>\u00a0&#8211;\u00a0 \u00a0 \u00a0 \u00a0Datos acad\u00e9micos<\/p>\n<p>\u00a0&#8211;\u00a0 \u00a0 \u00a0 \u00a0Titulaciones<\/p>\n<p>\u00a0&#8211;\u00a0 \u00a0 \u00a0 \u00a0Aficiones<\/p>\n<p>\u00a0&#8211;\u00a0 \u00a0 \u00a0 \u00a0Pertenencia a asociaciones o clubes<\/p>\n<p>&nbsp;<\/p>\n<p>Videovigilancia<\/p>\n<p>\u00a0&#8211;\u00a0 \u00a0 \u00a0 \u00a0Imagen<\/p>\n<p>&nbsp;<\/p>\n<p>El tratamiento de datos sensibles se har\u00e1 conforme a lo establecido en los art\u00edculos 9 RGPD y 9 LOPDGDD, informando en todo caso al interesado sobre qu\u00e9 datos se utilizar\u00e1n por el responsable.<\/p>\n<p>&nbsp;<\/p>\n<p>&nbsp;<\/p>\n<p>&nbsp;<\/p>\n<h4>VII.\u00a0\u00a0\u00a0\u00a0\u00a0\u00a0\u00a0\u00a0\u00a0\u00a0\u00a0\u00a0\u00a0 INFORMACI\u00d3N ADICIONAL<\/h4>\n<p>\u00a0&#8211;\u00a0\u00a0\u00a0\u00a0\u00a0\u00a0 Medidas de seguridad: Se informa a los Usuarios de la web del responsable que se han adoptado las medidas de seguridad, t\u00e9cnicas y organizativas a nuestro alcance para evitar la p\u00e9rdida, mal uso, alteraci\u00f3n, acceso no autorizado y robo de los datos, y que garantizan as\u00ed la confidencialidad, integridad y calidad de la informaci\u00f3n contenida en las mismas, de acuerdo con lo establecido en la normativa vigente en materia de protecci\u00f3n de datos. Los datos personales que se recogen en los formularios son objeto de tratamiento, \u00fanicamente, por parte del personal del responsable o de los Encargados del Tratamiento designados. El Sitio Web cuenta adem\u00e1s con un cifrado SSL que permite al Usuario el env\u00edo seguro de sus datos personales a trav\u00e9s de los formularios de contacto o registro del sitio web.<\/p>\n<p>\u00a0&#8211;\u00a0\u00a0\u00a0\u00a0\u00a0\u00a0 Confidencialidad: La informaci\u00f3n suministrada por el Usuario tendr\u00e1, en todo caso, la consideraci\u00f3n de confidencial, sin que pueda ser utilizada para otros fines distintos a los aqu\u00ed descritos. El responsable se obliga a no divulgar ni revelar informaci\u00f3n sobre las pretensiones del Usuario, los motivos del asesoramiento solicitado o la duraci\u00f3n de su relaci\u00f3n con \u00e9ste.<\/p>\n<p>\u00a0&#8211;\u00a0\u00a0\u00a0\u00a0\u00a0\u00a0 Veracidad de los datos: El Usuario manifiesta que todos los datos facilitados por \u00e9l son ciertos y correctos y se compromete a mantenerlos actualizados. El Usuario responder\u00e1 de la veracidad de sus datos y ser\u00e1 el \u00fanico responsable de cuantos conflictos o litigios pudieran resultar por la falsedad de los mismos. Es importante que, para que podamos mantener los datos personales actualizados, el Usuario informe al responsable siempre que haya habido alguna modificaci\u00f3n en los mismos.<\/p>\n<p>\u00a0&#8211;\u00a0\u00a0\u00a0\u00a0\u00a0\u00a0 Documentaci\u00f3n realizada por LegalDPO (https:\/\/legaldpo.es\/), en base a la informaci\u00f3n facilitada por el Responsable del tratamiento. El contenido se ajusta a la normativa vigente en febrero del a\u00f1o 2025, pudiendo variar conforme a los cambios legislativos o criterios jurisprudenciales, siendo obligaci\u00f3n del titular la comprobaci\u00f3n de la vigencia normativa en cada momento.<\/p>\n<p>&nbsp;<\/p>\n<h4>VIII.\u00a0\u00a0\u00a0\u00a0\u00a0\u00a0\u00a0\u00a0\u00a0\u00a0 AUTORIDAD DE CONTROL<\/h4>\n<p>\u00a0Ponemos el m\u00e1ximo empe\u00f1o para cumplir con la normativa de protecci\u00f3n de datos dado que es el activo m\u00e1s valioso para nosotros. No obstante, le informamos que en caso de que usted entienda que sus derechos se han visto menoscabados, puede presentar una reclamaci\u00f3n ante la Agencia Espa\u00f1ola de Protecci\u00f3n de Datos (AEPD), sita en C\/ Jorge Juan, 6. 28001 \u2013 Madrid. M\u00e1s informaci\u00f3n sobre la AEPD. http:\/\/www.agpd.es\/. Documentaci\u00f3n realizada por LegalDPO. https:\/\/legaldpo.es\/<\/p>\n<p>&nbsp;<\/p>\n<p>&nbsp;<\/p>\n<p>[\/et_pb_text][\/et_pb_column][\/et_pb_row][\/et_pb_section]<\/p>\n","protected":false},"excerpt":{"rendered":"<p>Pol\u00edtica de Provacidad<div class=\"et_pb_module dsm_breadcrumbs dsm_breadcrumbs_0\">\n\t\t\t\t\n\t\t\t\t\n\t\t\t\t\n\t\t\t\t\n\t\t\t\t\n\t\t\t\t\n\t\t\t\t<div class=\"et_pb_module_inner\">\n\t\t\t\t\t<nav class=\"dsm_breadcrumbs_wrap\">\n\t\t\t\t<ul class=\"dsm_breadcrumbs\" itemscope itemtype=\"https:\/\/schema.org\/BreadcrumbList\">\t\t\t<li class=\"dsm_breadcrumbs_item dsm_home_item dsm_home_item_custom\" itemprop=\"itemListElement\" itemscope\n\t\t\titemtype=\"https:\/\/schema.org\/ListItem\">\n\t\t\t\t<a href=\"https:\/\/www.ersigroup.com\/fr\/\" itemprop=\"item\" target=\"\">\n\t\t\t\t\t<span class='dsm_home_text_wrapper'>\n\t\t\t\t\t\t\t\t\t\t\t\t\t<span class=\"et-pb-icon dsm_home_icon\">\ue009<\/span>\n\t\t\t\t\t\t\t\t\t\t\t\t\t<span class=\"dsm_home_text\" itemprop=\"name\">\n\t\t\t\t\t\t\t\tHome\t\t\t\t\t\t\t<\/span>\n\t\t\t\t\t<\/span>\n\t\t\t\t<\/a>\n\t\t\t\t<meta itemprop=\"position\" content=\"1\" \/>\n\t\t\t<\/li>\n\n\t\t<li class=\"dsm_breadcrumbs_separator\"> <span class=\"et-pb-icon dsm_separator_icon\">5<\/span><\/li><\/ul>\n\t\t\t<\/nav>\n\t\t\t\t<\/div>\n\t\t\t<\/div>Pol\u00edtica de privacidad De conformidad con lo establecido en la legislaci\u00f3n vigente sobre protecci\u00f3n de datos, el Reglamento (UE) 2016\/679, del Parlamento Europeo y del Consejo, de 27 de abril de 2016, relativo a la protecci\u00f3n de las personas f\u00edsicas en lo que respecto al tratamiento de datos personales y a la libre circulaci\u00f3n de estos datos (en adelante, RGPD), as\u00ed como en la Ley Org\u00e1nica 3\/2018, de 5 de diciembre, de Protecci\u00f3n de Datos y garant\u00eda de los derechos digitales (en adelante, LOPD-GDD), se informa al usuario de conformidad con lo establecido en los art\u00edculos 13 del RGPD y 11 de la LOPD-GDD: &nbsp; I. RESPONSABLE \u00bfQui\u00e9n es el responsable de tratamiento de sus datos? &#8211;\u00a0\u00a0\u00a0\u00a0\u00a0\u00a0 Raz\u00f3n social: ASC GRUPO ERSI SLU &#8211;\u00a0\u00a0\u00a0\u00a0\u00a0\u00a0 CIF: B83364570 &#8211;\u00a0\u00a0\u00a0\u00a0\u00a0\u00a0 Domicilio: \u00a0AVD. DE CASTILLA, 2 KUDOS, EDF. HUNGR\u00cdA, PL. 2, ESC. B &#8211; 28830, SAN FERNANDO DE HENARES, MADRID &#8211;\u00a0\u00a0\u00a0\u00a0\u00a0\u00a0 Correo electr\u00f3nico: GDPR@ERSIGROUP.COM &#8211;\u00a0\u00a0\u00a0\u00a0\u00a0\u00a0 P\u00e1gina web: WWW.ERSIGROUP.COM &nbsp; &nbsp; II.\u00a0 FINALIDAD \u00a0\u00bfCon que finalidad trataremos sus datos personales? &nbsp; ASC GRUPO ERSI SLU trata su informaci\u00f3n para: \u00a0&#8211;\u00a0 \u00a0 \u00a0 \u00a0Mantenimiento de la relaci\u00f3n mercantil y prestaci\u00f3n del servicio contratado. \u00a0&#8211;\u00a0 \u00a0 \u00a0 \u00a0Realizaci\u00f3n [&hellip;]<\/p>\n","protected":false},"author":3,"featured_media":0,"parent":0,"menu_order":0,"comment_status":"closed","ping_status":"closed","template":"","meta":{"_et_pb_use_builder":"on","_et_pb_old_content":"","_et_gb_content_width":"","footnotes":""},"class_list":["post-4402357","page","type-page","status-publish","hentry"],"_links":{"self":[{"href":"https:\/\/www.ersigroup.com\/fr\/wp-json\/wp\/v2\/pages\/4402357","targetHints":{"allow":["GET"]}}],"collection":[{"href":"https:\/\/www.ersigroup.com\/fr\/wp-json\/wp\/v2\/pages"}],"about":[{"href":"https:\/\/www.ersigroup.com\/fr\/wp-json\/wp\/v2\/types\/page"}],"author":[{"embeddable":true,"href":"https:\/\/www.ersigroup.com\/fr\/wp-json\/wp\/v2\/users\/3"}],"replies":[{"embeddable":true,"href":"https:\/\/www.ersigroup.com\/fr\/wp-json\/wp\/v2\/comments?post=4402357"}],"version-history":[{"count":1,"href":"https:\/\/www.ersigroup.com\/fr\/wp-json\/wp\/v2\/pages\/4402357\/revisions"}],"predecessor-version":[{"id":4402359,"href":"https:\/\/www.ersigroup.com\/fr\/wp-json\/wp\/v2\/pages\/4402357\/revisions\/4402359"}],"wp:attachment":[{"href":"https:\/\/www.ersigroup.com\/fr\/wp-json\/wp\/v2\/media?parent=4402357"}],"curies":[{"name":"wp","href":"https:\/\/api.w.org\/{rel}","templated":true}]}}