{"id":4400175,"date":"2026-01-22T13:34:47","date_gmt":"2026-01-22T12:34:47","guid":{"rendered":"https:\/\/desw.ersigroup.com\/aviso-legal\/"},"modified":"2026-02-02T15:37:26","modified_gmt":"2026-02-02T14:37:26","slug":"mentions-legales","status":"publish","type":"page","link":"https:\/\/www.ersigroup.com\/fr\/mentions-legales\/","title":{"rendered":"Mentions L\u00e9gales"},"content":{"rendered":"<p>[et_pb_section fb_built=\u00a0\u00bb1&Prime; _builder_version=\u00a0\u00bb4.27.4&Prime; _module_preset=\u00a0\u00bbdefault\u00a0\u00bb background_color=\u00a0\u00bbrgba(255,255,255,0.75)\u00a0\u00bb background_image=\u00a0\u00bbhttps:\/\/www.ersigroup.com\/wp-content\/uploads\/2025\/10\/Contrato-ERSI-BNHz-scaled.jpg\u00a0\u00bb background_blend=\u00a0\u00bbsoft-light\u00a0\u00bb custom_margin=\u00a0\u00bb0px||0px||false|false\u00a0\u00bb custom_padding=\u00a0\u00bb0px||0px||false|false\u00a0\u00bb da_disable_devices=\u00a0\u00bboff|off|off\u00a0\u00bb global_colors_info=\u00a0\u00bb{}\u00a0\u00bb da_is_popup=\u00a0\u00bboff\u00a0\u00bb da_exit_intent=\u00a0\u00bboff\u00a0\u00bb da_has_close=\u00a0\u00bbon\u00a0\u00bb da_alt_close=\u00a0\u00bboff\u00a0\u00bb da_dark_close=\u00a0\u00bboff\u00a0\u00bb da_not_modal=\u00a0\u00bbon\u00a0\u00bb da_is_singular=\u00a0\u00bboff\u00a0\u00bb da_with_loader=\u00a0\u00bboff\u00a0\u00bb da_has_shadow=\u00a0\u00bbon\u00a0\u00bb][et_pb_row _builder_version=\u00a0\u00bb4.27.4&Prime; _module_preset=\u00a0\u00bbdefault\u00a0\u00bb global_colors_info=\u00a0\u00bb{}\u00a0\u00bb][et_pb_column type=\u00a0\u00bb4_4&Prime; _builder_version=\u00a0\u00bb4.27.4&Prime; _module_preset=\u00a0\u00bbdefault\u00a0\u00bb global_colors_info=\u00a0\u00bb{}\u00a0\u00bb][et_pb_text _builder_version=\u00a0\u00bb4.27.5&Prime; _module_preset=\u00a0\u00bbdefault\u00a0\u00bb hover_enabled=\u00a0\u00bb0&Prime; global_colors_info=\u00a0\u00bb{}\u00a0\u00bb admin_label=\u00a0\u00bbTexte\u00a0\u00bb sticky_enabled=\u00a0\u00bb0&Prime;]<\/p>\n<h1 style=\"text-align: center;\">Mentions L\u00e9gales<\/h1>\n<p>[\/et_pb_text][dsm_breadcrumbs align=\u00a0\u00bbcenter\u00a0\u00bb _builder_version=\u00a0\u00bb4.27.4&Prime; _module_preset=\u00a0\u00bbdefault\u00a0\u00bb items_font=\u00a0\u00bb|600|||||||\u00a0\u00bb items_text_color=\u00a0\u00bb#111111&Prime; separators_text_color=\u00a0\u00bb#cccccc\u00a0\u00bb global_colors_info=\u00a0\u00bb{}\u00a0\u00bb][\/dsm_breadcrumbs][\/et_pb_column][\/et_pb_row][\/et_pb_section][et_pb_section fb_built=\u00a0\u00bb1&Prime; _builder_version=\u00a0\u00bb4.27.4&Prime; _module_preset=\u00a0\u00bbdefault\u00a0\u00bb custom_margin=\u00a0\u00bb0px||||false|false\u00a0\u00bb custom_padding=\u00a0\u00bb0px||||false|false\u00a0\u00bb da_disable_devices=\u00a0\u00bboff|off|off\u00a0\u00bb global_colors_info=\u00a0\u00bb{}\u00a0\u00bb da_is_popup=\u00a0\u00bboff\u00a0\u00bb da_exit_intent=\u00a0\u00bboff\u00a0\u00bb da_has_close=\u00a0\u00bbon\u00a0\u00bb da_alt_close=\u00a0\u00bboff\u00a0\u00bb da_dark_close=\u00a0\u00bboff\u00a0\u00bb da_not_modal=\u00a0\u00bbon\u00a0\u00bb da_is_singular=\u00a0\u00bboff\u00a0\u00bb da_with_loader=\u00a0\u00bboff\u00a0\u00bb da_has_shadow=\u00a0\u00bbon\u00a0\u00bb][et_pb_row _builder_version=\u00a0\u00bb4.27.4&Prime; _module_preset=\u00a0\u00bbdefault\u00a0\u00bb global_colors_info=\u00a0\u00bb{}\u00a0\u00bb][et_pb_column type=\u00a0\u00bb4_4&Prime; _builder_version=\u00a0\u00bb4.27.4&Prime; _module_preset=\u00a0\u00bbdefault\u00a0\u00bb global_colors_info=\u00a0\u00bb{}\u00a0\u00bb][et_pb_text _builder_version=\u00a0\u00bb4.27.5&Prime; _module_preset=\u00a0\u00bbdefault\u00a0\u00bb global_colors_info=\u00a0\u00bb{}\u00a0\u00bb]<\/p>\n<p><strong>MENTIONS L\u00c9GALES<\/strong><\/p>\n<p>Mentions l\u00e9gales et informations relatives aux conditions d\u2019utilisation du site web<\/p>\n<p>Conform\u00e9ment \u00e0 l\u2019obligation d\u2019information pr\u00e9vue \u00e0 l\u2019article 10 de la loi 34\/2002 du 11 juillet relative aux services de la soci\u00e9t\u00e9 de l\u2019information et au commerce \u00e9lectronique, ASC GRUPO ERSI SLU, en qualit\u00e9 de titulaire du site web WWW.ERSIGROUP.COM, d\u00e9clare ce qui suit :<\/p>\n<ol>\n<li>Donn\u00e9es d\u2019identification :<\/li>\n<\/ol>\n<p>D\u00e9nomination sociale : ASC GRUPO ERSI SLU<\/p>\n<p>Num\u00e9ro d\u2019identification fiscale (CIF) : B83364570<\/p>\n<p>Si\u00e8ge social : Avenida de Castilla, 2 Kudos, B\u00e2timent Hongrie, 2e \u00e9tage, Escalier B \u2013 28830 San Fernando de Henares, Madrid<\/p>\n<p>Adresse \u00e9lectronique : GDPR@ERSIGROUP.COM<\/p>\n<p>Donn\u00e9es d\u2019inscription au Registre du commerce de Madrid : Tome 17 831, Livre 0, Folio 61, Section 8, Feuille M-307592.<\/p>\n<p>Les pr\u00e9sentes informations constituent et r\u00e9gissent les conditions d\u2019utilisation, les limitations de responsabilit\u00e9 et les obligations que les utilisateurs du site web publi\u00e9 sous le nom de domaine WWW.ERSIGROUP.COM acceptent et s\u2019engagent \u00e0 respecter. L\u2019acceptation des pr\u00e9sentes mentions l\u00e9gales n\u2019implique en aucun cas l\u2019\u00e9tablissement d\u2019une relation contractuelle entre l\u2019UTILISATEUR et le RESPONSABLE du site web.<\/p>\n<p>D\u00c9FINITIONS<\/p>\n<p>\u00ab Page \u00bb : le domaine WWW.ERSIGROUP.COM mis \u00e0 disposition des utilisateurs d\u2019Internet.<\/p>\n<p>\u00ab Utilisateur \u00bb : toute personne physique ou morale qui utilise ou navigue sur la Page.<\/p>\n<p>\u00ab Contenu \u00bb : l\u2019ensemble des pages composant le domaine WWW.ERSIGROUP.COM, contenant les informations et services mis \u00e0 disposition par ASC GRUPO ERSI SLU.<\/p>\n<p>\u00ab Site web \u00bb : terme technique d\u00e9signant le syst\u00e8me d\u2019acc\u00e8s \u00e0 l\u2019information via Internet.<\/p>\n<p>\u00ab Lien hypertexte \u00bb : technique permettant \u00e0 l\u2019Utilisateur de naviguer entre diff\u00e9rentes pages du site ou d\u2019Internet par un simple clic.<\/p>\n<p>\u00ab Cookies \u00bb : moyen technique permettant la tra\u00e7abilit\u00e9 et le suivi de la navigation sur les sites web.<\/p>\n<p>UTILISATEURS \/ CONDITIONS D\u2019UTILISATION<\/p>\n<p>L\u2019acc\u00e8s et\/ou l\u2019utilisation de ce site web conf\u00e8re la qualit\u00e9 d\u2019UTILISATEUR, qui accepte, sans r\u00e9serve, l\u2019ensemble des clauses des pr\u00e9sentes mentions l\u00e9gales.<\/p>\n<p>Si l\u2019Utilisateur n\u2019est pas d\u2019accord avec les conditions d\u2019utilisation, il doit s\u2019abstenir d\u2019utiliser le site.<\/p>\n<p>UTILISATION DU SITE WEB<\/p>\n<p>ASC GRUPO ERSI SLU met \u00e0 disposition des articles, informations et donn\u00e9es (ci-apr\u00e8s, \u00ab LES CONTENUS \u00bb). L\u2019Utilisateur assume l\u2019enti\u00e8re responsabilit\u00e9 de l\u2019utilisation du site web.<\/p>\n<p>L\u2019Utilisateur s\u2019engage \u00e0 faire un usage appropri\u00e9 des contenus et \u00e0 ne pas les utiliser \u00e0 des fins illicites ou contraires \u00e0 la l\u00e9gislation en vigueur.<\/p>\n<ol start=\"5\">\n<li>POLITIQUE DE CONFIDENTIALIT\u00c9. PROTECTION DES DONN\u00c9ES<\/li>\n<\/ol>\n<p>ASC GRUPO ERSI SLU est consciente de l\u2019importance de la protection des donn\u00e9es personnelles et de la vie priv\u00e9e des utilisateurs.<\/p>\n<ol start=\"6\">\n<li>LIENS HYPERTEXTES<\/li>\n<\/ol>\n<p>Le site web peut contenir des liens vers des sites tiers non exploit\u00e9s par ASC GRUPO ERSI SLU, qui d\u00e9cline toute responsabilit\u00e9 quant \u00e0 leur contenu ou \u00e0 leurs pratiques en mati\u00e8re de confidentialit\u00e9.<\/p>\n<ol start=\"7\">\n<li>MODIFICATION DES MENTIONS L\u00c9GALES<\/li>\n<\/ol>\n<p>ASC GRUPO ERSI SLU se r\u00e9serve le droit de modifier les pr\u00e9sentes mentions l\u00e9gales \u00e0 tout moment et sans pr\u00e9avis.<\/p>\n<ol start=\"8\">\n<li>PROPRI\u00c9T\u00c9 INTELLECTUELLE ET INDUSTRIELLE<\/li>\n<\/ol>\n<p>ASC GRUPO ERSI SLU est titulaire de l\u2019ensemble des droits de propri\u00e9t\u00e9 intellectuelle et industrielle du site web.<\/p>\n<ol start=\"9\">\n<li>COOKIES<\/li>\n<\/ol>\n<p>ASC GRUPO ERSI SLU peut utiliser des cookies \u00e0 des fins statistiques et fonctionnelles.<\/p>\n<ol start=\"10\">\n<li>DISPONIBILIT\u00c9 DU SITE<\/li>\n<\/ol>\n<p>ASC GRUPO ERSI SLU ne garantit pas l\u2019absence d\u2019interruptions ou d\u2019erreurs dans l\u2019acc\u00e8s au site.<\/p>\n<ol start=\"11\">\n<li>QUALIT\u00c9 DU SITE<\/li>\n<\/ol>\n<p>ASC GRUPO ERSI SLU ne garantit pas l\u2019exactitude, la fiabilit\u00e9 ou l\u2019actualit\u00e9 des contenus.<\/p>\n<ol start=\"12\">\n<li>DISPONIBILIT\u00c9 DES CONTENUS<\/li>\n<\/ol>\n<p>La fourniture du service du site web est, en principe, de dur\u00e9e ind\u00e9termin\u00e9e.<\/p>\n<ol start=\"13\">\n<li>JURIDICTION<\/li>\n<\/ol>\n<p>Pour toute question relative \u00e0 l\u2019interpr\u00e9tation, l\u2019application ou l\u2019ex\u00e9cution des pr\u00e9sentes mentions l\u00e9gales, la l\u00e9gislation espagnole est applicable.<\/p>\n<ol start=\"14\">\n<li>L\u00c9GISLATION APPLICABLE<\/li>\n<\/ol>\n<p>Les pr\u00e9sentes conditions sont r\u00e9gies par le droit espagnol. Tous droits r\u00e9serv\u00e9s conform\u00e9ment aux lois et trait\u00e9s internationaux sur la propri\u00e9t\u00e9 intellectuelle.<\/p>\n<p>[\/et_pb_text][\/et_pb_column][\/et_pb_row][\/et_pb_section]<\/p>\n","protected":false},"excerpt":{"rendered":"<p>Mentions L\u00e9gales<div class=\"et_pb_module dsm_breadcrumbs dsm_breadcrumbs_0\">\n\t\t\t\t\n\t\t\t\t\n\t\t\t\t\n\t\t\t\t\n\t\t\t\t\n\t\t\t\t\n\t\t\t\t<div class=\"et_pb_module_inner\">\n\t\t\t\t\t<nav class=\"dsm_breadcrumbs_wrap\">\n\t\t\t\t<ul class=\"dsm_breadcrumbs\" itemscope itemtype=\"https:\/\/schema.org\/BreadcrumbList\">\t\t\t<li class=\"dsm_breadcrumbs_item dsm_home_item dsm_home_item_custom\" itemprop=\"itemListElement\" itemscope\n\t\t\titemtype=\"https:\/\/schema.org\/ListItem\">\n\t\t\t\t<a href=\"https:\/\/www.ersigroup.com\/fr\/\" itemprop=\"item\" target=\"\">\n\t\t\t\t\t<span class='dsm_home_text_wrapper'>\n\t\t\t\t\t\t\t\t\t\t\t\t\t<span class=\"et-pb-icon dsm_home_icon\">\ue009<\/span>\n\t\t\t\t\t\t\t\t\t\t\t\t\t<span class=\"dsm_home_text\" itemprop=\"name\">\n\t\t\t\t\t\t\t\tHome\t\t\t\t\t\t\t<\/span>\n\t\t\t\t\t<\/span>\n\t\t\t\t<\/a>\n\t\t\t\t<meta itemprop=\"position\" content=\"1\" \/>\n\t\t\t<\/li>\n\n\t\t<li class=\"dsm_breadcrumbs_separator\"> <span class=\"et-pb-icon dsm_separator_icon\">5<\/span><\/li><\/ul>\n\t\t\t<\/nav>\n\t\t\t\t<\/div>\n\t\t\t<\/div>MENTIONS L\u00c9GALES Mentions l\u00e9gales et informations relatives aux conditions d\u2019utilisation du site web Conform\u00e9ment \u00e0 l\u2019obligation d\u2019information pr\u00e9vue \u00e0 l\u2019article 10 de la loi 34\/2002 du 11 juillet relative aux services de la soci\u00e9t\u00e9 de l\u2019information et au commerce \u00e9lectronique, ASC GRUPO ERSI SLU, en qualit\u00e9 de titulaire du site web WWW.ERSIGROUP.COM, d\u00e9clare ce qui suit : Donn\u00e9es d\u2019identification : D\u00e9nomination sociale : ASC GRUPO ERSI SLU Num\u00e9ro d\u2019identification fiscale (CIF) : B83364570 Si\u00e8ge social : Avenida de Castilla, 2 Kudos, B\u00e2timent Hongrie, 2e \u00e9tage, Escalier B \u2013 28830 San Fernando de Henares, Madrid Adresse \u00e9lectronique : GDPR@ERSIGROUP.COM Donn\u00e9es d\u2019inscription au Registre du commerce de Madrid : Tome 17 831, Livre 0, Folio 61, Section 8, Feuille M-307592. Les pr\u00e9sentes informations constituent et r\u00e9gissent les conditions d\u2019utilisation, les limitations de responsabilit\u00e9 et les obligations que les utilisateurs du site web publi\u00e9 sous le nom de domaine WWW.ERSIGROUP.COM acceptent et s\u2019engagent \u00e0 respecter. L\u2019acceptation des pr\u00e9sentes mentions l\u00e9gales n\u2019implique en aucun cas l\u2019\u00e9tablissement d\u2019une relation contractuelle entre l\u2019UTILISATEUR et le RESPONSABLE du site web. D\u00c9FINITIONS \u00ab Page \u00bb : le domaine WWW.ERSIGROUP.COM mis \u00e0 disposition des utilisateurs d\u2019Internet. \u00ab Utilisateur \u00bb : toute [&hellip;]<\/p>\n","protected":false},"author":3,"featured_media":0,"parent":0,"menu_order":0,"comment_status":"closed","ping_status":"closed","template":"","meta":{"_et_pb_use_builder":"on","_et_pb_old_content":"<p>sdfasdfsdfasdf<\/p>","_et_gb_content_width":"","footnotes":""},"class_list":["post-4400175","page","type-page","status-publish","hentry"],"_links":{"self":[{"href":"https:\/\/www.ersigroup.com\/fr\/wp-json\/wp\/v2\/pages\/4400175","targetHints":{"allow":["GET"]}}],"collection":[{"href":"https:\/\/www.ersigroup.com\/fr\/wp-json\/wp\/v2\/pages"}],"about":[{"href":"https:\/\/www.ersigroup.com\/fr\/wp-json\/wp\/v2\/types\/page"}],"author":[{"embeddable":true,"href":"https:\/\/www.ersigroup.com\/fr\/wp-json\/wp\/v2\/users\/3"}],"replies":[{"embeddable":true,"href":"https:\/\/www.ersigroup.com\/fr\/wp-json\/wp\/v2\/comments?post=4400175"}],"version-history":[{"count":6,"href":"https:\/\/www.ersigroup.com\/fr\/wp-json\/wp\/v2\/pages\/4400175\/revisions"}],"predecessor-version":[{"id":4402451,"href":"https:\/\/www.ersigroup.com\/fr\/wp-json\/wp\/v2\/pages\/4400175\/revisions\/4402451"}],"wp:attachment":[{"href":"https:\/\/www.ersigroup.com\/fr\/wp-json\/wp\/v2\/media?parent=4400175"}],"curies":[{"name":"wp","href":"https:\/\/api.w.org\/{rel}","templated":true}]}}