{"id":4399538,"date":"2025-08-06T10:46:35","date_gmt":"2025-08-06T08:46:35","guid":{"rendered":"https:\/\/desw.ersigroup.com\/partenaires\/al-carat-arabia-saudita\/"},"modified":"2026-01-25T00:51:49","modified_gmt":"2026-01-24T23:51:49","slug":"al-carat-arabia-saudita","status":"publish","type":"page","link":"https:\/\/www.ersigroup.com\/fr\/partenaires\/al-carat-arabia-saudita\/","title":{"rendered":"AL CARAT (Arabia Saudita)"},"content":{"rendered":"<p>[et_pb_section fb_built=\u00a0\u00bb1&Prime; _builder_version=\u00a0\u00bb4.27.4&Prime; _module_preset=\u00a0\u00bbdefault\u00a0\u00bb background_color=\u00a0\u00bbrgba(255,255,255,0.75)\u00a0\u00bb background_image=\u00a0\u00bbhttps:\/\/www.ersigroup.com\/wp-content\/uploads\/2025\/08\/bg-2.jpg\u00a0\u00bb background_blend=\u00a0\u00bbsoft-light\u00a0\u00bb custom_margin=\u00a0\u00bb||||false|false\u00a0\u00bb da_disable_devices=\u00a0\u00bboff|off|off\u00a0\u00bb global_colors_info=\u00a0\u00bb{}\u00a0\u00bb da_is_popup=\u00a0\u00bboff\u00a0\u00bb da_exit_intent=\u00a0\u00bboff\u00a0\u00bb da_has_close=\u00a0\u00bbon\u00a0\u00bb da_alt_close=\u00a0\u00bboff\u00a0\u00bb da_dark_close=\u00a0\u00bboff\u00a0\u00bb da_not_modal=\u00a0\u00bbon\u00a0\u00bb da_is_singular=\u00a0\u00bboff\u00a0\u00bb da_with_loader=\u00a0\u00bboff\u00a0\u00bb da_has_shadow=\u00a0\u00bbon\u00a0\u00bb][et_pb_row _builder_version=\u00a0\u00bb4.27.4&Prime; _module_preset=\u00a0\u00bbdefault\u00a0\u00bb global_colors_info=\u00a0\u00bb{}\u00a0\u00bb][et_pb_column type=\u00a0\u00bb4_4&Prime; _builder_version=\u00a0\u00bb4.27.4&Prime; _module_preset=\u00a0\u00bbdefault\u00a0\u00bb global_colors_info=\u00a0\u00bb{}\u00a0\u00bb][et_pb_text _builder_version=\u00a0\u00bb4.27.4&Prime; _module_preset=\u00a0\u00bbdefault\u00a0\u00bb global_colors_info=\u00a0\u00bb{}\u00a0\u00bb]<\/p>\n<h1 style=\"text-align: center;\">AL CARAT: Alianza Estrat\u00e9gica para la Excelencia Constructiva en Arabia Saudita<\/h1>\n<p>[\/et_pb_text][dsm_breadcrumbs align=\u00a0\u00bbcenter\u00a0\u00bb _builder_version=\u00a0\u00bb4.27.4&Prime; _module_preset=\u00a0\u00bbdefault\u00a0\u00bb items_font=\u00a0\u00bb|600|||||||\u00a0\u00bb items_text_color=\u00a0\u00bb#111111&Prime; separators_text_color=\u00a0\u00bb#cccccc\u00a0\u00bb global_colors_info=\u00a0\u00bb{}\u00a0\u00bb][\/dsm_breadcrumbs][\/et_pb_column][\/et_pb_row][\/et_pb_section][et_pb_section fb_built=\u00a0\u00bb1&Prime; _builder_version=\u00a0\u00bb4.27.4&Prime; _module_preset=\u00a0\u00bbdefault\u00a0\u00bb da_disable_devices=\u00a0\u00bboff|off|off\u00a0\u00bb global_colors_info=\u00a0\u00bb{}\u00a0\u00bb da_is_popup=\u00a0\u00bboff\u00a0\u00bb da_exit_intent=\u00a0\u00bboff\u00a0\u00bb da_has_close=\u00a0\u00bbon\u00a0\u00bb da_alt_close=\u00a0\u00bboff\u00a0\u00bb da_dark_close=\u00a0\u00bboff\u00a0\u00bb da_not_modal=\u00a0\u00bbon\u00a0\u00bb da_is_singular=\u00a0\u00bboff\u00a0\u00bb da_with_loader=\u00a0\u00bboff\u00a0\u00bb da_has_shadow=\u00a0\u00bbon\u00a0\u00bb][et_pb_row _builder_version=\u00a0\u00bb4.27.4&Prime; _module_preset=\u00a0\u00bbdefault\u00a0\u00bb global_colors_info=\u00a0\u00bb{}\u00a0\u00bb][et_pb_column type=\u00a0\u00bb4_4&Prime; _builder_version=\u00a0\u00bb4.27.4&Prime; _module_preset=\u00a0\u00bbdefault\u00a0\u00bb global_colors_info=\u00a0\u00bb{}\u00a0\u00bb][et_pb_text _builder_version=\u00a0\u00bb4.27.4&Prime; _module_preset=\u00a0\u00bbdefault\u00a0\u00bb hover_enabled=\u00a0\u00bb0&Prime; global_colors_info=\u00a0\u00bb{}\u00a0\u00bb sticky_enabled=\u00a0\u00bb0&Prime;]<\/p>\n<p style=\"text-align: justify;\"><strong><b><span style=\"color: #115e67; font-size: 18px;\">AL CARAT (Arabia Saudita)<\/span><\/b><\/strong><\/p>\n<p style=\"text-align: justify;\"><strong>AL CARAT<\/strong> es una Joint Venture constituida por <span style=\"color: #0a626c;\"><b>ERSIGROUP<\/b><\/span> y Attieh Steel Company Limited, concebida para impulsar una actuaci\u00f3n conjunta de alto valor a\u00f1adido en el mercado saud\u00ed. Su objetivo es desplegar tecnolog\u00edas avanzadas de construcci\u00f3n \u2014tanto en soluciones producto como en servicios t\u00e9cnicos especializados\u2014 sobre la base de una colaboraci\u00f3n estrecha y permanente entre los equipos profesionales de ambas compa\u00f1\u00edas.<\/p>\n<p style=\"text-align: justify;\">Esta alianza estrat\u00e9gica nace con una clara vocaci\u00f3n de integraci\u00f3n local, promoviendo el intercambio de conocimientos, la transferencia tecnol\u00f3gica y la consolidaci\u00f3n de capacidades t\u00e9cnicas que aporten al desarrollo sostenible del sector. <strong>AL CARAT<\/strong> se configura, as\u00ed como un agente industrial de largo recorrido, orientado a la excelencia, la eficiencia operativa y la generaci\u00f3n de impacto positivo en el entorno donde act\u00faa.<\/p>\n<p style=\"text-align: justify;\">En Arabia Saudita, la actividad de <strong>AL CARAT<\/strong> se apoya en principios que constituyen la identidad compartida de ambas compa\u00f1\u00edas:<\/p>\n<ul>\n<li style=\"list-style-type: none;\">\n<ul>\n<li style=\"text-align: justify;\">el cumplimiento riguroso de los m\u00e1s altos est\u00e1ndares de calidad,<\/li>\n<li style=\"text-align: justify;\">la apuesta decidida por la innovaci\u00f3n continua,<\/li>\n<li style=\"text-align: justify;\">el compromiso con la seguridad y la salud laboral,<\/li>\n<li style=\"text-align: justify;\">la optimizaci\u00f3n de recursos<\/li>\n<li style=\"text-align: justify;\">y el respeto absoluto por el medioambiente.<\/li>\n<\/ul>\n<\/li>\n<\/ul>\n<p>[\/et_pb_text][et_pb_text _builder_version=\u00a0\u00bb4.27.4&Prime; _module_preset=\u00a0\u00bbdefault\u00a0\u00bb global_colors_info=\u00a0\u00bb{}\u00a0\u00bb]<\/p>\n<p style=\"text-align: justify;\">Estas premisas permitir\u00e1n que <strong>AL CARAT<\/strong> se consolide como un referente en el \u00e1mbito de las estructuras de hormig\u00f3n armado, adoptando los procedimientos constructivos m\u00e1s avanzados del mercado.<\/p>\n<p style=\"text-align: justify;\">Attieh Steel Company Limited es una empresa l\u00edder en el suministro de productos sider\u00fargicos para obra civil y edificaci\u00f3n residencial. Cuenta con sistemas de gesti\u00f3n certificados en calidad, medioambiente y prevenci\u00f3n de riesgos laborales, alineados con los est\u00e1ndares internacionales m\u00e1s exigentes.<\/p>\n<p style=\"text-align: justify;\"><span style=\"color: #0a626c;\"><b>ERSIGROUP<\/b><\/span>, por su parte, es un actor global en el \u00e1mbito del acero elaborado para estructuras de hormig\u00f3n armado. Su experiencia en ingenier\u00eda de detalle, fabricaci\u00f3n, suministro y montaje en obra le posiciona como un socio t\u00e9cnico de referencia en grandes proyectos de infraestructura y edificaci\u00f3n a nivel internacional.<\/p>\n<p>[\/et_pb_text][\/et_pb_column][\/et_pb_row][et_pb_row column_structure=\u00a0\u00bb1_2,1_2&Prime; _builder_version=\u00a0\u00bb4.27.4&Prime; _module_preset=\u00a0\u00bbdefault\u00a0\u00bb global_colors_info=\u00a0\u00bb{}\u00a0\u00bb][et_pb_column type=\u00a0\u00bb1_2&Prime; _builder_version=\u00a0\u00bb4.27.4&Prime; _module_preset=\u00a0\u00bbdefault\u00a0\u00bb global_colors_info=\u00a0\u00bb{}\u00a0\u00bb][et_pb_image src=\u00a0\u00bbhttps:\/\/www.ersigroup.com\/wp-content\/uploads\/2025\/08\/Al-Carat_s-logo.jpeg\u00a0\u00bb title_text=\u00a0\u00bbAl Carat_s logo\u00a0\u00bb _builder_version=\u00a0\u00bb4.27.4&Prime; _module_preset=\u00a0\u00bbdefault\u00a0\u00bb global_colors_info=\u00a0\u00bb{}\u00a0\u00bb][\/et_pb_image][\/et_pb_column][et_pb_column type=\u00a0\u00bb1_2&Prime; _builder_version=\u00a0\u00bb4.27.4&Prime; _module_preset=\u00a0\u00bbdefault\u00a0\u00bb global_colors_info=\u00a0\u00bb{}\u00a0\u00bb][et_pb_image src=\u00a0\u00bbhttps:\/\/www.ersigroup.com\/wp-content\/uploads\/2025\/08\/Attieh-steel.jpg\u00a0\u00bb title_text=\u00a0\u00bbAttieh steel\u00a0\u00bb _builder_version=\u00a0\u00bb4.27.4&Prime; _module_preset=\u00a0\u00bbdefault\u00a0\u00bb global_colors_info=\u00a0\u00bb{}\u00a0\u00bb][\/et_pb_image][\/et_pb_column][\/et_pb_row][\/et_pb_section]<\/p>\n","protected":false},"excerpt":{"rendered":"<p>AL CARAT: Alianza Estrat\u00e9gica para la Excelencia Constructiva en Arabia Saudita<div class=\"et_pb_module dsm_breadcrumbs dsm_breadcrumbs_0\">\n\t\t\t\t\n\t\t\t\t\n\t\t\t\t\n\t\t\t\t\n\t\t\t\t\n\t\t\t\t\n\t\t\t\t<div class=\"et_pb_module_inner\">\n\t\t\t\t\t<nav class=\"dsm_breadcrumbs_wrap\">\n\t\t\t\t<ul class=\"dsm_breadcrumbs\" itemscope itemtype=\"https:\/\/schema.org\/BreadcrumbList\">\t\t\t<li class=\"dsm_breadcrumbs_item dsm_home_item dsm_home_item_custom\" itemprop=\"itemListElement\" itemscope\n\t\t\titemtype=\"https:\/\/schema.org\/ListItem\">\n\t\t\t\t<a href=\"https:\/\/www.ersigroup.com\/fr\/\" itemprop=\"item\" target=\"\">\n\t\t\t\t\t<span class='dsm_home_text_wrapper'>\n\t\t\t\t\t\t\t\t\t\t\t\t\t<span class=\"et-pb-icon dsm_home_icon\">\ue009<\/span>\n\t\t\t\t\t\t\t\t\t\t\t\t\t<span class=\"dsm_home_text\" itemprop=\"name\">\n\t\t\t\t\t\t\t\tHome\t\t\t\t\t\t\t<\/span>\n\t\t\t\t\t<\/span>\n\t\t\t\t<\/a>\n\t\t\t\t<meta itemprop=\"position\" content=\"1\" \/>\n\t\t\t<\/li>\n\n\t\t<li class=\"dsm_breadcrumbs_separator\"> <span class=\"et-pb-icon dsm_separator_icon\">5<\/span><\/li><\/ul>\n\t\t\t<\/nav>\n\t\t\t\t<\/div>\n\t\t\t<\/div>AL CARAT (Arabia Saudita) AL CARAT es una Joint Venture constituida por ERSIGROUP y Attieh Steel Company Limited, concebida para impulsar una actuaci\u00f3n conjunta de alto valor a\u00f1adido en el mercado saud\u00ed. Su objetivo es desplegar tecnolog\u00edas avanzadas de construcci\u00f3n \u2014tanto en soluciones producto como en servicios t\u00e9cnicos especializados\u2014 sobre la base de una colaboraci\u00f3n estrecha y permanente entre los equipos profesionales de ambas compa\u00f1\u00edas. Esta alianza estrat\u00e9gica nace con una clara vocaci\u00f3n de integraci\u00f3n local, promoviendo el intercambio de conocimientos, la transferencia tecnol\u00f3gica y la consolidaci\u00f3n de capacidades t\u00e9cnicas que aporten al desarrollo sostenible del sector. AL CARAT se configura, as\u00ed como un agente industrial de largo recorrido, orientado a la excelencia, la eficiencia operativa y la generaci\u00f3n de impacto positivo en el entorno donde act\u00faa. En Arabia Saudita, la actividad de AL CARAT se apoya en principios que constituyen la identidad compartida de ambas compa\u00f1\u00edas: el cumplimiento riguroso de los m\u00e1s altos est\u00e1ndares de calidad, la apuesta decidida por la innovaci\u00f3n continua, el compromiso con la seguridad y la salud laboral, la optimizaci\u00f3n de recursos y el respeto absoluto por el [&hellip;]<\/p>\n","protected":false},"author":1,"featured_media":0,"parent":4398412,"menu_order":0,"comment_status":"closed","ping_status":"closed","template":"","meta":{"_et_pb_use_builder":"on","_et_pb_old_content":"","_et_gb_content_width":"","footnotes":""},"class_list":["post-4399538","page","type-page","status-publish","hentry"],"_links":{"self":[{"href":"https:\/\/www.ersigroup.com\/fr\/wp-json\/wp\/v2\/pages\/4399538","targetHints":{"allow":["GET"]}}],"collection":[{"href":"https:\/\/www.ersigroup.com\/fr\/wp-json\/wp\/v2\/pages"}],"about":[{"href":"https:\/\/www.ersigroup.com\/fr\/wp-json\/wp\/v2\/types\/page"}],"author":[{"embeddable":true,"href":"https:\/\/www.ersigroup.com\/fr\/wp-json\/wp\/v2\/users\/1"}],"replies":[{"embeddable":true,"href":"https:\/\/www.ersigroup.com\/fr\/wp-json\/wp\/v2\/comments?post=4399538"}],"version-history":[{"count":1,"href":"https:\/\/www.ersigroup.com\/fr\/wp-json\/wp\/v2\/pages\/4399538\/revisions"}],"predecessor-version":[{"id":4399540,"href":"https:\/\/www.ersigroup.com\/fr\/wp-json\/wp\/v2\/pages\/4399538\/revisions\/4399540"}],"up":[{"embeddable":true,"href":"https:\/\/www.ersigroup.com\/fr\/wp-json\/wp\/v2\/pages\/4398412"}],"wp:attachment":[{"href":"https:\/\/www.ersigroup.com\/fr\/wp-json\/wp\/v2\/media?parent=4399538"}],"curies":[{"name":"wp","href":"https:\/\/api.w.org\/{rel}","templated":true}]}}