{"id":4399144,"date":"2025-10-27T11:39:15","date_gmt":"2025-10-27T10:39:15","guid":{"rendered":"https:\/\/desw.ersigroup.com\/ersigroup-argelia\/"},"modified":"2026-01-29T10:53:24","modified_gmt":"2026-01-29T09:53:24","slug":"ersigroup-algerie","status":"publish","type":"page","link":"https:\/\/www.ersigroup.com\/fr\/ersigroup-algerie\/","title":{"rendered":"ERSIGROUP Alg\u00e9rie"},"content":{"rendered":"<p>[et_pb_section fb_built=\u00a0\u00bb1&Prime; _builder_version=\u00a0\u00bb4.27.5&Prime; _module_preset=\u00a0\u00bbdefault\u00a0\u00bb custom_margin=\u00a0\u00bb||0px||false|false\u00a0\u00bb custom_padding=\u00a0\u00bb||0px||false|false\u00a0\u00bb da_disable_devices=\u00a0\u00bboff|off|off\u00a0\u00bb global_colors_info=\u00a0\u00bb{}\u00a0\u00bb da_is_popup=\u00a0\u00bboff\u00a0\u00bb da_exit_intent=\u00a0\u00bboff\u00a0\u00bb da_has_close=\u00a0\u00bbon\u00a0\u00bb da_alt_close=\u00a0\u00bboff\u00a0\u00bb da_dark_close=\u00a0\u00bboff\u00a0\u00bb da_not_modal=\u00a0\u00bbon\u00a0\u00bb da_is_singular=\u00a0\u00bboff\u00a0\u00bb da_with_loader=\u00a0\u00bboff\u00a0\u00bb da_has_shadow=\u00a0\u00bbon\u00a0\u00bb][et_pb_row column_structure=\u00a0\u00bb1_4,1_4,1_4,1_4&Prime; _builder_version=\u00a0\u00bb4.27.4&Prime; _module_preset=\u00a0\u00bbdefault\u00a0\u00bb max_width=\u00a0\u00bb1280px\u00a0\u00bb custom_margin=\u00a0\u00bb-4vw||||false|false\u00a0\u00bb custom_padding=\u00a0\u00bb0px||||false|false\u00a0\u00bb locked=\u00a0\u00bboff\u00a0\u00bb global_colors_info=\u00a0\u00bb{}\u00a0\u00bb][et_pb_column type=\u00a0\u00bb1_4&Prime; _builder_version=\u00a0\u00bb4.27.4&Prime; _module_preset=\u00a0\u00bbdefault\u00a0\u00bb background_color=\u00a0\u00bbgcid-f0ea3984-34c6-490b-8ec9-14422edca868&Prime; custom_padding=\u00a0\u00bb40px|30px|40px|30px|true|true\u00a0\u00bb custom_padding_tablet=\u00a0\u00bb30px||30px||true|false\u00a0\u00bb custom_padding_phone=\u00a0\u00bb|20px||20px|false|true\u00a0\u00bb custom_padding_last_edited=\u00a0\u00bbon|desktop\u00a0\u00bb global_colors_info=\u00a0\u00bb{%22gcid-f0ea3984-34c6-490b-8ec9-14422edca868%22:%91%22background_color%22,%22background_color%22%93}\u00a0\u00bb background__hover_enabled=\u00a0\u00bbon|hover\u00a0\u00bb background_color__hover=\u00a0\u00bbrgba(0,0,0,0.15)\u00a0\u00bb background_enable_color__hover=\u00a0\u00bbon\u00a0\u00bb][et_pb_image src=\u00a0\u00bbhttps:\/\/www.ersigroup.com\/wp-content\/uploads\/2025\/10\/Icono-INGENIERIA-150&#215;150.png\u00a0\u00bb title_text=\u00a0\u00bbIcono INGENIERIA\u00a0\u00bb url=\u00a0\u00bbhttps:\/\/www.ersigroup.com\/fr\/ingenierie\/\u00a0\u00bb align=\u00a0\u00bbcenter\u00a0\u00bb _builder_version=\u00a0\u00bb4.27.5&Prime; _module_preset=\u00a0\u00bbdefault\u00a0\u00bb max_height=\u00a0\u00bb100px\u00a0\u00bb global_colors_info=\u00a0\u00bb{}\u00a0\u00bb][\/et_pb_image][et_pb_text _builder_version=\u00a0\u00bb4.27.5&Prime; _dynamic_attributes=\u00a0\u00bblink_option_url\u00a0\u00bb _module_preset=\u00a0\u00bb_initial\u00a0\u00bb text_text_color=\u00a0\u00bb#115e67&Prime; header_5_font=\u00a0\u00bbOutfit|700|||||||\u00a0\u00bb header_5_font_size=\u00a0\u00bb20px\u00a0\u00bb header_5_line_height=\u00a0\u00bb1.4em\u00a0\u00bb text_orientation=\u00a0\u00bbcenter\u00a0\u00bb custom_margin=\u00a0\u00bb||10px||false|false\u00a0\u00bb link_option_url=\u00a0\u00bb@ET-DC@eyJkeW5hbWljIjp0cnVlLCJjb250ZW50IjoicG9zdF9saW5rX3VybF9wYWdlIiwic2V0dGluZ3MiOnsicG9zdF9pZCI6IjQzOTQ4ODQifX0=@\u00a0\u00bb hover_enabled=\u00a0\u00bb0&Prime; header_5_font_size_tablet=\u00a0\u00bb16px\u00a0\u00bb header_5_font_size_phone=\u00a0\u00bb14px\u00a0\u00bb header_5_font_size_last_edited=\u00a0\u00bbon|desktop\u00a0\u00bb locked=\u00a0\u00bboff\u00a0\u00bb global_colors_info=\u00a0\u00bb{}\u00a0\u00bb sticky_enabled=\u00a0\u00bb0&Prime;]<\/p>\n<h5 style=\"color: #115e67;\">Ing\u00e9nierie<\/h5>\n<p>[\/et_pb_text][\/et_pb_column][et_pb_column type=\u00a0\u00bb1_4&Prime; _builder_version=\u00a0\u00bb4.27.4&Prime; _module_preset=\u00a0\u00bbdefault\u00a0\u00bb background_color=\u00a0\u00bbgcid-f0ea3984-34c6-490b-8ec9-14422edca868&Prime; custom_padding=\u00a0\u00bb40px|30px|40px|30px|true|true\u00a0\u00bb custom_padding_tablet=\u00a0\u00bb30px||30px||true|false\u00a0\u00bb custom_padding_phone=\u00a0\u00bb|20px||20px|false|true\u00a0\u00bb custom_padding_last_edited=\u00a0\u00bbon|desktop\u00a0\u00bb global_colors_info=\u00a0\u00bb{%22gcid-f0ea3984-34c6-490b-8ec9-14422edca868%22:%91%22background_color%22,%22background_color%22%93}\u00a0\u00bb background__hover_enabled=\u00a0\u00bbon|hover\u00a0\u00bb background_color__hover=\u00a0\u00bbrgba(0,0,0,0.15)\u00a0\u00bb background_enable_color__hover=\u00a0\u00bbon\u00a0\u00bb][et_pb_image src=\u00a0\u00bbhttps:\/\/www.ersigroup.com\/wp-content\/uploads\/2025\/10\/Icono-ELABORADO-1.png\u00a0\u00bb title_text=\u00a0\u00bbIcono ELABORADO\u00a0\u00bb url=\u00a0\u00bbhttps:\/\/www.ersigroup.com\/fr\/produits-elaborees\/\u00a0\u00bb align=\u00a0\u00bbcenter\u00a0\u00bb _builder_version=\u00a0\u00bb4.27.5&Prime; _module_preset=\u00a0\u00bbdefault\u00a0\u00bb max_height=\u00a0\u00bb100px\u00a0\u00bb global_colors_info=\u00a0\u00bb{}\u00a0\u00bb][\/et_pb_image][et_pb_text _builder_version=\u00a0\u00bb4.27.5&Prime; _module_preset=\u00a0\u00bb_initial\u00a0\u00bb header_5_font=\u00a0\u00bbOutfit|700|||||||\u00a0\u00bb header_5_font_size=\u00a0\u00bb20px\u00a0\u00bb header_5_line_height=\u00a0\u00bb1.4em\u00a0\u00bb text_orientation=\u00a0\u00bbcenter\u00a0\u00bb custom_margin=\u00a0\u00bb||10px||false|false\u00a0\u00bb header_5_font_size_tablet=\u00a0\u00bb16px\u00a0\u00bb header_5_font_size_phone=\u00a0\u00bb14px\u00a0\u00bb header_5_font_size_last_edited=\u00a0\u00bbon|desktop\u00a0\u00bb locked=\u00a0\u00bboff\u00a0\u00bb global_colors_info=\u00a0\u00bb{}\u00a0\u00bb]<\/p>\n<h5 style=\"color: #115e67;\">\u00c9labor\u00e9es<\/h5>\n<p>[\/et_pb_text][\/et_pb_column][et_pb_column type=\u00a0\u00bb1_4&Prime; _builder_version=\u00a0\u00bb4.27.4&Prime; _module_preset=\u00a0\u00bbdefault\u00a0\u00bb background_color=\u00a0\u00bbgcid-f0ea3984-34c6-490b-8ec9-14422edca868&Prime; custom_padding=\u00a0\u00bb40px|30px|40px|30px|true|true\u00a0\u00bb custom_padding_tablet=\u00a0\u00bb30px||30px||true|false\u00a0\u00bb custom_padding_phone=\u00a0\u00bb|20px||20px|false|true\u00a0\u00bb custom_padding_last_edited=\u00a0\u00bbon|desktop\u00a0\u00bb global_colors_info=\u00a0\u00bb{%22gcid-f0ea3984-34c6-490b-8ec9-14422edca868%22:%91%22background_color%22%93}\u00a0\u00bb background__hover_enabled=\u00a0\u00bbon|hover\u00a0\u00bb background_color__hover=\u00a0\u00bbrgba(0,0,0,0.15)\u00a0\u00bb background_enable_color__hover=\u00a0\u00bbon\u00a0\u00bb][et_pb_image src=\u00a0\u00bbhttps:\/\/www.ersigroup.com\/wp-content\/uploads\/2025\/10\/Icono-PREFABRICADO-150&#215;150.png\u00a0\u00bb title_text=\u00a0\u00bbIcono PREFABRICADO\u00a0\u00bb url=\u00a0\u00bbhttps:\/\/www.ersigroup.com\/fr\/produits-prefabriquees\/\u00a0\u00bb align=\u00a0\u00bbcenter\u00a0\u00bb _builder_version=\u00a0\u00bb4.27.5&Prime; _module_preset=\u00a0\u00bbdefault\u00a0\u00bb max_height=\u00a0\u00bb100px\u00a0\u00bb global_colors_info=\u00a0\u00bb{}\u00a0\u00bb][\/et_pb_image][et_pb_text _builder_version=\u00a0\u00bb4.27.5&Prime; _module_preset=\u00a0\u00bb_initial\u00a0\u00bb header_5_font=\u00a0\u00bbOutfit|700|||||||\u00a0\u00bb header_5_font_size=\u00a0\u00bb20px\u00a0\u00bb header_5_line_height=\u00a0\u00bb1.4em\u00a0\u00bb text_orientation=\u00a0\u00bbcenter\u00a0\u00bb custom_margin=\u00a0\u00bb||10px||false|false\u00a0\u00bb header_5_font_size_tablet=\u00a0\u00bb16px\u00a0\u00bb header_5_font_size_phone=\u00a0\u00bb14px\u00a0\u00bb header_5_font_size_last_edited=\u00a0\u00bbon|desktop\u00a0\u00bb global_colors_info=\u00a0\u00bb{}\u00a0\u00bb]<\/p>\n<h5 style=\"color: #115e67;\">Pr\u00e9fabriqu\u00e9es<\/h5>\n<p>[\/et_pb_text][\/et_pb_column][et_pb_column type=\u00a0\u00bb1_4&Prime; _builder_version=\u00a0\u00bb4.27.4&Prime; _module_preset=\u00a0\u00bbdefault\u00a0\u00bb background_color=\u00a0\u00bbgcid-f0ea3984-34c6-490b-8ec9-14422edca868&Prime; custom_padding=\u00a0\u00bb40px|30px|40px|30px|true|true\u00a0\u00bb custom_padding_tablet=\u00a0\u00bb30px||30px||true|false\u00a0\u00bb custom_padding_phone=\u00a0\u00bb|20px||20px|false|true\u00a0\u00bb custom_padding_last_edited=\u00a0\u00bbon|desktop\u00a0\u00bb global_colors_info=\u00a0\u00bb{%22gcid-f0ea3984-34c6-490b-8ec9-14422edca868%22:%91%22background_color%22%93}\u00a0\u00bb background__hover_enabled=\u00a0\u00bbon|hover\u00a0\u00bb background_color__hover=\u00a0\u00bbrgba(0,0,0,0.15)\u00a0\u00bb background_enable_color__hover=\u00a0\u00bbon\u00a0\u00bb][et_pb_image src=\u00a0\u00bbhttps:\/\/www.ersigroup.com\/wp-content\/uploads\/2025\/10\/Icono-PLANTA-INDUSTRIAL-150&#215;150.png\u00a0\u00bb title_text=\u00a0\u00bbIcono PLANTA INDUSTRIAL\u00a0\u00bb url=\u00a0\u00bbhttps:\/\/www.ersigroup.com\/fr\/usines\/planta-industrial-de-argelia-innovacion-y-eficiencia-para-el-mercado-argelino\/\u00a0\u00bb align=\u00a0\u00bbcenter\u00a0\u00bb _builder_version=\u00a0\u00bb4.27.5&Prime; _module_preset=\u00a0\u00bbdefault\u00a0\u00bb max_height=\u00a0\u00bb100px\u00a0\u00bb global_colors_info=\u00a0\u00bb{}\u00a0\u00bb][\/et_pb_image][et_pb_text _builder_version=\u00a0\u00bb4.27.5&Prime; _module_preset=\u00a0\u00bb_initial\u00a0\u00bb header_5_font=\u00a0\u00bbOutfit|700|||||||\u00a0\u00bb header_5_font_size=\u00a0\u00bb20px\u00a0\u00bb header_5_line_height=\u00a0\u00bb1.4em\u00a0\u00bb text_orientation=\u00a0\u00bbcenter\u00a0\u00bb custom_margin=\u00a0\u00bb||10px||false|false\u00a0\u00bb link_option_url=\u00a0\u00bbhttps:\/\/www.ersigroup.com\/fr\/usines\/planta-industrial-de-argelia-innovacion-y-eficiencia-para-el-mercado-argelino\/\u00a0\u00bb header_5_font_size_tablet=\u00a0\u00bb16px\u00a0\u00bb header_5_font_size_phone=\u00a0\u00bb14px\u00a0\u00bb header_5_font_size_last_edited=\u00a0\u00bbon|desktop\u00a0\u00bb global_colors_info=\u00a0\u00bb{}\u00a0\u00bb]<\/p>\n<h5 style=\"color: #115e67;\">Installations Industrielles<\/h5>\n<p>[\/et_pb_text][\/et_pb_column][\/et_pb_row][et_pb_row _builder_version=\u00a0\u00bb4.27.5&Prime; _module_preset=\u00a0\u00bbdefault\u00a0\u00bb custom_margin=\u00a0\u00bb0px||||false|false\u00a0\u00bb custom_padding=\u00a0\u00bb0px||||false|false\u00a0\u00bb global_colors_info=\u00a0\u00bb{}\u00a0\u00bb][et_pb_column type=\u00a0\u00bb4_4&Prime; _builder_version=\u00a0\u00bb4.27.4&Prime; _module_preset=\u00a0\u00bbdefault\u00a0\u00bb global_colors_info=\u00a0\u00bb{}\u00a0\u00bb][et_pb_text _builder_version=\u00a0\u00bb4.27.5&Prime; _module_preset=\u00a0\u00bbdefault\u00a0\u00bb global_colors_info=\u00a0\u00bb{}\u00a0\u00bb]<\/p>\n<p style=\"text-align: justify;\"><b><span style=\"color: #115e67; font-size: 18px;\">Qui est ERSIGROUP ALG\u00c9RIE ?<\/span><\/b><\/p>\n<p style=\"text-align: justify;\"><b><span style=\"color: #115e67;\">ERSIGROUP ALG\u00c9RIE <\/span><\/b>, par l&rsquo;interm\u00e9diaire <strong>d&rsquo;Armatures Techniques Alg\u00e9rie<\/strong> <strong>SPA (ATA SPA)<\/strong>, est la d\u00e9l\u00e9gation du groupe international <b><span style=\"color: #115e67;\">ERSIGROUP<\/span><\/b> dans le pays. <strong>ATA SPA<\/strong> est issue de l&rsquo;alliance strat\u00e9gique entre <strong>ASICOM SPA<\/strong> et <b><span style=\"color: #115e67;\">ERSIGROUP<\/span><\/b>, dans le but d&rsquo;introduire en Alg\u00e9rie les technologies de construction les plus avanc\u00e9es, tant dans la fabrication d&rsquo;acier ondul\u00e9 pour le b\u00e9ton arm\u00e9 que dans la fourniture de services d&rsquo;ing\u00e9nierie de d\u00e9tail, de pr\u00e9fabrication et de m\u00e9thodes de construction industrialis\u00e9es.<\/p>\n<p>Depuis sa cr\u00e9ation, <strong>ATA SPA<\/strong> cherche \u00e0 \u00e9tablir une collaboration \u00e9troite avec les professionnels du secteur en Alg\u00e9rie, en favorisant l&rsquo;int\u00e9gration des exp\u00e9riences, le transfert de connaissances et le d\u00e9veloppement durable de l&rsquo;\u00e9cosyst\u00e8me local de la construction. Cette vocation de permanence repose sur un engagement ferme envers le pays et sur la volont\u00e9 de devenir un acteur industriel cl\u00e9 dans les grands programmes d&rsquo;infrastructures nationaux.<\/p>\n<p>Notre pr\u00e9sence repose sur la <strong>garantie des normes de qualit\u00e9 les plus \u00e9lev\u00e9es<\/strong>, l&rsquo;int\u00e9gration de <strong>techniques de construction modernes<\/strong>, un engagement continu en faveur de l&rsquo;innovation, la r\u00e9duction des risques professionnels, le respect de l&rsquo;environnement et l&rsquo;optimisation des ressources productives. Gr\u00e2ce \u00e0 cela, <b><span style=\"color: #115e67;\">ERSIGROUP ARGELIA<\/span><\/b> est en mesure d&rsquo;offrir au march\u00e9 les proc\u00e9dures de construction les plus avanc\u00e9es, pleinement conformes aux exigences internationales.<\/p>\n<p><strong>La Soci\u00e9t\u00e9 Alg\u00e9ro-Saoudienne d&rsquo;Investissement<\/strong> <strong>(ASICOM SPA)<\/strong>, notre partenaire strat\u00e9gique, a \u00e9t\u00e9 fond\u00e9e en 2004 et constitue l&rsquo;un des acteurs industriels les plus importants du pays, ce qui permet \u00e0 <strong>ATA SPA<\/strong> de s&rsquo;int\u00e9grer solidement dans le tissu \u00e9conomique alg\u00e9rien. De son c\u00f4t\u00e9, <b><span style=\"color: #115e67;\">ERSIGROUP<\/span><\/b>\u00a0est une r\u00e9f\u00e9rence internationale dans l&rsquo;ing\u00e9nierie, la fourniture, la fabrication et le montage d&rsquo;acier ondul\u00e9 pour les structures en b\u00e9ton arm\u00e9, participant depuis longtemps \u00e0 de grands projets d&rsquo;infrastructure et de construction sur diff\u00e9rents continents.<\/p>\n<p>Ensemble, <b><span style=\"color: #115e67;\">ERSIGROUP ARGELIA<\/span><\/b> &#8211; <strong>ATA SPA<\/strong> offre au march\u00e9 une proposition globale qui combine ing\u00e9nierie, capacit\u00e9 industrielle et excellence technique, devenant ainsi un <strong>partenaire technique et industriel de r\u00e9f\u00e9rence<\/strong> pour les constructeurs et les promoteurs qui recherchent l&rsquo;efficacit\u00e9, la s\u00e9curit\u00e9, l&rsquo;innovation et des r\u00e9sultats structurels hautement performants en Alg\u00e9rie.<\/p>\n<p>[\/et_pb_text][\/et_pb_column][\/et_pb_row][\/et_pb_section][et_pb_section fb_built=\u00a0\u00bb1&Prime; _builder_version=\u00a0\u00bb4.27.5&Prime; _module_preset=\u00a0\u00bbdefault\u00a0\u00bb background_enable_color=\u00a0\u00bboff\u00a0\u00bb width=\u00a0\u00bb100%\u00a0\u00bb max_width=\u00a0\u00bb100%\u00a0\u00bb custom_margin=\u00a0\u00bb0px||||false|false\u00a0\u00bb custom_padding=\u00a0\u00bb0px||||false|false\u00a0\u00bb da_disable_devices=\u00a0\u00bboff|off|off\u00a0\u00bb global_colors_info=\u00a0\u00bb{}\u00a0\u00bb da_is_popup=\u00a0\u00bboff\u00a0\u00bb da_exit_intent=\u00a0\u00bboff\u00a0\u00bb da_has_close=\u00a0\u00bbon\u00a0\u00bb da_alt_close=\u00a0\u00bboff\u00a0\u00bb da_dark_close=\u00a0\u00bboff\u00a0\u00bb da_not_modal=\u00a0\u00bbon\u00a0\u00bb da_is_singular=\u00a0\u00bboff\u00a0\u00bb da_with_loader=\u00a0\u00bboff\u00a0\u00bb da_has_shadow=\u00a0\u00bbon\u00a0\u00bb][et_pb_row _builder_version=\u00a0\u00bb4.27.4&Prime; _module_preset=\u00a0\u00bbdefault\u00a0\u00bb global_colors_info=\u00a0\u00bb{}\u00a0\u00bb][et_pb_column type=\u00a0\u00bb4_4&Prime; _builder_version=\u00a0\u00bb4.27.4&Prime; _module_preset=\u00a0\u00bbdefault\u00a0\u00bb global_colors_info=\u00a0\u00bb{}\u00a0\u00bb][et_pb_text _builder_version=\u00a0\u00bb4.27.4&Prime; _module_preset=\u00a0\u00bbdefault\u00a0\u00bb text_font=\u00a0\u00bbMontserrat|700||on|||||\u00a0\u00bb text_text_color=\u00a0\u00bb#111111&Prime; text_font_size=\u00a0\u00bb24px\u00a0\u00bb text_line_height=\u00a0\u00bb1.4em\u00a0\u00bb width=\u00a0\u00bb250px\u00a0\u00bb module_alignment=\u00a0\u00bbleft\u00a0\u00bb custom_padding=\u00a0\u00bb||10px||false|false\u00a0\u00bb border_width_bottom=\u00a0\u00bb3px\u00a0\u00bb border_color_bottom=\u00a0\u00bb#0a626c\u00a0\u00bb global_colors_info=\u00a0\u00bb{}\u00a0\u00bb]<\/p>\n<p>OBRAS EN EL PA\u00cdS<\/p>\n<p>[\/et_pb_text][\/et_pb_column][\/et_pb_row][et_pb_row _builder_version=\u00a0\u00bb4.27.4&Prime; _module_preset=\u00a0\u00bbdefault\u00a0\u00bb width=\u00a0\u00bb100%\u00a0\u00bb max_width=\u00a0\u00bb100%\u00a0\u00bb global_colors_info=\u00a0\u00bb{}\u00a0\u00bb][et_pb_column type=\u00a0\u00bb4_4&Prime; _builder_version=\u00a0\u00bb4.27.4&Prime; _module_preset=\u00a0\u00bbdefault\u00a0\u00bb global_colors_info=\u00a0\u00bb{}\u00a0\u00bb][et_pb_filterable_portfolio_tags project_tag=\u00a0\u00bbargelia\u00a0\u00bb _builder_version=\u00a0\u00bb4.27.4&Prime; _module_preset=\u00a0\u00bbdefault\u00a0\u00bb width=\u00a0\u00bb100%\u00a0\u00bb global_colors_info=\u00a0\u00bb{}\u00a0\u00bb][\/et_pb_filterable_portfolio_tags][\/et_pb_column][\/et_pb_row][\/et_pb_section]<\/p>\n","protected":false},"excerpt":{"rendered":"<p>Ing\u00e9nierie\u00c9labor\u00e9esPr\u00e9fabriqu\u00e9esInstallations IndustriellesQui est ERSIGROUP ALG\u00c9RIE ? ERSIGROUP ALG\u00c9RIE , par l&rsquo;interm\u00e9diaire d&rsquo;Armatures Techniques Alg\u00e9rie SPA (ATA SPA), est la d\u00e9l\u00e9gation du groupe international ERSIGROUP dans le pays. ATA SPA est issue de l&rsquo;alliance strat\u00e9gique entre ASICOM SPA et ERSIGROUP, dans le but d&rsquo;introduire en Alg\u00e9rie les technologies de construction les plus avanc\u00e9es, tant dans la fabrication d&rsquo;acier ondul\u00e9 pour le b\u00e9ton arm\u00e9 que dans la fourniture de services d&rsquo;ing\u00e9nierie de d\u00e9tail, de pr\u00e9fabrication et de m\u00e9thodes de construction industrialis\u00e9es. Depuis sa cr\u00e9ation, ATA SPA cherche \u00e0 \u00e9tablir une collaboration \u00e9troite avec les professionnels du secteur en Alg\u00e9rie, en favorisant l&rsquo;int\u00e9gration des exp\u00e9riences, le transfert de connaissances et le d\u00e9veloppement durable de l&rsquo;\u00e9cosyst\u00e8me local de la construction. Cette vocation de permanence repose sur un engagement ferme envers le pays et sur la volont\u00e9 de devenir un acteur industriel cl\u00e9 dans les grands programmes d&rsquo;infrastructures nationaux. Notre pr\u00e9sence repose sur la garantie des normes de qualit\u00e9 les plus \u00e9lev\u00e9es, l&rsquo;int\u00e9gration de techniques de construction modernes, un engagement continu en faveur de l&rsquo;innovation, la r\u00e9duction des risques professionnels, le respect de l&rsquo;environnement et l&rsquo;optimisation des ressources productives. Gr\u00e2ce \u00e0 cela, ERSIGROUP ARGELIA est en mesure d&rsquo;offrir au march\u00e9 les proc\u00e9dures de construction les [&hellip;]<\/p>\n","protected":false},"author":1,"featured_media":0,"parent":0,"menu_order":0,"comment_status":"closed","ping_status":"closed","template":"","meta":{"_et_pb_use_builder":"on","_et_pb_old_content":"","_et_gb_content_width":"","footnotes":""},"class_list":["post-4399144","page","type-page","status-publish","hentry"],"_links":{"self":[{"href":"https:\/\/www.ersigroup.com\/fr\/wp-json\/wp\/v2\/pages\/4399144","targetHints":{"allow":["GET"]}}],"collection":[{"href":"https:\/\/www.ersigroup.com\/fr\/wp-json\/wp\/v2\/pages"}],"about":[{"href":"https:\/\/www.ersigroup.com\/fr\/wp-json\/wp\/v2\/types\/page"}],"author":[{"embeddable":true,"href":"https:\/\/www.ersigroup.com\/fr\/wp-json\/wp\/v2\/users\/1"}],"replies":[{"embeddable":true,"href":"https:\/\/www.ersigroup.com\/fr\/wp-json\/wp\/v2\/comments?post=4399144"}],"version-history":[{"count":8,"href":"https:\/\/www.ersigroup.com\/fr\/wp-json\/wp\/v2\/pages\/4399144\/revisions"}],"predecessor-version":[{"id":4400399,"href":"https:\/\/www.ersigroup.com\/fr\/wp-json\/wp\/v2\/pages\/4399144\/revisions\/4400399"}],"wp:attachment":[{"href":"https:\/\/www.ersigroup.com\/fr\/wp-json\/wp\/v2\/media?parent=4399144"}],"curies":[{"name":"wp","href":"https:\/\/api.w.org\/{rel}","templated":true}]}}