{"id":4399102,"date":"2025-11-19T20:17:28","date_gmt":"2025-11-19T19:17:28","guid":{"rendered":"https:\/\/desw.ersigroup.com\/usines\/planta-industrial-de-daganzo-innovacion-y-eficiencia\/"},"modified":"2026-04-16T11:33:55","modified_gmt":"2026-04-16T09:33:55","slug":"usine-industrielle-de-daganzo-innovation-et-efficacite","status":"publish","type":"page","link":"https:\/\/www.ersigroup.com\/fr\/installation-industrielle\/usine-industrielle-de-daganzo-innovation-et-efficacite\/","title":{"rendered":"Usine industrielle de Daganzo : innovation et efficacit\u00e9"},"content":{"rendered":"<p>[et_pb_section fb_built=\u00a0\u00bb1&Prime; fullwidth=\u00a0\u00bbon\u00a0\u00bb _builder_version=\u00a0\u00bb4.27.5&Prime; _module_preset=\u00a0\u00bbdefault\u00a0\u00bb da_disable_devices=\u00a0\u00bboff|off|off\u00a0\u00bb global_colors_info=\u00a0\u00bb{}\u00a0\u00bb da_is_popup=\u00a0\u00bboff\u00a0\u00bb da_exit_intent=\u00a0\u00bboff\u00a0\u00bb da_has_close=\u00a0\u00bbon\u00a0\u00bb da_alt_close=\u00a0\u00bboff\u00a0\u00bb da_dark_close=\u00a0\u00bboff\u00a0\u00bb da_not_modal=\u00a0\u00bbon\u00a0\u00bb da_is_singular=\u00a0\u00bboff\u00a0\u00bb da_with_loader=\u00a0\u00bboff\u00a0\u00bb da_has_shadow=\u00a0\u00bbon\u00a0\u00bb][et_pb_fullwidth_slider _builder_version=\u00a0\u00bb4.27.5&Prime; _module_preset=\u00a0\u00bbdefault\u00a0\u00bb header_font_size=\u00a0\u00bb26px\u00a0\u00bb background_image=\u00a0\u00bbhttps:\/\/www.ersigroup.com\/wp-content\/uploads\/2025\/11\/2.3.3.1-Planta-Daganzo-scaled.jpg\u00a0\u00bb global_colors_info=\u00a0\u00bb{}\u00a0\u00bb][et_pb_slide heading=\u00a0\u00bbDes solutions soutenables\u00a0\u00bb use_bg_overlay=\u00a0\u00bbon\u00a0\u00bb _builder_version=\u00a0\u00bb4.27.5&Prime; _module_preset=\u00a0\u00bbdefault\u00a0\u00bb header_font=\u00a0\u00bb|700||on|||||\u00a0\u00bb header_text_align=\u00a0\u00bbleft\u00a0\u00bb header_text_color=\u00a0\u00bb#E09900&Prime; body_font=\u00a0\u00bb|700||on|||||\u00a0\u00bb body_text_align=\u00a0\u00bbleft\u00a0\u00bb body_font_size=\u00a0\u00bb26px\u00a0\u00bb custom_padding=\u00a0\u00bb400px|50%|50px|1px|false|false\u00a0\u00bb custom_padding_tablet=\u00a0\u00bb|0%|||false|false\u00a0\u00bb custom_padding_phone=\u00a0\u00bb|0%|||false|false\u00a0\u00bb custom_padding_last_edited=\u00a0\u00bbon|tablet\u00a0\u00bb global_colors_info=\u00a0\u00bb{}\u00a0\u00bb sticky_transition=\u00a0\u00bbon\u00a0\u00bb]pour une croissance responsable[\/et_pb_slide][\/et_pb_fullwidth_slider][\/et_pb_section][et_pb_section fb_built=\u00a0\u00bb1&Prime; _builder_version=\u00a0\u00bb4.27.4&Prime; _module_preset=\u00a0\u00bbdefault\u00a0\u00bb da_disable_devices=\u00a0\u00bboff|off|off\u00a0\u00bb global_colors_info=\u00a0\u00bb{}\u00a0\u00bb da_is_popup=\u00a0\u00bboff\u00a0\u00bb da_exit_intent=\u00a0\u00bboff\u00a0\u00bb da_has_close=\u00a0\u00bbon\u00a0\u00bb da_alt_close=\u00a0\u00bboff\u00a0\u00bb da_dark_close=\u00a0\u00bboff\u00a0\u00bb da_not_modal=\u00a0\u00bbon\u00a0\u00bb da_is_singular=\u00a0\u00bboff\u00a0\u00bb da_with_loader=\u00a0\u00bboff\u00a0\u00bb da_has_shadow=\u00a0\u00bbon\u00a0\u00bb][et_pb_row column_structure=\u00a0\u00bb3_5,2_5&Prime; _builder_version=\u00a0\u00bb4.27.4&Prime; _module_preset=\u00a0\u00bbdefault\u00a0\u00bb custom_margin=\u00a0\u00bb-300px||||false|false\u00a0\u00bb global_colors_info=\u00a0\u00bb{}\u00a0\u00bb][et_pb_column type=\u00a0\u00bb3_5&Prime; _builder_version=\u00a0\u00bb4.27.4&Prime; _module_preset=\u00a0\u00bbdefault\u00a0\u00bb global_colors_info=\u00a0\u00bb{}\u00a0\u00bb][et_pb_text _builder_version=\u00a0\u00bb4.27.5&Prime; _module_preset=\u00a0\u00bbdefault\u00a0\u00bb text_font=\u00a0\u00bbMontserrat|700||on|||||\u00a0\u00bb text_text_color=\u00a0\u00bb#111111&Prime; text_font_size=\u00a0\u00bb24px\u00a0\u00bb text_line_height=\u00a0\u00bb1.4em\u00a0\u00bb width=\u00a0\u00bb200px\u00a0\u00bb module_alignment=\u00a0\u00bbleft\u00a0\u00bb custom_margin=\u00a0\u00bb300px||||false|false\u00a0\u00bb custom_padding=\u00a0\u00bb||10px||false|false\u00a0\u00bb border_color_bottom=\u00a0\u00bb#0a626c\u00a0\u00bb global_colors_info=\u00a0\u00bb{}\u00a0\u00bb][\/et_pb_text][et_pb_text _builder_version=\u00a0\u00bb4.27.5&Prime; _module_preset=\u00a0\u00bbdefault\u00a0\u00bb custom_margin=\u00a0\u00bb||||false|false\u00a0\u00bb hover_enabled=\u00a0\u00bb0&Prime; global_colors_info=\u00a0\u00bb{}\u00a0\u00bb sticky_enabled=\u00a0\u00bb0&Prime;]<\/p>\n<p><span style=\"font-weight: 400;\"><span style=\"color: #ff9900;\"><b><span style=\"font-size: 24px;\">USINE DAGANZO, ESPAGNE<\/span><\/b><\/span><\/span><\/p>\n<p>L&rsquo;usine industrielle d&rsquo;<strong><span style=\"color: #0a626c;\">ERSIGROUP <\/span><\/strong>\u00e0 <strong>Daganzo<\/strong>, en <strong>Espagne<\/strong>, est une r\u00e9f\u00e9rence en mati\u00e8re de solutions personnalis\u00e9es pour la fourniture, la transformation et l&rsquo;assemblage d&rsquo;acier ondul\u00e9 dans les pieux. Depuis sa cr\u00e9ation, cette installation s&rsquo;est impos\u00e9e comme un partenaire strat\u00e9gique, alliant <strong>technologie de pointe, tra\u00e7abilit\u00e9 int\u00e9grale et engagement ferme en faveur de la qualit\u00e9<\/strong><\/p>\n<p>&nbsp;<\/p>\n<p><strong>Capacit\u00e9s techniques et productives<\/strong><\/p>\n<p>Avec une capacit\u00e9 install\u00e9e de<strong> 5 000 tonnes par an<\/strong>, l&rsquo;usine est organis\u00e9e dans un <strong>entrep\u00f4t industriel de 2 000 m\u00b2<\/strong>, ce qui lui permet d&rsquo;offrir:<\/p>\n<ul>\n<li style=\"list-style-type: none;\">\n<ul>\n<li><strong>L&rsquo;assemblage d&rsquo;\u00e9l\u00e9ments pr\u00e9fabriqu\u00e9s dans des cages d&rsquo;armature<\/strong> afin d&rsquo;acc\u00e9l\u00e9rer le processus sur le chantier<\/li>\n<li><strong>Une ing\u00e9nierie d\u00e9taill\u00e9e,<\/strong> garantissant des solutions adapt\u00e9es \u00e0 chaque projet<\/li>\n<\/ul>\n<\/li>\n<\/ul>\n<p>[\/et_pb_text][\/et_pb_column][et_pb_column type=\u00a0\u00bb2_5&Prime; _builder_version=\u00a0\u00bb4.27.4&Prime; _module_preset=\u00a0\u00bbdefault\u00a0\u00bb background_color=\u00a0\u00bb#E09900&Prime; custom_padding=\u00a0\u00bb5%|5%|5%|5%|true|true\u00a0\u00bb global_colors_info=\u00a0\u00bb{}\u00a0\u00bb][et_pb_image src=\u00a0\u00bbhttps:\/\/www.ersigroup.com\/wp-content\/uploads\/2025\/12\/Mundo-Espana.png\u00a0\u00bb title_text=\u00a0\u00bbMundo Espan\u0303a\u00a0\u00bb align=\u00a0\u00bbcenter\u00a0\u00bb _builder_version=\u00a0\u00bb4.27.5&Prime; _module_preset=\u00a0\u00bbdefault\u00a0\u00bb global_colors_info=\u00a0\u00bb{}\u00a0\u00bb][\/et_pb_image][et_pb_text _builder_version=\u00a0\u00bb4.27.5&Prime; _module_preset=\u00a0\u00bbdefault\u00a0\u00bb text_font=\u00a0\u00bbMontserrat|700||on|||||\u00a0\u00bb text_text_color=\u00a0\u00bb#FFFFFF\u00a0\u00bb text_font_size=\u00a0\u00bb24px\u00a0\u00bb text_line_height=\u00a0\u00bb1.4em\u00a0\u00bb width=\u00a0\u00bb110px\u00a0\u00bb module_alignment=\u00a0\u00bbcenter\u00a0\u00bb custom_padding=\u00a0\u00bb||10px||false|false\u00a0\u00bb border_width_bottom=\u00a0\u00bb3px\u00a0\u00bb border_color_bottom=\u00a0\u00bb#FFFFFF\u00a0\u00bb global_colors_info=\u00a0\u00bb{}\u00a0\u00bb]<\/p>\n<p>details<\/p>\n<p>[\/et_pb_text][dsm_icon_list _builder_version=\u00a0\u00bb4.27.5&Prime; _module_preset=\u00a0\u00bbdefault\u00a0\u00bb hover_enabled=\u00a0\u00bb0&Prime; global_colors_info=\u00a0\u00bb{}\u00a0\u00bb sticky_enabled=\u00a0\u00bb0&Prime;][dsm_icon_list_child text=\u00a0\u00bbNom:\u00a0\u00bb font_icon=\u00a0\u00bb&#xf573;||fa||900&Prime; icon_color=\u00a0\u00bb#0a626c\u00a0\u00bb _builder_version=\u00a0\u00bb4.27.5&Prime; _module_preset=\u00a0\u00bbdefault\u00a0\u00bb text_font=\u00a0\u00bb|700|||||||\u00a0\u00bb text_text_color=\u00a0\u00bb#0a626c\u00a0\u00bb global_colors_info=\u00a0\u00bb{}\u00a0\u00bb][\/dsm_icon_list_child][dsm_icon_list_child text=\u00a0\u00bbDaganzo\u00a0\u00bb use_icon=\u00a0\u00bboff\u00a0\u00bb _builder_version=\u00a0\u00bb4.27.4&Prime; _module_preset=\u00a0\u00bbdefault\u00a0\u00bb text_text_color=\u00a0\u00bb#FFFFFF\u00a0\u00bb custom_margin=\u00a0\u00bb|||15px|false|false\u00a0\u00bb global_colors_info=\u00a0\u00bb{}\u00a0\u00bb][\/dsm_icon_list_child][dsm_icon_list_child text=\u00a0\u00bbLocalisation:\u00a0\u00bb font_icon=\u00a0\u00bb&#xf57e;||fa||900&Prime; icon_color=\u00a0\u00bb#0a626c\u00a0\u00bb _builder_version=\u00a0\u00bb4.27.5&Prime; _module_preset=\u00a0\u00bbdefault\u00a0\u00bb text_font=\u00a0\u00bb|700|||||||\u00a0\u00bb text_text_color=\u00a0\u00bb#0a626c\u00a0\u00bb global_colors_info=\u00a0\u00bb{}\u00a0\u00bb][\/dsm_icon_list_child][dsm_icon_list_child text=\u00a0\u00bbDaganzo de Arriba. Madrid\u00a0\u00bb use_icon=\u00a0\u00bboff\u00a0\u00bb _builder_version=\u00a0\u00bb4.27.5&Prime; _module_preset=\u00a0\u00bbdefault\u00a0\u00bb text_text_color=\u00a0\u00bb#FFFFFF\u00a0\u00bb custom_margin=\u00a0\u00bb|||15px|false|false\u00a0\u00bb hover_enabled=\u00a0\u00bb0&Prime; global_colors_info=\u00a0\u00bb{}\u00a0\u00bb sticky_enabled=\u00a0\u00bb0&Prime;][\/dsm_icon_list_child][dsm_icon_list_child text=\u00a0\u00bbAdresse:\u00a0\u00bb font_icon=\u00a0\u00bb&#xe081;||divi||400&Prime; icon_color=\u00a0\u00bb#0a626c\u00a0\u00bb _builder_version=\u00a0\u00bb4.27.5&Prime; _module_preset=\u00a0\u00bbdefault\u00a0\u00bb text_font=\u00a0\u00bb|700|||||||\u00a0\u00bb text_text_color=\u00a0\u00bb#0a626c\u00a0\u00bb global_colors_info=\u00a0\u00bb{}\u00a0\u00bb][\/dsm_icon_list_child][dsm_icon_list_child text=\u00a0\u00bbZone industrielle Los Frailes n\u00ba52\/53 28814 Daganzo de Arriba, Madrid. Spagne\u00a0\u00bb use_icon=\u00a0\u00bboff\u00a0\u00bb _builder_version=\u00a0\u00bb4.27.5&Prime; _module_preset=\u00a0\u00bbdefault\u00a0\u00bb text_text_color=\u00a0\u00bb#FFFFFF\u00a0\u00bb custom_margin=\u00a0\u00bb|||15px|false|false\u00a0\u00bb hover_enabled=\u00a0\u00bb0&Prime; global_colors_info=\u00a0\u00bb{}\u00a0\u00bb sticky_enabled=\u00a0\u00bb0&Prime;][\/dsm_icon_list_child][dsm_icon_list_child text=\u00a0\u00bbCapacit\u00e9:\u00a0\u00bb font_icon=\u00a0\u00bb&#x2e;||divi||400&Prime; icon_color=\u00a0\u00bb#0a626c\u00a0\u00bb _builder_version=\u00a0\u00bb4.27.5&Prime; _module_preset=\u00a0\u00bbdefault\u00a0\u00bb text_font=\u00a0\u00bb|700|||||||\u00a0\u00bb text_text_color=\u00a0\u00bb#0a626c\u00a0\u00bb global_colors_info=\u00a0\u00bb{}\u00a0\u00bb][\/dsm_icon_list_child][dsm_icon_list_child text=\u00a0\u00bb5.000 Tn\/An\u00a0\u00bb use_icon=\u00a0\u00bboff\u00a0\u00bb _builder_version=\u00a0\u00bb4.27.5&Prime; _module_preset=\u00a0\u00bbdefault\u00a0\u00bb text_text_color=\u00a0\u00bb#FFFFFF\u00a0\u00bb custom_margin=\u00a0\u00bb|||15px|false|false\u00a0\u00bb global_colors_info=\u00a0\u00bb{}\u00a0\u00bb][\/dsm_icon_list_child][dsm_icon_list_child text=\u00a0\u00bbSuperficie du hall:\u00a0\u00bb font_icon=\u00a0\u00bb&#xf275;||fa||900&Prime; icon_color=\u00a0\u00bb#0a626c\u00a0\u00bb _builder_version=\u00a0\u00bb4.27.5&Prime; _module_preset=\u00a0\u00bbdefault\u00a0\u00bb text_font=\u00a0\u00bb|700|||||||\u00a0\u00bb text_text_color=\u00a0\u00bb#0a626c\u00a0\u00bb global_colors_info=\u00a0\u00bb{}\u00a0\u00bb][\/dsm_icon_list_child][dsm_icon_list_child text=\u00a0\u00bb1.500 mts \u00b2\u00a0\u00bb use_icon=\u00a0\u00bboff\u00a0\u00bb _builder_version=\u00a0\u00bb4.27.4&Prime; _module_preset=\u00a0\u00bbdefault\u00a0\u00bb text_text_color=\u00a0\u00bb#FFFFFF\u00a0\u00bb custom_margin=\u00a0\u00bb|||15px|false|false\u00a0\u00bb global_colors_info=\u00a0\u00bb{}\u00a0\u00bb][\/dsm_icon_list_child][\/dsm_icon_list][\/et_pb_column][\/et_pb_row][et_pb_row _builder_version=\u00a0\u00bb4.27.4&Prime; _module_preset=\u00a0\u00bbdefault\u00a0\u00bb global_colors_info=\u00a0\u00bb{}\u00a0\u00bb][et_pb_column type=\u00a0\u00bb4_4&Prime; _builder_version=\u00a0\u00bb4.27.4&Prime; _module_preset=\u00a0\u00bbdefault\u00a0\u00bb global_colors_info=\u00a0\u00bb{}\u00a0\u00bb][et_pb_text _builder_version=\u00a0\u00bb4.27.5&Prime; _module_preset=\u00a0\u00bbdefault\u00a0\u00bb hover_enabled=\u00a0\u00bb0&Prime; global_colors_info=\u00a0\u00bb{}\u00a0\u00bb sticky_enabled=\u00a0\u00bb0&Prime;]<\/p>\n<p><strong>Certifications et normes de qualit\u00e9<\/strong><\/p>\n<p>L&rsquo;usine de Daganzo fonctionne selon des normes strictes de <strong>qualit\u00e9, de s\u00e9curit\u00e9 et de durabilit\u00e9<\/strong>, soutenues par les certifications <strong>ISO 9001, ISO 14001, ISO 45001, CHAS et CARES<\/strong>. Ces accr\u00e9ditations garantissent que chaque \u00e9tape, de la mati\u00e8re premi\u00e8re au produit final, r\u00e9pond aux exigences techniques et r\u00e9glementaires les plus strictes<\/p>\n<p>&nbsp;<\/p>\n<p><strong>Processus num\u00e9ris\u00e9s et tra\u00e7abilit\u00e9 compl\u00e8te\u00a0\u00a0<\/strong><\/p>\n<p>Comme dans le reste de nos usines industrielles, la <strong>planification et le contr\u00f4le de la production <\/strong>s&rsquo;appuient sur nos propres <strong>syst\u00e8mes d&rsquo;information qui int\u00e8grent<\/strong> toutes les phases:<\/p>\n<ul>\n<li style=\"list-style-type: none;\">\n<ul>\n<li><strong>Programmation de la production et des exp\u00e9ditions<\/strong> avec suivi en temps r\u00e9el<\/li>\n<li><strong>Contr\u00f4le num\u00e9rique des stocks et des commandes,<\/strong> garantissant la continuit\u00e9 de la cha\u00eene d&rsquo;approvisionnement<\/li>\n<li><strong>G\u00e9n\u00e9ration automatique des bons de livraison et tra\u00e7abilit\u00e9 garantie \u00e0 100 %<\/strong> de chaque pi\u00e8ce, de l&rsquo;usine \u00e0 l&rsquo;installation sur le chantier<\/li>\n<\/ul>\n<\/li>\n<\/ul>\n<p>&nbsp;<\/p>\n<p><strong>Accent mis sur la s\u00e9curit\u00e9, les d\u00e9lais et l&rsquo;optimisation<\/strong><\/p>\n<p>La conception des processus chez Daganzo vise \u00e0:<\/p>\n<ul>\n<li><strong>R\u00e9duire les d\u00e9lais de fabrication et de montage <\/strong>gr\u00e2ce \u00e0 des solutions pr\u00e9fabriqu\u00e9es<\/li>\n<li>Optimiser les ressources humaines et mat\u00e9rielles, en minimisant les risques professionnels et environnementaux<\/li>\n<li><strong>Garantir une fiabilit\u00e9 maximale<\/strong> dans la livraison et l&rsquo;ex\u00e9cution sur chantier, avec un contr\u00f4le exhaustif \u00e0 chaque \u00e9tape<\/li>\n<\/ul>\n<p>[\/et_pb_text][\/et_pb_column][\/et_pb_row][\/et_pb_section][et_pb_section fb_built=\u00a0\u00bb1&Prime; _builder_version=\u00a0\u00bb4.27.5&Prime; _module_preset=\u00a0\u00bbdefault\u00a0\u00bb background_color=\u00a0\u00bbrgba(224,153,0,0.75)\u00a0\u00bb da_disable_devices=\u00a0\u00bboff|off|off\u00a0\u00bb global_colors_info=\u00a0\u00bb{}\u00a0\u00bb da_is_popup=\u00a0\u00bboff\u00a0\u00bb da_exit_intent=\u00a0\u00bboff\u00a0\u00bb da_has_close=\u00a0\u00bbon\u00a0\u00bb da_alt_close=\u00a0\u00bboff\u00a0\u00bb da_dark_close=\u00a0\u00bboff\u00a0\u00bb da_not_modal=\u00a0\u00bbon\u00a0\u00bb da_is_singular=\u00a0\u00bboff\u00a0\u00bb da_with_loader=\u00a0\u00bboff\u00a0\u00bb da_has_shadow=\u00a0\u00bbon\u00a0\u00bb][et_pb_row _builder_version=\u00a0\u00bb4.27.4&Prime; _module_preset=\u00a0\u00bbdefault\u00a0\u00bb global_colors_info=\u00a0\u00bb{}\u00a0\u00bb][et_pb_column type=\u00a0\u00bb4_4&Prime; _builder_version=\u00a0\u00bb4.27.4&Prime; _module_preset=\u00a0\u00bbdefault\u00a0\u00bb global_colors_info=\u00a0\u00bb{}\u00a0\u00bb][et_pb_text _builder_version=\u00a0\u00bb4.27.5&Prime; _module_preset=\u00a0\u00bbdefault\u00a0\u00bb text_font=\u00a0\u00bbMontserrat|700||on|||||\u00a0\u00bb text_text_color=\u00a0\u00bb#FFFFFF\u00a0\u00bb text_font_size=\u00a0\u00bb24px\u00a0\u00bb text_line_height=\u00a0\u00bb1.4em\u00a0\u00bb width=\u00a0\u00bb330px\u00a0\u00bb module_alignment=\u00a0\u00bbleft\u00a0\u00bb custom_padding=\u00a0\u00bb||10px||false|false\u00a0\u00bb border_width_bottom=\u00a0\u00bb3px\u00a0\u00bb border_color_bottom=\u00a0\u00bb#0a626c\u00a0\u00bb global_colors_info=\u00a0\u00bb{}\u00a0\u00bb]Images de l\u2019atelier[\/et_pb_text][dsm_image_carousel gallery_ids=\u00a0\u00bb4396594,4396595,4396593&Prime; slider_type=\u00a0\u00bbslideshow\u00a0\u00bb _builder_version=\u00a0\u00bb4.27.4&Prime; _module_preset=\u00a0\u00bbdefault\u00a0\u00bb global_colors_info=\u00a0\u00bb{}\u00a0\u00bb][\/dsm_image_carousel][\/et_pb_column][\/et_pb_row][\/et_pb_section]<\/p>\n","protected":false},"excerpt":{"rendered":"<p>pour une croissance responsableUSINE DAGANZO, ESPAGNE L&rsquo;usine industrielle d&rsquo;ERSIGROUP \u00e0 Daganzo, en Espagne, est une r\u00e9f\u00e9rence en mati\u00e8re de solutions personnalis\u00e9es pour la fourniture, la transformation et l&rsquo;assemblage d&rsquo;acier ondul\u00e9 dans les pieux. Depuis sa cr\u00e9ation, cette installation s&rsquo;est impos\u00e9e comme un partenaire strat\u00e9gique, alliant technologie de pointe, tra\u00e7abilit\u00e9 int\u00e9grale et engagement ferme en faveur de la qualit\u00e9 &nbsp; Capacit\u00e9s techniques et productives Avec une capacit\u00e9 install\u00e9e de 5 000 tonnes par an, l&rsquo;usine est organis\u00e9e dans un entrep\u00f4t industriel de 2 000 m\u00b2, ce qui lui permet d&rsquo;offrir: L&rsquo;assemblage d&rsquo;\u00e9l\u00e9ments pr\u00e9fabriqu\u00e9s dans des cages d&rsquo;armature afin d&rsquo;acc\u00e9l\u00e9rer le processus sur le chantier Une ing\u00e9nierie d\u00e9taill\u00e9e, garantissant des solutions adapt\u00e9es \u00e0 chaque projet details<div class=\"et_pb_module dsm_icon_list dsm_icon_list_0\">\n\t\t\t\t\n\t\t\t\t\n\t\t\t\t\n\t\t\t\t\n\t\t\t\t\n\t\t\t\t\n\t\t\t\t<div class=\"et_pb_module_inner\">\n\t\t\t\t\t<ul class=\"dsm_icon_list_items dsm_icon_list_ltr_direction dsm_icon_list_layout_vertical\"><\/ul>\n\t\t\t\t<\/div>\n\t\t\t<\/div><li class=\"dsm_icon_list_child dsm_icon_list_child_0\">\n\t\t\t\t\n\t\t\t\t\n\t\t\t\t\n\t\t\t\t\n\t\t\t\t<span class=\"dsm_icon_list_wrapper\"><span class=\"dsm_icon_list_icon\">\uf573<\/span><\/span><span class=\"dsm_icon_list_text\">Nom:<\/span>\n\t\t\t<\/li><li class=\"dsm_icon_list_child dsm_icon_list_child_1\">\n\t\t\t\t\n\t\t\t\t\n\t\t\t\t\n\t\t\t\t\n\t\t\t\t<span class=\"dsm_icon_list_wrapper\"><\/span><span class=\"dsm_icon_list_text\">Daganzo<\/span>\n\t\t\t<\/li><li class=\"dsm_icon_list_child dsm_icon_list_child_2\">\n\t\t\t\t\n\t\t\t\t\n\t\t\t\t\n\t\t\t\t\n\t\t\t\t<span class=\"dsm_icon_list_wrapper\"><span class=\"dsm_icon_list_icon\">\uf57e<\/span><\/span><span class=\"dsm_icon_list_text\">Localisation:<\/span>\n\t\t\t<\/li><li class=\"dsm_icon_list_child dsm_icon_list_child_3\">\n\t\t\t\t\n\t\t\t\t\n\t\t\t\t\n\t\t\t\t\n\t\t\t\t<span class=\"dsm_icon_list_wrapper\"><\/span><span class=\"dsm_icon_list_text\">Daganzo de Arriba. Madrid<\/span>\n\t\t\t<\/li><li class=\"dsm_icon_list_child dsm_icon_list_child_4\">\n\t\t\t\t\n\t\t\t\t\n\t\t\t\t\n\t\t\t\t\n\t\t\t\t<span class=\"dsm_icon_list_wrapper\"><span class=\"dsm_icon_list_icon\">\ue081<\/span><\/span><span class=\"dsm_icon_list_text\">Adresse:<\/span>\n\t\t\t<\/li><li class=\"dsm_icon_list_child dsm_icon_list_child_5\">\n\t\t\t\t\n\t\t\t\t\n\t\t\t\t\n\t\t\t\t\n\t\t\t\t<span class=\"dsm_icon_list_wrapper\"><\/span><span class=\"dsm_icon_list_text\">Zone industrielle Los Frailes n\u00ba52\/53 28814 Daganzo de Arriba, Madrid. Spagne<\/span>\n\t\t\t<\/li><li class=\"dsm_icon_list_child dsm_icon_list_child_6\">\n\t\t\t\t\n\t\t\t\t\n\t\t\t\t\n\t\t\t\t\n\t\t\t\t<span class=\"dsm_icon_list_wrapper\"><span class=\"dsm_icon_list_icon\">.<\/span><\/span><span class=\"dsm_icon_list_text\">Capacit\u00e9:<\/span>\n\t\t\t<\/li><li class=\"dsm_icon_list_child dsm_icon_list_child_7\">\n\t\t\t\t\n\t\t\t\t\n\t\t\t\t\n\t\t\t\t\n\t\t\t\t<span class=\"dsm_icon_list_wrapper\"><\/span><span class=\"dsm_icon_list_text\">5.000 Tn\/An<\/span>\n\t\t\t<\/li><li class=\"dsm_icon_list_child dsm_icon_list_child_8\">\n\t\t\t\t\n\t\t\t\t\n\t\t\t\t\n\t\t\t\t\n\t\t\t\t<span class=\"dsm_icon_list_wrapper\"><span class=\"dsm_icon_list_icon\">P<\/span><\/span><span class=\"dsm_icon_list_text\">\u00bbSuperficie<\/span>\n\t\t\t<\/li><\/p>\n","protected":false},"author":1,"featured_media":0,"parent":4399020,"menu_order":0,"comment_status":"closed","ping_status":"closed","template":"","meta":{"_et_pb_use_builder":"on","_et_pb_old_content":"","_et_gb_content_width":"","footnotes":""},"class_list":["post-4399102","page","type-page","status-publish","hentry"],"_links":{"self":[{"href":"https:\/\/www.ersigroup.com\/fr\/wp-json\/wp\/v2\/pages\/4399102","targetHints":{"allow":["GET"]}}],"collection":[{"href":"https:\/\/www.ersigroup.com\/fr\/wp-json\/wp\/v2\/pages"}],"about":[{"href":"https:\/\/www.ersigroup.com\/fr\/wp-json\/wp\/v2\/types\/page"}],"author":[{"embeddable":true,"href":"https:\/\/www.ersigroup.com\/fr\/wp-json\/wp\/v2\/users\/1"}],"replies":[{"embeddable":true,"href":"https:\/\/www.ersigroup.com\/fr\/wp-json\/wp\/v2\/comments?post=4399102"}],"version-history":[{"count":8,"href":"https:\/\/www.ersigroup.com\/fr\/wp-json\/wp\/v2\/pages\/4399102\/revisions"}],"predecessor-version":[{"id":4403834,"href":"https:\/\/www.ersigroup.com\/fr\/wp-json\/wp\/v2\/pages\/4399102\/revisions\/4403834"}],"up":[{"embeddable":true,"href":"https:\/\/www.ersigroup.com\/fr\/wp-json\/wp\/v2\/pages\/4399020"}],"wp:attachment":[{"href":"https:\/\/www.ersigroup.com\/fr\/wp-json\/wp\/v2\/media?parent=4399102"}],"curies":[{"name":"wp","href":"https:\/\/api.w.org\/{rel}","templated":true}]}}