{"id":4398972,"date":"2025-08-21T09:56:17","date_gmt":"2025-08-21T07:56:17","guid":{"rendered":"https:\/\/desw.ersigroup.com\/politica-del-sistema-de-gestion-integral\/"},"modified":"2026-02-04T07:32:02","modified_gmt":"2026-02-04T06:32:02","slug":"politique-du-systeme-de-gestion-integree","status":"publish","type":"page","link":"https:\/\/www.ersigroup.com\/fr\/politique-du-systeme-de-gestion-integree\/","title":{"rendered":"Politique du syst\u00e8me de gestion int\u00e9gr\u00e9e"},"content":{"rendered":"<p>[et_pb_section fb_built=\u00a0\u00bb1&Prime; _builder_version=\u00a0\u00bb4.27.5&Prime; _module_preset=\u00a0\u00bbdefault\u00a0\u00bb background_color=\u00a0\u00bbrgba(255,255,255,0.75)\u00a0\u00bb background_image=\u00a0\u00bbhttps:\/\/www.ersigroup.com\/wp-content\/uploads\/2025\/11\/Cabecera-Sostenibilidad.jpeg\u00a0\u00bb background_blend=\u00a0\u00bbsoft-light\u00a0\u00bb custom_margin=\u00a0\u00bb||||false|false\u00a0\u00bb custom_padding=\u00a0\u00bb||||false|false\u00a0\u00bb hover_enabled=\u00a0\u00bb0&Prime; da_disable_devices=\u00a0\u00bboff|off|off\u00a0\u00bb global_colors_info=\u00a0\u00bb{}\u00a0\u00bb module_id=\u00a0\u00bbfixcabecera\u00a0\u00bb admin_label=\u00a0\u00bbSection\u00a0\u00bb da_is_popup=\u00a0\u00bboff\u00a0\u00bb da_popup_slug=\u00a0\u00bbfixcabecera\u00a0\u00bb da_exit_intent=\u00a0\u00bboff\u00a0\u00bb da_has_close=\u00a0\u00bbon\u00a0\u00bb da_alt_close=\u00a0\u00bboff\u00a0\u00bb da_dark_close=\u00a0\u00bboff\u00a0\u00bb da_not_modal=\u00a0\u00bbon\u00a0\u00bb da_is_singular=\u00a0\u00bboff\u00a0\u00bb da_with_loader=\u00a0\u00bboff\u00a0\u00bb da_has_shadow=\u00a0\u00bbon\u00a0\u00bb sticky_enabled=\u00a0\u00bb0&Prime;][et_pb_row _builder_version=\u00a0\u00bb4.27.4&Prime; _module_preset=\u00a0\u00bbdefault\u00a0\u00bb global_colors_info=\u00a0\u00bb{}\u00a0\u00bb][et_pb_column type=\u00a0\u00bb4_4&Prime; _builder_version=\u00a0\u00bb4.27.4&Prime; _module_preset=\u00a0\u00bbdefault\u00a0\u00bb global_colors_info=\u00a0\u00bb{}\u00a0\u00bb][et_pb_text _builder_version=\u00a0\u00bb4.27.5&Prime; _module_preset=\u00a0\u00bbdefault\u00a0\u00bb global_colors_info=\u00a0\u00bb{}\u00a0\u00bb]<\/p>\n<h1 style=\"text-align: center;\">Politique du syst\u00e8me de gestion int\u00e9gr\u00e9e<\/p>\n<\/h1>\n<p>[\/et_pb_text][dsm_breadcrumbs align=\u00a0\u00bbcenter\u00a0\u00bb _builder_version=\u00a0\u00bb4.27.4&Prime; _module_preset=\u00a0\u00bbdefault\u00a0\u00bb items_font=\u00a0\u00bb|600|||||||\u00a0\u00bb items_text_color=\u00a0\u00bb#111111&Prime; separators_text_color=\u00a0\u00bb#cccccc\u00a0\u00bb global_colors_info=\u00a0\u00bb{}\u00a0\u00bb][\/dsm_breadcrumbs][\/et_pb_column][\/et_pb_row][\/et_pb_section][et_pb_section fb_built=\u00a0\u00bb1&Prime; _builder_version=\u00a0\u00bb4.27.4&Prime; _module_preset=\u00a0\u00bbdefault\u00a0\u00bb da_disable_devices=\u00a0\u00bboff|off|off\u00a0\u00bb global_colors_info=\u00a0\u00bb{}\u00a0\u00bb admin_label=\u00a0\u00bbSection\u00a0\u00bb da_is_popup=\u00a0\u00bboff\u00a0\u00bb da_exit_intent=\u00a0\u00bboff\u00a0\u00bb da_has_close=\u00a0\u00bbon\u00a0\u00bb da_alt_close=\u00a0\u00bboff\u00a0\u00bb da_dark_close=\u00a0\u00bboff\u00a0\u00bb da_not_modal=\u00a0\u00bbon\u00a0\u00bb da_is_singular=\u00a0\u00bboff\u00a0\u00bb da_with_loader=\u00a0\u00bboff\u00a0\u00bb da_has_shadow=\u00a0\u00bbon\u00a0\u00bb][et_pb_row _builder_version=\u00a0\u00bb4.27.5&Prime; _module_preset=\u00a0\u00bbdefault\u00a0\u00bb global_colors_info=\u00a0\u00bb{}\u00a0\u00bb][et_pb_column type=\u00a0\u00bb4_4&Prime; _builder_version=\u00a0\u00bb4.27.5&Prime; _module_preset=\u00a0\u00bbdefault\u00a0\u00bb global_colors_info=\u00a0\u00bb{}\u00a0\u00bb][et_pb_text _builder_version=\u00a0\u00bb4.27.5&Prime; _module_preset=\u00a0\u00bbdefault\u00a0\u00bb global_colors_info=\u00a0\u00bb{}\u00a0\u00bb]<\/p>\n<p>La politique du syst\u00e8me de gestion int\u00e9gr\u00e9e d\u2019<span style=\"color: #0a626c;\"><strong>ERSIGROUP<\/strong><\/span> est bas\u00e9e sur la conception int\u00e9grale de la gestion de nos activit\u00e9s, r\u00e9pondant aux exigences contractuelles convenues dans chaque cas avec nos clients et leur permettant ainsi d\u2019obtenir leur confiance et leur enti\u00e8re satisfaction. La direction d\u2019<span style=\"color: #0a626c;\"><strong>ERSIGROUP<\/strong><\/span> consid\u00e8re comme objectifs prioritaires dans sa politique de gestion la qualit\u00e9 du produit et des services que nous offrons, la responsabilit\u00e9 vis-\u00e0-vis de nos collaborateurs, la protection efficace de l&rsquo;environnement et la s\u00e9curit\u00e9 et la sant\u00e9 des travailleurs. Pour atteindre ces objectifs, les principes suivants sont \u00e9tablis:<\/p>\n<p style=\"padding-left: 40px;\">Identifier et respecter les exigences l\u00e9gales applicables et les autres exigences souscrites par l\u2019organisation, relatives \u00e0 la sant\u00e9 et la s\u00e9curit\u00e9 au travail, ainsi qu\u2019aux aspects environnementaux, \u00e0 la qualit\u00e9 ainsi qu\u2019aux exigences des clients, et respectez-les la satisfaction.<\/p>\n<p style=\"padding-left: 40px;\">D\u00e9veloppent leurs activit\u00e9s dans le respect des normes de s\u00e9curit\u00e9, de la sant\u00e9 au travail et de la protection de l&rsquo;environnement, ce qui leur permet de satisfaire les exigences de leurs clients et des parties int\u00e9ress\u00e9es, de pr\u00e9venir les blessures et la d\u00e9t\u00e9rioration de la sant\u00e9 li\u00e9s au travail des personnes qui participent directement ou indirectement dans les activit\u00e9s de l&rsquo;entreprise (y compris les sous-traitants et sous-traitants qui peuvent exister) et pr\u00e9venir la pollution de l&rsquo;environnement en fournissant un lieu de travail sain et s\u00fbr, contribuant ainsi \u00e0 \u00eatre un agent de changement dans les lieux o\u00f9 elle exerce ses activit\u00e9s.<\/p>\n<p style=\"padding-left: 40px;\">Respecter et remplir les exigences relatives \u00e0 la qualit\u00e9 du produit que nous proposons.<\/p>\n<p style=\"padding-left: 40px;\">G\u00e9rer notre organisation en fonction de processus et en \u00e9tablissant des indicateurs de performance nous permettant d&rsquo;am\u00e9liorer continuellement son efficacit\u00e9.<\/p>\n<p style=\"padding-left: 40px;\">\u00c9liminer les dangers, \u00e9valuer, \u00e9valuer et r\u00e9duire les risques tant dans le domaine de l&rsquo;environnement que dans celui de la sant\u00e9 et de la s\u00e9curit\u00e9 au travail et \u00e9tablir les contr\u00f4les correspondants.<\/p>\n<p style=\"padding-left: 40px;\">L\u2019adoption d\u2019une perspective int\u00e9grale du cycle de vie dans les activit\u00e9s, services et produits offerts par l\u2019Organisation, ainsi que dans les produits ou services qu&rsquo;elle sous-traite.<\/p>\n<p style=\"padding-left: 40px;\">Protection de l&rsquo;environnement, pr\u00e9vention de la pollution, utilisation et exploitation rationnelles des ressources naturelles, r\u00e9duction des d\u00e9chets et r\u00e9duction de la d\u00e9gradation de l&rsquo;environnement.<\/p>\n<p style=\"padding-left: 40px;\">Maintenir d&rsquo;une culture organisationnelle qui encourage tous les employ\u00e9s \u00e0 assumer la responsabilit\u00e9 de la qualit\u00e9, de la s\u00e9curit\u00e9 et de la sant\u00e9 au travail et de la protection de l&rsquo;environnement.<\/p>\n<p style=\"padding-left: 40px;\">Engagement \u00e0 fournir des ressources pour la mise en \u0153uvre du syst\u00e8me de gestion.<\/p>\n<p style=\"padding-left: 40px;\">Pr\u00e9vention de la consommation de drogue et d&rsquo;alcool sur le lieu de travail.<\/p>\n<p style=\"padding-left: 40px;\">La garantie que les travailleurs et leurs repr\u00e9sentants sont consult\u00e9s et participent activement \u00e0 tous les \u00e9l\u00e9ments du syst\u00e8me de gestion.<\/p>\n<p style=\"padding-left: 40px;\">L&rsquo;am\u00e9lioration continue de ce syst\u00e8me de gestion, en \u00e9tablissant des objectifs d&rsquo;am\u00e9lioration permettant d&rsquo;\u00e9valuer ses performances et d&rsquo;appliquer les actions n\u00e9cessaires \u00e0 la r\u00e9alisation des objectifs propos\u00e9s, en l&rsquo;int\u00e9grant aux autres syst\u00e8mes de gestion de l&rsquo;Organisation, en tenant compte du contexte dans lequel ce que l&rsquo;organisation fait<\/p>\n<p>Enfin, <span style=\"color: #0a626c;\"><strong>ERSIGROUP<\/strong><\/span> s\u2019engage \u00e0 fournir des produits et des services satisfaisants aux clients, offrant aux employ\u00e9s des soci\u00e9t\u00e9s du groupe un environnement s\u00fbr, stable et respectueux de l\u2019environnement en mettant \u00e0 jour en permanence les mesures de pr\u00e9vention des risques professionnels et environnementaux, ainsi que Respecter scrupuleusement les r\u00e9glementations applicables en la mati\u00e8re dans tous les lieux o\u00f9 il d\u00e9veloppe ses activit\u00e9s commerciales.<\/p>\n<p>L&rsquo;adresse<\/p>\n<p>[\/et_pb_text][\/et_pb_column][\/et_pb_row][\/et_pb_section]<\/p>\n","protected":false},"excerpt":{"rendered":"<p>Politique du syst\u00e8me de gestion int\u00e9gr\u00e9e <div class=\"et_pb_module dsm_breadcrumbs dsm_breadcrumbs_0\">\n\t\t\t\t\n\t\t\t\t\n\t\t\t\t\n\t\t\t\t\n\t\t\t\t\n\t\t\t\t\n\t\t\t\t<div class=\"et_pb_module_inner\">\n\t\t\t\t\t<nav class=\"dsm_breadcrumbs_wrap\">\n\t\t\t\t<ul class=\"dsm_breadcrumbs\" itemscope itemtype=\"https:\/\/schema.org\/BreadcrumbList\">\t\t\t<li class=\"dsm_breadcrumbs_item dsm_home_item dsm_home_item_custom\" itemprop=\"itemListElement\" itemscope\n\t\t\titemtype=\"https:\/\/schema.org\/ListItem\">\n\t\t\t\t<a href=\"https:\/\/www.ersigroup.com\/fr\/\" itemprop=\"item\" target=\"\">\n\t\t\t\t\t<span class='dsm_home_text_wrapper'>\n\t\t\t\t\t\t\t\t\t\t\t\t\t<span class=\"et-pb-icon dsm_home_icon\">\ue009<\/span>\n\t\t\t\t\t\t\t\t\t\t\t\t\t<span class=\"dsm_home_text\" itemprop=\"name\">\n\t\t\t\t\t\t\t\tHome\t\t\t\t\t\t\t<\/span>\n\t\t\t\t\t<\/span>\n\t\t\t\t<\/a>\n\t\t\t\t<meta itemprop=\"position\" content=\"1\" \/>\n\t\t\t<\/li>\n\n\t\t<li class=\"dsm_breadcrumbs_separator\"> <span class=\"et-pb-icon dsm_separator_icon\">5<\/span><\/li><\/ul>\n\t\t\t<\/nav>\n\t\t\t\t<\/div>\n\t\t\t<\/div>La politique du syst\u00e8me de gestion int\u00e9gr\u00e9e d\u2019ERSIGROUP est bas\u00e9e sur la conception int\u00e9grale de la gestion de nos activit\u00e9s, r\u00e9pondant aux exigences contractuelles convenues dans chaque cas avec nos clients et leur permettant ainsi d\u2019obtenir leur confiance et leur enti\u00e8re satisfaction. La direction d\u2019ERSIGROUP consid\u00e8re comme objectifs prioritaires dans sa politique de gestion la qualit\u00e9 du produit et des services que nous offrons, la responsabilit\u00e9 vis-\u00e0-vis de nos collaborateurs, la protection efficace de l&rsquo;environnement et la s\u00e9curit\u00e9 et la sant\u00e9 des travailleurs. Pour atteindre ces objectifs, les principes suivants sont \u00e9tablis: Identifier et respecter les exigences l\u00e9gales applicables et les autres exigences souscrites par l\u2019organisation, relatives \u00e0 la sant\u00e9 et la s\u00e9curit\u00e9 au travail, ainsi qu\u2019aux aspects environnementaux, \u00e0 la qualit\u00e9 ainsi qu\u2019aux exigences des clients, et respectez-les la satisfaction. D\u00e9veloppent leurs activit\u00e9s dans le respect des normes de s\u00e9curit\u00e9, de la sant\u00e9 au travail et de la protection de l&rsquo;environnement, ce qui leur permet de satisfaire les exigences de leurs clients et des parties int\u00e9ress\u00e9es, de pr\u00e9venir les blessures et la d\u00e9t\u00e9rioration de la sant\u00e9 li\u00e9s au travail des personnes qui participent directement ou indirectement [&hellip;]<\/p>\n","protected":false},"author":1,"featured_media":0,"parent":0,"menu_order":0,"comment_status":"closed","ping_status":"closed","template":"","meta":{"_et_pb_use_builder":"on","_et_pb_old_content":"","_et_gb_content_width":"","footnotes":""},"class_list":["post-4398972","page","type-page","status-publish","hentry"],"_links":{"self":[{"href":"https:\/\/www.ersigroup.com\/fr\/wp-json\/wp\/v2\/pages\/4398972","targetHints":{"allow":["GET"]}}],"collection":[{"href":"https:\/\/www.ersigroup.com\/fr\/wp-json\/wp\/v2\/pages"}],"about":[{"href":"https:\/\/www.ersigroup.com\/fr\/wp-json\/wp\/v2\/types\/page"}],"author":[{"embeddable":true,"href":"https:\/\/www.ersigroup.com\/fr\/wp-json\/wp\/v2\/users\/1"}],"replies":[{"embeddable":true,"href":"https:\/\/www.ersigroup.com\/fr\/wp-json\/wp\/v2\/comments?post=4398972"}],"version-history":[{"count":6,"href":"https:\/\/www.ersigroup.com\/fr\/wp-json\/wp\/v2\/pages\/4398972\/revisions"}],"predecessor-version":[{"id":4402865,"href":"https:\/\/www.ersigroup.com\/fr\/wp-json\/wp\/v2\/pages\/4398972\/revisions\/4402865"}],"wp:attachment":[{"href":"https:\/\/www.ersigroup.com\/fr\/wp-json\/wp\/v2\/media?parent=4398972"}],"curies":[{"name":"wp","href":"https:\/\/api.w.org\/{rel}","templated":true}]}}