{"id":4398952,"date":"2025-08-20T14:52:04","date_gmt":"2025-08-20T12:52:04","guid":{"rendered":"https:\/\/desw.ersigroup.com\/compromiso-de-proveedores\/"},"modified":"2026-02-04T07:31:33","modified_gmt":"2026-02-04T06:31:33","slug":"engagement-envers-les-fournisseurs","status":"publish","type":"page","link":"https:\/\/www.ersigroup.com\/fr\/engagement-envers-les-fournisseurs\/","title":{"rendered":"Engagement envers les Fournisseurs"},"content":{"rendered":"<p>[et_pb_section fb_built=\u00a0\u00bb1&Prime; _builder_version=\u00a0\u00bb4.27.5&Prime; _module_preset=\u00a0\u00bbdefault\u00a0\u00bb background_color=\u00a0\u00bbrgba(255,255,255,0.75)\u00a0\u00bb background_image=\u00a0\u00bbhttps:\/\/www.ersigroup.com\/wp-content\/uploads\/2025\/11\/Cabecera-Sostenibilidad.jpeg\u00a0\u00bb background_blend=\u00a0\u00bbsoft-light\u00a0\u00bb custom_margin=\u00a0\u00bb||||false|false\u00a0\u00bb custom_padding=\u00a0\u00bb||||false|false\u00a0\u00bb hover_enabled=\u00a0\u00bb0&Prime; da_disable_devices=\u00a0\u00bboff|off|off\u00a0\u00bb global_colors_info=\u00a0\u00bb{}\u00a0\u00bb module_id=\u00a0\u00bbfixcabecera\u00a0\u00bb admin_label=\u00a0\u00bbSection\u00a0\u00bb da_is_popup=\u00a0\u00bboff\u00a0\u00bb da_popup_slug=\u00a0\u00bbfixcabecera\u00a0\u00bb da_exit_intent=\u00a0\u00bboff\u00a0\u00bb da_has_close=\u00a0\u00bbon\u00a0\u00bb da_alt_close=\u00a0\u00bboff\u00a0\u00bb da_dark_close=\u00a0\u00bboff\u00a0\u00bb da_not_modal=\u00a0\u00bbon\u00a0\u00bb da_is_singular=\u00a0\u00bboff\u00a0\u00bb da_with_loader=\u00a0\u00bboff\u00a0\u00bb da_has_shadow=\u00a0\u00bbon\u00a0\u00bb sticky_enabled=\u00a0\u00bb0&Prime;][et_pb_row _builder_version=\u00a0\u00bb4.27.4&Prime; _module_preset=\u00a0\u00bbdefault\u00a0\u00bb global_colors_info=\u00a0\u00bb{}\u00a0\u00bb][et_pb_column type=\u00a0\u00bb4_4&Prime; _builder_version=\u00a0\u00bb4.27.4&Prime; _module_preset=\u00a0\u00bbdefault\u00a0\u00bb global_colors_info=\u00a0\u00bb{}\u00a0\u00bb][et_pb_text _builder_version=\u00a0\u00bb4.27.5&Prime; _module_preset=\u00a0\u00bbdefault\u00a0\u00bb global_colors_info=\u00a0\u00bb{}\u00a0\u00bb]<\/p>\n<h1 style=\"text-align: center;\">Engagement envers les Fournisseurs<\/h1>\n<p>[\/et_pb_text][dsm_breadcrumbs align=\u00a0\u00bbcenter\u00a0\u00bb _builder_version=\u00a0\u00bb4.27.4&Prime; _module_preset=\u00a0\u00bbdefault\u00a0\u00bb items_font=\u00a0\u00bb|600|||||||\u00a0\u00bb items_text_color=\u00a0\u00bb#111111&Prime; separators_text_color=\u00a0\u00bb#cccccc\u00a0\u00bb global_colors_info=\u00a0\u00bb{}\u00a0\u00bb][\/dsm_breadcrumbs][\/et_pb_column][\/et_pb_row][\/et_pb_section][et_pb_section fb_built=\u00a0\u00bb1&Prime; _builder_version=\u00a0\u00bb4.27.4&Prime; _module_preset=\u00a0\u00bbdefault\u00a0\u00bb da_disable_devices=\u00a0\u00bboff|off|off\u00a0\u00bb global_colors_info=\u00a0\u00bb{}\u00a0\u00bb admin_label=\u00a0\u00bbSection\u00a0\u00bb da_is_popup=\u00a0\u00bboff\u00a0\u00bb da_exit_intent=\u00a0\u00bboff\u00a0\u00bb da_has_close=\u00a0\u00bbon\u00a0\u00bb da_alt_close=\u00a0\u00bboff\u00a0\u00bb da_dark_close=\u00a0\u00bboff\u00a0\u00bb da_not_modal=\u00a0\u00bbon\u00a0\u00bb da_is_singular=\u00a0\u00bboff\u00a0\u00bb da_with_loader=\u00a0\u00bboff\u00a0\u00bb da_has_shadow=\u00a0\u00bbon\u00a0\u00bb][et_pb_row _builder_version=\u00a0\u00bb4.27.5&Prime; _module_preset=\u00a0\u00bbdefault\u00a0\u00bb global_colors_info=\u00a0\u00bb{}\u00a0\u00bb][et_pb_column type=\u00a0\u00bb4_4&Prime; _builder_version=\u00a0\u00bb4.27.5&Prime; _module_preset=\u00a0\u00bbdefault\u00a0\u00bb global_colors_info=\u00a0\u00bb{}\u00a0\u00bb][et_pb_text _builder_version=\u00a0\u00bb4.27.5&Prime; _module_preset=\u00a0\u00bbdefault\u00a0\u00bb global_colors_info=\u00a0\u00bb{}\u00a0\u00bb]<\/p>\n<p><span style=\"color: #0a626c;\"><strong>ERSIGROUP<\/strong><\/span> a mis en place un syst\u00e8me de gestion int\u00e9grale qui exige que les fournisseurs et sous-traitants concern\u00e9s respectent les engagements pris dans la politique de qualit\u00e9, environnementale et sociale, disponible sur le site web, ainsi que les exigences d\u00e9finies ici pour chaque type de fournisseur.<\/p>\n<p>C&rsquo;est pourquoi nous souhaitons faire comprendre \u00e0 nos fournisseurs et sous-traitants la n\u00e9cessit\u00e9 d&rsquo;adopter un comportement coh\u00e9rent et conforme \u00e0 celui d&rsquo;<span style=\"color: #0a626c;\"><strong>ERSIGROUP<\/strong><\/span>, en les informant de l&rsquo;importance de respecter tant les principes d\u00e9crits dans notre politique que les exigences \u00e9tablies dans le pr\u00e9sent document, afin de garantir que leur comportement assure \u00e0 tout moment la qualit\u00e9 du produit ou du service fourni, le plus grand respect de l&rsquo;environnement et la protection de la s\u00e9curit\u00e9 et de la sant\u00e9 des travailleurs, en orientant leurs processus vers l&rsquo;am\u00e9lioration continue et le d\u00e9veloppement durable, et en tenant <span style=\"color: #0a626c;\"><strong>ERSIGROUP<\/strong><\/span> inform\u00e9 \u00e0 ce sujet.<\/p>\n<p><strong>PORT\u00c9E<\/strong><\/p>\n<p>Tous les fournisseurs et sous-traitants.<\/p>\n<p><strong>EXIGENCES<\/strong><\/p>\n<p><strong>Exigences en mati\u00e8re de qualit\u00e9<\/strong><\/p>\n<p>Les fournisseurs, outre leur obligation de respecter toutes les exigences l\u00e9gales qui leur sont applicables, devront satisfaire \u00e0 toutes les exigences de qualit\u00e9 implicites pour le produit ou service demand\u00e9 ou qui ont \u00e9t\u00e9 \u00e9tablies contractuellement afin de fournir des biens et services qui r\u00e9pondent syst\u00e9matiquement aux besoins et aux attentes d&rsquo;<span style=\"color: #0a626c;\"><strong>ERSIGROUP<\/strong><\/span>, qui fonctionnent, qui sont efficaces et qui sont s\u00fbrs \u00e0 tous \u00e9gards pour l&rsquo;usage auquel ils sont destin\u00e9s.\u00a0<\/p>\n<p>Les m\u00e9thodes de supervision et de contr\u00f4le de la qualit\u00e9 des produits et services fournis \u00e0 <span style=\"color: #0a626c;\"><strong>ERSIGROUP<\/strong><\/span>, ainsi que les employ\u00e9s charg\u00e9s de la s\u00e9lection, de l&rsquo;\u00e9valuation et de la r\u00e9\u00e9valuation de nos fournisseurs, seront bas\u00e9s sur des crit\u00e8res logiques, en fonction du degr\u00e9 d&rsquo;influence ou de pertinence que ces produits ou services peuvent avoir sur la prestation de nos services au client.<\/p>\n<p><strong>Exigences g\u00e9n\u00e9rales achats\/fournisseurs<\/strong><\/p>\n<p>La livraison des commandes doit \u00eatre effectu\u00e9e dans les d\u00e9lais fix\u00e9s.<\/p>\n<p>Le bon de livraison et les documents requis doivent \u00eatre joints \u00e0 la commande.<\/p>\n<p>Les produits doivent correspondre \u00e0 ceux command\u00e9s, tant en termes de qualit\u00e9 que de quantit\u00e9.<\/p>\n<p>Les FACTURES doivent contenir au moins les informations suivantes :<\/p>\n<p>Num\u00e9ro de bon de commande (commande) d&rsquo;<span style=\"color: #0a626c;\"><strong>ERSIGROUP<\/strong><\/span><\/p>\n<p>Quantit\u00e9, unit\u00e9s et montant conform\u00e9ment \u00e0 la commande<\/p>\n<p>Chaque facture ne peut faire r\u00e9f\u00e9rence qu&rsquo;\u00e0 une seule commande.<\/p>\n<p>En fonction du type d&rsquo;activit\u00e9, les exigences requises sont les suivantes :<\/p>\n<p><strong>G\u00e9n\u00e9raux<\/strong><\/p>\n<p>Conna\u00eetre et respecter la l\u00e9gislation nationale, r\u00e9gionale et locale en vigueur applicable \u00e0 ses activit\u00e9s, produits et services en mati\u00e8re d&rsquo;environnement, de s\u00e9curit\u00e9 et de sant\u00e9 au travail.<\/p>\n<p>Communiquer \u00e0 <span style=\"color: #0a626c;\"><strong>ERSIGROUP<\/strong><\/span> toute information et\/ou documentation qui pourrait lui \u00eatre demand\u00e9e concernant la performance environnementale et la s\u00e9curit\u00e9 et la sant\u00e9 au travail de ses produits et\/ou services.<\/p>\n<p><strong>Fournisseurs de mati\u00e8res premi\u00e8res<\/strong><\/p>\n<p>Promouvoir des processus de production s\u00fbrs et respectueux de l&rsquo;environnement, ainsi que la mise en place de syst\u00e8mes de gestion environnementale.<\/p>\n<p><strong>Fournisseur de substances dangereuses, \u00e0 l&rsquo;exception des combustibles<\/strong><\/p>\n<p>Envoyer les fiches de donn\u00e9es de s\u00e9curit\u00e9 des substances dangereuses.<\/p>\n<p>Informer <span style=\"color: #0a626c;\"><strong>ERSIGROUP<\/strong><\/span> des substances alternatives plus respectueuses de l&rsquo;environnement et des proc\u00e9dures s\u00e9curitaires.<\/p>\n<p><strong>Conception \/ fabrication \/ installation d&rsquo;\u00e9quipements<\/strong><\/p>\n<p>Informer <span style=\"color: #0a626c;\"><strong>ERSIGROUP<\/strong><\/span> des aspects li\u00e9s \u00e0 la s\u00e9curit\u00e9, \u00e0 la sant\u00e9 et \u00e0 l&rsquo;environnement associ\u00e9s \u00e0 l&rsquo;\u00e9quipement\/l&rsquo;installation.<\/p>\n<p>Informer <span style=\"color: #0a626c;\"><strong>ERSIGROUP<\/strong><\/span> des mesures correctives mises en \u0153uvre pour r\u00e9duire les risques professionnels et l&rsquo;impact environnemental de l&rsquo;\u00e9quipement\/installation.<\/p>\n<p>Informer <span style=\"color: #0a626c;\"><strong>ERSIGROUP<\/strong><\/span> des accidents, pannes, dysfonctionnements potentiels (arr\u00eat et d\u00e9marrage) et de leurs effets sur l&rsquo;environnement et la s\u00e9curit\u00e9 et la sant\u00e9 au travail.<\/p>\n<p>Informer <span style=\"color: #0a626c;\"><strong>ERSIGROUP<\/strong><\/span> des d\u00e9chets g\u00e9n\u00e9r\u00e9s par l&rsquo;installation\/l&rsquo;\u00e9quipement et de leurs caract\u00e9ristiques.<\/p>\n<p>Informer <span style=\"color: #0a626c;\"><strong>ERSIGROUP<\/strong><\/span> de la consommation de ressources naturelles (\u00e9nergie, mati\u00e8res premi\u00e8res, combustible) de l&rsquo;\u00e9quipement\/l&rsquo;installation dans des conditions normales.<\/p>\n<p>Informer <span style=\"color: #0a626c;\"><strong>ERSIGROUP<\/strong><\/span> de la maintenance \u00e0 effectuer sur l&rsquo;installation.<\/p>\n<p><strong>Entretien des machines, des installations et des v\u00e9hicules<\/strong><\/p>\n<p>Envoyer \u00e0 <span style=\"color: #0a626c;\"><strong>ERSIGROUP<\/strong><\/span> une copie du registre attestant l&rsquo;autorisation accord\u00e9e \u00e0 <span style=\"color: #0a626c;\"><strong>ERSIGROUP<\/strong><\/span> pour effectuer les travaux d&rsquo;installation et\/ou de maintenance.<\/p>\n<p>Informer <span style=\"color: #0a626c;\"><strong>ERSIGROUP<\/strong><\/span> des effets et risques potentiels en mati\u00e8re de s\u00e9curit\u00e9 et de sant\u00e9 au travail li\u00e9s \u00e0 la consommation d&rsquo;\u00e9nergie et aux op\u00e9rations r\u00e9alis\u00e9es dans nos installations et, le cas \u00e9ch\u00e9ant, des mesures pr\u00e9ventives et correctives mises en \u0153uvre pour minimiser les risques au travail et la consommation d&rsquo;\u00e9nergie.<\/p>\n<p>Communiquer imm\u00e9diatement \u00e0 <span style=\"color: #0a626c;\"><strong>ERSIGROUP<\/strong><\/span> tout type d&rsquo;incident pouvant pr\u00e9senter un risque pour la s\u00e9curit\u00e9 au travail ou l&rsquo;environnement.<\/p>\n<p><strong>Gestionnaires logistiques<\/strong><\/p>\n<p>Communiquer \u00e0 <span style=\"color: #0a626c;\"><strong>ERSIGROUP<\/strong><\/span> les initiatives en mati\u00e8re de conduite efficace mises en \u0153uvre au sein du groupe afin d&rsquo;encourager la r\u00e9duction de la consommation de carburant.<\/p>\n<p>Communiquer \u00e0 <span style=\"color: #0a626c;\"><strong>ERSIGROUP<\/strong><\/span> les initiatives en mati\u00e8re d&rsquo;utilisation des biocarburants.<\/p>\n<p><strong>Gestionnaire de d\u00e9chets<\/strong><\/p>\n<p>Envoyer \u00e0 <span style=\"color: #0a626c;\"><strong>ERSIGROUP<\/strong><\/span> une copie du document attestant que vous \u00eates un gestionnaire agr\u00e9\u00e9 pour chaque type de d\u00e9chets \u00e0 retirer dans notre <span style=\"color: #0a626c;\"><strong>ERSIGROUP<\/strong><\/span>.<\/p>\n<p><strong>Transporteur de d\u00e9chets dangereux<\/strong><\/p>\n<p>Envoyer \u00e0 <span style=\"color: #0a626c;\"><strong>ERSIGROUP<\/strong><\/span> une copie de la communication \u00e9crite et du num\u00e9ro d&rsquo;enregistrement aupr\u00e8s de l&rsquo;organisme environnemental local comp\u00e9tent, attestant que vous exercez cette activit\u00e9.<\/p>\n<p><strong>Transporteur de d\u00e9chets inertes<\/strong><\/p>\n<p>Envoyer \u00e0 <span style=\"color: #0a626c;\"><strong>ERSIGROUP<\/strong><\/span> une copie du certificat d&rsquo;inscription au registre des\u00a0<\/p>\n<p>transporteurs de d\u00e9chets inertes aupr\u00e8s de l&rsquo;organisme environnemental de la localit\u00e9 correspondante.<\/p>\n<p><strong>Entreprise de recyclage<\/strong><\/p>\n<p>Envoyer \u00e0 <span style=\"color: #0a626c;\"><strong>ERSIGROUP<\/strong><\/span> une copie de la demande d&rsquo;autorisation de recycleur aupr\u00e8s de l&rsquo;organisme environnemental de la localit\u00e9 correspondante.<\/p>\n<p><strong>Laboratoires d&rsquo;analyses environnementales (ocas)<\/strong><\/p>\n<p>Envoyer \u00e0 <span style=\"color: #0a626c;\"><strong>ERSIGROUP<\/strong><\/span> une copie des accr\u00e9ditations disponibles pour les mesures\/analyses \u00e0 r\u00e9aliser.<\/p>\n<p>Envoyer \u00e0 <span style=\"color: #0a626c;\"><strong>ERSIGROUP<\/strong><\/span> une copie des certificats d&rsquo;\u00e9talonnage des \u00e9quipements qui seront utilis\u00e9s pour les mesures\/analyses \u00e0 r\u00e9aliser.<\/p>\n<p>Envoyer \u00e0 <span style=\"color: #0a626c;\"><strong>ERSIGROUP<\/strong><\/span> une copie du certificat de qualit\u00e9.<\/p>\n<p><strong>Installation et\/ou maintenance de syst\u00e8mes de protection contre les incendies<\/strong><\/p>\n<p>Envoyer \u00e0 <span style=\"color: #0a626c;\"><strong>ERSIGROUP<\/strong><\/span> une copie du registre des entreprises d&rsquo;installation\/de maintenance de syst\u00e8mes de protection contre les incendies.<\/p>\n<p><strong>Sous-traitants travaillant dans nos locaux ou pour notre compte<\/strong><\/p>\n<p>Communiquer au responsable de notre <span style=\"color: #0a626c;\"><strong>ERSIGROUP<\/strong><\/span> charg\u00e9 de v\u00e9rifier votre travail les types de d\u00e9chets g\u00e9n\u00e9r\u00e9s au cours de votre activit\u00e9, afin de pouvoir vous informer de la mani\u00e8re de proc\u00e9der pour chacun d&rsquo;entre eux.<\/p>\n<p>Communiquer les risques en mati\u00e8re de s\u00e9curit\u00e9 et de sant\u00e9 au travail que votre activit\u00e9 peut g\u00e9n\u00e9rer, tant ceux qui peuvent \u00eatre amplifi\u00e9s que ceux qui peuvent \u00eatre minimis\u00e9s.<\/p>\n<p>Respecter les instructions et proc\u00e9dures en mati\u00e8re de PRL en vigueur dans l&rsquo;installation.<\/p>\n<p>D\u00e9poser les d\u00e9chets g\u00e9n\u00e9r\u00e9s par votre activit\u00e9 dans les zones de d\u00e9p\u00f4t pr\u00e9vues \u00e0 cet effet. Ces zones sont clairement identifi\u00e9es. Dans le cas de d\u00e9chets dangereux, les conteneurs de confinement porteront une \u00e9tiquette d&rsquo;identification indiquant clairement le type de d\u00e9chet concern\u00e9.<\/p>\n<p>Ne pas m\u00e9langer des d\u00e9chets de types diff\u00e9rents.\u00a0<\/p>\n<p>En cas de doute, toujours demander au personnel responsable d&rsquo;<span style=\"color: #0a626c;\"><strong>ERSIGROUP<\/strong><\/span>.<\/p>\n<p>Ne pas d\u00e9poser dans des zones non habilit\u00e9es \u00e0 cet effet des d\u00e9chets toxiques et dangereux, ni des r\u00e9cipients et des emballages ayant contenu des substances dangereuses, telles que : peintures, huiles, graisses, solvants, etc.<\/p>\n<p>\u00c9vitez les d\u00e9versements lors de la manipulation de substances dangereuses et, si possible, mettez en place vos propres m\u00e9thodes pour \u00e9viter ces incidents.<\/p>\n<p>En cas de d\u00e9versement, de fuite ou de d\u00e9t\u00e9rioration de conteneurs contenant des substances dangereuses, pr\u00e9venez imm\u00e9diatement.<\/p>\n<p>Utilisez de mani\u00e8re rationnelle les ressources naturelles telles que l&rsquo;eau, l&rsquo;\u00e9lectricit\u00e9 et le combustible.<\/p>\n<p>N&rsquo;utilisez ni les \u00e9gouts d&rsquo;<span style=\"color: #0a626c;\"><strong>ERSIGROUP<\/strong><\/span>, ni les \u00e9gouts ext\u00e9rieurs pour d\u00e9verser des produits ou des substances toxiques.\u00a0<\/p>\n<p>En cas de doute, demandez au personnel de maintenir les installations propres. \u00c9vitez le d\u00e9sordre. Projetez une image de respect et de souci de l&rsquo;environnement.\u00a0<\/p>\n<p>Prenez les mesures n\u00e9cessaires pour \u00e9viter les bruits anormaux.<\/p>\n<p>Gardez \u00e0 l&rsquo;esprit que les rejets r\u00e9p\u00e9t\u00e9s de d\u00e9chets, m\u00eame en petites quantit\u00e9s, peuvent causer des dommages irr\u00e9versibles \u00e0 notre environnement.<\/p>\n<p><strong>SUIVI DES FOURNISSEURS<\/strong><\/p>\n<p>Tous les fournisseurs de biens et services d&rsquo;<span style=\"color: #0a626c;\"><strong>ERSIGROUP<\/strong><\/span> sont soumis \u00e0 une \u00e9valuation initiale et \u00e0 une \u00e9valuation continue. Cette \u00e9valuation initiale a pour but de s\u00e9lectionner ceux qui sont en mesure de fournir des produits conformes aux exigences d&rsquo;achat d&rsquo;<span style=\"color: #0a626c;\"><strong>ERSIGROUP<\/strong><\/span> et de v\u00e9rifier le respect de ces exigences au fil du temps.<\/p>\n<p>\u00c9valuation initiale : apr\u00e8s la s\u00e9lection initiale des nouveaux fournisseurs en tenant compte des crit\u00e8res suivants : qualit\u00e9, prix, proximit\u00e9, rapidit\u00e9 de livraison, exclusivit\u00e9, etc., une p\u00e9riode d&rsquo;essai est mise en place. Une fois cette p\u00e9riode \u00e9coul\u00e9e et si le r\u00e9sultat est satisfaisant, le fournisseur est inscrit sur la liste des fournisseurs agr\u00e9\u00e9s.<\/p>\n<p>\u00c9valuation continue : quelle que soit la m\u00e9thode utilis\u00e9e pour l&rsquo;\u00e9valuation initiale, les fournisseurs\/sous-traitants sont soumis \u00e0 une \u00e9valuation continue ou \u00e0 une r\u00e9\u00e9valuation annuelle, en utilisant comme crit\u00e8re le type et le nombre de non-conformit\u00e9s survenues au cours de la p\u00e9riode pr\u00e9c\u00e9dente.<\/p>\n<p>Par cons\u00e9quent, le r\u00e9sultat de votre activit\u00e9 en tant que fournisseur sera \u00e9valu\u00e9 par <span style=\"color: #0a626c;\"><strong>ERSIGROUP<\/strong><\/span> selon les crit\u00e8res suivants, le cas \u00e9ch\u00e9ant<\/p>\n<p><strong>Fournisseurs de mat\u00e9riaux<\/strong><\/p>\n<p>Envoi d&rsquo;un bon de livraison d\u00e9taillant les articles et les quantit\u00e9s.<\/p>\n<p>Marchandise et contenu du bon de livraison correspondant \u00e0 la commande.<\/p>\n<p>Emballage en parfait \u00e9tat (absence de chocs, d&rsquo;humidit\u00e9).<\/p>\n<p>Envoi de la documentation technique demand\u00e9e (par exemple, certificats).<\/p>\n<p>Dimensions et cotes du mat\u00e9riel conform\u00e9ment \u00e0 la commande, au plan ou \u00e0 la documentation technique envoy\u00e9e.<\/p>\n<p><strong>Prestataires de services et sous-traitants<\/strong><\/p>\n<p>Respect des conditions g\u00e9n\u00e9rales d&rsquo;achat<\/p>\n<p>Respect des d\u00e9lais d&rsquo;ex\u00e9cution et de livraison<\/p>\n<p>Respect des sp\u00e9cifications de la commande et de la documentation technique envoy\u00e9e (plans, instructions, etc.)<\/p>\n<p>Envoi de la documentation technique demand\u00e9e (certificats, liste de contr\u00f4le d&rsquo;inspection, etc.).<\/p>\n<p>R\u00e9sultat des visites de suivi de nos techniciens dans vos installations (uniquement pour les sous-traitants)<\/p>\n<p>Pour m\u00e9moire, signature conforme<\/p>\n<p>[\/et_pb_text][\/et_pb_column][\/et_pb_row][\/et_pb_section]<\/p>\n","protected":false},"excerpt":{"rendered":"<p>Engagement envers les Fournisseurs<div class=\"et_pb_module dsm_breadcrumbs dsm_breadcrumbs_0\">\n\t\t\t\t\n\t\t\t\t\n\t\t\t\t\n\t\t\t\t\n\t\t\t\t\n\t\t\t\t\n\t\t\t\t<div class=\"et_pb_module_inner\">\n\t\t\t\t\t<nav class=\"dsm_breadcrumbs_wrap\">\n\t\t\t\t<ul class=\"dsm_breadcrumbs\" itemscope itemtype=\"https:\/\/schema.org\/BreadcrumbList\">\t\t\t<li class=\"dsm_breadcrumbs_item dsm_home_item dsm_home_item_custom\" itemprop=\"itemListElement\" itemscope\n\t\t\titemtype=\"https:\/\/schema.org\/ListItem\">\n\t\t\t\t<a href=\"https:\/\/www.ersigroup.com\/fr\/\" itemprop=\"item\" target=\"\">\n\t\t\t\t\t<span class='dsm_home_text_wrapper'>\n\t\t\t\t\t\t\t\t\t\t\t\t\t<span class=\"et-pb-icon dsm_home_icon\">\ue009<\/span>\n\t\t\t\t\t\t\t\t\t\t\t\t\t<span class=\"dsm_home_text\" itemprop=\"name\">\n\t\t\t\t\t\t\t\tHome\t\t\t\t\t\t\t<\/span>\n\t\t\t\t\t<\/span>\n\t\t\t\t<\/a>\n\t\t\t\t<meta itemprop=\"position\" content=\"1\" \/>\n\t\t\t<\/li>\n\n\t\t<li class=\"dsm_breadcrumbs_separator\"> <span class=\"et-pb-icon dsm_separator_icon\">5<\/span><\/li><\/ul>\n\t\t\t<\/nav>\n\t\t\t\t<\/div>\n\t\t\t<\/div>ERSIGROUP a mis en place un syst\u00e8me de gestion int\u00e9grale qui exige que les fournisseurs et sous-traitants concern\u00e9s respectent les engagements pris dans la politique de qualit\u00e9, environnementale et sociale, disponible sur le site web, ainsi que les exigences d\u00e9finies ici pour chaque type de fournisseur. C&rsquo;est pourquoi nous souhaitons faire comprendre \u00e0 nos fournisseurs et sous-traitants la n\u00e9cessit\u00e9 d&rsquo;adopter un comportement coh\u00e9rent et conforme \u00e0 celui d&rsquo;ERSIGROUP, en les informant de l&rsquo;importance de respecter tant les principes d\u00e9crits dans notre politique que les exigences \u00e9tablies dans le pr\u00e9sent document, afin de garantir que leur comportement assure \u00e0 tout moment la qualit\u00e9 du produit ou du service fourni, le plus grand respect de l&rsquo;environnement et la protection de la s\u00e9curit\u00e9 et de la sant\u00e9 des travailleurs, en orientant leurs processus vers l&rsquo;am\u00e9lioration continue et le d\u00e9veloppement durable, et en tenant ERSIGROUP inform\u00e9 \u00e0 ce sujet. PORT\u00c9E Tous les fournisseurs et sous-traitants. EXIGENCES Exigences en mati\u00e8re de qualit\u00e9 Les fournisseurs, outre leur obligation de respecter toutes les exigences l\u00e9gales qui leur sont applicables, devront satisfaire \u00e0 toutes les exigences de qualit\u00e9 implicites pour le produit ou service demand\u00e9 ou qui ont [&hellip;]<\/p>\n","protected":false},"author":1,"featured_media":0,"parent":0,"menu_order":0,"comment_status":"closed","ping_status":"closed","template":"","meta":{"_et_pb_use_builder":"on","_et_pb_old_content":"","_et_gb_content_width":"","footnotes":""},"class_list":["post-4398952","page","type-page","status-publish","hentry"],"_links":{"self":[{"href":"https:\/\/www.ersigroup.com\/fr\/wp-json\/wp\/v2\/pages\/4398952","targetHints":{"allow":["GET"]}}],"collection":[{"href":"https:\/\/www.ersigroup.com\/fr\/wp-json\/wp\/v2\/pages"}],"about":[{"href":"https:\/\/www.ersigroup.com\/fr\/wp-json\/wp\/v2\/types\/page"}],"author":[{"embeddable":true,"href":"https:\/\/www.ersigroup.com\/fr\/wp-json\/wp\/v2\/users\/1"}],"replies":[{"embeddable":true,"href":"https:\/\/www.ersigroup.com\/fr\/wp-json\/wp\/v2\/comments?post=4398952"}],"version-history":[{"count":6,"href":"https:\/\/www.ersigroup.com\/fr\/wp-json\/wp\/v2\/pages\/4398952\/revisions"}],"predecessor-version":[{"id":4402864,"href":"https:\/\/www.ersigroup.com\/fr\/wp-json\/wp\/v2\/pages\/4398952\/revisions\/4402864"}],"wp:attachment":[{"href":"https:\/\/www.ersigroup.com\/fr\/wp-json\/wp\/v2\/media?parent=4398952"}],"curies":[{"name":"wp","href":"https:\/\/api.w.org\/{rel}","templated":true}]}}