{"id":4398642,"date":"2025-11-04T10:34:11","date_gmt":"2025-11-04T09:34:11","guid":{"rendered":"https:\/\/desw.ersigroup.com\/prefabricados\/"},"modified":"2026-04-21T12:47:26","modified_gmt":"2026-04-21T10:47:26","slug":"produits-prefabriquees","status":"publish","type":"page","link":"https:\/\/www.ersigroup.com\/fr\/produits-prefabriquees\/","title":{"rendered":"Produits Pr\u00e9fabriqu\u00e9es"},"content":{"rendered":"<p>[et_pb_section fb_built=\u00a0\u00bb1&Prime; admin_label=\u00a0\u00bbSection\u00a0\u00bb module_id=\u00a0\u00bbfixcabecera\u00a0\u00bb _builder_version=\u00a0\u00bb4.27.5&Prime; _module_preset=\u00a0\u00bbdefault\u00a0\u00bb background_color=\u00a0\u00bbrgba(255,255,255,0.75)\u00a0\u00bb background_image=\u00a0\u00bbhttps:\/\/www.ersigroup.com\/wp-content\/uploads\/2025\/10\/Contrato-ERSI-BNHz-scaled.jpg\u00a0\u00bb background_blend=\u00a0\u00bbsoft-light\u00a0\u00bb custom_margin=\u00a0\u00bb||||false|false\u00a0\u00bb custom_padding=\u00a0\u00bb||||false|false\u00a0\u00bb da_popup_slug=\u00a0\u00bbfixcabecera\u00a0\u00bb da_disable_devices=\u00a0\u00bboff|off|off\u00a0\u00bb global_colors_info=\u00a0\u00bb{}\u00a0\u00bb da_is_popup=\u00a0\u00bboff\u00a0\u00bb da_exit_intent=\u00a0\u00bboff\u00a0\u00bb da_has_close=\u00a0\u00bbon\u00a0\u00bb da_alt_close=\u00a0\u00bboff\u00a0\u00bb da_dark_close=\u00a0\u00bboff\u00a0\u00bb da_not_modal=\u00a0\u00bbon\u00a0\u00bb da_is_singular=\u00a0\u00bboff\u00a0\u00bb da_with_loader=\u00a0\u00bboff\u00a0\u00bb da_has_shadow=\u00a0\u00bbon\u00a0\u00bb][et_pb_row _builder_version=\u00a0\u00bb4.27.4&Prime; _module_preset=\u00a0\u00bbdefault\u00a0\u00bb global_colors_info=\u00a0\u00bb{}\u00a0\u00bb][et_pb_column type=\u00a0\u00bb4_4&Prime; _builder_version=\u00a0\u00bb4.27.4&Prime; _module_preset=\u00a0\u00bbdefault\u00a0\u00bb global_colors_info=\u00a0\u00bb{}\u00a0\u00bb][et_pb_text _builder_version=\u00a0\u00bb4.27.5&Prime; _module_preset=\u00a0\u00bbdefault\u00a0\u00bb global_colors_info=\u00a0\u00bb{}\u00a0\u00bb]<\/p>\n<h1 style=\"text-align: center;\">Produits Pr\u00e9fabriqu\u00e9es<\/h1>\n<p>[\/et_pb_text][dsm_breadcrumbs align=\u00a0\u00bbcenter\u00a0\u00bb _builder_version=\u00a0\u00bb4.27.4&Prime; _module_preset=\u00a0\u00bbdefault\u00a0\u00bb items_font=\u00a0\u00bb|600|||||||\u00a0\u00bb items_text_color=\u00a0\u00bb#111111&Prime; separators_text_color=\u00a0\u00bb#cccccc\u00a0\u00bb global_colors_info=\u00a0\u00bb{}\u00a0\u00bb][\/dsm_breadcrumbs][\/et_pb_column][\/et_pb_row][\/et_pb_section][et_pb_section fb_built=\u00a0\u00bb1&Prime; admin_label=\u00a0\u00bbSection\u00a0\u00bb _builder_version=\u00a0\u00bb4.27.4&Prime; _module_preset=\u00a0\u00bbdefault\u00a0\u00bb da_disable_devices=\u00a0\u00bboff|off|off\u00a0\u00bb global_colors_info=\u00a0\u00bb{}\u00a0\u00bb da_is_popup=\u00a0\u00bboff\u00a0\u00bb da_exit_intent=\u00a0\u00bboff\u00a0\u00bb da_has_close=\u00a0\u00bbon\u00a0\u00bb da_alt_close=\u00a0\u00bboff\u00a0\u00bb da_dark_close=\u00a0\u00bboff\u00a0\u00bb da_not_modal=\u00a0\u00bbon\u00a0\u00bb da_is_singular=\u00a0\u00bboff\u00a0\u00bb da_with_loader=\u00a0\u00bboff\u00a0\u00bb da_has_shadow=\u00a0\u00bbon\u00a0\u00bb][et_pb_row _builder_version=\u00a0\u00bb4.27.4&Prime; _module_preset=\u00a0\u00bbdefault\u00a0\u00bb global_colors_info=\u00a0\u00bb{}\u00a0\u00bb][et_pb_column type=\u00a0\u00bb4_4&Prime; _builder_version=\u00a0\u00bb4.27.4&Prime; _module_preset=\u00a0\u00bbdefault\u00a0\u00bb global_colors_info=\u00a0\u00bb{}\u00a0\u00bb][et_pb_text _builder_version=\u00a0\u00bb4.27.5&Prime; _module_preset=\u00a0\u00bbdefault\u00a0\u00bb global_colors_info=\u00a0\u00bb{}\u00a0\u00bb]<\/p>\n<p style=\"text-align: justify;\">Les armatures industrielles pr\u00e9fabriqu\u00e9es sont des <strong>\u00e9l\u00e9ments en acier ondul\u00e9 finis ou semi-finis<\/strong>, constitu\u00e9s d&rsquo;armatures assembl\u00e9es par liage, soudage et\/ou \u00e9lectrosoud\u00e9, ainsi que de panneaux sur mesure \u2014 plats ou pli\u00e9s \u2014 pr\u00eats \u00e0 \u00eatre pos\u00e9s directement sur le chantier. Ils repr\u00e9sentent une solution avanc\u00e9e dans l&rsquo;industrialisation du renforcement structurel, en rempla\u00e7ant les armatures traditionnelles et en apportant une plus grande efficacit\u00e9 et s\u00e9curit\u00e9 dans le processus de construction.<\/p>\n<p style=\"text-align: justify;\">Fabriqu\u00e9s dans des installations industrielles fixes ou mobiles, selon des syst\u00e8mes de certification standardis\u00e9s, ces armatures garantissent une qualit\u00e9 constante, contr\u00f4l\u00e9e et certifi\u00e9e. Le liage, le soudage et\/ou l&rsquo;\u00e9lectrosoud\u00e9 sont effectu\u00e9s conform\u00e9ment \u00e0 la r\u00e9glementation en vigueur, garantissant la r\u00e9sistance, la pr\u00e9cision et la conformit\u00e9 r\u00e9glementaire de chaque \u00e9l\u00e9ment.<\/p>\n<p style=\"text-align: justify;\">Con\u00e7ues pour \u00eatre <strong>install\u00e9es imm\u00e9diatement dans les coffrages<\/strong>, les armatures pr\u00e9fabriqu\u00e9es acc\u00e9l\u00e8rent consid\u00e9rablement le processus de b\u00e9tonnage et r\u00e9duisent de mani\u00e8re significative les temps de montage sur le chantier. Cette optimisation a un impact direct sur la productivit\u00e9 et la r\u00e9duction des co\u00fbts globaux du projet, tout en am\u00e9liorant la s\u00e9curit\u00e9 en \u00e9liminant la n\u00e9cessit\u00e9 de r\u00e9aliser des soudures sur le terrain.<\/p>\n<p style=\"text-align: justify;\">Elles sont particuli\u00e8rement adapt\u00e9es aux projets soumis aux contr\u00f4les d&rsquo;ex\u00e9cution les plus exigeants, o\u00f9 la tra\u00e7abilit\u00e9, la coh\u00e9rence dimensionnelle et la fiabilit\u00e9 du produit sont essentielles. Leur utilisation permet d&rsquo;atteindre des niveaux \u00e9lev\u00e9s d&rsquo;efficacit\u00e9 et d&rsquo;uniformit\u00e9, contribuant ainsi \u00e0 la durabilit\u00e9 et \u00e0 la gestion responsable des ressources.<\/p>\n<p style=\"text-align: justify;\">Fabriqu\u00e9es dans le cadre d&rsquo;un <strong>syst\u00e8me int\u00e9gr\u00e9 de gestion de la qualit\u00e9, de l&rsquo;environnement<\/strong>, de la pr\u00e9vention et de la s\u00e9curit\u00e9 au travail, les armatures industrielles pr\u00e9fabriqu\u00e9es refl\u00e8tent l&rsquo;engagement d&rsquo;<b><span style=\"color: #0a626c;\">ERSIGROUP<\/span><\/b> en faveur de l&rsquo;innovation, de l&rsquo;excellence technique et de la s\u00e9curit\u00e9 \u00e0 toutes les phases du projet.<\/p>\n<p>[\/et_pb_text][dsm_masonry_gallery gallery_ids=\u00a0\u00bb4397651,4397652,4396030,4396040,4396039,4396038,4396037,4396036,4396035,4396031,4403864,4403863,4403862,4403858,4403854,4403853,4403852,4403851,4403850,4403849&Prime; dsm_sort_images_order=\u00a0\u00bbrand\u00a0\u00bb _builder_version=\u00a0\u00bb4.27.5&Prime; _module_preset=\u00a0\u00bbdefault\u00a0\u00bb hover_enabled=\u00a0\u00bb0&Prime; locked=\u00a0\u00bboff\u00a0\u00bb global_colors_info=\u00a0\u00bb{}\u00a0\u00bb sticky_enabled=\u00a0\u00bb0&Prime;][\/dsm_masonry_gallery][\/et_pb_column][\/et_pb_row][\/et_pb_section]<\/p>\n","protected":false},"excerpt":{"rendered":"<p>Produits Pr\u00e9fabriqu\u00e9es<div class=\"et_pb_module dsm_breadcrumbs dsm_breadcrumbs_0\">\n\t\t\t\t\n\t\t\t\t\n\t\t\t\t\n\t\t\t\t\n\t\t\t\t\n\t\t\t\t\n\t\t\t\t<div class=\"et_pb_module_inner\">\n\t\t\t\t\t<nav class=\"dsm_breadcrumbs_wrap\">\n\t\t\t\t<ul class=\"dsm_breadcrumbs\" itemscope itemtype=\"https:\/\/schema.org\/BreadcrumbList\">\t\t\t<li class=\"dsm_breadcrumbs_item dsm_home_item dsm_home_item_custom\" itemprop=\"itemListElement\" itemscope\n\t\t\titemtype=\"https:\/\/schema.org\/ListItem\">\n\t\t\t\t<a href=\"https:\/\/www.ersigroup.com\/fr\/\" itemprop=\"item\" target=\"\">\n\t\t\t\t\t<span class='dsm_home_text_wrapper'>\n\t\t\t\t\t\t\t\t\t\t\t\t\t<span class=\"et-pb-icon dsm_home_icon\">\ue009<\/span>\n\t\t\t\t\t\t\t\t\t\t\t\t\t<span class=\"dsm_home_text\" itemprop=\"name\">\n\t\t\t\t\t\t\t\tHome\t\t\t\t\t\t\t<\/span>\n\t\t\t\t\t<\/span>\n\t\t\t\t<\/a>\n\t\t\t\t<meta itemprop=\"position\" content=\"1\" \/>\n\t\t\t<\/li>\n\n\t\t<li class=\"dsm_breadcrumbs_separator\"> <span class=\"et-pb-icon dsm_separator_icon\">5<\/span><\/li><\/ul>\n\t\t\t<\/nav>\n\t\t\t\t<\/div>\n\t\t\t<\/div>Les armatures industrielles pr\u00e9fabriqu\u00e9es sont des \u00e9l\u00e9ments en acier ondul\u00e9 finis ou semi-finis, constitu\u00e9s d&rsquo;armatures assembl\u00e9es par liage, soudage et\/ou \u00e9lectrosoud\u00e9, ainsi que de panneaux sur mesure \u2014 plats ou pli\u00e9s \u2014 pr\u00eats \u00e0 \u00eatre pos\u00e9s directement sur le chantier. Ils repr\u00e9sentent une solution avanc\u00e9e dans l&rsquo;industrialisation du renforcement structurel, en rempla\u00e7ant les armatures traditionnelles et en apportant une plus grande efficacit\u00e9 et s\u00e9curit\u00e9 dans le processus de construction. Fabriqu\u00e9s dans des installations industrielles fixes ou mobiles, selon des syst\u00e8mes de certification standardis\u00e9s, ces armatures garantissent une qualit\u00e9 constante, contr\u00f4l\u00e9e et certifi\u00e9e. Le liage, le soudage et\/ou l&rsquo;\u00e9lectrosoud\u00e9 sont effectu\u00e9s conform\u00e9ment \u00e0 la r\u00e9glementation en vigueur, garantissant la r\u00e9sistance, la pr\u00e9cision et la conformit\u00e9 r\u00e9glementaire de chaque \u00e9l\u00e9ment. Con\u00e7ues pour \u00eatre install\u00e9es imm\u00e9diatement dans les coffrages, les armatures pr\u00e9fabriqu\u00e9es acc\u00e9l\u00e8rent consid\u00e9rablement le processus de b\u00e9tonnage et r\u00e9duisent de mani\u00e8re significative les temps de montage sur le chantier. Cette optimisation a un impact direct sur la productivit\u00e9 et la r\u00e9duction des co\u00fbts globaux du projet, tout en am\u00e9liorant la s\u00e9curit\u00e9 en \u00e9liminant la n\u00e9cessit\u00e9 de r\u00e9aliser des soudures sur le terrain. Elles sont particuli\u00e8rement adapt\u00e9es aux projets soumis aux contr\u00f4les d&rsquo;ex\u00e9cution les plus [&hellip;]<\/p>\n","protected":false},"author":1,"featured_media":0,"parent":0,"menu_order":0,"comment_status":"closed","ping_status":"closed","template":"","meta":{"_et_pb_use_builder":"on","_et_pb_old_content":"","_et_gb_content_width":"","footnotes":""},"class_list":["post-4398642","page","type-page","status-publish","hentry"],"_links":{"self":[{"href":"https:\/\/www.ersigroup.com\/fr\/wp-json\/wp\/v2\/pages\/4398642","targetHints":{"allow":["GET"]}}],"collection":[{"href":"https:\/\/www.ersigroup.com\/fr\/wp-json\/wp\/v2\/pages"}],"about":[{"href":"https:\/\/www.ersigroup.com\/fr\/wp-json\/wp\/v2\/types\/page"}],"author":[{"embeddable":true,"href":"https:\/\/www.ersigroup.com\/fr\/wp-json\/wp\/v2\/users\/1"}],"replies":[{"embeddable":true,"href":"https:\/\/www.ersigroup.com\/fr\/wp-json\/wp\/v2\/comments?post=4398642"}],"version-history":[{"count":7,"href":"https:\/\/www.ersigroup.com\/fr\/wp-json\/wp\/v2\/pages\/4398642\/revisions"}],"predecessor-version":[{"id":4404046,"href":"https:\/\/www.ersigroup.com\/fr\/wp-json\/wp\/v2\/pages\/4398642\/revisions\/4404046"}],"wp:attachment":[{"href":"https:\/\/www.ersigroup.com\/fr\/wp-json\/wp\/v2\/media?parent=4398642"}],"curies":[{"name":"wp","href":"https:\/\/api.w.org\/{rel}","templated":true}]}}