{"id":4398627,"date":"2025-11-04T09:01:34","date_gmt":"2025-11-04T08:01:34","guid":{"rendered":"https:\/\/desw.ersigroup.com\/elaborados\/"},"modified":"2026-04-21T12:48:43","modified_gmt":"2026-04-21T10:48:43","slug":"produits-elaborees","status":"publish","type":"page","link":"https:\/\/www.ersigroup.com\/fr\/produits-elaborees\/","title":{"rendered":"Produits \u00c9labor\u00e9es"},"content":{"rendered":"<p>[et_pb_section fb_built=\u00a0\u00bb1&Prime; admin_label=\u00a0\u00bbSection\u00a0\u00bb module_id=\u00a0\u00bbfixcabecera\u00a0\u00bb _builder_version=\u00a0\u00bb4.27.5&Prime; _module_preset=\u00a0\u00bbdefault\u00a0\u00bb background_color=\u00a0\u00bbrgba(255,255,255,0.75)\u00a0\u00bb background_image=\u00a0\u00bbhttps:\/\/www.ersigroup.com\/wp-content\/uploads\/2025\/10\/Contrato-ERSI-BNHz-scaled.jpg\u00a0\u00bb background_blend=\u00a0\u00bbsoft-light\u00a0\u00bb custom_margin=\u00a0\u00bb||||false|false\u00a0\u00bb custom_padding=\u00a0\u00bb||||false|false\u00a0\u00bb da_popup_slug=\u00a0\u00bbfixcabecera\u00a0\u00bb da_disable_devices=\u00a0\u00bboff|off|off\u00a0\u00bb global_colors_info=\u00a0\u00bb{}\u00a0\u00bb da_is_popup=\u00a0\u00bboff\u00a0\u00bb da_exit_intent=\u00a0\u00bboff\u00a0\u00bb da_has_close=\u00a0\u00bbon\u00a0\u00bb da_alt_close=\u00a0\u00bboff\u00a0\u00bb da_dark_close=\u00a0\u00bboff\u00a0\u00bb da_not_modal=\u00a0\u00bbon\u00a0\u00bb da_is_singular=\u00a0\u00bboff\u00a0\u00bb da_with_loader=\u00a0\u00bboff\u00a0\u00bb da_has_shadow=\u00a0\u00bbon\u00a0\u00bb][et_pb_row _builder_version=\u00a0\u00bb4.27.4&Prime; _module_preset=\u00a0\u00bbdefault\u00a0\u00bb global_colors_info=\u00a0\u00bb{}\u00a0\u00bb][et_pb_column type=\u00a0\u00bb4_4&Prime; _builder_version=\u00a0\u00bb4.27.4&Prime; _module_preset=\u00a0\u00bbdefault\u00a0\u00bb global_colors_info=\u00a0\u00bb{}\u00a0\u00bb][et_pb_text _builder_version=\u00a0\u00bb4.27.5&Prime; _module_preset=\u00a0\u00bbdefault\u00a0\u00bb global_colors_info=\u00a0\u00bb{}\u00a0\u00bb]<\/p>\n<h1 style=\"text-align: center;\">Produits \u00c9labor\u00e9es<\/h1>\n<p>[\/et_pb_text][dsm_breadcrumbs align=\u00a0\u00bbcenter\u00a0\u00bb _builder_version=\u00a0\u00bb4.27.4&Prime; _module_preset=\u00a0\u00bbdefault\u00a0\u00bb items_font=\u00a0\u00bb|600|||||||\u00a0\u00bb items_text_color=\u00a0\u00bb#111111&Prime; separators_text_color=\u00a0\u00bb#cccccc\u00a0\u00bb global_colors_info=\u00a0\u00bb{}\u00a0\u00bb][\/dsm_breadcrumbs][\/et_pb_column][\/et_pb_row][\/et_pb_section][et_pb_section fb_built=\u00a0\u00bb1&Prime; admin_label=\u00a0\u00bbSection\u00a0\u00bb _builder_version=\u00a0\u00bb4.27.4&Prime; _module_preset=\u00a0\u00bbdefault\u00a0\u00bb da_disable_devices=\u00a0\u00bboff|off|off\u00a0\u00bb global_colors_info=\u00a0\u00bb{}\u00a0\u00bb da_is_popup=\u00a0\u00bboff\u00a0\u00bb da_exit_intent=\u00a0\u00bboff\u00a0\u00bb da_has_close=\u00a0\u00bbon\u00a0\u00bb da_alt_close=\u00a0\u00bboff\u00a0\u00bb da_dark_close=\u00a0\u00bboff\u00a0\u00bb da_not_modal=\u00a0\u00bbon\u00a0\u00bb da_is_singular=\u00a0\u00bboff\u00a0\u00bb da_with_loader=\u00a0\u00bboff\u00a0\u00bb da_has_shadow=\u00a0\u00bbon\u00a0\u00bb][et_pb_row _builder_version=\u00a0\u00bb4.27.4&Prime; _module_preset=\u00a0\u00bbdefault\u00a0\u00bb global_colors_info=\u00a0\u00bb{}\u00a0\u00bb][et_pb_column type=\u00a0\u00bb4_4&Prime; _builder_version=\u00a0\u00bb4.27.4&Prime; _module_preset=\u00a0\u00bbdefault\u00a0\u00bb global_colors_info=\u00a0\u00bb{}\u00a0\u00bb][et_pb_text _builder_version=\u00a0\u00bb4.27.5&Prime; _module_preset=\u00a0\u00bbdefault\u00a0\u00bb global_colors_info=\u00a0\u00bb{}\u00a0\u00bb]<\/p>\n<p style=\"text-align: justify;\">Les armatures industrielles <strong>\u00e9labor\u00e9es sont des \u00e9l\u00e9ments<\/strong> en acier ondul\u00e9 configur\u00e9s avec pr\u00e9cision selon les plans d&rsquo;ex\u00e9cution du projet. Elles constituent la base du renforcement structurel des structures en b\u00e9ton arm\u00e9 et garantissent la fiabilit\u00e9, la durabilit\u00e9 et la performance de chaque ouvrage.<\/p>\n<p style=\"text-align: justify;\">Leur fabrication est r\u00e9alis\u00e9e dans des environnements industriels contr\u00f4l\u00e9s, \u00e0 partir de rouleaux ou de barres d&rsquo;acier ondul\u00e9 qui sont redress\u00e9s, coup\u00e9s et pli\u00e9s \u00e0 l&rsquo;aide de processus automatis\u00e9s. Cette production en usine fixe, soumise \u00e0 des syst\u00e8mes de certification volontaire, garantit une qualit\u00e9 uniforme, une tra\u00e7abilit\u00e9 compl\u00e8te et une grande coh\u00e9rence dimensionnelle.<\/p>\n<p style=\"text-align: justify;\">Gr\u00e2ce \u00e0 leur conception et \u00e0 leur pr\u00e9cision, ces \u00e9l\u00e9ments sont particuli\u00e8rement adapt\u00e9s aux projets soumis \u00e0 des contr\u00f4les d&rsquo;ex\u00e9cution stricts, o\u00f9 ils contribuent \u00e0 optimiser les coefficients de s\u00e9curit\u00e9 structurelle, en r\u00e9duisant la consommation de mat\u00e9riaux et le co\u00fbt final de l&rsquo;\u00e9l\u00e9ment en b\u00e9ton. De plus, leur montage s&rsquo;effectue de mani\u00e8re traditionnelle sur le chantier, ce qui offre une grande flexibilit\u00e9 et adaptabilit\u00e9, en particulier dans les projets o\u00f9 les \u00e9l\u00e9ments ne sont pas pr\u00e9fabriqu\u00e9s.<\/p>\n<p style=\"text-align: justify;\">Les armatures fabriqu\u00e9es compl\u00e8tent efficacement les solutions pr\u00e9fabriqu\u00e9es, permettant des configurations mixtes qui \u00e9quilibrent l&rsquo;industrialisation et la personnalisation de chaque structure. Elles sont conformes aux normes techniques en vigueur dans chaque pays, garantissant leur homologation internationale et le respect des normes de s\u00e9curit\u00e9 les plus strictes.<\/p>\n<p style=\"text-align: justify;\">Fabriqu\u00e9es dans le cadre d&rsquo;un <strong>syst\u00e8me int\u00e9gr\u00e9 de gestion de la qualit\u00e9,<\/strong> de l&rsquo;environnement, de la pr\u00e9vention et de la s\u00e9curit\u00e9 au travail, les armatures industrielles fabriqu\u00e9es refl\u00e8tent l&rsquo;engagement d&rsquo;<b><span style=\"color: #0a626c;\">ERSIGROUP<\/span><\/b> en faveur de l&rsquo;excellence technique, de la durabilit\u00e9 et de la s\u00e9curit\u00e9 \u00e0 toutes les phases du projet.<\/p>\n<p>[\/et_pb_text][dsm_masonry_gallery gallery_ids=\u00a0\u00bb4396014,4396015,4396016,4396017,4396018,4396019,4396020,4396021,4396022,4396023,4396024,4397654,4403963,4403962,4403961,4403960,4403959,4403958,4403957&Prime; _builder_version=\u00a0\u00bb4.27.5&Prime; _module_preset=\u00a0\u00bbdefault\u00a0\u00bb hover_enabled=\u00a0\u00bb0&Prime; locked=\u00a0\u00bboff\u00a0\u00bb global_colors_info=\u00a0\u00bb{}\u00a0\u00bb sticky_enabled=\u00a0\u00bb0&Prime;][\/dsm_masonry_gallery][\/et_pb_column][\/et_pb_row][\/et_pb_section]<\/p>\n","protected":false},"excerpt":{"rendered":"<p>Produits \u00c9labor\u00e9es<div class=\"et_pb_module dsm_breadcrumbs dsm_breadcrumbs_0\">\n\t\t\t\t\n\t\t\t\t\n\t\t\t\t\n\t\t\t\t\n\t\t\t\t\n\t\t\t\t\n\t\t\t\t<div class=\"et_pb_module_inner\">\n\t\t\t\t\t<nav class=\"dsm_breadcrumbs_wrap\">\n\t\t\t\t<ul class=\"dsm_breadcrumbs\" itemscope itemtype=\"https:\/\/schema.org\/BreadcrumbList\">\t\t\t<li class=\"dsm_breadcrumbs_item dsm_home_item dsm_home_item_custom\" itemprop=\"itemListElement\" itemscope\n\t\t\titemtype=\"https:\/\/schema.org\/ListItem\">\n\t\t\t\t<a href=\"https:\/\/www.ersigroup.com\/fr\/\" itemprop=\"item\" target=\"\">\n\t\t\t\t\t<span class='dsm_home_text_wrapper'>\n\t\t\t\t\t\t\t\t\t\t\t\t\t<span class=\"et-pb-icon dsm_home_icon\">\ue009<\/span>\n\t\t\t\t\t\t\t\t\t\t\t\t\t<span class=\"dsm_home_text\" itemprop=\"name\">\n\t\t\t\t\t\t\t\tHome\t\t\t\t\t\t\t<\/span>\n\t\t\t\t\t<\/span>\n\t\t\t\t<\/a>\n\t\t\t\t<meta itemprop=\"position\" content=\"1\" \/>\n\t\t\t<\/li>\n\n\t\t<li class=\"dsm_breadcrumbs_separator\"> <span class=\"et-pb-icon dsm_separator_icon\">5<\/span><\/li><\/ul>\n\t\t\t<\/nav>\n\t\t\t\t<\/div>\n\t\t\t<\/div>Les armatures industrielles \u00e9labor\u00e9es sont des \u00e9l\u00e9ments en acier ondul\u00e9 configur\u00e9s avec pr\u00e9cision selon les plans d&rsquo;ex\u00e9cution du projet. Elles constituent la base du renforcement structurel des structures en b\u00e9ton arm\u00e9 et garantissent la fiabilit\u00e9, la durabilit\u00e9 et la performance de chaque ouvrage. Leur fabrication est r\u00e9alis\u00e9e dans des environnements industriels contr\u00f4l\u00e9s, \u00e0 partir de rouleaux ou de barres d&rsquo;acier ondul\u00e9 qui sont redress\u00e9s, coup\u00e9s et pli\u00e9s \u00e0 l&rsquo;aide de processus automatis\u00e9s. Cette production en usine fixe, soumise \u00e0 des syst\u00e8mes de certification volontaire, garantit une qualit\u00e9 uniforme, une tra\u00e7abilit\u00e9 compl\u00e8te et une grande coh\u00e9rence dimensionnelle. Gr\u00e2ce \u00e0 leur conception et \u00e0 leur pr\u00e9cision, ces \u00e9l\u00e9ments sont particuli\u00e8rement adapt\u00e9s aux projets soumis \u00e0 des contr\u00f4les d&rsquo;ex\u00e9cution stricts, o\u00f9 ils contribuent \u00e0 optimiser les coefficients de s\u00e9curit\u00e9 structurelle, en r\u00e9duisant la consommation de mat\u00e9riaux et le co\u00fbt final de l&rsquo;\u00e9l\u00e9ment en b\u00e9ton. De plus, leur montage s&rsquo;effectue de mani\u00e8re traditionnelle sur le chantier, ce qui offre une grande flexibilit\u00e9 et adaptabilit\u00e9, en particulier dans les projets o\u00f9 les \u00e9l\u00e9ments ne sont pas pr\u00e9fabriqu\u00e9s. Les armatures fabriqu\u00e9es compl\u00e8tent efficacement les solutions pr\u00e9fabriqu\u00e9es, permettant des configurations mixtes qui \u00e9quilibrent l&rsquo;industrialisation et la personnalisation de chaque [&hellip;]<\/p>\n","protected":false},"author":1,"featured_media":0,"parent":0,"menu_order":0,"comment_status":"closed","ping_status":"closed","template":"","meta":{"_et_pb_use_builder":"on","_et_pb_old_content":"","_et_gb_content_width":"","footnotes":""},"class_list":["post-4398627","page","type-page","status-publish","hentry"],"_links":{"self":[{"href":"https:\/\/www.ersigroup.com\/fr\/wp-json\/wp\/v2\/pages\/4398627","targetHints":{"allow":["GET"]}}],"collection":[{"href":"https:\/\/www.ersigroup.com\/fr\/wp-json\/wp\/v2\/pages"}],"about":[{"href":"https:\/\/www.ersigroup.com\/fr\/wp-json\/wp\/v2\/types\/page"}],"author":[{"embeddable":true,"href":"https:\/\/www.ersigroup.com\/fr\/wp-json\/wp\/v2\/users\/1"}],"replies":[{"embeddable":true,"href":"https:\/\/www.ersigroup.com\/fr\/wp-json\/wp\/v2\/comments?post=4398627"}],"version-history":[{"count":9,"href":"https:\/\/www.ersigroup.com\/fr\/wp-json\/wp\/v2\/pages\/4398627\/revisions"}],"predecessor-version":[{"id":4404048,"href":"https:\/\/www.ersigroup.com\/fr\/wp-json\/wp\/v2\/pages\/4398627\/revisions\/4404048"}],"wp:attachment":[{"href":"https:\/\/www.ersigroup.com\/fr\/wp-json\/wp\/v2\/media?parent=4398627"}],"curies":[{"name":"wp","href":"https:\/\/api.w.org\/{rel}","templated":true}]}}