{"id":4398561,"date":"2025-08-20T13:27:12","date_gmt":"2025-08-20T11:27:12","guid":{"rendered":"https:\/\/desw.ersigroup.com\/productos\/empalmes-mecanicos\/"},"modified":"2026-02-04T07:23:04","modified_gmt":"2026-02-04T06:23:04","slug":"raccords-mecaniques","status":"publish","type":"page","link":"https:\/\/www.ersigroup.com\/fr\/produits-et-services\/raccords-mecaniques\/","title":{"rendered":"Raccords m\u00e9caniques"},"content":{"rendered":"<p>[et_pb_section fb_built=\u00a0\u00bb1&Prime; _builder_version=\u00a0\u00bb4.27.5&Prime; _module_preset=\u00a0\u00bbdefault\u00a0\u00bb background_color=\u00a0\u00bbrgba(255,255,255,0.75)\u00a0\u00bb background_image=\u00a0\u00bbhttps:\/\/www.ersigroup.com\/wp-content\/uploads\/2025\/08\/bg-2.jpg\u00a0\u00bb background_blend=\u00a0\u00bbsoft-light\u00a0\u00bb custom_margin=\u00a0\u00bb||||false|false\u00a0\u00bb hover_enabled=\u00a0\u00bb0&Prime; da_disable_devices=\u00a0\u00bboff|off|off\u00a0\u00bb global_colors_info=\u00a0\u00bb{}\u00a0\u00bb module_id=\u00a0\u00bbfixcabecera\u00a0\u00bb admin_label=\u00a0\u00bbSection\u00a0\u00bb da_is_popup=\u00a0\u00bboff\u00a0\u00bb da_popup_slug=\u00a0\u00bbfixcabecera\u00a0\u00bb da_exit_intent=\u00a0\u00bboff\u00a0\u00bb da_has_close=\u00a0\u00bbon\u00a0\u00bb da_alt_close=\u00a0\u00bboff\u00a0\u00bb da_dark_close=\u00a0\u00bboff\u00a0\u00bb da_not_modal=\u00a0\u00bbon\u00a0\u00bb da_is_singular=\u00a0\u00bboff\u00a0\u00bb da_with_loader=\u00a0\u00bboff\u00a0\u00bb da_has_shadow=\u00a0\u00bbon\u00a0\u00bb sticky_enabled=\u00a0\u00bb0&Prime;][et_pb_row _builder_version=\u00a0\u00bb4.27.4&Prime; _module_preset=\u00a0\u00bbdefault\u00a0\u00bb global_colors_info=\u00a0\u00bb{}\u00a0\u00bb][et_pb_column type=\u00a0\u00bb4_4&Prime; _builder_version=\u00a0\u00bb4.27.4&Prime; _module_preset=\u00a0\u00bbdefault\u00a0\u00bb global_colors_info=\u00a0\u00bb{}\u00a0\u00bb][et_pb_text _builder_version=\u00a0\u00bb4.27.5&Prime; _module_preset=\u00a0\u00bbdefault\u00a0\u00bb global_colors_info=\u00a0\u00bb{}\u00a0\u00bb]<\/p>\n<h1 style=\"text-align: center;\">Raccords m\u00e9caniques<\/h1>\n<p>[\/et_pb_text][dsm_breadcrumbs align=\u00a0\u00bbcenter\u00a0\u00bb _builder_version=\u00a0\u00bb4.27.4&Prime; _module_preset=\u00a0\u00bbdefault\u00a0\u00bb items_font=\u00a0\u00bb|600|||||||\u00a0\u00bb items_text_color=\u00a0\u00bb#111111&Prime; separators_text_color=\u00a0\u00bb#cccccc\u00a0\u00bb global_colors_info=\u00a0\u00bb{}\u00a0\u00bb][\/dsm_breadcrumbs][\/et_pb_column][\/et_pb_row][\/et_pb_section][et_pb_section fb_built=\u00a0\u00bb1&Prime; _builder_version=\u00a0\u00bb4.27.4&Prime; _module_preset=\u00a0\u00bbdefault\u00a0\u00bb da_disable_devices=\u00a0\u00bboff|off|off\u00a0\u00bb global_colors_info=\u00a0\u00bb{}\u00a0\u00bb admin_label=\u00a0\u00bbSection\u00a0\u00bb da_is_popup=\u00a0\u00bboff\u00a0\u00bb da_exit_intent=\u00a0\u00bboff\u00a0\u00bb da_has_close=\u00a0\u00bbon\u00a0\u00bb da_alt_close=\u00a0\u00bboff\u00a0\u00bb da_dark_close=\u00a0\u00bboff\u00a0\u00bb da_not_modal=\u00a0\u00bbon\u00a0\u00bb da_is_singular=\u00a0\u00bboff\u00a0\u00bb da_with_loader=\u00a0\u00bboff\u00a0\u00bb da_has_shadow=\u00a0\u00bbon\u00a0\u00bb][et_pb_row _builder_version=\u00a0\u00bb4.27.4&Prime; _module_preset=\u00a0\u00bbdefault\u00a0\u00bb global_colors_info=\u00a0\u00bb{}\u00a0\u00bb][et_pb_column type=\u00a0\u00bb4_4&Prime; _builder_version=\u00a0\u00bb4.27.4&Prime; _module_preset=\u00a0\u00bbdefault\u00a0\u00bb global_colors_info=\u00a0\u00bb{}\u00a0\u00bb][et_pb_text _builder_version=\u00a0\u00bb4.27.5&Prime; _module_preset=\u00a0\u00bbdefault\u00a0\u00bb global_colors_info=\u00a0\u00bb{}\u00a0\u00bb]<\/p>\n<p style=\"text-align: justify;\">Les raccords m\u00e9caniques sont des connecteurs qui permettent d&rsquo;assembler des armatures de diam\u00e8tre identique ou diff\u00e9rent, garantissant ainsi la transmission des efforts d&rsquo;une barre \u00e0 l&rsquo;autre en toute s\u00e9curit\u00e9.<\/p>\n<p style=\"text-align: justify;\">Ils ont au minimum la m\u00eame capacit\u00e9 de r\u00e9sistance que la barre la plus faible parmi celles assembl\u00e9es et ne pr\u00e9sentent pas de d\u00e9placements relatifs sup\u00e9rieurs \u00e0 0,1 mm sous des contraintes de service.<\/p>\n<p>[\/et_pb_text][et_pb_text _builder_version=\u00a0\u00bb4.27.5&Prime; _module_preset=\u00a0\u00bbdefault\u00a0\u00bb text_font=\u00a0\u00bbMontserrat|700||on|||||\u00a0\u00bb text_text_color=\u00a0\u00bb#111111&Prime; text_font_size=\u00a0\u00bb24px\u00a0\u00bb text_line_height=\u00a0\u00bb1.4em\u00a0\u00bb width=\u00a0\u00bb200px\u00a0\u00bb module_alignment=\u00a0\u00bbleft\u00a0\u00bb custom_padding=\u00a0\u00bb||10px||false|false\u00a0\u00bb border_width_bottom=\u00a0\u00bb3px\u00a0\u00bb border_color_bottom=\u00a0\u00bb#0a626c\u00a0\u00bb global_colors_info=\u00a0\u00bb{}\u00a0\u00bb]Avantages[\/et_pb_text][et_pb_text _builder_version=\u00a0\u00bb4.27.5&Prime; _module_preset=\u00a0\u00bbdefault\u00a0\u00bb global_colors_info=\u00a0\u00bb{}\u00a0\u00bb]<\/p>\n<ul>\n<li style=\"text-align: justify;\">Alternative efficace au recouvrement ou au soudage, en particulier lorsque ces solutions s&rsquo;av\u00e8rent impraticables.\n<\/li>\n<li style=\"text-align: justify;\">Optimal dans les zones dens\u00e9ment arm\u00e9es, \u00e9liminant les probl\u00e8mes d&rsquo;espace et de vibration pendant le b\u00e9tonnage.<\/li>\n<li style=\"text-align: justify;\">Correction des erreurs d&rsquo;ex\u00e9cution, telles que les longueurs de recouvrement insuffisantes.<\/li>\n<li style=\"text-align: justify;\">Simplification de la conception et de la construction, en \u00e9vitant les \u00e9tudes sp\u00e9ciales sur les barres de grand diam\u00e8tre (>32 mm).<\/li>\n<li style=\"text-align: justify;\">Rapides et s\u00fbrs sur le chantier, avec une mise en place simple qui r\u00e9duit les d\u00e9lais et augmente la fiabilit\u00e9.<\/li>\n<li style=\"text-align: justify;\">Id\u00e9al pour les r\u00e9parations de structures en b\u00e9ton arm\u00e9, permettant de r\u00e9tablir la continuit\u00e9 des armatures coup\u00e9es.<\/li>\n<li style=\"text-align: justify;\">Tr\u00e8s utile dans les pr\u00e9fabriqu\u00e9s et les extensions, facilitant les assemblages rapides et s\u00fbrs entre les \u00e9l\u00e9ments ou les structures adjacentes.<\/li>\n<\/ul>\n<p>[\/et_pb_text][dsm_image_carousel gallery_ids=\u00a0\u00bb4396272,4396273,4396274,4396275,4396276&Prime; slider_type=\u00a0\u00bbslideshow\u00a0\u00bb _builder_version=\u00a0\u00bb4.27.4&Prime; _module_preset=\u00a0\u00bbdefault\u00a0\u00bb global_colors_info=\u00a0\u00bb{}\u00a0\u00bb][\/dsm_image_carousel][\/et_pb_column][\/et_pb_row][\/et_pb_section]<\/p>\n","protected":false},"excerpt":{"rendered":"<p>Raccords m\u00e9caniques<div class=\"et_pb_module dsm_breadcrumbs dsm_breadcrumbs_0\">\n\t\t\t\t\n\t\t\t\t\n\t\t\t\t\n\t\t\t\t\n\t\t\t\t\n\t\t\t\t\n\t\t\t\t<div class=\"et_pb_module_inner\">\n\t\t\t\t\t<nav class=\"dsm_breadcrumbs_wrap\">\n\t\t\t\t<ul class=\"dsm_breadcrumbs\" itemscope itemtype=\"https:\/\/schema.org\/BreadcrumbList\">\t\t\t<li class=\"dsm_breadcrumbs_item dsm_home_item dsm_home_item_custom\" itemprop=\"itemListElement\" itemscope\n\t\t\titemtype=\"https:\/\/schema.org\/ListItem\">\n\t\t\t\t<a href=\"https:\/\/www.ersigroup.com\/fr\/\" itemprop=\"item\" target=\"\">\n\t\t\t\t\t<span class='dsm_home_text_wrapper'>\n\t\t\t\t\t\t\t\t\t\t\t\t\t<span class=\"et-pb-icon dsm_home_icon\">\ue009<\/span>\n\t\t\t\t\t\t\t\t\t\t\t\t\t<span class=\"dsm_home_text\" itemprop=\"name\">\n\t\t\t\t\t\t\t\tHome\t\t\t\t\t\t\t<\/span>\n\t\t\t\t\t<\/span>\n\t\t\t\t<\/a>\n\t\t\t\t<meta itemprop=\"position\" content=\"1\" \/>\n\t\t\t<\/li>\n\n\t\t<li class=\"dsm_breadcrumbs_separator\"> <span class=\"et-pb-icon dsm_separator_icon\">5<\/span><\/li><\/ul>\n\t\t\t<\/nav>\n\t\t\t\t<\/div>\n\t\t\t<\/div>Les raccords m\u00e9caniques sont des connecteurs qui permettent d&rsquo;assembler des armatures de diam\u00e8tre identique ou diff\u00e9rent, garantissant ainsi la transmission des efforts d&rsquo;une barre \u00e0 l&rsquo;autre en toute s\u00e9curit\u00e9. Ils ont au minimum la m\u00eame capacit\u00e9 de r\u00e9sistance que la barre la plus faible parmi celles assembl\u00e9es et ne pr\u00e9sentent pas de d\u00e9placements relatifs sup\u00e9rieurs \u00e0 0,1 mm sous des contraintes de service.Avantages Alternative efficace au recouvrement ou au soudage, en particulier lorsque ces solutions s&rsquo;av\u00e8rent impraticables. Optimal dans les zones dens\u00e9ment arm\u00e9es, \u00e9liminant les probl\u00e8mes d&rsquo;espace et de vibration pendant le b\u00e9tonnage. Correction des erreurs d&rsquo;ex\u00e9cution, telles que les longueurs de recouvrement insuffisantes. Simplification de la conception et de la construction, en \u00e9vitant les \u00e9tudes sp\u00e9ciales sur les barres de grand diam\u00e8tre (>32 mm). Rapides et s\u00fbrs sur le chantier, avec une mise en place simple qui r\u00e9duit les d\u00e9lais et augmente la fiabilit\u00e9. Id\u00e9al pour les r\u00e9parations de structures en b\u00e9ton arm\u00e9, permettant de r\u00e9tablir la continuit\u00e9 des armatures coup\u00e9es. Tr\u00e8s utile dans les pr\u00e9fabriqu\u00e9s et les extensions, facilitant les assemblages rapides et s\u00fbrs entre les \u00e9l\u00e9ments ou les structures adjacentes. <div class=\"et_pb_module dsm_image_carousel dsm_image_carousel_0 dsm_image_carousel_arrow_outside dsm_image_carousel_arrow_mobile_inside \">\n\t\t\t\t\n\t\t\t\t\n\t\t\t\t\n\t\t\t\t\n\t\t\t\t\n\t\t\t\t\n\t\t\t\t<div class=\"et_pb_module_inner\">\n\t\t\t\t\t<div class=\"swiper-container dsm_image_carousel_container  dsm_image_carousel_slideshow\" dir=\"ltr\"data-effect=\"default\"\n\t\t\tdata-slider-effect-shadows=\"false\"\n\t\t\tdata-slider-effect-coverflow-rotate=\"30\"\n\t\t\tdata-slider-effect-coverflow-depth=\"0\"\n\t\t\tdata-loop=\"true\"\n\t\t\tdata-slide-to-show=\"4\"\n\t\t\tdata-slide-to-show-tablet=\"1\"\n\t\t\tdata-slide-to-show-phone=\"1\"\n\t\t\tdata-slide-to-scroll=\"1\"\n\t\t\tdata-slide-to-scroll-tablet=\"1\"\n\t\t\tdata-slide-to-scroll-phone=\"1\"\n\t\t\tdata-space-between=\"15\"\n\t\t\tdata-space-between-tablet=\"15\"\n\t\t\tdata-space-between-phone=\"15\"\n\t\t\tdata-slide-row=\"1\"\n\t\t\tdata-centered-slides=\"false\"\n\t\t\tdata-speed=\"300\"\n\t\t\tdata-autoplay=\"true\"\n\t\t\tdata-autoplay-speed=\"3000\"\n\t\t\tdata-touch-move=\"true\"\n\t\t\tdata-grab=\"true\"\n\t\t\tdata-pause-on-hover=\"false\"\n\t\t\tdata-show-lightbox=\"false\"\n\t\t\tdata-lightbox-gallery=\"false\"\n\t\t\tdata-lightbox-caption=\"false\"\n\t\t\tdata-infinite-scrolling=\"false\"\n\t\t\tdata-slide-row-tablet=\"1\"\n\t\t\tdata-slide-row-phone=\"1\"\n\t\t\tdata-autoplay-viewport=80%\n\t\t\tdata-mousewheel=\"false\"\n\t\t\tdata-lazyload=\"false\"\n\t\t\tdata-type=\"slideshow\"\n\t\t\tdata-slideshow-effect=\"default\"\n\t\t\tdata-slideshow-to-show=\"4\"\n\t\t\tdata-slideshow-to-show-tablet=\"4\"\n\t\t\tdata-slideshow-to-show-phone=\"\"\n\t\t\tdata-slider-orientation=\"horizontal\"\n\t\t\t\t\t\tdata-lightbox-title=\"false\"\n\n\t\t\t><div class=\"swiper-wrapper\"><div class=\"swiper-slide dsm_image_carousel_item\"><div class=\"swiper-slide dsm_image_carousel_item\"><div class=\"dsm_image_carousel_slideshow_bg\" role=\"img\" style=\"background-image: url(https:\/\/www.ersigroup.com\/wp-content\/uploads\/2025\/11\/3.2.10-Empalmes-mecanicos-05-scaled.jpg)\" title=\"3.2.10 Empalmes mecanicos 05\" data-dsm-image-description=\"\"><\/div><\/div><\/div><div class=\"swiper-slide dsm_image_carousel_item\"><div class=\"swiper-slide dsm_image_carousel_item\"><div class=\"dsm_image_carousel_slideshow_bg\" role=\"img\" style=\"background-image: url(https:\/\/www.ersigroup.com\/wp-content\/uploads\/2025\/11\/3.2.10-Empalmes-mecanicos-04-scaled.jpg)\" title=\"3.2.10 Empalmes mecanicos 04\" data-dsm-image-description=\"\"><\/div><\/div><\/div><div class=\"swiper-slide dsm_image_carousel_item\"><div class=\"swiper-slide dsm_image_carousel_item\"><div class=\"dsm_image_carousel_slideshow_bg\" role=\"img\" style=\"background-image: url(https:\/\/www.ersigroup.com\/wp-content\/uploads\/2025\/11\/3.2.10-Empalmes-mecanicos-02.jpg)\" title=\"3.2.10 Empalmes mecanicos 02\" data-dsm-image-description=\"\"><\/div><\/div><\/div><div class=\"swiper-slide dsm_image_carousel_item\"><div class=\"swiper-slide dsm_image_carousel_item\"><div class=\"dsm_image_carousel_slideshow_bg\" role=\"img\" style=\"background-image: url(https:\/\/www.ersigroup.com\/wp-content\/uploads\/2025\/11\/3.2.10-Empalmes-mecanicos-03.jpg)\" title=\"3.2.10 Empalmes mecanicos 03\" data-dsm-image-description=\"\"><\/div><\/div><\/div><div class=\"swiper-slide dsm_image_carousel_item\"><div class=\"swiper-slide dsm_image_carousel_item\"><div class=\"dsm_image_carousel_slideshow_bg\" role=\"img\" style=\"background-image: url(https:\/\/www.ersigroup.com\/wp-content\/uploads\/2025\/11\/3.2.10-Empalmes-mecanicos-01.jpg)\" title=\"3.2.10 Empalmes mecanicos 01\" data-dsm-image-description=\"\"><\/div><\/div><\/div><\/div><\/div><div class=\"swiper-button-prev swiper-arrow-button\" data-icon=\"4\"><\/div><div class=\"swiper-button-next swiper-arrow-button\" data-icon=\"5\"><\/div><div thumbsslider class=\"swiper dsm_image_gallery_thumbs\" dir=\"ltr\">\n\t\t\t\t\t<div class=\"swiper-wrapper\"><div class=\"swiper-slide\"><div class=\"dsm_image_carousel_thumbs_image skip-lazy\" role=\"img\" aria-label=\"\" style=\"background-image: url(https:\/\/www.ersigroup.com\/wp-content\/uploads\/2025\/11\/3.2.10-Empalmes-mecanicos-05-1024x603.jpg)\"><\/div><\/div><div class=\"swiper-slide\"><div class=\"dsm_image_carousel_thumbs_image skip-lazy\" role=\"img\" aria-label=\"\" style=\"background-image: url(https:\/\/www.ersigroup.com\/wp-content\/uploads\/2025\/11\/3.2.10-Empalmes-mecanicos-04-1024x498.jpg)\"><\/div><\/div><div class=\"swiper-slide\"><div class=\"dsm_image_carousel_thumbs_image skip-lazy\" role=\"img\" aria-label=\"\" style=\"background-image: url(https:\/\/www.ersigroup.com\/wp-content\/uploads\/2025\/11\/3.2.10-Empalmes-mecanicos-02.jpg)\"><\/div><\/div><div class=\"swiper-slide\"><div class=\"dsm_image_carousel_thumbs_image skip-lazy\" role=\"img\" aria-label=\"\" style=\"background-image: url(https:\/\/www.ersigroup.com\/wp-content\/uploads\/2025\/11\/3.2.10-Empalmes-mecanicos-03.jpg)\"><\/div><\/div><div class=\"swiper-slide\"><div class=\"dsm_image_carousel_thumbs_image skip-lazy\" role=\"img\" aria-label=\"\" style=\"background-image: url(https:\/\/www.ersigroup.com\/wp-content\/uploads\/2025\/11\/3.2.10-Empalmes-mecanicos-01.jpg)\"><\/div><\/div><\/div><\/div>\n\t\t\t\t<\/div>\n\t\t\t<\/div><\/p>\n","protected":false},"author":1,"featured_media":0,"parent":4398463,"menu_order":0,"comment_status":"closed","ping_status":"closed","template":"","meta":{"_et_pb_use_builder":"on","_et_pb_old_content":"","_et_gb_content_width":"","footnotes":""},"class_list":["post-4398561","page","type-page","status-publish","hentry"],"_links":{"self":[{"href":"https:\/\/www.ersigroup.com\/fr\/wp-json\/wp\/v2\/pages\/4398561","targetHints":{"allow":["GET"]}}],"collection":[{"href":"https:\/\/www.ersigroup.com\/fr\/wp-json\/wp\/v2\/pages"}],"about":[{"href":"https:\/\/www.ersigroup.com\/fr\/wp-json\/wp\/v2\/types\/page"}],"author":[{"embeddable":true,"href":"https:\/\/www.ersigroup.com\/fr\/wp-json\/wp\/v2\/users\/1"}],"replies":[{"embeddable":true,"href":"https:\/\/www.ersigroup.com\/fr\/wp-json\/wp\/v2\/comments?post=4398561"}],"version-history":[{"count":5,"href":"https:\/\/www.ersigroup.com\/fr\/wp-json\/wp\/v2\/pages\/4398561\/revisions"}],"predecessor-version":[{"id":4402843,"href":"https:\/\/www.ersigroup.com\/fr\/wp-json\/wp\/v2\/pages\/4398561\/revisions\/4402843"}],"up":[{"embeddable":true,"href":"https:\/\/www.ersigroup.com\/fr\/wp-json\/wp\/v2\/pages\/4398463"}],"wp:attachment":[{"href":"https:\/\/www.ersigroup.com\/fr\/wp-json\/wp\/v2\/media?parent=4398561"}],"curies":[{"name":"wp","href":"https:\/\/api.w.org\/{rel}","templated":true}]}}