{"id":4398552,"date":"2025-08-20T11:03:49","date_gmt":"2025-08-20T09:03:49","guid":{"rendered":"https:\/\/desw.ersigroup.com\/productos\/paneles-a-medida\/"},"modified":"2026-02-04T07:23:32","modified_gmt":"2026-02-04T06:23:32","slug":"panneaux-sur-mesure","status":"publish","type":"page","link":"https:\/\/www.ersigroup.com\/fr\/produits-et-services\/panneaux-sur-mesure\/","title":{"rendered":"Panneaux sur mesure"},"content":{"rendered":"<p>[et_pb_section fb_built=\u00a0\u00bb1&Prime; _builder_version=\u00a0\u00bb4.27.5&Prime; _module_preset=\u00a0\u00bbdefault\u00a0\u00bb background_color=\u00a0\u00bbrgba(255,255,255,0.75)\u00a0\u00bb background_image=\u00a0\u00bbhttps:\/\/www.ersigroup.com\/wp-content\/uploads\/2025\/08\/bg-2.jpg\u00a0\u00bb background_blend=\u00a0\u00bbsoft-light\u00a0\u00bb custom_margin=\u00a0\u00bb||||false|false\u00a0\u00bb hover_enabled=\u00a0\u00bb0&Prime; da_disable_devices=\u00a0\u00bboff|off|off\u00a0\u00bb global_colors_info=\u00a0\u00bb{}\u00a0\u00bb module_id=\u00a0\u00bbfixcabecera\u00a0\u00bb admin_label=\u00a0\u00bbSection\u00a0\u00bb da_is_popup=\u00a0\u00bboff\u00a0\u00bb da_popup_slug=\u00a0\u00bbfixcabecera\u00a0\u00bb da_exit_intent=\u00a0\u00bboff\u00a0\u00bb da_has_close=\u00a0\u00bbon\u00a0\u00bb da_alt_close=\u00a0\u00bboff\u00a0\u00bb da_dark_close=\u00a0\u00bboff\u00a0\u00bb da_not_modal=\u00a0\u00bbon\u00a0\u00bb da_is_singular=\u00a0\u00bboff\u00a0\u00bb da_with_loader=\u00a0\u00bboff\u00a0\u00bb da_has_shadow=\u00a0\u00bbon\u00a0\u00bb sticky_enabled=\u00a0\u00bb0&Prime;][et_pb_row _builder_version=\u00a0\u00bb4.27.4&Prime; _module_preset=\u00a0\u00bbdefault\u00a0\u00bb global_colors_info=\u00a0\u00bb{}\u00a0\u00bb][et_pb_column type=\u00a0\u00bb4_4&Prime; _builder_version=\u00a0\u00bb4.27.4&Prime; _module_preset=\u00a0\u00bbdefault\u00a0\u00bb global_colors_info=\u00a0\u00bb{}\u00a0\u00bb][et_pb_text _builder_version=\u00a0\u00bb4.27.5&Prime; _module_preset=\u00a0\u00bbdefault\u00a0\u00bb global_colors_info=\u00a0\u00bb{}\u00a0\u00bb]<\/p>\n<h1 style=\"text-align: center;\">Panneaux sur mesure<\/h1>\n<p>[\/et_pb_text][dsm_breadcrumbs align=\u00a0\u00bbcenter\u00a0\u00bb _builder_version=\u00a0\u00bb4.27.4&Prime; _module_preset=\u00a0\u00bbdefault\u00a0\u00bb items_font=\u00a0\u00bb|600|||||||\u00a0\u00bb items_text_color=\u00a0\u00bb#111111&Prime; separators_text_color=\u00a0\u00bb#cccccc\u00a0\u00bb global_colors_info=\u00a0\u00bb{}\u00a0\u00bb][\/dsm_breadcrumbs][\/et_pb_column][\/et_pb_row][\/et_pb_section][et_pb_section fb_built=\u00a0\u00bb1&Prime; _builder_version=\u00a0\u00bb4.27.4&Prime; _module_preset=\u00a0\u00bbdefault\u00a0\u00bb da_disable_devices=\u00a0\u00bboff|off|off\u00a0\u00bb global_colors_info=\u00a0\u00bb{}\u00a0\u00bb admin_label=\u00a0\u00bbSection\u00a0\u00bb da_is_popup=\u00a0\u00bboff\u00a0\u00bb da_exit_intent=\u00a0\u00bboff\u00a0\u00bb da_has_close=\u00a0\u00bbon\u00a0\u00bb da_alt_close=\u00a0\u00bboff\u00a0\u00bb da_dark_close=\u00a0\u00bboff\u00a0\u00bb da_not_modal=\u00a0\u00bbon\u00a0\u00bb da_is_singular=\u00a0\u00bboff\u00a0\u00bb da_with_loader=\u00a0\u00bboff\u00a0\u00bb da_has_shadow=\u00a0\u00bbon\u00a0\u00bb][et_pb_row _builder_version=\u00a0\u00bb4.27.4&Prime; _module_preset=\u00a0\u00bbdefault\u00a0\u00bb global_colors_info=\u00a0\u00bb{}\u00a0\u00bb][et_pb_column type=\u00a0\u00bb4_4&Prime; _builder_version=\u00a0\u00bb4.27.4&Prime; _module_preset=\u00a0\u00bbdefault\u00a0\u00bb global_colors_info=\u00a0\u00bb{}\u00a0\u00bb][et_pb_text _builder_version=\u00a0\u00bb4.27.5&Prime; _module_preset=\u00a0\u00bbdefault\u00a0\u00bb global_colors_info=\u00a0\u00bb{}\u00a0\u00bb]Les panneaux sur mesure sont des \u00e9l\u00e9ments plats ou pli\u00e9s, form\u00e9s de barres crois\u00e9es perpendiculairement et assembl\u00e9es par \u00e9lectrosoudage, con\u00e7us sp\u00e9cifiquement pour chaque projet.[\/et_pb_text][et_pb_text _builder_version=\u00a0\u00bb4.27.5&Prime; _module_preset=\u00a0\u00bbdefault\u00a0\u00bb text_font=\u00a0\u00bbMontserrat|700||on|||||\u00a0\u00bb text_text_color=\u00a0\u00bb#111111&Prime; text_font_size=\u00a0\u00bb24px\u00a0\u00bb text_line_height=\u00a0\u00bb1.4em\u00a0\u00bb width=\u00a0\u00bb430px\u00a0\u00bb module_alignment=\u00a0\u00bbleft\u00a0\u00bb custom_padding=\u00a0\u00bb||10px||false|false\u00a0\u00bb border_width_bottom=\u00a0\u00bb3px\u00a0\u00bb border_color_bottom=\u00a0\u00bb#0a626c\u00a0\u00bb global_colors_info=\u00a0\u00bb{}\u00a0\u00bb]Caract\u00e9ristiques principales[\/et_pb_text][et_pb_text _builder_version=\u00a0\u00bb4.27.5&Prime; _module_preset=\u00a0\u00bbdefault\u00a0\u00bb global_colors_info=\u00a0\u00bb{}\u00a0\u00bb]<\/p>\n<ul>\n<li>Dimensions, diam\u00e8tres et espacements adapt\u00e9s aux besoins sp\u00e9cifiques du projet.\n<\/li>\n<li>Fabrication en petites s\u00e9ries ou \u00e0 l&rsquo;unit\u00e9, pour une flexibilit\u00e9 maximale.<\/li>\n<li>Possibilit\u00e9 de combiner diff\u00e9rents diam\u00e8tres, largeurs et longueurs sur un m\u00eame panneau.<\/li>\n<li>Pr\u00eats \u00e0 \u00eatre plac\u00e9s dans les coffrages et \u00e0 \u00eatre b\u00e9tonn\u00e9s imm\u00e9diatement.<\/li>\n<li>Production dans des installations industrielles fixes, sous un syst\u00e8me de certification volontaire.<\/li>\n<li>Adapt\u00e9s aux projets avec contr\u00f4le de l&rsquo;ex\u00e9cution, garantissant qualit\u00e9 et s\u00e9curit\u00e9.<\/li>\n<\/ul>\n<p>[\/et_pb_text][et_pb_text _builder_version=\u00a0\u00bb4.27.5&Prime; _module_preset=\u00a0\u00bbdefault\u00a0\u00bb text_font=\u00a0\u00bbMontserrat|700||on|||||\u00a0\u00bb text_text_color=\u00a0\u00bb#111111&Prime; text_font_size=\u00a0\u00bb24px\u00a0\u00bb text_line_height=\u00a0\u00bb1.4em\u00a0\u00bb width=\u00a0\u00bb200px\u00a0\u00bb module_alignment=\u00a0\u00bbleft\u00a0\u00bb custom_padding=\u00a0\u00bb||10px||false|false\u00a0\u00bb border_width_bottom=\u00a0\u00bb3px\u00a0\u00bb border_color_bottom=\u00a0\u00bb#0a626c\u00a0\u00bb global_colors_info=\u00a0\u00bb{}\u00a0\u00bb]Avantages[\/et_pb_text][et_pb_text _builder_version=\u00a0\u00bb4.27.5&Prime; _module_preset=\u00a0\u00bbdefault\u00a0\u00bb global_colors_info=\u00a0\u00bb{}\u00a0\u00bb]<\/p>\n<ul>\n<li>\u00c9conomiques et efficaces, ils r\u00e9duisent le co\u00fbt total de la structure.\n<\/li>\n<li>Ils permettent de pr\u00e9fabriquer des \u00e9l\u00e9ments non r\u00e9p\u00e9titifs, \u00e9largissant ainsi leur champ d&rsquo;application.<\/li>\n<li>Ils diminuent la main-d&rsquo;\u0153uvre et les moyens auxiliaires n\u00e9cessaires sur le chantier.<\/li>\n<li>Ils r\u00e9duisent les d\u00e9lais d&rsquo;ex\u00e9cution, en rempla\u00e7ant le montage sur site par des solutions industrialis\u00e9es.<\/li>\n<li>Ils optimisent l&rsquo;espace sur le chantier, ce qui est essentiel en milieu urbain.<\/li>\n<li>Possibilit\u00e9 de livraison avec des v\u00e9hicules l\u00e9gers, adapt\u00e9s aux chantiers en ville.<\/li>\n<li>L&rsquo;utilisation de la soudure structurelle permet de raccourcir les longueurs d&rsquo;ancrage des barres.<\/li>\n<\/ul>\n<p>[\/et_pb_text][\/et_pb_column][\/et_pb_row][\/et_pb_section]<\/p>\n","protected":false},"excerpt":{"rendered":"<p>Panneaux sur mesure<div class=\"et_pb_module dsm_breadcrumbs dsm_breadcrumbs_0\">\n\t\t\t\t\n\t\t\t\t\n\t\t\t\t\n\t\t\t\t\n\t\t\t\t\n\t\t\t\t\n\t\t\t\t<div class=\"et_pb_module_inner\">\n\t\t\t\t\t<nav class=\"dsm_breadcrumbs_wrap\">\n\t\t\t\t<ul class=\"dsm_breadcrumbs\" itemscope itemtype=\"https:\/\/schema.org\/BreadcrumbList\">\t\t\t<li class=\"dsm_breadcrumbs_item dsm_home_item dsm_home_item_custom\" itemprop=\"itemListElement\" itemscope\n\t\t\titemtype=\"https:\/\/schema.org\/ListItem\">\n\t\t\t\t<a href=\"https:\/\/www.ersigroup.com\/fr\/\" itemprop=\"item\" target=\"\">\n\t\t\t\t\t<span class='dsm_home_text_wrapper'>\n\t\t\t\t\t\t\t\t\t\t\t\t\t<span class=\"et-pb-icon dsm_home_icon\">\ue009<\/span>\n\t\t\t\t\t\t\t\t\t\t\t\t\t<span class=\"dsm_home_text\" itemprop=\"name\">\n\t\t\t\t\t\t\t\tHome\t\t\t\t\t\t\t<\/span>\n\t\t\t\t\t<\/span>\n\t\t\t\t<\/a>\n\t\t\t\t<meta itemprop=\"position\" content=\"1\" \/>\n\t\t\t<\/li>\n\n\t\t<li class=\"dsm_breadcrumbs_separator\"> <span class=\"et-pb-icon dsm_separator_icon\">5<\/span><\/li><\/ul>\n\t\t\t<\/nav>\n\t\t\t\t<\/div>\n\t\t\t<\/div>Les panneaux sur mesure sont des \u00e9l\u00e9ments plats ou pli\u00e9s, form\u00e9s de barres crois\u00e9es perpendiculairement et assembl\u00e9es par \u00e9lectrosoudage, con\u00e7us sp\u00e9cifiquement pour chaque projet.Caract\u00e9ristiques principales Dimensions, diam\u00e8tres et espacements adapt\u00e9s aux besoins sp\u00e9cifiques du projet. Fabrication en petites s\u00e9ries ou \u00e0 l&rsquo;unit\u00e9, pour une flexibilit\u00e9 maximale. Possibilit\u00e9 de combiner diff\u00e9rents diam\u00e8tres, largeurs et longueurs sur un m\u00eame panneau. Pr\u00eats \u00e0 \u00eatre plac\u00e9s dans les coffrages et \u00e0 \u00eatre b\u00e9tonn\u00e9s imm\u00e9diatement. Production dans des installations industrielles fixes, sous un syst\u00e8me de certification volontaire. Adapt\u00e9s aux projets avec contr\u00f4le de l&rsquo;ex\u00e9cution, garantissant qualit\u00e9 et s\u00e9curit\u00e9. Avantages \u00c9conomiques et efficaces, ils r\u00e9duisent le co\u00fbt total de la structure. Ils permettent de pr\u00e9fabriquer des \u00e9l\u00e9ments non r\u00e9p\u00e9titifs, \u00e9largissant ainsi leur champ d&rsquo;application. Ils diminuent la main-d&rsquo;\u0153uvre et les moyens auxiliaires n\u00e9cessaires sur le chantier. Ils r\u00e9duisent les d\u00e9lais d&rsquo;ex\u00e9cution, en rempla\u00e7ant le montage sur site par des solutions industrialis\u00e9es. Ils optimisent l&rsquo;espace sur le chantier, ce qui est essentiel en milieu urbain. Possibilit\u00e9 de livraison avec des v\u00e9hicules l\u00e9gers, adapt\u00e9s aux chantiers en ville. L&rsquo;utilisation de la soudure structurelle permet de raccourcir les longueurs d&rsquo;ancrage des barres.<\/p>\n","protected":false},"author":1,"featured_media":0,"parent":4398463,"menu_order":0,"comment_status":"closed","ping_status":"closed","template":"","meta":{"_et_pb_use_builder":"on","_et_pb_old_content":"","_et_gb_content_width":"","footnotes":""},"class_list":["post-4398552","page","type-page","status-publish","hentry"],"_links":{"self":[{"href":"https:\/\/www.ersigroup.com\/fr\/wp-json\/wp\/v2\/pages\/4398552","targetHints":{"allow":["GET"]}}],"collection":[{"href":"https:\/\/www.ersigroup.com\/fr\/wp-json\/wp\/v2\/pages"}],"about":[{"href":"https:\/\/www.ersigroup.com\/fr\/wp-json\/wp\/v2\/types\/page"}],"author":[{"embeddable":true,"href":"https:\/\/www.ersigroup.com\/fr\/wp-json\/wp\/v2\/users\/1"}],"replies":[{"embeddable":true,"href":"https:\/\/www.ersigroup.com\/fr\/wp-json\/wp\/v2\/comments?post=4398552"}],"version-history":[{"count":5,"href":"https:\/\/www.ersigroup.com\/fr\/wp-json\/wp\/v2\/pages\/4398552\/revisions"}],"predecessor-version":[{"id":4402844,"href":"https:\/\/www.ersigroup.com\/fr\/wp-json\/wp\/v2\/pages\/4398552\/revisions\/4402844"}],"up":[{"embeddable":true,"href":"https:\/\/www.ersigroup.com\/fr\/wp-json\/wp\/v2\/pages\/4398463"}],"wp:attachment":[{"href":"https:\/\/www.ersigroup.com\/fr\/wp-json\/wp\/v2\/media?parent=4398552"}],"curies":[{"name":"wp","href":"https:\/\/api.w.org\/{rel}","templated":true}]}}