{"id":4398543,"date":"2025-08-20T13:31:09","date_gmt":"2025-08-20T11:31:09","guid":{"rendered":"https:\/\/desw.ersigroup.com\/productos\/mallas-comerciales\/"},"modified":"2026-02-04T07:21:18","modified_gmt":"2026-02-04T06:21:18","slug":"ecrans-commerciaux","status":"publish","type":"page","link":"https:\/\/www.ersigroup.com\/fr\/produits-et-services\/ecrans-commerciaux\/","title":{"rendered":"\u00c9crans commerciaux"},"content":{"rendered":"<p>[et_pb_section fb_built=\u00a0\u00bb1&Prime; _builder_version=\u00a0\u00bb4.27.5&Prime; _module_preset=\u00a0\u00bbdefault\u00a0\u00bb background_color=\u00a0\u00bbrgba(255,255,255,0.75)\u00a0\u00bb background_image=\u00a0\u00bbhttps:\/\/www.ersigroup.com\/wp-content\/uploads\/2025\/08\/bg-2.jpg\u00a0\u00bb background_blend=\u00a0\u00bbsoft-light\u00a0\u00bb custom_margin=\u00a0\u00bb||||false|false\u00a0\u00bb hover_enabled=\u00a0\u00bb0&Prime; da_disable_devices=\u00a0\u00bboff|off|off\u00a0\u00bb global_colors_info=\u00a0\u00bb{}\u00a0\u00bb module_id=\u00a0\u00bbfixcabecera\u00a0\u00bb admin_label=\u00a0\u00bbSection\u00a0\u00bb da_is_popup=\u00a0\u00bboff\u00a0\u00bb da_popup_slug=\u00a0\u00bbfixcabecera\u00a0\u00bb da_exit_intent=\u00a0\u00bboff\u00a0\u00bb da_has_close=\u00a0\u00bbon\u00a0\u00bb da_alt_close=\u00a0\u00bboff\u00a0\u00bb da_dark_close=\u00a0\u00bboff\u00a0\u00bb da_not_modal=\u00a0\u00bbon\u00a0\u00bb da_is_singular=\u00a0\u00bboff\u00a0\u00bb da_with_loader=\u00a0\u00bboff\u00a0\u00bb da_has_shadow=\u00a0\u00bbon\u00a0\u00bb sticky_enabled=\u00a0\u00bb0&Prime;][et_pb_row _builder_version=\u00a0\u00bb4.27.4&Prime; _module_preset=\u00a0\u00bbdefault\u00a0\u00bb global_colors_info=\u00a0\u00bb{}\u00a0\u00bb][et_pb_column type=\u00a0\u00bb4_4&Prime; _builder_version=\u00a0\u00bb4.27.4&Prime; _module_preset=\u00a0\u00bbdefault\u00a0\u00bb global_colors_info=\u00a0\u00bb{}\u00a0\u00bb][et_pb_text _builder_version=\u00a0\u00bb4.27.5&Prime; _module_preset=\u00a0\u00bbdefault\u00a0\u00bb global_colors_info=\u00a0\u00bb{}\u00a0\u00bb]<\/p>\n<h1 style=\"text-align: center;\">\u00c9crans commerciaux<\/h1>\n<p>[\/et_pb_text][dsm_breadcrumbs align=\u00a0\u00bbcenter\u00a0\u00bb _builder_version=\u00a0\u00bb4.27.4&Prime; _module_preset=\u00a0\u00bbdefault\u00a0\u00bb items_font=\u00a0\u00bb|600|||||||\u00a0\u00bb items_text_color=\u00a0\u00bb#111111&Prime; separators_text_color=\u00a0\u00bb#cccccc\u00a0\u00bb global_colors_info=\u00a0\u00bb{}\u00a0\u00bb][\/dsm_breadcrumbs][\/et_pb_column][\/et_pb_row][\/et_pb_section][et_pb_section fb_built=\u00a0\u00bb1&Prime; _builder_version=\u00a0\u00bb4.27.4&Prime; _module_preset=\u00a0\u00bbdefault\u00a0\u00bb da_disable_devices=\u00a0\u00bboff|off|off\u00a0\u00bb global_colors_info=\u00a0\u00bb{}\u00a0\u00bb admin_label=\u00a0\u00bbSection\u00a0\u00bb da_is_popup=\u00a0\u00bboff\u00a0\u00bb da_exit_intent=\u00a0\u00bboff\u00a0\u00bb da_has_close=\u00a0\u00bbon\u00a0\u00bb da_alt_close=\u00a0\u00bboff\u00a0\u00bb da_dark_close=\u00a0\u00bboff\u00a0\u00bb da_not_modal=\u00a0\u00bbon\u00a0\u00bb da_is_singular=\u00a0\u00bboff\u00a0\u00bb da_with_loader=\u00a0\u00bboff\u00a0\u00bb da_has_shadow=\u00a0\u00bbon\u00a0\u00bb][et_pb_row _builder_version=\u00a0\u00bb4.27.4&Prime; _module_preset=\u00a0\u00bbdefault\u00a0\u00bb global_colors_info=\u00a0\u00bb{}\u00a0\u00bb][et_pb_column type=\u00a0\u00bb4_4&Prime; _builder_version=\u00a0\u00bb4.27.4&Prime; _module_preset=\u00a0\u00bbdefault\u00a0\u00bb global_colors_info=\u00a0\u00bb{}\u00a0\u00bb][et_pb_text _builder_version=\u00a0\u00bb4.27.5&Prime; _module_preset=\u00a0\u00bbdefault\u00a0\u00bb global_colors_info=\u00a0\u00bb{}\u00a0\u00bb]<\/p>\n<p style=\"text-align: justify;\">Les \u00e9crans commerciaux sont des produits plats constitu\u00e9s de barres ou de fils m\u00e9talliques crois\u00e9s et assembl\u00e9s par \u00e9lectrosoudage conform\u00e9ment \u00e0 la norme, avec des dimensions standardis\u00e9es sur le march\u00e9.\n<\/p>\n<p>[\/et_pb_text][et_pb_text _builder_version=\u00a0\u00bb4.27.5&Prime; _module_preset=\u00a0\u00bbdefault\u00a0\u00bb text_font=\u00a0\u00bbMontserrat|700||on|||||\u00a0\u00bb text_text_color=\u00a0\u00bb#111111&Prime; text_font_size=\u00a0\u00bb24px\u00a0\u00bb text_line_height=\u00a0\u00bb1.4em\u00a0\u00bb width=\u00a0\u00bb470px\u00a0\u00bb module_alignment=\u00a0\u00bbleft\u00a0\u00bb custom_padding=\u00a0\u00bb||10px||false|false\u00a0\u00bb border_width_bottom=\u00a0\u00bb3px\u00a0\u00bb border_color_bottom=\u00a0\u00bb#0a626c\u00a0\u00bb global_colors_info=\u00a0\u00bb{}\u00a0\u00bb]Caract\u00e9ristiques et avantages[\/et_pb_text][et_pb_text _builder_version=\u00a0\u00bb4.27.5&Prime; _module_preset=\u00a0\u00bbdefault\u00a0\u00bb global_colors_info=\u00a0\u00bb{}\u00a0\u00bb]<\/p>\n<ul>\n<li style=\"text-align: justify;\">Ils \u00e9liminent la double couche dans les chevauchements, optimisant ainsi l&rsquo;armature.<\/li>\n<li style=\"text-align: justify;\">Disponibles en stock pour une livraison imm\u00e9diate.<\/li>\n<li style=\"text-align: justify;\">Fabriqu\u00e9s dans une usine certifi\u00e9e, avec tra\u00e7abilit\u00e9 et documentation technique pour chaque exp\u00e9dition.<\/li>\n<li style=\"text-align: justify;\">Ils garantissent la qualit\u00e9 et la rigidit\u00e9, en \u00e9vitant les d\u00e9placements pendant le b\u00e9tonnage.<\/li>\n<li style=\"text-align: justify;\">Ils r\u00e9duisent les co\u00fbts et les d\u00e9lais, en rempla\u00e7ant l&rsquo;armature traditionnelle et en diminuant les ressources n\u00e9cessaires.<\/li>\n<li style=\"text-align: justify;\">Ils favorisent la s\u00e9curit\u00e9 au travail et le respect de l&rsquo;environnement gr\u00e2ce \u00e0 des processus contr\u00f4l\u00e9s en usine.<\/li>\n<\/ul>\n<p>[\/et_pb_text][et_pb_text _builder_version=\u00a0\u00bb4.27.5&Prime; _module_preset=\u00a0\u00bbdefault\u00a0\u00bb text_font=\u00a0\u00bbMontserrat|700||on|||||\u00a0\u00bb text_text_color=\u00a0\u00bb#111111&Prime; text_font_size=\u00a0\u00bb24px\u00a0\u00bb text_line_height=\u00a0\u00bb1.4em\u00a0\u00bb width=\u00a0\u00bb350px\u00a0\u00bb module_alignment=\u00a0\u00bbleft\u00a0\u00bb custom_padding=\u00a0\u00bb||10px||false|false\u00a0\u00bb border_width_bottom=\u00a0\u00bb3px\u00a0\u00bb border_color_bottom=\u00a0\u00bb#0a626c\u00a0\u00bb global_colors_info=\u00a0\u00bb{}\u00a0\u00bb]Principales utilisations[\/et_pb_text][et_pb_text _builder_version=\u00a0\u00bb4.27.5&Prime; _module_preset=\u00a0\u00bbdefault\u00a0\u00bb global_colors_info=\u00a0\u00bb{}\u00a0\u00bb]<\/p>\n<ul>\n<li style=\"text-align: justify;\">Armature de la couche de compression dans les dalles.<\/li>\n<li style=\"text-align: justify;\">Renforcement contre les efforts horizontaux.<\/li>\n<li style=\"text-align: justify;\">Soutien et guidage des armatures n\u00e9gatives.<\/li>\n<li style=\"text-align: justify;\">Contr\u00f4le de la fissuration dans les zones de transition.<\/li>\n<\/ul>\n<p>[\/et_pb_text][dsm_image_carousel gallery_ids=\u00a0\u00bb4396266,4396267,4396268,4396269,4396270&Prime; slider_type=\u00a0\u00bbslideshow\u00a0\u00bb _builder_version=\u00a0\u00bb4.27.4&Prime; _module_preset=\u00a0\u00bbdefault\u00a0\u00bb global_colors_info=\u00a0\u00bb{}\u00a0\u00bb][\/dsm_image_carousel][\/et_pb_column][\/et_pb_row][\/et_pb_section]<\/p>\n","protected":false},"excerpt":{"rendered":"<p>\u00c9crans commerciaux<div class=\"et_pb_module dsm_breadcrumbs dsm_breadcrumbs_0\">\n\t\t\t\t\n\t\t\t\t\n\t\t\t\t\n\t\t\t\t\n\t\t\t\t\n\t\t\t\t\n\t\t\t\t<div class=\"et_pb_module_inner\">\n\t\t\t\t\t<nav class=\"dsm_breadcrumbs_wrap\">\n\t\t\t\t<ul class=\"dsm_breadcrumbs\" itemscope itemtype=\"https:\/\/schema.org\/BreadcrumbList\">\t\t\t<li class=\"dsm_breadcrumbs_item dsm_home_item dsm_home_item_custom\" itemprop=\"itemListElement\" itemscope\n\t\t\titemtype=\"https:\/\/schema.org\/ListItem\">\n\t\t\t\t<a href=\"https:\/\/www.ersigroup.com\/fr\/\" itemprop=\"item\" target=\"\">\n\t\t\t\t\t<span class='dsm_home_text_wrapper'>\n\t\t\t\t\t\t\t\t\t\t\t\t\t<span class=\"et-pb-icon dsm_home_icon\">\ue009<\/span>\n\t\t\t\t\t\t\t\t\t\t\t\t\t<span class=\"dsm_home_text\" itemprop=\"name\">\n\t\t\t\t\t\t\t\tHome\t\t\t\t\t\t\t<\/span>\n\t\t\t\t\t<\/span>\n\t\t\t\t<\/a>\n\t\t\t\t<meta itemprop=\"position\" content=\"1\" \/>\n\t\t\t<\/li>\n\n\t\t<li class=\"dsm_breadcrumbs_separator\"> <span class=\"et-pb-icon dsm_separator_icon\">5<\/span><\/li><\/ul>\n\t\t\t<\/nav>\n\t\t\t\t<\/div>\n\t\t\t<\/div>Les \u00e9crans commerciaux sont des produits plats constitu\u00e9s de barres ou de fils m\u00e9talliques crois\u00e9s et assembl\u00e9s par \u00e9lectrosoudage conform\u00e9ment \u00e0 la norme, avec des dimensions standardis\u00e9es sur le march\u00e9. Caract\u00e9ristiques et avantages Ils \u00e9liminent la double couche dans les chevauchements, optimisant ainsi l&rsquo;armature. Disponibles en stock pour une livraison imm\u00e9diate. Fabriqu\u00e9s dans une usine certifi\u00e9e, avec tra\u00e7abilit\u00e9 et documentation technique pour chaque exp\u00e9dition. Ils garantissent la qualit\u00e9 et la rigidit\u00e9, en \u00e9vitant les d\u00e9placements pendant le b\u00e9tonnage. Ils r\u00e9duisent les co\u00fbts et les d\u00e9lais, en rempla\u00e7ant l&rsquo;armature traditionnelle et en diminuant les ressources n\u00e9cessaires. Ils favorisent la s\u00e9curit\u00e9 au travail et le respect de l&rsquo;environnement gr\u00e2ce \u00e0 des processus contr\u00f4l\u00e9s en usine. Principales utilisations Armature de la couche de compression dans les dalles. Renforcement contre les efforts horizontaux. Soutien et guidage des armatures n\u00e9gatives. Contr\u00f4le de la fissuration dans les zones de transition. <div class=\"et_pb_module dsm_image_carousel dsm_image_carousel_0 dsm_image_carousel_arrow_outside dsm_image_carousel_arrow_mobile_inside \">\n\t\t\t\t\n\t\t\t\t\n\t\t\t\t\n\t\t\t\t\n\t\t\t\t\n\t\t\t\t\n\t\t\t\t<div class=\"et_pb_module_inner\">\n\t\t\t\t\t<div class=\"swiper-container dsm_image_carousel_container  dsm_image_carousel_slideshow\" dir=\"ltr\"data-effect=\"default\"\n\t\t\tdata-slider-effect-shadows=\"false\"\n\t\t\tdata-slider-effect-coverflow-rotate=\"30\"\n\t\t\tdata-slider-effect-coverflow-depth=\"0\"\n\t\t\tdata-loop=\"true\"\n\t\t\tdata-slide-to-show=\"4\"\n\t\t\tdata-slide-to-show-tablet=\"1\"\n\t\t\tdata-slide-to-show-phone=\"1\"\n\t\t\tdata-slide-to-scroll=\"1\"\n\t\t\tdata-slide-to-scroll-tablet=\"1\"\n\t\t\tdata-slide-to-scroll-phone=\"1\"\n\t\t\tdata-space-between=\"15\"\n\t\t\tdata-space-between-tablet=\"15\"\n\t\t\tdata-space-between-phone=\"15\"\n\t\t\tdata-slide-row=\"1\"\n\t\t\tdata-centered-slides=\"false\"\n\t\t\tdata-speed=\"300\"\n\t\t\tdata-autoplay=\"true\"\n\t\t\tdata-autoplay-speed=\"3000\"\n\t\t\tdata-touch-move=\"true\"\n\t\t\tdata-grab=\"true\"\n\t\t\tdata-pause-on-hover=\"false\"\n\t\t\tdata-show-lightbox=\"false\"\n\t\t\tdata-lightbox-gallery=\"false\"\n\t\t\tdata-lightbox-caption=\"false\"\n\t\t\tdata-infinite-scrolling=\"false\"\n\t\t\tdata-slide-row-tablet=\"1\"\n\t\t\tdata-slide-row-phone=\"1\"\n\t\t\tdata-autoplay-viewport=80%\n\t\t\tdata-mousewheel=\"false\"\n\t\t\tdata-lazyload=\"false\"\n\t\t\tdata-type=\"slideshow\"\n\t\t\tdata-slideshow-effect=\"default\"\n\t\t\tdata-slideshow-to-show=\"4\"\n\t\t\tdata-slideshow-to-show-tablet=\"4\"\n\t\t\tdata-slideshow-to-show-phone=\"\"\n\t\t\tdata-slider-orientation=\"horizontal\"\n\t\t\t\t\t\tdata-lightbox-title=\"false\"\n\n\t\t\t><div class=\"swiper-wrapper\"><div class=\"swiper-slide dsm_image_carousel_item\"><div class=\"swiper-slide dsm_image_carousel_item\"><div class=\"dsm_image_carousel_slideshow_bg\" role=\"img\" style=\"background-image: url(https:\/\/www.ersigroup.com\/wp-content\/uploads\/2025\/11\/3.2.9-Malla-a-medida-03.jpg)\" title=\"3.2.9 Malla a medida 03\" data-dsm-image-description=\"\"><\/div><\/div><\/div><div class=\"swiper-slide dsm_image_carousel_item\"><div class=\"swiper-slide dsm_image_carousel_item\"><div class=\"dsm_image_carousel_slideshow_bg\" role=\"img\" style=\"background-image: url(https:\/\/www.ersigroup.com\/wp-content\/uploads\/2025\/11\/3.2.8-Mallas-Comerciales-1.jpg)\" title=\"3.2.8 Mallas Comerciales\" data-dsm-image-description=\"\"><\/div><\/div><\/div><div class=\"swiper-slide dsm_image_carousel_item\"><div class=\"swiper-slide dsm_image_carousel_item\"><div class=\"dsm_image_carousel_slideshow_bg\" role=\"img\" style=\"background-image: url(https:\/\/www.ersigroup.com\/wp-content\/uploads\/2025\/11\/3.2.9-Malla-a-medida-02.jpg)\" title=\"3.2.9 Malla a medida 02\" data-dsm-image-description=\"\"><\/div><\/div><\/div><div class=\"swiper-slide dsm_image_carousel_item\"><div class=\"swiper-slide dsm_image_carousel_item\"><div class=\"dsm_image_carousel_slideshow_bg\" role=\"img\" style=\"background-image: url(https:\/\/www.ersigroup.com\/wp-content\/uploads\/2025\/11\/3.2.9-Malla-a-medida-01.jpg)\" title=\"3.2.9 Malla a medida 01\" data-dsm-image-description=\"\"><\/div><\/div><\/div><div class=\"swiper-slide dsm_image_carousel_item\"><div class=\"swiper-slide dsm_image_carousel_item\"><div class=\"dsm_image_carousel_slideshow_bg\" role=\"img\" style=\"background-image: url(https:\/\/www.ersigroup.com\/wp-content\/uploads\/2025\/11\/3.2.9-Malla-a-medida-04.jpg)\" title=\"3.2.9 Malla a medida 04\" data-dsm-image-description=\"\"><\/div><\/div><\/div><\/div><\/div><div class=\"swiper-button-prev swiper-arrow-button\" data-icon=\"4\"><\/div><div class=\"swiper-button-next swiper-arrow-button\" data-icon=\"5\"><\/div><div thumbsslider class=\"swiper dsm_image_gallery_thumbs\" dir=\"ltr\">\n\t\t\t\t\t<div class=\"swiper-wrapper\"><div class=\"swiper-slide\"><div class=\"dsm_image_carousel_thumbs_image skip-lazy\" role=\"img\" aria-label=\"\" style=\"background-image: url(https:\/\/www.ersigroup.com\/wp-content\/uploads\/2025\/11\/3.2.9-Malla-a-medida-03.jpg)\"><\/div><\/div><div class=\"swiper-slide\"><div class=\"dsm_image_carousel_thumbs_image skip-lazy\" role=\"img\" aria-label=\"\" style=\"background-image: url(https:\/\/www.ersigroup.com\/wp-content\/uploads\/2025\/11\/3.2.8-Mallas-Comerciales-1-1024x768.jpg)\"><\/div><\/div><div class=\"swiper-slide\"><div class=\"dsm_image_carousel_thumbs_image skip-lazy\" role=\"img\" aria-label=\"\" style=\"background-image: url(https:\/\/www.ersigroup.com\/wp-content\/uploads\/2025\/11\/3.2.9-Malla-a-medida-02.jpg)\"><\/div><\/div><div class=\"swiper-slide\"><div class=\"dsm_image_carousel_thumbs_image skip-lazy\" role=\"img\" aria-label=\"\" style=\"background-image: url(https:\/\/www.ersigroup.com\/wp-content\/uploads\/2025\/11\/3.2.9-Malla-a-medida-01.jpg)\"><\/div><\/div><div class=\"swiper-slide\"><div class=\"dsm_image_carousel_thumbs_image skip-lazy\" role=\"img\" aria-label=\"\" style=\"background-image: url(https:\/\/www.ersigroup.com\/wp-content\/uploads\/2025\/11\/3.2.9-Malla-a-medida-04-1024x767.jpg)\"><\/div><\/div><\/div><\/div>\n\t\t\t\t<\/div>\n\t\t\t<\/div><\/p>\n","protected":false},"author":1,"featured_media":0,"parent":4398463,"menu_order":0,"comment_status":"closed","ping_status":"closed","template":"","meta":{"_et_pb_use_builder":"on","_et_pb_old_content":"","_et_gb_content_width":"","footnotes":""},"class_list":["post-4398543","page","type-page","status-publish","hentry"],"_links":{"self":[{"href":"https:\/\/www.ersigroup.com\/fr\/wp-json\/wp\/v2\/pages\/4398543","targetHints":{"allow":["GET"]}}],"collection":[{"href":"https:\/\/www.ersigroup.com\/fr\/wp-json\/wp\/v2\/pages"}],"about":[{"href":"https:\/\/www.ersigroup.com\/fr\/wp-json\/wp\/v2\/types\/page"}],"author":[{"embeddable":true,"href":"https:\/\/www.ersigroup.com\/fr\/wp-json\/wp\/v2\/users\/1"}],"replies":[{"embeddable":true,"href":"https:\/\/www.ersigroup.com\/fr\/wp-json\/wp\/v2\/comments?post=4398543"}],"version-history":[{"count":5,"href":"https:\/\/www.ersigroup.com\/fr\/wp-json\/wp\/v2\/pages\/4398543\/revisions"}],"predecessor-version":[{"id":4402838,"href":"https:\/\/www.ersigroup.com\/fr\/wp-json\/wp\/v2\/pages\/4398543\/revisions\/4402838"}],"up":[{"embeddable":true,"href":"https:\/\/www.ersigroup.com\/fr\/wp-json\/wp\/v2\/pages\/4398463"}],"wp:attachment":[{"href":"https:\/\/www.ersigroup.com\/fr\/wp-json\/wp\/v2\/media?parent=4398543"}],"curies":[{"name":"wp","href":"https:\/\/api.w.org\/{rel}","templated":true}]}}