{"id":4398533,"date":"2025-08-20T11:21:17","date_gmt":"2025-08-20T09:21:17","guid":{"rendered":"https:\/\/desw.ersigroup.com\/productos\/barras-corrugadas\/"},"modified":"2026-02-04T07:20:54","modified_gmt":"2026-02-04T06:20:54","slug":"barre-en-acier-ondule","status":"publish","type":"page","link":"https:\/\/www.ersigroup.com\/fr\/produits-et-services\/barre-en-acier-ondule\/","title":{"rendered":"Barre en acier ondul\u00e9"},"content":{"rendered":"<p>[et_pb_section fb_built=\u00a0\u00bb1&Prime; _builder_version=\u00a0\u00bb4.27.5&Prime; _module_preset=\u00a0\u00bbdefault\u00a0\u00bb background_color=\u00a0\u00bbrgba(255,255,255,0.75)\u00a0\u00bb background_image=\u00a0\u00bbhttps:\/\/www.ersigroup.com\/wp-content\/uploads\/2025\/08\/bg-2.jpg\u00a0\u00bb background_blend=\u00a0\u00bbsoft-light\u00a0\u00bb custom_margin=\u00a0\u00bb||||false|false\u00a0\u00bb hover_enabled=\u00a0\u00bb0&Prime; da_disable_devices=\u00a0\u00bboff|off|off\u00a0\u00bb global_colors_info=\u00a0\u00bb{}\u00a0\u00bb module_id=\u00a0\u00bbfixcabecera\u00a0\u00bb admin_label=\u00a0\u00bbSection\u00a0\u00bb da_is_popup=\u00a0\u00bboff\u00a0\u00bb da_popup_slug=\u00a0\u00bbfixcabecera\u00a0\u00bb da_exit_intent=\u00a0\u00bboff\u00a0\u00bb da_has_close=\u00a0\u00bbon\u00a0\u00bb da_alt_close=\u00a0\u00bboff\u00a0\u00bb da_dark_close=\u00a0\u00bboff\u00a0\u00bb da_not_modal=\u00a0\u00bbon\u00a0\u00bb da_is_singular=\u00a0\u00bboff\u00a0\u00bb da_with_loader=\u00a0\u00bboff\u00a0\u00bb da_has_shadow=\u00a0\u00bbon\u00a0\u00bb sticky_enabled=\u00a0\u00bb0&Prime;][et_pb_row _builder_version=\u00a0\u00bb4.27.4&Prime; _module_preset=\u00a0\u00bbdefault\u00a0\u00bb global_colors_info=\u00a0\u00bb{}\u00a0\u00bb][et_pb_column type=\u00a0\u00bb4_4&Prime; _builder_version=\u00a0\u00bb4.27.4&Prime; _module_preset=\u00a0\u00bbdefault\u00a0\u00bb global_colors_info=\u00a0\u00bb{}\u00a0\u00bb][et_pb_text _builder_version=\u00a0\u00bb4.27.5&Prime; _module_preset=\u00a0\u00bbdefault\u00a0\u00bb global_colors_info=\u00a0\u00bb{}\u00a0\u00bb]<\/p>\n<h1 style=\"text-align: center;\">Barre en acier ondul\u00e9<\/h1>\n<p>[\/et_pb_text][dsm_breadcrumbs align=\u00a0\u00bbcenter\u00a0\u00bb _builder_version=\u00a0\u00bb4.27.4&Prime; _module_preset=\u00a0\u00bbdefault\u00a0\u00bb items_font=\u00a0\u00bb|600|||||||\u00a0\u00bb items_text_color=\u00a0\u00bb#111111&Prime; separators_text_color=\u00a0\u00bb#cccccc\u00a0\u00bb global_colors_info=\u00a0\u00bb{}\u00a0\u00bb][\/dsm_breadcrumbs][\/et_pb_column][\/et_pb_row][\/et_pb_section][et_pb_section fb_built=\u00a0\u00bb1&Prime; _builder_version=\u00a0\u00bb4.27.4&Prime; _module_preset=\u00a0\u00bbdefault\u00a0\u00bb da_disable_devices=\u00a0\u00bboff|off|off\u00a0\u00bb global_colors_info=\u00a0\u00bb{}\u00a0\u00bb admin_label=\u00a0\u00bbSection\u00a0\u00bb da_is_popup=\u00a0\u00bboff\u00a0\u00bb da_exit_intent=\u00a0\u00bboff\u00a0\u00bb da_has_close=\u00a0\u00bbon\u00a0\u00bb da_alt_close=\u00a0\u00bboff\u00a0\u00bb da_dark_close=\u00a0\u00bboff\u00a0\u00bb da_not_modal=\u00a0\u00bbon\u00a0\u00bb da_is_singular=\u00a0\u00bboff\u00a0\u00bb da_with_loader=\u00a0\u00bboff\u00a0\u00bb da_has_shadow=\u00a0\u00bbon\u00a0\u00bb][et_pb_row _builder_version=\u00a0\u00bb4.27.4&Prime; _module_preset=\u00a0\u00bbdefault\u00a0\u00bb global_colors_info=\u00a0\u00bb{}\u00a0\u00bb][et_pb_column type=\u00a0\u00bb4_4&Prime; _builder_version=\u00a0\u00bb4.27.4&Prime; _module_preset=\u00a0\u00bbdefault\u00a0\u00bb global_colors_info=\u00a0\u00bb{}\u00a0\u00bb][et_pb_text _builder_version=\u00a0\u00bb4.27.5&Prime; _module_preset=\u00a0\u00bbdefault\u00a0\u00bb global_colors_info=\u00a0\u00bb{}\u00a0\u00bb]<\/p>\n<p style=\"text-align: justify;\">Les barres ondul\u00e9es sont la mati\u00e8re premi\u00e8re fondamentale pour la fabrication d&rsquo;armatures industrielles et, le cas \u00e9ch\u00e9ant, pour le ferraillage traditionnel sur chantier. Leur utilisation garantit r\u00e9sistance, s\u00e9curit\u00e9 et tra\u00e7abilit\u00e9 totale dans les projets en b\u00e9ton arm\u00e9.\n<\/p>\n<p>[\/et_pb_text][et_pb_text _builder_version=\u00a0\u00bb4.27.5&Prime; _module_preset=\u00a0\u00bbdefault\u00a0\u00bb text_font=\u00a0\u00bbMontserrat|700||on|||||\u00a0\u00bb text_text_color=\u00a0\u00bb#111111&Prime; text_font_size=\u00a0\u00bb24px\u00a0\u00bb text_line_height=\u00a0\u00bb1.4em\u00a0\u00bb width=\u00a0\u00bb450px\u00a0\u00bb module_alignment=\u00a0\u00bbleft\u00a0\u00bb custom_padding=\u00a0\u00bb||10px||false|false\u00a0\u00bb border_width_bottom=\u00a0\u00bb3px\u00a0\u00bb border_color_bottom=\u00a0\u00bb#0a626c\u00a0\u00bb global_colors_info=\u00a0\u00bb{}\u00a0\u00bb]Principales caract\u00e9ristiques[\/et_pb_text][et_pb_text _builder_version=\u00a0\u00bb4.27.5&Prime; _module_preset=\u00a0\u00bbdefault\u00a0\u00bb global_colors_info=\u00a0\u00bb{}\u00a0\u00bb]<\/p>\n<ul>\n<li style=\"text-align: justify;\">Fournies avec une documentation technique sp\u00e9cifique pour chaque envoi.<\/li>\n<li style=\"text-align: justify;\">\u00c9tiquet\u00e9es avec la description du produit, garantissant une identification claire et pr\u00e9cise.<\/li>\n<li style=\"text-align: justify;\">Fabriqu\u00e9es selon un syst\u00e8me de gestion de la qualit\u00e9 qui garantit l&rsquo;uniformit\u00e9 du produit et la conformit\u00e9 r\u00e9glementaire.<\/li>\n<\/ul>\n<p>[\/et_pb_text][et_pb_text _builder_version=\u00a0\u00bb4.27.5&Prime; _module_preset=\u00a0\u00bbdefault\u00a0\u00bb text_font=\u00a0\u00bbMontserrat|700||on|||||\u00a0\u00bb text_text_color=\u00a0\u00bb#111111&Prime; text_font_size=\u00a0\u00bb24px\u00a0\u00bb text_line_height=\u00a0\u00bb1.4em\u00a0\u00bb width=\u00a0\u00bb250px\u00a0\u00bb module_alignment=\u00a0\u00bbleft\u00a0\u00bb custom_padding=\u00a0\u00bb||10px||false|false\u00a0\u00bb border_width_bottom=\u00a0\u00bb3px\u00a0\u00bb border_color_bottom=\u00a0\u00bb#0a626c\u00a0\u00bb global_colors_info=\u00a0\u00bb{}\u00a0\u00bb]Avantages cl\u00e9s[\/et_pb_text][et_pb_text _builder_version=\u00a0\u00bb4.27.5&Prime; _module_preset=\u00a0\u00bbdefault\u00a0\u00bb global_colors_info=\u00a0\u00bb{}\u00a0\u00bb]<\/p>\n<ul>\n<li style=\"text-align: justify;\">Assurance qualit\u00e9 \u00e0 chaque \u00e9tape, de la production \u00e0 la livraison du projet.<\/li>\n<li style=\"text-align: justify;\">Tra\u00e7abilit\u00e9 compl\u00e8te gr\u00e2ce \u00e0 un syst\u00e8me de double \u00e9tiquetage sur chaque colis:\n<ul>\n<li style=\"text-align: justify;\">\u00c9tiquette d&rsquo;identification de la marque.<\/li>\n<li style=\"text-align: justify;\">\u00c9tiquette de tra\u00e7abilit\u00e9, comprenant :\n<ul>\n<li style=\"text-align: justify;\">Fabricant.<\/li>\n<li style=\"text-align: justify;\">Nom commercial du produit.<\/li>\n<li style=\"text-align: justify;\">Qualit\u00e9 de l&rsquo;acier.<\/li>\n<li style=\"text-align: justify;\">Diam\u00e8tre et longueur de la barre.<\/li>\n<li style=\"text-align: justify;\">Num\u00e9ro de coul\u00e9e.<\/li>\n<li style=\"text-align: justify;\">Marques d&rsquo;identification grav\u00e9es sur la barre.<\/li>\n<\/ul>\n<\/li>\n<\/ul>\n<\/li>\n<\/ul>\n<p>[\/et_pb_text][et_pb_text _builder_version=\u00a0\u00bb4.27.5&Prime; _module_preset=\u00a0\u00bbdefault\u00a0\u00bb text_font=\u00a0\u00bbMontserrat|700||on|||||\u00a0\u00bb text_text_color=\u00a0\u00bb#111111&Prime; text_font_size=\u00a0\u00bb24px\u00a0\u00bb text_line_height=\u00a0\u00bb1.4em\u00a0\u00bb width=\u00a0\u00bb450px\u00a0\u00bb module_alignment=\u00a0\u00bbleft\u00a0\u00bb custom_padding=\u00a0\u00bb||10px||false|false\u00a0\u00bb border_width_bottom=\u00a0\u00bb3px\u00a0\u00bb border_color_bottom=\u00a0\u00bb#0a626c\u00a0\u00bb global_colors_info=\u00a0\u00bb{}\u00a0\u00bb]Documentation technique[\/et_pb_text][et_pb_text _builder_version=\u00a0\u00bb4.27.5&Prime; _module_preset=\u00a0\u00bbdefault\u00a0\u00bb global_colors_info=\u00a0\u00bb{}\u00a0\u00bb]Chaque livraison est accompagn\u00e9e de la documentation qualit\u00e9 correspondante, qui certifie les propri\u00e9t\u00e9s du mat\u00e9riau et garantit sa conformit\u00e9 pour une utilisation dans le cadre du projet.[\/et_pb_text][dsm_image_carousel gallery_ids=\u00a0\u00bb4396261,4396262,4396263,4396264&Prime; slider_type=\u00a0\u00bbslideshow\u00a0\u00bb _builder_version=\u00a0\u00bb4.27.4&Prime; _module_preset=\u00a0\u00bbdefault\u00a0\u00bb global_colors_info=\u00a0\u00bb{}\u00a0\u00bb][\/dsm_image_carousel][\/et_pb_column][\/et_pb_row][\/et_pb_section]<\/p>\n","protected":false},"excerpt":{"rendered":"<p>Barre en acier ondul\u00e9<div class=\"et_pb_module dsm_breadcrumbs dsm_breadcrumbs_0\">\n\t\t\t\t\n\t\t\t\t\n\t\t\t\t\n\t\t\t\t\n\t\t\t\t\n\t\t\t\t\n\t\t\t\t<div class=\"et_pb_module_inner\">\n\t\t\t\t\t<nav class=\"dsm_breadcrumbs_wrap\">\n\t\t\t\t<ul class=\"dsm_breadcrumbs\" itemscope itemtype=\"https:\/\/schema.org\/BreadcrumbList\">\t\t\t<li class=\"dsm_breadcrumbs_item dsm_home_item dsm_home_item_custom\" itemprop=\"itemListElement\" itemscope\n\t\t\titemtype=\"https:\/\/schema.org\/ListItem\">\n\t\t\t\t<a href=\"https:\/\/www.ersigroup.com\/fr\/\" itemprop=\"item\" target=\"\">\n\t\t\t\t\t<span class='dsm_home_text_wrapper'>\n\t\t\t\t\t\t\t\t\t\t\t\t\t<span class=\"et-pb-icon dsm_home_icon\">\ue009<\/span>\n\t\t\t\t\t\t\t\t\t\t\t\t\t<span class=\"dsm_home_text\" itemprop=\"name\">\n\t\t\t\t\t\t\t\tHome\t\t\t\t\t\t\t<\/span>\n\t\t\t\t\t<\/span>\n\t\t\t\t<\/a>\n\t\t\t\t<meta itemprop=\"position\" content=\"1\" \/>\n\t\t\t<\/li>\n\n\t\t<li class=\"dsm_breadcrumbs_separator\"> <span class=\"et-pb-icon dsm_separator_icon\">5<\/span><\/li><\/ul>\n\t\t\t<\/nav>\n\t\t\t\t<\/div>\n\t\t\t<\/div>Les barres ondul\u00e9es sont la mati\u00e8re premi\u00e8re fondamentale pour la fabrication d&rsquo;armatures industrielles et, le cas \u00e9ch\u00e9ant, pour le ferraillage traditionnel sur chantier. Leur utilisation garantit r\u00e9sistance, s\u00e9curit\u00e9 et tra\u00e7abilit\u00e9 totale dans les projets en b\u00e9ton arm\u00e9. Principales caract\u00e9ristiques Fournies avec une documentation technique sp\u00e9cifique pour chaque envoi. \u00c9tiquet\u00e9es avec la description du produit, garantissant une identification claire et pr\u00e9cise. Fabriqu\u00e9es selon un syst\u00e8me de gestion de la qualit\u00e9 qui garantit l&rsquo;uniformit\u00e9 du produit et la conformit\u00e9 r\u00e9glementaire. Avantages cl\u00e9s Assurance qualit\u00e9 \u00e0 chaque \u00e9tape, de la production \u00e0 la livraison du projet. Tra\u00e7abilit\u00e9 compl\u00e8te gr\u00e2ce \u00e0 un syst\u00e8me de double \u00e9tiquetage sur chaque colis: \u00c9tiquette d&rsquo;identification de la marque. \u00c9tiquette de tra\u00e7abilit\u00e9, comprenant : Fabricant. Nom commercial du produit. Qualit\u00e9 de l&rsquo;acier. Diam\u00e8tre et longueur de la barre. Num\u00e9ro de coul\u00e9e. Marques d&rsquo;identification grav\u00e9es sur la barre. Documentation techniqueChaque livraison est accompagn\u00e9e de la documentation qualit\u00e9 correspondante, qui certifie les propri\u00e9t\u00e9s du mat\u00e9riau et garantit sa conformit\u00e9 pour une utilisation dans le cadre du projet.<div class=\"et_pb_module dsm_image_carousel dsm_image_carousel_0 dsm_image_carousel_arrow_outside dsm_image_carousel_arrow_mobile_inside \">\n\t\t\t\t\n\t\t\t\t\n\t\t\t\t\n\t\t\t\t\n\t\t\t\t\n\t\t\t\t\n\t\t\t\t<div class=\"et_pb_module_inner\">\n\t\t\t\t\t<div class=\"swiper-container dsm_image_carousel_container  dsm_image_carousel_slideshow\" dir=\"ltr\"data-effect=\"default\"\n\t\t\tdata-slider-effect-shadows=\"false\"\n\t\t\tdata-slider-effect-coverflow-rotate=\"30\"\n\t\t\tdata-slider-effect-coverflow-depth=\"0\"\n\t\t\tdata-loop=\"true\"\n\t\t\tdata-slide-to-show=\"4\"\n\t\t\tdata-slide-to-show-tablet=\"1\"\n\t\t\tdata-slide-to-show-phone=\"1\"\n\t\t\tdata-slide-to-scroll=\"1\"\n\t\t\tdata-slide-to-scroll-tablet=\"1\"\n\t\t\tdata-slide-to-scroll-phone=\"1\"\n\t\t\tdata-space-between=\"15\"\n\t\t\tdata-space-between-tablet=\"15\"\n\t\t\tdata-space-between-phone=\"15\"\n\t\t\tdata-slide-row=\"1\"\n\t\t\tdata-centered-slides=\"false\"\n\t\t\tdata-speed=\"300\"\n\t\t\tdata-autoplay=\"true\"\n\t\t\tdata-autoplay-speed=\"3000\"\n\t\t\tdata-touch-move=\"true\"\n\t\t\tdata-grab=\"true\"\n\t\t\tdata-pause-on-hover=\"false\"\n\t\t\tdata-show-lightbox=\"false\"\n\t\t\tdata-lightbox-gallery=\"false\"\n\t\t\tdata-lightbox-caption=\"false\"\n\t\t\tdata-infinite-scrolling=\"false\"\n\t\t\tdata-slide-row-tablet=\"1\"\n\t\t\tdata-slide-row-phone=\"1\"\n\t\t\tdata-autoplay-viewport=80%\n\t\t\tdata-mousewheel=\"false\"\n\t\t\tdata-lazyload=\"false\"\n\t\t\tdata-type=\"slideshow\"\n\t\t\tdata-slideshow-effect=\"default\"\n\t\t\tdata-slideshow-to-show=\"4\"\n\t\t\tdata-slideshow-to-show-tablet=\"4\"\n\t\t\tdata-slideshow-to-show-phone=\"\"\n\t\t\tdata-slider-orientation=\"horizontal\"\n\t\t\t\t\t\tdata-lightbox-title=\"false\"\n\n\t\t\t><div class=\"swiper-wrapper\"><div class=\"swiper-slide dsm_image_carousel_item\"><div class=\"swiper-slide dsm_image_carousel_item\"><div class=\"dsm_image_carousel_slideshow_bg\" role=\"img\" style=\"background-image: url(https:\/\/www.ersigroup.com\/wp-content\/uploads\/2025\/11\/3.2.7-Barras-Corrugadas-02-1.jpg)\" title=\"3.2.7 Barras Corrugadas 02\" data-dsm-image-description=\"\"><\/div><\/div><\/div><div class=\"swiper-slide dsm_image_carousel_item\"><div class=\"swiper-slide dsm_image_carousel_item\"><div class=\"dsm_image_carousel_slideshow_bg\" role=\"img\" style=\"background-image: url(https:\/\/www.ersigroup.com\/wp-content\/uploads\/2025\/11\/3.2.7-Barras-Corrugadas-03-1.jpg)\" title=\"3.2.7 Barras Corrugadas 03\" data-dsm-image-description=\"\"><\/div><\/div><\/div><div class=\"swiper-slide dsm_image_carousel_item\"><div class=\"swiper-slide dsm_image_carousel_item\"><div class=\"dsm_image_carousel_slideshow_bg\" role=\"img\" style=\"background-image: url(https:\/\/www.ersigroup.com\/wp-content\/uploads\/2025\/11\/3.2.7-Barras-Corrugadas-01-1.jpg)\" title=\"3.2.7 Barras Corrugadas 01\" data-dsm-image-description=\"\"><\/div><\/div><\/div><div class=\"swiper-slide dsm_image_carousel_item\"><div class=\"swiper-slide dsm_image_carousel_item\"><div class=\"dsm_image_carousel_slideshow_bg\" role=\"img\" style=\"background-image: url(https:\/\/www.ersigroup.com\/wp-content\/uploads\/2025\/11\/3.2.7-Barras-Corrugadas-04.jpg)\" title=\"3.2.7 Barras Corrugadas 04\" data-dsm-image-description=\"\"><\/div><\/div><\/div><\/div><\/div><div class=\"swiper-button-prev swiper-arrow-button\" data-icon=\"4\"><\/div><div class=\"swiper-button-next swiper-arrow-button\" data-icon=\"5\"><\/div><div thumbsslider class=\"swiper dsm_image_gallery_thumbs\" dir=\"ltr\">\n\t\t\t\t\t<div class=\"swiper-wrapper\"><div class=\"swiper-slide\"><div class=\"dsm_image_carousel_thumbs_image skip-lazy\" role=\"img\" aria-label=\"\" style=\"background-image: url(https:\/\/www.ersigroup.com\/wp-content\/uploads\/2025\/11\/3.2.7-Barras-Corrugadas-02-1.jpg)\"><\/div><\/div><div class=\"swiper-slide\"><div class=\"dsm_image_carousel_thumbs_image skip-lazy\" role=\"img\" aria-label=\"\" style=\"background-image: url(https:\/\/www.ersigroup.com\/wp-content\/uploads\/2025\/11\/3.2.7-Barras-Corrugadas-03-1-1024x573.jpg)\"><\/div><\/div><div class=\"swiper-slide\"><div class=\"dsm_image_carousel_thumbs_image skip-lazy\" role=\"img\" aria-label=\"\" style=\"background-image: url(https:\/\/www.ersigroup.com\/wp-content\/uploads\/2025\/11\/3.2.7-Barras-Corrugadas-01-1.jpg)\"><\/div><\/div><div class=\"swiper-slide\"><div class=\"dsm_image_carousel_thumbs_image skip-lazy\" role=\"img\" aria-label=\"\" style=\"background-image: url(https:\/\/www.ersigroup.com\/wp-content\/uploads\/2025\/11\/3.2.7-Barras-Corrugadas-04.jpg)\"><\/div><\/div><\/div><\/div>\n\t\t\t\t<\/div>\n\t\t\t<\/div><\/p>\n","protected":false},"author":1,"featured_media":0,"parent":4398463,"menu_order":0,"comment_status":"closed","ping_status":"closed","template":"","meta":{"_et_pb_use_builder":"on","_et_pb_old_content":"","_et_gb_content_width":"","footnotes":""},"class_list":["post-4398533","page","type-page","status-publish","hentry"],"_links":{"self":[{"href":"https:\/\/www.ersigroup.com\/fr\/wp-json\/wp\/v2\/pages\/4398533","targetHints":{"allow":["GET"]}}],"collection":[{"href":"https:\/\/www.ersigroup.com\/fr\/wp-json\/wp\/v2\/pages"}],"about":[{"href":"https:\/\/www.ersigroup.com\/fr\/wp-json\/wp\/v2\/types\/page"}],"author":[{"embeddable":true,"href":"https:\/\/www.ersigroup.com\/fr\/wp-json\/wp\/v2\/users\/1"}],"replies":[{"embeddable":true,"href":"https:\/\/www.ersigroup.com\/fr\/wp-json\/wp\/v2\/comments?post=4398533"}],"version-history":[{"count":5,"href":"https:\/\/www.ersigroup.com\/fr\/wp-json\/wp\/v2\/pages\/4398533\/revisions"}],"predecessor-version":[{"id":4402837,"href":"https:\/\/www.ersigroup.com\/fr\/wp-json\/wp\/v2\/pages\/4398533\/revisions\/4402837"}],"up":[{"embeddable":true,"href":"https:\/\/www.ersigroup.com\/fr\/wp-json\/wp\/v2\/pages\/4398463"}],"wp:attachment":[{"href":"https:\/\/www.ersigroup.com\/fr\/wp-json\/wp\/v2\/media?parent=4398533"}],"curies":[{"name":"wp","href":"https:\/\/api.w.org\/{rel}","templated":true}]}}