{"id":4398522,"date":"2025-08-20T11:16:00","date_gmt":"2025-08-20T09:16:00","guid":{"rendered":"https:\/\/desw.ersigroup.com\/productos\/armaduras-estandar\/"},"modified":"2026-02-04T07:22:22","modified_gmt":"2026-02-04T06:22:22","slug":"armures-standard","status":"publish","type":"page","link":"https:\/\/www.ersigroup.com\/fr\/produits-et-services\/armures-standard\/","title":{"rendered":"Armures standard"},"content":{"rendered":"<p>[et_pb_section fb_built=\u00a0\u00bb1&Prime; _builder_version=\u00a0\u00bb4.27.5&Prime; _module_preset=\u00a0\u00bbdefault\u00a0\u00bb background_color=\u00a0\u00bbrgba(255,255,255,0.75)\u00a0\u00bb background_image=\u00a0\u00bbhttps:\/\/www.ersigroup.com\/wp-content\/uploads\/2025\/08\/bg-2.jpg\u00a0\u00bb background_blend=\u00a0\u00bbsoft-light\u00a0\u00bb custom_margin=\u00a0\u00bb||||false|false\u00a0\u00bb hover_enabled=\u00a0\u00bb0&Prime; da_disable_devices=\u00a0\u00bboff|off|off\u00a0\u00bb global_colors_info=\u00a0\u00bb{}\u00a0\u00bb module_id=\u00a0\u00bbfixcabecera\u00a0\u00bb admin_label=\u00a0\u00bbSection\u00a0\u00bb da_is_popup=\u00a0\u00bboff\u00a0\u00bb da_popup_slug=\u00a0\u00bbfixcabecera\u00a0\u00bb da_exit_intent=\u00a0\u00bboff\u00a0\u00bb da_has_close=\u00a0\u00bbon\u00a0\u00bb da_alt_close=\u00a0\u00bboff\u00a0\u00bb da_dark_close=\u00a0\u00bboff\u00a0\u00bb da_not_modal=\u00a0\u00bbon\u00a0\u00bb da_is_singular=\u00a0\u00bboff\u00a0\u00bb da_with_loader=\u00a0\u00bboff\u00a0\u00bb da_has_shadow=\u00a0\u00bbon\u00a0\u00bb sticky_enabled=\u00a0\u00bb0&Prime;][et_pb_row _builder_version=\u00a0\u00bb4.27.4&Prime; _module_preset=\u00a0\u00bbdefault\u00a0\u00bb global_colors_info=\u00a0\u00bb{}\u00a0\u00bb][et_pb_column type=\u00a0\u00bb4_4&Prime; _builder_version=\u00a0\u00bb4.27.4&Prime; _module_preset=\u00a0\u00bbdefault\u00a0\u00bb global_colors_info=\u00a0\u00bb{}\u00a0\u00bb][et_pb_text _builder_version=\u00a0\u00bb4.27.5&Prime; _module_preset=\u00a0\u00bbdefault\u00a0\u00bb global_colors_info=\u00a0\u00bb{}\u00a0\u00bb]<\/p>\n<h1 style=\"text-align: center;\">Armures standard<\/h1>\n<p>[\/et_pb_text][dsm_breadcrumbs align=\u00a0\u00bbcenter\u00a0\u00bb _builder_version=\u00a0\u00bb4.27.4&Prime; _module_preset=\u00a0\u00bbdefault\u00a0\u00bb items_font=\u00a0\u00bb|600|||||||\u00a0\u00bb items_text_color=\u00a0\u00bb#111111&Prime; separators_text_color=\u00a0\u00bb#cccccc\u00a0\u00bb global_colors_info=\u00a0\u00bb{}\u00a0\u00bb][\/dsm_breadcrumbs][\/et_pb_column][\/et_pb_row][\/et_pb_section][et_pb_section fb_built=\u00a0\u00bb1&Prime; _builder_version=\u00a0\u00bb4.27.4&Prime; _module_preset=\u00a0\u00bbdefault\u00a0\u00bb da_disable_devices=\u00a0\u00bboff|off|off\u00a0\u00bb global_colors_info=\u00a0\u00bb{}\u00a0\u00bb admin_label=\u00a0\u00bbSection\u00a0\u00bb da_is_popup=\u00a0\u00bboff\u00a0\u00bb da_exit_intent=\u00a0\u00bboff\u00a0\u00bb da_has_close=\u00a0\u00bbon\u00a0\u00bb da_alt_close=\u00a0\u00bboff\u00a0\u00bb da_dark_close=\u00a0\u00bboff\u00a0\u00bb da_not_modal=\u00a0\u00bbon\u00a0\u00bb da_is_singular=\u00a0\u00bboff\u00a0\u00bb da_with_loader=\u00a0\u00bboff\u00a0\u00bb da_has_shadow=\u00a0\u00bbon\u00a0\u00bb][et_pb_row _builder_version=\u00a0\u00bb4.27.4&Prime; _module_preset=\u00a0\u00bbdefault\u00a0\u00bb global_colors_info=\u00a0\u00bb{}\u00a0\u00bb][et_pb_column type=\u00a0\u00bb4_4&Prime; _builder_version=\u00a0\u00bb4.27.4&Prime; _module_preset=\u00a0\u00bbdefault\u00a0\u00bb global_colors_info=\u00a0\u00bb{}\u00a0\u00bb][et_pb_text _builder_version=\u00a0\u00bb4.27.5&Prime; _module_preset=\u00a0\u00bbdefault\u00a0\u00bb global_colors_info=\u00a0\u00bb{}\u00a0\u00bb]<\/p>\n<p style=\"text-align: justify;\">Les armatures standard sont des \u00e9l\u00e9ments finis, compos\u00e9s de panneaux sur mesure (plats ou pli\u00e9s) et\/ou d&rsquo;armatures soud\u00e9es, con\u00e7us pour optimiser le montage des structures en b\u00e9ton dans la construction.\n<\/p>\n<p>[\/et_pb_text][et_pb_text _builder_version=\u00a0\u00bb4.27.5&Prime; _module_preset=\u00a0\u00bbdefault\u00a0\u00bb text_font=\u00a0\u00bbMontserrat|700||on|||||\u00a0\u00bb text_text_color=\u00a0\u00bb#111111&Prime; text_font_size=\u00a0\u00bb24px\u00a0\u00bb text_line_height=\u00a0\u00bb1.4em\u00a0\u00bb width=\u00a0\u00bb430px\u00a0\u00bb module_alignment=\u00a0\u00bbleft\u00a0\u00bb custom_padding=\u00a0\u00bb||10px||false|false\u00a0\u00bb border_width_bottom=\u00a0\u00bb3px\u00a0\u00bb border_color_bottom=\u00a0\u00bb#0a626c\u00a0\u00bb global_colors_info=\u00a0\u00bb{}\u00a0\u00bb]Principales caract\u00e9ristiques[\/et_pb_text][et_pb_text _builder_version=\u00a0\u00bb4.27.5&Prime; _module_preset=\u00a0\u00bbdefault\u00a0\u00bb global_colors_info=\u00a0\u00bb{}\u00a0\u00bb]<\/p>\n<ul>\n<li style=\"text-align: justify;\">Ils remplacent les armatures traditionnelles utilis\u00e9es sur les chantiers, apportant rapidit\u00e9 et fiabilit\u00e9 au processus de construction.<\/li>\n<li style=\"text-align: justify;\">Pr\u00eats \u00e0 \u00eatre plac\u00e9s imm\u00e9diatement dans les coffrages, ils acc\u00e9l\u00e8rent le b\u00e9tonnage.<\/li>\n<li style=\"text-align: justify;\">Ils peuvent \u00eatre compl\u00e9t\u00e9s par des armatures pr\u00e9fabriqu\u00e9es ou \u00e9labor\u00e9es, constituant ainsi l&rsquo;armature compl\u00e8te de la structure.\n<\/li>\n<li style=\"text-align: justify;\">Le soudage et\/ou l&rsquo;\u00e9lectrosoudage sont r\u00e9alis\u00e9s conform\u00e9ment \u00e0 la r\u00e9glementation en vigueur, garantissant s\u00e9curit\u00e9 et qualit\u00e9.<\/li>\n<li style=\"text-align: justify;\">Fabriqu\u00e9s dans des installations industrielles fixes, sous des syst\u00e8mes de gestion de la qualit\u00e9 stricts.<\/li>\n<li style=\"text-align: justify;\">Conviennent aux projets avec contr\u00f4le de l&rsquo;ex\u00e9cution, ce qui permet de r\u00e9duire le coefficient de majoration des actions et, par cons\u00e9quent, de r\u00e9aliser des \u00e9conomies sur le co\u00fbt structurel total.\n<\/li>\n<li style=\"text-align: justify;\">Produits selon une typologie et des dimensions normalis\u00e9es conform\u00e9ment au catalogue, ce qui garantit la disponibilit\u00e9 et l&rsquo;homog\u00e9n\u00e9it\u00e9 de l&rsquo;approvisionnement.\n<\/li>\n<\/ul>\n<p>[\/et_pb_text][et_pb_text _builder_version=\u00a0\u00bb4.27.5&Prime; _module_preset=\u00a0\u00bbdefault\u00a0\u00bb text_font=\u00a0\u00bbMontserrat|700||on|||||\u00a0\u00bb text_text_color=\u00a0\u00bb#111111&Prime; text_font_size=\u00a0\u00bb24px\u00a0\u00bb text_line_height=\u00a0\u00bb1.4em\u00a0\u00bb width=\u00a0\u00bb250px\u00a0\u00bb module_alignment=\u00a0\u00bbleft\u00a0\u00bb custom_padding=\u00a0\u00bb||10px||false|false\u00a0\u00bb border_width_bottom=\u00a0\u00bb3px\u00a0\u00bb border_color_bottom=\u00a0\u00bb#0a626c\u00a0\u00bb global_colors_info=\u00a0\u00bb{}\u00a0\u00bb]Avantages cl\u00e9s[\/et_pb_text][et_pb_text _builder_version=\u00a0\u00bb4.27.5&Prime; _module_preset=\u00a0\u00bbdefault\u00a0\u00bb global_colors_info=\u00a0\u00bb{}\u00a0\u00bb]<\/p>\n<ul>\n<li style=\"text-align: justify;\">Ex\u00e9cution plus rapide et mieux contr\u00f4l\u00e9e, gr\u00e2ce \u00e0 la suppression des processus artisanaux sur chantier.<\/li>\n<li style=\"text-align: justify;\">Co\u00fbts optimis\u00e9s, tant par la r\u00e9duction des d\u00e9lais que par l&rsquo;efficacit\u00e9 structurelle.<\/li>\n<li style=\"text-align: justify;\">Qualit\u00e9 certifi\u00e9e et constante, gr\u00e2ce \u00e0 sa fabrication industrialis\u00e9e.<\/li>\n<\/ul>\n<p>[\/et_pb_text][\/et_pb_column][\/et_pb_row][et_pb_row column_structure=\u00a0\u00bb1_2,1_2&Prime; _builder_version=\u00a0\u00bb4.27.4&Prime; _module_preset=\u00a0\u00bbdefault\u00a0\u00bb global_colors_info=\u00a0\u00bb{}\u00a0\u00bb][et_pb_column type=\u00a0\u00bb1_2&Prime; _builder_version=\u00a0\u00bb4.27.4&Prime; _module_preset=\u00a0\u00bbdefault\u00a0\u00bb global_colors_info=\u00a0\u00bb{}\u00a0\u00bb][et_pb_image src=\u00a0\u00bbhttps:\/\/www.ersigroup.com\/wp-content\/uploads\/2025\/11\/3.2.6-Armadrua-Estandar-01.jpg\u00a0\u00bb title_text=\u00a0\u00bb3.2.6 Armadrua Estandar 01&Prime; _builder_version=\u00a0\u00bb4.27.4&Prime; _module_preset=\u00a0\u00bbdefault\u00a0\u00bb global_colors_info=\u00a0\u00bb{}\u00a0\u00bb][\/et_pb_image][\/et_pb_column][et_pb_column type=\u00a0\u00bb1_2&Prime; _builder_version=\u00a0\u00bb4.27.4&Prime; _module_preset=\u00a0\u00bbdefault\u00a0\u00bb global_colors_info=\u00a0\u00bb{}\u00a0\u00bb][et_pb_image src=\u00a0\u00bbhttps:\/\/www.ersigroup.com\/wp-content\/uploads\/2025\/11\/3.2.6-Armadrua-Estandar-02-1.jpg\u00a0\u00bb title_text=\u00a0\u00bb3.2.6 Armadrua Estandar 02 (1)\u00a0\u00bb _builder_version=\u00a0\u00bb4.27.4&Prime; _module_preset=\u00a0\u00bbdefault\u00a0\u00bb global_colors_info=\u00a0\u00bb{}\u00a0\u00bb][\/et_pb_image][\/et_pb_column][\/et_pb_row][\/et_pb_section]<\/p>\n","protected":false},"excerpt":{"rendered":"<p>Armures standard<div class=\"et_pb_module dsm_breadcrumbs dsm_breadcrumbs_0\">\n\t\t\t\t\n\t\t\t\t\n\t\t\t\t\n\t\t\t\t\n\t\t\t\t\n\t\t\t\t\n\t\t\t\t<div class=\"et_pb_module_inner\">\n\t\t\t\t\t<nav class=\"dsm_breadcrumbs_wrap\">\n\t\t\t\t<ul class=\"dsm_breadcrumbs\" itemscope itemtype=\"https:\/\/schema.org\/BreadcrumbList\">\t\t\t<li class=\"dsm_breadcrumbs_item dsm_home_item dsm_home_item_custom\" itemprop=\"itemListElement\" itemscope\n\t\t\titemtype=\"https:\/\/schema.org\/ListItem\">\n\t\t\t\t<a href=\"https:\/\/www.ersigroup.com\/fr\/\" itemprop=\"item\" target=\"\">\n\t\t\t\t\t<span class='dsm_home_text_wrapper'>\n\t\t\t\t\t\t\t\t\t\t\t\t\t<span class=\"et-pb-icon dsm_home_icon\">\ue009<\/span>\n\t\t\t\t\t\t\t\t\t\t\t\t\t<span class=\"dsm_home_text\" itemprop=\"name\">\n\t\t\t\t\t\t\t\tHome\t\t\t\t\t\t\t<\/span>\n\t\t\t\t\t<\/span>\n\t\t\t\t<\/a>\n\t\t\t\t<meta itemprop=\"position\" content=\"1\" \/>\n\t\t\t<\/li>\n\n\t\t<li class=\"dsm_breadcrumbs_separator\"> <span class=\"et-pb-icon dsm_separator_icon\">5<\/span><\/li><\/ul>\n\t\t\t<\/nav>\n\t\t\t\t<\/div>\n\t\t\t<\/div>Les armatures standard sont des \u00e9l\u00e9ments finis, compos\u00e9s de panneaux sur mesure (plats ou pli\u00e9s) et\/ou d&rsquo;armatures soud\u00e9es, con\u00e7us pour optimiser le montage des structures en b\u00e9ton dans la construction. Principales caract\u00e9ristiques Ils remplacent les armatures traditionnelles utilis\u00e9es sur les chantiers, apportant rapidit\u00e9 et fiabilit\u00e9 au processus de construction. Pr\u00eats \u00e0 \u00eatre plac\u00e9s imm\u00e9diatement dans les coffrages, ils acc\u00e9l\u00e8rent le b\u00e9tonnage. Ils peuvent \u00eatre compl\u00e9t\u00e9s par des armatures pr\u00e9fabriqu\u00e9es ou \u00e9labor\u00e9es, constituant ainsi l&rsquo;armature compl\u00e8te de la structure. Le soudage et\/ou l&rsquo;\u00e9lectrosoudage sont r\u00e9alis\u00e9s conform\u00e9ment \u00e0 la r\u00e9glementation en vigueur, garantissant s\u00e9curit\u00e9 et qualit\u00e9. Fabriqu\u00e9s dans des installations industrielles fixes, sous des syst\u00e8mes de gestion de la qualit\u00e9 stricts. Conviennent aux projets avec contr\u00f4le de l&rsquo;ex\u00e9cution, ce qui permet de r\u00e9duire le coefficient de majoration des actions et, par cons\u00e9quent, de r\u00e9aliser des \u00e9conomies sur le co\u00fbt structurel total. Produits selon une typologie et des dimensions normalis\u00e9es conform\u00e9ment au catalogue, ce qui garantit la disponibilit\u00e9 et l&rsquo;homog\u00e9n\u00e9it\u00e9 de l&rsquo;approvisionnement. Avantages cl\u00e9s Ex\u00e9cution plus rapide et mieux contr\u00f4l\u00e9e, gr\u00e2ce \u00e0 la suppression des processus artisanaux sur chantier. Co\u00fbts optimis\u00e9s, tant par la r\u00e9duction des d\u00e9lais que par l&rsquo;efficacit\u00e9 structurelle. Qualit\u00e9 certifi\u00e9e et constante, [&hellip;]<\/p>\n","protected":false},"author":1,"featured_media":0,"parent":4398463,"menu_order":0,"comment_status":"closed","ping_status":"closed","template":"","meta":{"_et_pb_use_builder":"on","_et_pb_old_content":"","_et_gb_content_width":"","footnotes":""},"class_list":["post-4398522","page","type-page","status-publish","hentry"],"_links":{"self":[{"href":"https:\/\/www.ersigroup.com\/fr\/wp-json\/wp\/v2\/pages\/4398522","targetHints":{"allow":["GET"]}}],"collection":[{"href":"https:\/\/www.ersigroup.com\/fr\/wp-json\/wp\/v2\/pages"}],"about":[{"href":"https:\/\/www.ersigroup.com\/fr\/wp-json\/wp\/v2\/types\/page"}],"author":[{"embeddable":true,"href":"https:\/\/www.ersigroup.com\/fr\/wp-json\/wp\/v2\/users\/1"}],"replies":[{"embeddable":true,"href":"https:\/\/www.ersigroup.com\/fr\/wp-json\/wp\/v2\/comments?post=4398522"}],"version-history":[{"count":5,"href":"https:\/\/www.ersigroup.com\/fr\/wp-json\/wp\/v2\/pages\/4398522\/revisions"}],"predecessor-version":[{"id":4402841,"href":"https:\/\/www.ersigroup.com\/fr\/wp-json\/wp\/v2\/pages\/4398522\/revisions\/4402841"}],"up":[{"embeddable":true,"href":"https:\/\/www.ersigroup.com\/fr\/wp-json\/wp\/v2\/pages\/4398463"}],"wp:attachment":[{"href":"https:\/\/www.ersigroup.com\/fr\/wp-json\/wp\/v2\/media?parent=4398522"}],"curies":[{"name":"wp","href":"https:\/\/api.w.org\/{rel}","templated":true}]}}