{"id":4398511,"date":"2025-08-20T11:44:35","date_gmt":"2025-08-20T09:44:35","guid":{"rendered":"https:\/\/desw.ersigroup.com\/productos\/pilotes-asimetricos\/"},"modified":"2026-02-04T07:22:45","modified_gmt":"2026-02-04T06:22:45","slug":"pieux-asymetriques","status":"publish","type":"page","link":"https:\/\/www.ersigroup.com\/fr\/produits-et-services\/pieux-asymetriques\/","title":{"rendered":"Pieux asym\u00e9triques"},"content":{"rendered":"<p>[et_pb_section fb_built=\u00a0\u00bb1&Prime; _builder_version=\u00a0\u00bb4.27.5&Prime; _module_preset=\u00a0\u00bbdefault\u00a0\u00bb background_color=\u00a0\u00bbrgba(255,255,255,0.75)\u00a0\u00bb background_image=\u00a0\u00bbhttps:\/\/www.ersigroup.com\/wp-content\/uploads\/2025\/08\/bg-2.jpg\u00a0\u00bb background_blend=\u00a0\u00bbsoft-light\u00a0\u00bb custom_margin=\u00a0\u00bb||||false|false\u00a0\u00bb hover_enabled=\u00a0\u00bb0&Prime; da_disable_devices=\u00a0\u00bboff|off|off\u00a0\u00bb global_colors_info=\u00a0\u00bb{}\u00a0\u00bb module_id=\u00a0\u00bbfixcabecera\u00a0\u00bb admin_label=\u00a0\u00bbSection\u00a0\u00bb da_is_popup=\u00a0\u00bboff\u00a0\u00bb da_popup_slug=\u00a0\u00bbfixcabecera\u00a0\u00bb da_exit_intent=\u00a0\u00bboff\u00a0\u00bb da_has_close=\u00a0\u00bbon\u00a0\u00bb da_alt_close=\u00a0\u00bboff\u00a0\u00bb da_dark_close=\u00a0\u00bboff\u00a0\u00bb da_not_modal=\u00a0\u00bbon\u00a0\u00bb da_is_singular=\u00a0\u00bboff\u00a0\u00bb da_with_loader=\u00a0\u00bboff\u00a0\u00bb da_has_shadow=\u00a0\u00bbon\u00a0\u00bb sticky_enabled=\u00a0\u00bb0&Prime;][et_pb_row _builder_version=\u00a0\u00bb4.27.4&Prime; _module_preset=\u00a0\u00bbdefault\u00a0\u00bb global_colors_info=\u00a0\u00bb{}\u00a0\u00bb][et_pb_column type=\u00a0\u00bb4_4&Prime; _builder_version=\u00a0\u00bb4.27.4&Prime; _module_preset=\u00a0\u00bbdefault\u00a0\u00bb global_colors_info=\u00a0\u00bb{}\u00a0\u00bb][et_pb_text _builder_version=\u00a0\u00bb4.27.5&Prime; _module_preset=\u00a0\u00bbdefault\u00a0\u00bb global_colors_info=\u00a0\u00bb{}\u00a0\u00bb]<\/p>\n<h1 style=\"text-align: center;\">Pieux asym\u00e9triques<\/h1>\n<p>[\/et_pb_text][dsm_breadcrumbs align=\u00a0\u00bbcenter\u00a0\u00bb _builder_version=\u00a0\u00bb4.27.4&Prime; _module_preset=\u00a0\u00bbdefault\u00a0\u00bb items_font=\u00a0\u00bb|600|||||||\u00a0\u00bb items_text_color=\u00a0\u00bb#111111&Prime; separators_text_color=\u00a0\u00bb#cccccc\u00a0\u00bb global_colors_info=\u00a0\u00bb{}\u00a0\u00bb][\/dsm_breadcrumbs][\/et_pb_column][\/et_pb_row][\/et_pb_section][et_pb_section fb_built=\u00a0\u00bb1&Prime; _builder_version=\u00a0\u00bb4.27.4&Prime; _module_preset=\u00a0\u00bbdefault\u00a0\u00bb da_disable_devices=\u00a0\u00bboff|off|off\u00a0\u00bb global_colors_info=\u00a0\u00bb{}\u00a0\u00bb admin_label=\u00a0\u00bbSection\u00a0\u00bb da_is_popup=\u00a0\u00bboff\u00a0\u00bb da_exit_intent=\u00a0\u00bboff\u00a0\u00bb da_has_close=\u00a0\u00bbon\u00a0\u00bb da_alt_close=\u00a0\u00bboff\u00a0\u00bb da_dark_close=\u00a0\u00bboff\u00a0\u00bb da_not_modal=\u00a0\u00bbon\u00a0\u00bb da_is_singular=\u00a0\u00bboff\u00a0\u00bb da_with_loader=\u00a0\u00bboff\u00a0\u00bb da_has_shadow=\u00a0\u00bbon\u00a0\u00bb][et_pb_row _builder_version=\u00a0\u00bb4.27.4&Prime; _module_preset=\u00a0\u00bbdefault\u00a0\u00bb global_colors_info=\u00a0\u00bb{}\u00a0\u00bb][et_pb_column type=\u00a0\u00bb4_4&Prime; _builder_version=\u00a0\u00bb4.27.4&Prime; _module_preset=\u00a0\u00bbdefault\u00a0\u00bb global_colors_info=\u00a0\u00bb{}\u00a0\u00bb][et_pb_text _builder_version=\u00a0\u00bb4.27.5&Prime; _module_preset=\u00a0\u00bbdefault\u00a0\u00bb global_colors_info=\u00a0\u00bb{}\u00a0\u00bb]Le pieu asym\u00e9trique est un \u00e9l\u00e9ment structurel de fondation con\u00e7u avec une r\u00e9partition non uniforme de l&rsquo;armature, adapt\u00e9e aux sollicitations r\u00e9elles du terrain et de la structure. Cette configuration optimise l&rsquo;utilisation de l&rsquo;acier ondul\u00e9 et am\u00e9liore le comportement du pieu face aux charges verticales, horizontales et aux moments de flexion.[\/et_pb_text][et_pb_text _builder_version=\u00a0\u00bb4.27.5&Prime; _module_preset=\u00a0\u00bbdefault\u00a0\u00bb text_font=\u00a0\u00bbMontserrat|700||on|||||\u00a0\u00bb text_text_color=\u00a0\u00bb#111111&Prime; text_font_size=\u00a0\u00bb24px\u00a0\u00bb text_line_height=\u00a0\u00bb1.4em\u00a0\u00bb width=\u00a0\u00bb450px\u00a0\u00bb module_alignment=\u00a0\u00bbleft\u00a0\u00bb custom_padding=\u00a0\u00bb||10px||false|false\u00a0\u00bb border_width_bottom=\u00a0\u00bb3px\u00a0\u00bb border_color_bottom=\u00a0\u00bb#0a626c\u00a0\u00bb global_colors_info=\u00a0\u00bb{}\u00a0\u00bb]Principales caract\u00e9ristiques[\/et_pb_text][et_pb_text _builder_version=\u00a0\u00bb4.27.5&Prime; _module_preset=\u00a0\u00bbdefault\u00a0\u00bb global_colors_info=\u00a0\u00bb{}\u00a0\u00bb]<\/p>\n<ul>\n<li>Con\u00e7u \u00e0 partir de l&rsquo;analyse des contraintes diff\u00e9rentielles du terrain et des efforts transmis par la structure.\n<\/li>\n<li>R\u00e9partition de l&rsquo;armature adapt\u00e9e aux zones les plus sollicit\u00e9es, optimisant la consommation d&rsquo;acier.<\/li>\n<li>Compatible avec les armatures pr\u00e9fabriqu\u00e9es ou fabriqu\u00e9es en atelier sous contr\u00f4le qualit\u00e9 industriel.\n<\/li>\n<li>Permet une ex\u00e9cution plus pr\u00e9cise et plus efficace, en particulier pour les pieux soumis \u00e0 des efforts non centr\u00e9s ou combin\u00e9s.<\/li>\n<li>Fabriqu\u00e9 conform\u00e9ment \u00e0 la r\u00e9glementation en vigueur en mati\u00e8re de fondations profondes.<\/li>\n<li>Adaptable \u00e0 diff\u00e9rentes g\u00e9om\u00e9tries et diff\u00e9rents diam\u00e8tres, s&rsquo;int\u00e9grant dans des solutions de construction personnalis\u00e9es.\n<\/li>\n<\/ul>\n<p>[\/et_pb_text][et_pb_text _builder_version=\u00a0\u00bb4.27.5&Prime; _module_preset=\u00a0\u00bbdefault\u00a0\u00bb text_font=\u00a0\u00bbMontserrat|700||on|||||\u00a0\u00bb text_text_color=\u00a0\u00bb#111111&Prime; text_font_size=\u00a0\u00bb24px\u00a0\u00bb text_line_height=\u00a0\u00bb1.4em\u00a0\u00bb width=\u00a0\u00bb250px\u00a0\u00bb module_alignment=\u00a0\u00bbleft\u00a0\u00bb custom_padding=\u00a0\u00bb||10px||false|false\u00a0\u00bb border_width_bottom=\u00a0\u00bb3px\u00a0\u00bb border_color_bottom=\u00a0\u00bb#0a626c\u00a0\u00bb global_colors_info=\u00a0\u00bb{}\u00a0\u00bb]Avantages cl\u00e9s[\/et_pb_text][et_pb_text _builder_version=\u00a0\u00bb4.27.5&Prime; _module_preset=\u00a0\u00bbdefault\u00a0\u00bb global_colors_info=\u00a0\u00bb{}\u00a0\u00bb]<\/p>\n<ul>\n<li>Optimisation structurelle : utilisation plus efficace de l&rsquo;acier et meilleure exploitation des capacit\u00e9s du mat\u00e9riau.\n<\/li>\n<li>R\u00e9duction des co\u00fbts : \u00e9conomies de mat\u00e9riaux et de temps de montage gr\u00e2ce \u00e0 une conception adapt\u00e9e aux besoins r\u00e9els.<\/li>\n<li>R\u00e9duction des \u00e9missions de CO\u2082 : l&rsquo;utilisation d&rsquo;une quantit\u00e9 moindre d&rsquo;acier dans chaque pieu r\u00e9duit consid\u00e9rablement l&#8217;empreinte carbone du projet.\n<\/li>\n<li>Solution technique avanc\u00e9e : adapt\u00e9e aux chantiers pr\u00e9sentant des conditions de charge complexes ou des terrains h\u00e9t\u00e9rog\u00e8nes.\n<\/li>\n<\/ul>\n<p>[\/et_pb_text][dsm_image_carousel gallery_ids=\u00a0\u00bb4398593,4398594,4398595,4398596,4398597,4398598&Prime; slider_type=\u00a0\u00bbslideshow\u00a0\u00bb _builder_version=\u00a0\u00bb4.27.4&Prime; _module_preset=\u00a0\u00bbdefault\u00a0\u00bb global_colors_info=\u00a0\u00bb{}\u00a0\u00bb][\/dsm_image_carousel][\/et_pb_column][\/et_pb_row][\/et_pb_section]<\/p>\n","protected":false},"excerpt":{"rendered":"<p>Pieux asym\u00e9triques<div class=\"et_pb_module dsm_breadcrumbs dsm_breadcrumbs_0\">\n\t\t\t\t\n\t\t\t\t\n\t\t\t\t\n\t\t\t\t\n\t\t\t\t\n\t\t\t\t\n\t\t\t\t<div class=\"et_pb_module_inner\">\n\t\t\t\t\t<nav class=\"dsm_breadcrumbs_wrap\">\n\t\t\t\t<ul class=\"dsm_breadcrumbs\" itemscope itemtype=\"https:\/\/schema.org\/BreadcrumbList\">\t\t\t<li class=\"dsm_breadcrumbs_item dsm_home_item dsm_home_item_custom\" itemprop=\"itemListElement\" itemscope\n\t\t\titemtype=\"https:\/\/schema.org\/ListItem\">\n\t\t\t\t<a href=\"https:\/\/www.ersigroup.com\/fr\/\" itemprop=\"item\" target=\"\">\n\t\t\t\t\t<span class='dsm_home_text_wrapper'>\n\t\t\t\t\t\t\t\t\t\t\t\t\t<span class=\"et-pb-icon dsm_home_icon\">\ue009<\/span>\n\t\t\t\t\t\t\t\t\t\t\t\t\t<span class=\"dsm_home_text\" itemprop=\"name\">\n\t\t\t\t\t\t\t\tHome\t\t\t\t\t\t\t<\/span>\n\t\t\t\t\t<\/span>\n\t\t\t\t<\/a>\n\t\t\t\t<meta itemprop=\"position\" content=\"1\" \/>\n\t\t\t<\/li>\n\n\t\t<li class=\"dsm_breadcrumbs_separator\"> <span class=\"et-pb-icon dsm_separator_icon\">5<\/span><\/li><\/ul>\n\t\t\t<\/nav>\n\t\t\t\t<\/div>\n\t\t\t<\/div>Le pieu asym\u00e9trique est un \u00e9l\u00e9ment structurel de fondation con\u00e7u avec une r\u00e9partition non uniforme de l&rsquo;armature, adapt\u00e9e aux sollicitations r\u00e9elles du terrain et de la structure. Cette configuration optimise l&rsquo;utilisation de l&rsquo;acier ondul\u00e9 et am\u00e9liore le comportement du pieu face aux charges verticales, horizontales et aux moments de flexion.Principales caract\u00e9ristiques Con\u00e7u \u00e0 partir de l&rsquo;analyse des contraintes diff\u00e9rentielles du terrain et des efforts transmis par la structure. R\u00e9partition de l&rsquo;armature adapt\u00e9e aux zones les plus sollicit\u00e9es, optimisant la consommation d&rsquo;acier. Compatible avec les armatures pr\u00e9fabriqu\u00e9es ou fabriqu\u00e9es en atelier sous contr\u00f4le qualit\u00e9 industriel. Permet une ex\u00e9cution plus pr\u00e9cise et plus efficace, en particulier pour les pieux soumis \u00e0 des efforts non centr\u00e9s ou combin\u00e9s. Fabriqu\u00e9 conform\u00e9ment \u00e0 la r\u00e9glementation en vigueur en mati\u00e8re de fondations profondes. Adaptable \u00e0 diff\u00e9rentes g\u00e9om\u00e9tries et diff\u00e9rents diam\u00e8tres, s&rsquo;int\u00e9grant dans des solutions de construction personnalis\u00e9es. Avantages cl\u00e9s Optimisation structurelle : utilisation plus efficace de l&rsquo;acier et meilleure exploitation des capacit\u00e9s du mat\u00e9riau. R\u00e9duction des co\u00fbts : \u00e9conomies de mat\u00e9riaux et de temps de montage gr\u00e2ce \u00e0 une conception adapt\u00e9e aux besoins r\u00e9els. R\u00e9duction des \u00e9missions de CO\u2082 : l&rsquo;utilisation d&rsquo;une quantit\u00e9 moindre d&rsquo;acier dans chaque pieu [&hellip;]<\/p>\n","protected":false},"author":1,"featured_media":0,"parent":4398463,"menu_order":0,"comment_status":"closed","ping_status":"closed","template":"","meta":{"_et_pb_use_builder":"on","_et_pb_old_content":"","_et_gb_content_width":"","footnotes":""},"class_list":["post-4398511","page","type-page","status-publish","hentry"],"_links":{"self":[{"href":"https:\/\/www.ersigroup.com\/fr\/wp-json\/wp\/v2\/pages\/4398511","targetHints":{"allow":["GET"]}}],"collection":[{"href":"https:\/\/www.ersigroup.com\/fr\/wp-json\/wp\/v2\/pages"}],"about":[{"href":"https:\/\/www.ersigroup.com\/fr\/wp-json\/wp\/v2\/types\/page"}],"author":[{"embeddable":true,"href":"https:\/\/www.ersigroup.com\/fr\/wp-json\/wp\/v2\/users\/1"}],"replies":[{"embeddable":true,"href":"https:\/\/www.ersigroup.com\/fr\/wp-json\/wp\/v2\/comments?post=4398511"}],"version-history":[{"count":7,"href":"https:\/\/www.ersigroup.com\/fr\/wp-json\/wp\/v2\/pages\/4398511\/revisions"}],"predecessor-version":[{"id":4402842,"href":"https:\/\/www.ersigroup.com\/fr\/wp-json\/wp\/v2\/pages\/4398511\/revisions\/4402842"}],"up":[{"embeddable":true,"href":"https:\/\/www.ersigroup.com\/fr\/wp-json\/wp\/v2\/pages\/4398463"}],"wp:attachment":[{"href":"https:\/\/www.ersigroup.com\/fr\/wp-json\/wp\/v2\/media?parent=4398511"}],"curies":[{"name":"wp","href":"https:\/\/api.w.org\/{rel}","templated":true}]}}