{"id":4398502,"date":"2025-08-20T10:42:33","date_gmt":"2025-08-20T08:42:33","guid":{"rendered":"https:\/\/desw.ersigroup.com\/productos\/armaduras-industriales-prefabricadas\/"},"modified":"2026-01-15T17:00:52","modified_gmt":"2026-01-15T16:00:52","slug":"structures-industrielles-prefabriquees","status":"publish","type":"page","link":"https:\/\/www.ersigroup.com\/fr\/produits-et-services\/structures-industrielles-prefabriquees\/","title":{"rendered":"Structures industrielles pr\u00e9fabriqu\u00e9es"},"content":{"rendered":"<p>[et_pb_section fb_built=\u00a0\u00bb1&Prime; _builder_version=\u00a0\u00bb4.27.4&Prime; _module_preset=\u00a0\u00bbdefault\u00a0\u00bb background_color=\u00a0\u00bbrgba(255,255,255,0.75)\u00a0\u00bb background_image=\u00a0\u00bbhttps:\/\/www.ersigroup.com\/wp-content\/uploads\/2025\/08\/bg-2.jpg\u00a0\u00bb background_blend=\u00a0\u00bbsoft-light\u00a0\u00bb custom_margin=\u00a0\u00bb||||false|false\u00a0\u00bb da_disable_devices=\u00a0\u00bboff|off|off\u00a0\u00bb global_colors_info=\u00a0\u00bb{}\u00a0\u00bb da_is_popup=\u00a0\u00bboff\u00a0\u00bb da_exit_intent=\u00a0\u00bboff\u00a0\u00bb da_has_close=\u00a0\u00bbon\u00a0\u00bb da_alt_close=\u00a0\u00bboff\u00a0\u00bb da_dark_close=\u00a0\u00bboff\u00a0\u00bb da_not_modal=\u00a0\u00bbon\u00a0\u00bb da_is_singular=\u00a0\u00bboff\u00a0\u00bb da_with_loader=\u00a0\u00bboff\u00a0\u00bb da_has_shadow=\u00a0\u00bbon\u00a0\u00bb][et_pb_row _builder_version=\u00a0\u00bb4.27.4&Prime; _module_preset=\u00a0\u00bbdefault\u00a0\u00bb global_colors_info=\u00a0\u00bb{}\u00a0\u00bb][et_pb_column type=\u00a0\u00bb4_4&Prime; _builder_version=\u00a0\u00bb4.27.4&Prime; _module_preset=\u00a0\u00bbdefault\u00a0\u00bb global_colors_info=\u00a0\u00bb{}\u00a0\u00bb][et_pb_text _builder_version=\u00a0\u00bb4.27.5&Prime; _module_preset=\u00a0\u00bbdefault\u00a0\u00bb global_colors_info=\u00a0\u00bb{}\u00a0\u00bb]<\/p>\n<h1 style=\"text-align: center;\">Structures industrielles pr\u00e9fabriqu\u00e9es<\/h1>\n<p>[\/et_pb_text][dsm_breadcrumbs align=\u00a0\u00bbcenter\u00a0\u00bb _builder_version=\u00a0\u00bb4.27.4&Prime; _module_preset=\u00a0\u00bbdefault\u00a0\u00bb items_font=\u00a0\u00bb|600|||||||\u00a0\u00bb items_text_color=\u00a0\u00bb#111111&Prime; separators_text_color=\u00a0\u00bb#cccccc\u00a0\u00bb global_colors_info=\u00a0\u00bb{}\u00a0\u00bb][\/dsm_breadcrumbs][\/et_pb_column][\/et_pb_row][\/et_pb_section][et_pb_section fb_built=\u00a0\u00bb1&Prime; _builder_version=\u00a0\u00bb4.27.4&Prime; _module_preset=\u00a0\u00bbdefault\u00a0\u00bb da_disable_devices=\u00a0\u00bboff|off|off\u00a0\u00bb global_colors_info=\u00a0\u00bb{}\u00a0\u00bb da_is_popup=\u00a0\u00bboff\u00a0\u00bb da_exit_intent=\u00a0\u00bboff\u00a0\u00bb da_has_close=\u00a0\u00bbon\u00a0\u00bb da_alt_close=\u00a0\u00bboff\u00a0\u00bb da_dark_close=\u00a0\u00bboff\u00a0\u00bb da_not_modal=\u00a0\u00bbon\u00a0\u00bb da_is_singular=\u00a0\u00bboff\u00a0\u00bb da_with_loader=\u00a0\u00bboff\u00a0\u00bb da_has_shadow=\u00a0\u00bbon\u00a0\u00bb][et_pb_row _builder_version=\u00a0\u00bb4.27.4&Prime; _module_preset=\u00a0\u00bbdefault\u00a0\u00bb global_colors_info=\u00a0\u00bb{}\u00a0\u00bb][et_pb_column type=\u00a0\u00bb4_4&Prime; _builder_version=\u00a0\u00bb4.27.4&Prime; _module_preset=\u00a0\u00bbdefault\u00a0\u00bb global_colors_info=\u00a0\u00bb{}\u00a0\u00bb][et_pb_text _builder_version=\u00a0\u00bb4.27.5&Prime; _module_preset=\u00a0\u00bbdefault\u00a0\u00bb hover_enabled=\u00a0\u00bb0&Prime; global_colors_info=\u00a0\u00bb{}\u00a0\u00bb sticky_enabled=\u00a0\u00bb0&Prime;]<\/p>\n<p style=\"text-align: justify;\">Les armatures industrielles pr\u00e9fabriqu\u00e9es sont des \u00e9l\u00e9ments finis ou semi-finis, constitu\u00e9s d&rsquo;armatures assembl\u00e9es, soud\u00e9es et\/ou de panneaux sur mesure, plats ou pli\u00e9s, pr\u00eats \u00e0 \u00eatre pos\u00e9s directement sur le chantier.\n<\/p>\n<p>[\/et_pb_text][et_pb_video src=\u00a0\u00bbhttps:\/\/www.youtube.com\/watch?v=Dwkx_jGv6Ow\u00a0\u00bb _builder_version=\u00a0\u00bb4.27.5&Prime; _module_preset=\u00a0\u00bbdefault\u00a0\u00bb global_colors_info=\u00a0\u00bb{}\u00a0\u00bb][\/et_pb_video][et_pb_text _builder_version=\u00a0\u00bb4.27.5&Prime; _module_preset=\u00a0\u00bbdefault\u00a0\u00bb text_font=\u00a0\u00bbMontserrat|700||on|||||\u00a0\u00bb text_text_color=\u00a0\u00bb#111111&Prime; text_font_size=\u00a0\u00bb24px\u00a0\u00bb text_line_height=\u00a0\u00bb1.4em\u00a0\u00bb width=\u00a0\u00bb430px\u00a0\u00bb module_alignment=\u00a0\u00bbleft\u00a0\u00bb custom_padding=\u00a0\u00bb||10px||false|false\u00a0\u00bb hover_enabled=\u00a0\u00bb0&Prime; border_width_bottom=\u00a0\u00bb3px\u00a0\u00bb border_color_bottom=\u00a0\u00bb#0a626c\u00a0\u00bb global_colors_info=\u00a0\u00bb{}\u00a0\u00bb sticky_enabled=\u00a0\u00bb0&Prime;]Principales caract\u00e9ristiques[\/et_pb_text][et_pb_text _builder_version=\u00a0\u00bb4.27.5&Prime; _module_preset=\u00a0\u00bbdefault\u00a0\u00bb hover_enabled=\u00a0\u00bb0&Prime; global_colors_info=\u00a0\u00bb{}\u00a0\u00bb sticky_enabled=\u00a0\u00bb0&Prime;]<\/p>\n<ul>\n<li style=\"text-align: justify;\">Pr\u00eates \u00e0 \u00eatre install\u00e9es imm\u00e9diatement dans les coffrages, ce qui acc\u00e9l\u00e8re le processus de b\u00e9tonnage.<\/li>\n<li style=\"text-align: justify;\">Elles remplacent les armatures traditionnelles, ce qui r\u00e9duit consid\u00e9rablement les temps de montage.<\/li>\n<li style=\"text-align: justify;\">Le soudage et\/ou l&rsquo;\u00e9lectrosoudage sont effectu\u00e9s conform\u00e9ment \u00e0 la r\u00e9glementation en vigueur, garantissant r\u00e9sistance et s\u00e9curit\u00e9.<\/li>\n<li style=\"text-align: justify;\">Fabriqu\u00e9s dans des installations industrielles mobiles ou fixes, avec des syst\u00e8mes de certification standardis\u00e9s.<\/li>\n<li style=\"text-align: justify;\">Adapt\u00e9s \u00e0 une utilisation dans des projets soumis aux contr\u00f4les d&rsquo;ex\u00e9cution les plus stricts, garantissant la tra\u00e7abilit\u00e9 et la conformit\u00e9 r\u00e9glementaire.\n<\/li>\n<li style=\"text-align: justify;\">Ils \u00e9liminent la n\u00e9cessit\u00e9 de souder sur le chantier, am\u00e9liorant ainsi la s\u00e9curit\u00e9 au travail et r\u00e9duisant les risques.\n<\/li>\n<\/ul>\n<p>[\/et_pb_text][et_pb_text _builder_version=\u00a0\u00bb4.27.5&Prime; _module_preset=\u00a0\u00bbdefault\u00a0\u00bb text_font=\u00a0\u00bbMontserrat|700||on|||||\u00a0\u00bb text_text_color=\u00a0\u00bb#111111&Prime; text_font_size=\u00a0\u00bb24px\u00a0\u00bb text_line_height=\u00a0\u00bb1.4em\u00a0\u00bb width=\u00a0\u00bb250px\u00a0\u00bb module_alignment=\u00a0\u00bbleft\u00a0\u00bb custom_padding=\u00a0\u00bb||10px||false|false\u00a0\u00bb hover_enabled=\u00a0\u00bb0&Prime; border_width_bottom=\u00a0\u00bb3px\u00a0\u00bb border_color_bottom=\u00a0\u00bb#0a626c\u00a0\u00bb global_colors_info=\u00a0\u00bb{}\u00a0\u00bb sticky_enabled=\u00a0\u00bb0&Prime;]Avantages cl\u00e9s[\/et_pb_text][et_pb_text _builder_version=\u00a0\u00bb4.27.5&Prime; _module_preset=\u00a0\u00bbdefault\u00a0\u00bb hover_enabled=\u00a0\u00bb0&Prime; global_colors_info=\u00a0\u00bb{}\u00a0\u00bb sticky_enabled=\u00a0\u00bb0&Prime;]<\/p>\n<ul>\n<li style=\"text-align: justify;\">Ex\u00e9cution plus rapide gr\u00e2ce \u00e0 la pose directe dans les coffrages.<\/li>\n<li style=\"text-align: justify;\">Qualit\u00e9 constante et certifi\u00e9e, issue de processus industrialis\u00e9s.<\/li>\n<li style=\"text-align: justify;\">Optimisation des co\u00fbts gr\u00e2ce \u00e0 la r\u00e9duction des temps de montage et \u00e0 l&rsquo;am\u00e9lioration de la s\u00e9curit\u00e9.\n<\/li>\n<\/ul>\n<p>[\/et_pb_text][dsm_image_carousel gallery_ids=\u00a0\u00bb4397611,4397612,4397613,4397614,4397615,4397616&Prime; slider_type=\u00a0\u00bbslideshow\u00a0\u00bb _builder_version=\u00a0\u00bb4.27.5&Prime; _module_preset=\u00a0\u00bbdefault\u00a0\u00bb global_colors_info=\u00a0\u00bb{}\u00a0\u00bb][\/dsm_image_carousel][\/et_pb_column][\/et_pb_row][\/et_pb_section]<\/p>\n","protected":false},"excerpt":{"rendered":"<p>Structures industrielles pr\u00e9fabriqu\u00e9es<div class=\"et_pb_module dsm_breadcrumbs dsm_breadcrumbs_0\">\n\t\t\t\t\n\t\t\t\t\n\t\t\t\t\n\t\t\t\t\n\t\t\t\t\n\t\t\t\t\n\t\t\t\t<div class=\"et_pb_module_inner\">\n\t\t\t\t\t<nav class=\"dsm_breadcrumbs_wrap\">\n\t\t\t\t<ul class=\"dsm_breadcrumbs\" itemscope itemtype=\"https:\/\/schema.org\/BreadcrumbList\">\t\t\t<li class=\"dsm_breadcrumbs_item dsm_home_item dsm_home_item_custom\" itemprop=\"itemListElement\" itemscope\n\t\t\titemtype=\"https:\/\/schema.org\/ListItem\">\n\t\t\t\t<a href=\"https:\/\/www.ersigroup.com\/fr\/\" itemprop=\"item\" target=\"\">\n\t\t\t\t\t<span class='dsm_home_text_wrapper'>\n\t\t\t\t\t\t\t\t\t\t\t\t\t<span class=\"et-pb-icon dsm_home_icon\">\ue009<\/span>\n\t\t\t\t\t\t\t\t\t\t\t\t\t<span class=\"dsm_home_text\" itemprop=\"name\">\n\t\t\t\t\t\t\t\tHome\t\t\t\t\t\t\t<\/span>\n\t\t\t\t\t<\/span>\n\t\t\t\t<\/a>\n\t\t\t\t<meta itemprop=\"position\" content=\"1\" \/>\n\t\t\t<\/li>\n\n\t\t<li class=\"dsm_breadcrumbs_separator\"> <span class=\"et-pb-icon dsm_separator_icon\">5<\/span><\/li><\/ul>\n\t\t\t<\/nav>\n\t\t\t\t<\/div>\n\t\t\t<\/div>Les armatures industrielles pr\u00e9fabriqu\u00e9es sont des \u00e9l\u00e9ments finis ou semi-finis, constitu\u00e9s d&rsquo;armatures assembl\u00e9es, soud\u00e9es et\/ou de panneaux sur mesure, plats ou pli\u00e9s, pr\u00eats \u00e0 \u00eatre pos\u00e9s directement sur le chantier. Principales caract\u00e9ristiques Pr\u00eates \u00e0 \u00eatre install\u00e9es imm\u00e9diatement dans les coffrages, ce qui acc\u00e9l\u00e8re le processus de b\u00e9tonnage. Elles remplacent les armatures traditionnelles, ce qui r\u00e9duit consid\u00e9rablement les temps de montage. Le soudage et\/ou l&rsquo;\u00e9lectrosoudage sont effectu\u00e9s conform\u00e9ment \u00e0 la r\u00e9glementation en vigueur, garantissant r\u00e9sistance et s\u00e9curit\u00e9. Fabriqu\u00e9s dans des installations industrielles mobiles ou fixes, avec des syst\u00e8mes de certification standardis\u00e9s. Adapt\u00e9s \u00e0 une utilisation dans des projets soumis aux contr\u00f4les d&rsquo;ex\u00e9cution les plus stricts, garantissant la tra\u00e7abilit\u00e9 et la conformit\u00e9 r\u00e9glementaire. Ils \u00e9liminent la n\u00e9cessit\u00e9 de souder sur le chantier, am\u00e9liorant ainsi la s\u00e9curit\u00e9 au travail et r\u00e9duisant les risques. Avantages cl\u00e9s Ex\u00e9cution plus rapide gr\u00e2ce \u00e0 la pose directe dans les coffrages. Qualit\u00e9 constante et certifi\u00e9e, issue de processus industrialis\u00e9s. Optimisation des co\u00fbts gr\u00e2ce \u00e0 la r\u00e9duction des temps de montage et \u00e0 l&rsquo;am\u00e9lioration de la s\u00e9curit\u00e9. <div class=\"et_pb_module dsm_image_carousel dsm_image_carousel_0 dsm_image_carousel_arrow_outside dsm_image_carousel_arrow_mobile_inside \">\n\t\t\t\t\n\t\t\t\t\n\t\t\t\t\n\t\t\t\t\n\t\t\t\t\n\t\t\t\t\n\t\t\t\t<div class=\"et_pb_module_inner\">\n\t\t\t\t\t<div class=\"swiper-container dsm_image_carousel_container  dsm_image_carousel_slideshow\" dir=\"ltr\"data-effect=\"default\"\n\t\t\tdata-slider-effect-shadows=\"false\"\n\t\t\tdata-slider-effect-coverflow-rotate=\"30\"\n\t\t\tdata-slider-effect-coverflow-depth=\"0\"\n\t\t\tdata-loop=\"true\"\n\t\t\tdata-slide-to-show=\"4\"\n\t\t\tdata-slide-to-show-tablet=\"1\"\n\t\t\tdata-slide-to-show-phone=\"1\"\n\t\t\tdata-slide-to-scroll=\"1\"\n\t\t\tdata-slide-to-scroll-tablet=\"1\"\n\t\t\tdata-slide-to-scroll-phone=\"1\"\n\t\t\tdata-space-between=\"15\"\n\t\t\tdata-space-between-tablet=\"15\"\n\t\t\tdata-space-between-phone=\"15\"\n\t\t\tdata-slide-row=\"1\"\n\t\t\tdata-centered-slides=\"false\"\n\t\t\tdata-speed=\"300\"\n\t\t\tdata-autoplay=\"true\"\n\t\t\tdata-autoplay-speed=\"3000\"\n\t\t\tdata-touch-move=\"true\"\n\t\t\tdata-grab=\"true\"\n\t\t\tdata-pause-on-hover=\"false\"\n\t\t\tdata-show-lightbox=\"false\"\n\t\t\tdata-lightbox-gallery=\"false\"\n\t\t\tdata-lightbox-caption=\"false\"\n\t\t\tdata-infinite-scrolling=\"false\"\n\t\t\tdata-slide-row-tablet=\"1\"\n\t\t\tdata-slide-row-phone=\"1\"\n\t\t\tdata-autoplay-viewport=80%\n\t\t\tdata-mousewheel=\"false\"\n\t\t\tdata-lazyload=\"false\"\n\t\t\tdata-type=\"slideshow\"\n\t\t\tdata-slideshow-effect=\"default\"\n\t\t\tdata-slideshow-to-show=\"4\"\n\t\t\tdata-slideshow-to-show-tablet=\"4\"\n\t\t\tdata-slideshow-to-show-phone=\"\"\n\t\t\tdata-slider-orientation=\"horizontal\"\n\t\t\t\t\t\tdata-lightbox-title=\"false\"\n\n\t\t\t><div class=\"swiper-wrapper\"><div class=\"swiper-slide dsm_image_carousel_item\"><div class=\"swiper-slide dsm_image_carousel_item\"><div class=\"dsm_image_carousel_slideshow_bg\" role=\"img\" style=\"background-image: url(https:\/\/www.ersigroup.com\/wp-content\/uploads\/2025\/12\/2.3.2.1.1-Pilotes-scaled.jpg)\" title=\"2.3.2.1.1 Pilotes\" data-dsm-image-description=\"\"><\/div><\/div><\/div><div class=\"swiper-slide dsm_image_carousel_item\"><div class=\"swiper-slide dsm_image_carousel_item\"><div class=\"dsm_image_carousel_slideshow_bg\" role=\"img\" style=\"background-image: url(https:\/\/www.ersigroup.com\/wp-content\/uploads\/2025\/12\/2.3.2.1.6-Pilotes-scaled.jpg)\" title=\"2.3.2.1.6 Pilotes\" data-dsm-image-description=\"\"><\/div><\/div><\/div><div class=\"swiper-slide dsm_image_carousel_item\"><div class=\"swiper-slide dsm_image_carousel_item\"><div class=\"dsm_image_carousel_slideshow_bg\" role=\"img\" style=\"background-image: url(https:\/\/www.ersigroup.com\/wp-content\/uploads\/2025\/12\/2.3.2.1.5-Pilotes.jpg)\" title=\"2.3.2.1.5 Pilotes\" data-dsm-image-description=\"\"><\/div><\/div><\/div><div class=\"swiper-slide dsm_image_carousel_item\"><div class=\"swiper-slide dsm_image_carousel_item\"><div class=\"dsm_image_carousel_slideshow_bg\" role=\"img\" style=\"background-image: url(https:\/\/www.ersigroup.com\/wp-content\/uploads\/2025\/12\/2.3.2.1.4-Pilotes-scaled.jpg)\" title=\"2.3.2.1.4 Pilotes\" data-dsm-image-description=\"\"><\/div><\/div><\/div><div class=\"swiper-slide dsm_image_carousel_item\"><div class=\"swiper-slide dsm_image_carousel_item\"><div class=\"dsm_image_carousel_slideshow_bg\" role=\"img\" style=\"background-image: url(https:\/\/www.ersigroup.com\/wp-content\/uploads\/2025\/12\/2.3.2.1.3-Pilotes.jpg)\" title=\"2.3.2.1.3 Pilotes\" data-dsm-image-description=\"\"><\/div><\/div><\/div><div class=\"swiper-slide dsm_image_carousel_item\"><div class=\"swiper-slide dsm_image_carousel_item\"><div class=\"dsm_image_carousel_slideshow_bg\" role=\"img\" style=\"background-image: url(https:\/\/www.ersigroup.com\/wp-content\/uploads\/2025\/12\/2.3.2.1.2-Pilotes-scaled.jpg)\" title=\"2.3.2.1.2 Pilotes\" data-dsm-image-description=\"\"><\/div><\/div><\/div><\/div><\/div><div class=\"swiper-button-prev swiper-arrow-button\" data-icon=\"4\"><\/div><div class=\"swiper-button-next swiper-arrow-button\" data-icon=\"5\"><\/div><div thumbsslider class=\"swiper dsm_image_gallery_thumbs\" dir=\"ltr\">\n\t\t\t\t\t<div class=\"swiper-wrapper\"><div class=\"swiper-slide\"><div class=\"dsm_image_carousel_thumbs_image skip-lazy\" role=\"img\" aria-label=\"\" style=\"background-image: url(https:\/\/www.ersigroup.com\/wp-content\/uploads\/2025\/12\/2.3.2.1.1-Pilotes-768x1024.jpg)\"><\/div><\/div><div class=\"swiper-slide\"><div class=\"dsm_image_carousel_thumbs_image skip-lazy\" role=\"img\" aria-label=\"\" style=\"background-image: url(https:\/\/www.ersigroup.com\/wp-content\/uploads\/2025\/12\/2.3.2.1.6-Pilotes-1024x541.jpg)\"><\/div><\/div><div class=\"swiper-slide\"><div class=\"dsm_image_carousel_thumbs_image skip-lazy\" role=\"img\" aria-label=\"\" style=\"background-image: url(https:\/\/www.ersigroup.com\/wp-content\/uploads\/2025\/12\/2.3.2.1.5-Pilotes-768x1024.jpg)\"><\/div><\/div><div class=\"swiper-slide\"><div class=\"dsm_image_carousel_thumbs_image skip-lazy\" role=\"img\" aria-label=\"\" style=\"background-image: url(https:\/\/www.ersigroup.com\/wp-content\/uploads\/2025\/12\/2.3.2.1.4-Pilotes-768x1024.jpg)\"><\/div><\/div><div class=\"swiper-slide\"><div class=\"dsm_image_carousel_thumbs_image skip-lazy\" role=\"img\" aria-label=\"\" style=\"background-image: url(https:\/\/www.ersigroup.com\/wp-content\/uploads\/2025\/12\/2.3.2.1.3-Pilotes-1024x683.jpg)\"><\/div><\/div><div class=\"swiper-slide\"><div class=\"dsm_image_carousel_thumbs_image skip-lazy\" role=\"img\" aria-label=\"\" style=\"background-image: url(https:\/\/www.ersigroup.com\/wp-content\/uploads\/2025\/12\/2.3.2.1.2-Pilotes-1024x549.jpg)\"><\/div><\/div><\/div><\/div>\n\t\t\t\t<\/div>\n\t\t\t<\/div><\/p>\n","protected":false},"author":1,"featured_media":0,"parent":4398463,"menu_order":0,"comment_status":"closed","ping_status":"closed","template":"","meta":{"_et_pb_use_builder":"on","_et_pb_old_content":"","_et_gb_content_width":"","footnotes":""},"class_list":["post-4398502","page","type-page","status-publish","hentry"],"_links":{"self":[{"href":"https:\/\/www.ersigroup.com\/fr\/wp-json\/wp\/v2\/pages\/4398502","targetHints":{"allow":["GET"]}}],"collection":[{"href":"https:\/\/www.ersigroup.com\/fr\/wp-json\/wp\/v2\/pages"}],"about":[{"href":"https:\/\/www.ersigroup.com\/fr\/wp-json\/wp\/v2\/types\/page"}],"author":[{"embeddable":true,"href":"https:\/\/www.ersigroup.com\/fr\/wp-json\/wp\/v2\/users\/1"}],"replies":[{"embeddable":true,"href":"https:\/\/www.ersigroup.com\/fr\/wp-json\/wp\/v2\/comments?post=4398502"}],"version-history":[{"count":4,"href":"https:\/\/www.ersigroup.com\/fr\/wp-json\/wp\/v2\/pages\/4398502\/revisions"}],"predecessor-version":[{"id":4398592,"href":"https:\/\/www.ersigroup.com\/fr\/wp-json\/wp\/v2\/pages\/4398502\/revisions\/4398592"}],"up":[{"embeddable":true,"href":"https:\/\/www.ersigroup.com\/fr\/wp-json\/wp\/v2\/pages\/4398463"}],"wp:attachment":[{"href":"https:\/\/www.ersigroup.com\/fr\/wp-json\/wp\/v2\/media?parent=4398502"}],"curies":[{"name":"wp","href":"https:\/\/api.w.org\/{rel}","templated":true}]}}