{"id":4398489,"date":"2025-08-20T13:10:42","date_gmt":"2025-08-20T11:10:42","guid":{"rendered":"https:\/\/desw.ersigroup.com\/productos\/armaduras-industriales-elaboradas\/"},"modified":"2026-02-04T07:21:38","modified_gmt":"2026-02-04T06:21:38","slug":"armures-industrielles-elaborees","status":"publish","type":"page","link":"https:\/\/www.ersigroup.com\/fr\/produits-et-services\/armures-industrielles-elaborees\/","title":{"rendered":"Armures industrielles \u00e9labor\u00e9es"},"content":{"rendered":"<p>[et_pb_section fb_built=\u00a0\u00bb1&Prime; _builder_version=\u00a0\u00bb4.27.5&Prime; _module_preset=\u00a0\u00bbdefault\u00a0\u00bb background_color=\u00a0\u00bbrgba(255,255,255,0.75)\u00a0\u00bb background_image=\u00a0\u00bbhttps:\/\/www.ersigroup.com\/wp-content\/uploads\/2025\/08\/bg-2.jpg\u00a0\u00bb background_blend=\u00a0\u00bbsoft-light\u00a0\u00bb custom_margin=\u00a0\u00bb||||false|false\u00a0\u00bb hover_enabled=\u00a0\u00bb0&Prime; da_disable_devices=\u00a0\u00bboff|off|off\u00a0\u00bb global_colors_info=\u00a0\u00bb{}\u00a0\u00bb module_id=\u00a0\u00bbfixcabecera\u00a0\u00bb admin_label=\u00a0\u00bbSection\u00a0\u00bb da_is_popup=\u00a0\u00bboff\u00a0\u00bb da_popup_slug=\u00a0\u00bbfixcabecera\u00a0\u00bb da_exit_intent=\u00a0\u00bboff\u00a0\u00bb da_has_close=\u00a0\u00bbon\u00a0\u00bb da_alt_close=\u00a0\u00bboff\u00a0\u00bb da_dark_close=\u00a0\u00bboff\u00a0\u00bb da_not_modal=\u00a0\u00bbon\u00a0\u00bb da_is_singular=\u00a0\u00bboff\u00a0\u00bb da_with_loader=\u00a0\u00bboff\u00a0\u00bb da_has_shadow=\u00a0\u00bbon\u00a0\u00bb sticky_enabled=\u00a0\u00bb0&Prime;][et_pb_row _builder_version=\u00a0\u00bb4.27.4&Prime; _module_preset=\u00a0\u00bbdefault\u00a0\u00bb global_colors_info=\u00a0\u00bb{}\u00a0\u00bb][et_pb_column type=\u00a0\u00bb4_4&Prime; _builder_version=\u00a0\u00bb4.27.4&Prime; _module_preset=\u00a0\u00bbdefault\u00a0\u00bb global_colors_info=\u00a0\u00bb{}\u00a0\u00bb][et_pb_text _builder_version=\u00a0\u00bb4.27.5&Prime; _module_preset=\u00a0\u00bbdefault\u00a0\u00bb global_colors_info=\u00a0\u00bb{}\u00a0\u00bb]<\/p>\n<h1 style=\"text-align: center;\">Armures industrielles \u00e9labor\u00e9es<\/h1>\n<p>[\/et_pb_text][dsm_breadcrumbs align=\u00a0\u00bbcenter\u00a0\u00bb _builder_version=\u00a0\u00bb4.27.4&Prime; _module_preset=\u00a0\u00bbdefault\u00a0\u00bb items_font=\u00a0\u00bb|600|||||||\u00a0\u00bb items_text_color=\u00a0\u00bb#111111&Prime; separators_text_color=\u00a0\u00bb#cccccc\u00a0\u00bb global_colors_info=\u00a0\u00bb{}\u00a0\u00bb][\/dsm_breadcrumbs][\/et_pb_column][\/et_pb_row][\/et_pb_section][et_pb_section fb_built=\u00a0\u00bb1&Prime; _builder_version=\u00a0\u00bb4.27.4&Prime; _module_preset=\u00a0\u00bbdefault\u00a0\u00bb da_disable_devices=\u00a0\u00bboff|off|off\u00a0\u00bb global_colors_info=\u00a0\u00bb{}\u00a0\u00bb admin_label=\u00a0\u00bbSection\u00a0\u00bb da_is_popup=\u00a0\u00bboff\u00a0\u00bb da_exit_intent=\u00a0\u00bboff\u00a0\u00bb da_has_close=\u00a0\u00bbon\u00a0\u00bb da_alt_close=\u00a0\u00bboff\u00a0\u00bb da_dark_close=\u00a0\u00bboff\u00a0\u00bb da_not_modal=\u00a0\u00bbon\u00a0\u00bb da_is_singular=\u00a0\u00bboff\u00a0\u00bb da_with_loader=\u00a0\u00bboff\u00a0\u00bb da_has_shadow=\u00a0\u00bbon\u00a0\u00bb][et_pb_row _builder_version=\u00a0\u00bb4.27.4&Prime; _module_preset=\u00a0\u00bbdefault\u00a0\u00bb global_colors_info=\u00a0\u00bb{}\u00a0\u00bb][et_pb_column type=\u00a0\u00bb4_4&Prime; _builder_version=\u00a0\u00bb4.27.4&Prime; _module_preset=\u00a0\u00bbdefault\u00a0\u00bb global_colors_info=\u00a0\u00bb{}\u00a0\u00bb][et_pb_text _builder_version=\u00a0\u00bb4.27.5&Prime; _module_preset=\u00a0\u00bbdefault\u00a0\u00bb text_font=\u00a0\u00bbMontserrat|700||on|||||\u00a0\u00bb text_text_color=\u00a0\u00bb#111111&Prime; text_font_size=\u00a0\u00bb24px\u00a0\u00bb text_line_height=\u00a0\u00bb1.4em\u00a0\u00bb width=\u00a0\u00bb180px\u00a0\u00bb module_alignment=\u00a0\u00bbleft\u00a0\u00bb custom_padding=\u00a0\u00bb||10px||false|false\u00a0\u00bb border_width_bottom=\u00a0\u00bb3px\u00a0\u00bb border_color_bottom=\u00a0\u00bb#0a626c\u00a0\u00bb global_colors_info=\u00a0\u00bb{}\u00a0\u00bb]DESCRIPTION[\/et_pb_text][et_pb_text _builder_version=\u00a0\u00bb4.27.5&Prime; _module_preset=\u00a0\u00bbdefault\u00a0\u00bb global_colors_info=\u00a0\u00bb{}\u00a0\u00bb]<\/p>\n<p style=\"text-align: justify;\">Les armatures industrielles \u00e9labor\u00e9es sont des \u00e9l\u00e9ments unitaires, d\u00e9finis dans les plans d&rsquo;ex\u00e9cution, qui constituent l&rsquo;armature des structures en b\u00e9ton. Elles constituent la base du renforcement structurel et garantissent la fiabilit\u00e9 \u00e0 chaque phase du projet.<\/p>\n<p>[\/et_pb_text][\/et_pb_column][\/et_pb_row][et_pb_row _builder_version=\u00a0\u00bb4.27.4&Prime; _module_preset=\u00a0\u00bbdefault\u00a0\u00bb custom_margin=\u00a0\u00bb50px||||false|false\u00a0\u00bb global_colors_info=\u00a0\u00bb{}\u00a0\u00bb][et_pb_column type=\u00a0\u00bb4_4&Prime; _builder_version=\u00a0\u00bb4.27.4&Prime; _module_preset=\u00a0\u00bbdefault\u00a0\u00bb global_colors_info=\u00a0\u00bb{}\u00a0\u00bb][et_pb_text _builder_version=\u00a0\u00bb4.27.5&Prime; _module_preset=\u00a0\u00bbdefault\u00a0\u00bb text_font=\u00a0\u00bbMontserrat|700||on|||||\u00a0\u00bb text_text_color=\u00a0\u00bb#111111&Prime; text_font_size=\u00a0\u00bb24px\u00a0\u00bb text_line_height=\u00a0\u00bb1.4em\u00a0\u00bb width=\u00a0\u00bb430px\u00a0\u00bb module_alignment=\u00a0\u00bbleft\u00a0\u00bb custom_padding=\u00a0\u00bb||10px||false|false\u00a0\u00bb border_width_bottom=\u00a0\u00bb3px\u00a0\u00bb border_color_bottom=\u00a0\u00bb#0a626c\u00a0\u00bb global_colors_info=\u00a0\u00bb{}\u00a0\u00bb]Principales caract\u00e9ristiques[\/et_pb_text][et_pb_text _builder_version=\u00a0\u00bb4.27.5&Prime; _module_preset=\u00a0\u00bbdefault\u00a0\u00bb custom_padding=\u00a0\u00bb|||30px|false|false\u00a0\u00bb global_colors_info=\u00a0\u00bb{}\u00a0\u00bb]<\/p>\n<ul>\n<li>Fabrication industrielle \u00e0 partir de rouleaux ou de barres ondul\u00e9es en acier, par des processus de redressage, de d\u00e9coupe et de pliage.\n<\/li>\n<li>Production dans une usine industrielle fixe, avec un syst\u00e8me de certification volontaire qui garantit la coh\u00e9rence et la qualit\u00e9.<\/li>\n<li>Conviennent aux projets avec contr\u00f4le de l&rsquo;ex\u00e9cution, ce qui permet de r\u00e9duire le coefficient de majoration des actions et de r\u00e9aliser des \u00e9conomies directes sur le co\u00fbt de l&rsquo;\u00e9l\u00e9ment structurel.<\/li>\n<li>Conformes \u00e0 la r\u00e9glementation en vigueur dans chaque pays, garantissant la s\u00e9curit\u00e9 et l&rsquo;homologation internationale.<\/li>\n<li>Fabriqu\u00e9s selon un syst\u00e8me int\u00e9gr\u00e9 de gestion de la qualit\u00e9, de l&rsquo;environnement, de la pr\u00e9vention et de la s\u00e9curit\u00e9 au travail, renfor\u00e7ant l&rsquo;engagement d&rsquo;ERSIGROUP en faveur de la durabilit\u00e9 et de la s\u00e9curit\u00e9.<\/li>\n<\/ul>\n<p>[\/et_pb_text][et_pb_text _builder_version=\u00a0\u00bb4.27.5&Prime; _module_preset=\u00a0\u00bbdefault\u00a0\u00bb text_font=\u00a0\u00bbMontserrat|700||on|||||\u00a0\u00bb text_text_color=\u00a0\u00bb#111111&Prime; text_font_size=\u00a0\u00bb24px\u00a0\u00bb text_line_height=\u00a0\u00bb1.4em\u00a0\u00bb width=\u00a0\u00bb250px\u00a0\u00bb module_alignment=\u00a0\u00bbleft\u00a0\u00bb custom_padding=\u00a0\u00bb||10px||false|false\u00a0\u00bb border_width_bottom=\u00a0\u00bb3px\u00a0\u00bb border_color_bottom=\u00a0\u00bb#0a626c\u00a0\u00bb global_colors_info=\u00a0\u00bb{}\u00a0\u00bb]Avantages cl\u00e9s[\/et_pb_text][et_pb_text _builder_version=\u00a0\u00bb4.27.5&Prime; _module_preset=\u00a0\u00bbdefault\u00a0\u00bb custom_padding=\u00a0\u00bb|||30px|false|false\u00a0\u00bb global_colors_info=\u00a0\u00bb{}\u00a0\u00bb]<\/p>\n<ul>\n<li>Ils n\u00e9cessitent un montage traditionnel sur chantier, ce qui apporte une certaine flexibilit\u00e9 dans les projets comportant des \u00e9l\u00e9ments non pr\u00e9fabriqu\u00e9s.\n<\/li>\n<li>Ils compl\u00e8tent les armatures pr\u00e9fabriqu\u00e9es, offrant des solutions mixtes qui \u00e9quilibrent industrialisation et adaptabilit\u00e9.<\/li>\n<\/ul>\n<p>[\/et_pb_text][dsm_image_carousel gallery_ids=\u00a0\u00bb4396228,4396229,4396230,4396231,4396232,4396233,4396234,4396235,4396236&Prime; slider_type=\u00a0\u00bbslideshow\u00a0\u00bb _builder_version=\u00a0\u00bb4.27.4&Prime; _module_preset=\u00a0\u00bbdefault\u00a0\u00bb global_colors_info=\u00a0\u00bb{}\u00a0\u00bb][\/dsm_image_carousel][\/et_pb_column][\/et_pb_row][\/et_pb_section]<\/p>\n","protected":false},"excerpt":{"rendered":"<p>Armures industrielles \u00e9labor\u00e9es<div class=\"et_pb_module dsm_breadcrumbs dsm_breadcrumbs_0\">\n\t\t\t\t\n\t\t\t\t\n\t\t\t\t\n\t\t\t\t\n\t\t\t\t\n\t\t\t\t\n\t\t\t\t<div class=\"et_pb_module_inner\">\n\t\t\t\t\t<nav class=\"dsm_breadcrumbs_wrap\">\n\t\t\t\t<ul class=\"dsm_breadcrumbs\" itemscope itemtype=\"https:\/\/schema.org\/BreadcrumbList\">\t\t\t<li class=\"dsm_breadcrumbs_item dsm_home_item dsm_home_item_custom\" itemprop=\"itemListElement\" itemscope\n\t\t\titemtype=\"https:\/\/schema.org\/ListItem\">\n\t\t\t\t<a href=\"https:\/\/www.ersigroup.com\/fr\/\" itemprop=\"item\" target=\"\">\n\t\t\t\t\t<span class='dsm_home_text_wrapper'>\n\t\t\t\t\t\t\t\t\t\t\t\t\t<span class=\"et-pb-icon dsm_home_icon\">\ue009<\/span>\n\t\t\t\t\t\t\t\t\t\t\t\t\t<span class=\"dsm_home_text\" itemprop=\"name\">\n\t\t\t\t\t\t\t\tHome\t\t\t\t\t\t\t<\/span>\n\t\t\t\t\t<\/span>\n\t\t\t\t<\/a>\n\t\t\t\t<meta itemprop=\"position\" content=\"1\" \/>\n\t\t\t<\/li>\n\n\t\t<li class=\"dsm_breadcrumbs_separator\"> <span class=\"et-pb-icon dsm_separator_icon\">5<\/span><\/li><\/ul>\n\t\t\t<\/nav>\n\t\t\t\t<\/div>\n\t\t\t<\/div>DESCRIPTIONLes armatures industrielles \u00e9labor\u00e9es sont des \u00e9l\u00e9ments unitaires, d\u00e9finis dans les plans d&rsquo;ex\u00e9cution, qui constituent l&rsquo;armature des structures en b\u00e9ton. Elles constituent la base du renforcement structurel et garantissent la fiabilit\u00e9 \u00e0 chaque phase du projet.Principales caract\u00e9ristiques Fabrication industrielle \u00e0 partir de rouleaux ou de barres ondul\u00e9es en acier, par des processus de redressage, de d\u00e9coupe et de pliage. Production dans une usine industrielle fixe, avec un syst\u00e8me de certification volontaire qui garantit la coh\u00e9rence et la qualit\u00e9. Conviennent aux projets avec contr\u00f4le de l&rsquo;ex\u00e9cution, ce qui permet de r\u00e9duire le coefficient de majoration des actions et de r\u00e9aliser des \u00e9conomies directes sur le co\u00fbt de l&rsquo;\u00e9l\u00e9ment structurel. Conformes \u00e0 la r\u00e9glementation en vigueur dans chaque pays, garantissant la s\u00e9curit\u00e9 et l&rsquo;homologation internationale. Fabriqu\u00e9s selon un syst\u00e8me int\u00e9gr\u00e9 de gestion de la qualit\u00e9, de l&rsquo;environnement, de la pr\u00e9vention et de la s\u00e9curit\u00e9 au travail, renfor\u00e7ant l&rsquo;engagement d&rsquo;ERSIGROUP en faveur de la durabilit\u00e9 et de la s\u00e9curit\u00e9. Avantages cl\u00e9s Ils n\u00e9cessitent un montage traditionnel sur chantier, ce qui apporte une certaine flexibilit\u00e9 dans les projets comportant des \u00e9l\u00e9ments non pr\u00e9fabriqu\u00e9s. Ils compl\u00e8tent les armatures pr\u00e9fabriqu\u00e9es, offrant des solutions mixtes qui \u00e9quilibrent industrialisation [&hellip;]<\/p>\n","protected":false},"author":1,"featured_media":0,"parent":4398463,"menu_order":0,"comment_status":"closed","ping_status":"closed","template":"","meta":{"_et_pb_use_builder":"on","_et_pb_old_content":"","_et_gb_content_width":"","footnotes":""},"class_list":["post-4398489","page","type-page","status-publish","hentry"],"_links":{"self":[{"href":"https:\/\/www.ersigroup.com\/fr\/wp-json\/wp\/v2\/pages\/4398489","targetHints":{"allow":["GET"]}}],"collection":[{"href":"https:\/\/www.ersigroup.com\/fr\/wp-json\/wp\/v2\/pages"}],"about":[{"href":"https:\/\/www.ersigroup.com\/fr\/wp-json\/wp\/v2\/types\/page"}],"author":[{"embeddable":true,"href":"https:\/\/www.ersigroup.com\/fr\/wp-json\/wp\/v2\/users\/1"}],"replies":[{"embeddable":true,"href":"https:\/\/www.ersigroup.com\/fr\/wp-json\/wp\/v2\/comments?post=4398489"}],"version-history":[{"count":5,"href":"https:\/\/www.ersigroup.com\/fr\/wp-json\/wp\/v2\/pages\/4398489\/revisions"}],"predecessor-version":[{"id":4402839,"href":"https:\/\/www.ersigroup.com\/fr\/wp-json\/wp\/v2\/pages\/4398489\/revisions\/4402839"}],"up":[{"embeddable":true,"href":"https:\/\/www.ersigroup.com\/fr\/wp-json\/wp\/v2\/pages\/4398463"}],"wp:attachment":[{"href":"https:\/\/www.ersigroup.com\/fr\/wp-json\/wp\/v2\/media?parent=4398489"}],"curies":[{"name":"wp","href":"https:\/\/api.w.org\/{rel}","templated":true}]}}