{"id":4398481,"date":"2025-08-20T13:20:54","date_gmt":"2025-08-20T11:20:54","guid":{"rendered":"https:\/\/desw.ersigroup.com\/productos\/adaptacion-de-planos\/"},"modified":"2026-02-04T07:20:30","modified_gmt":"2026-02-04T06:20:30","slug":"adaptation-des-plans","status":"publish","type":"page","link":"https:\/\/www.ersigroup.com\/fr\/produits-et-services\/adaptation-des-plans\/","title":{"rendered":"Adaptation des plans"},"content":{"rendered":"<p>[et_pb_section fb_built=\u00a0\u00bb1&Prime; _builder_version=\u00a0\u00bb4.27.5&Prime; _module_preset=\u00a0\u00bbdefault\u00a0\u00bb background_color=\u00a0\u00bbrgba(255,255,255,0.75)\u00a0\u00bb background_image=\u00a0\u00bbhttps:\/\/www.ersigroup.com\/wp-content\/uploads\/2025\/08\/bg-2.jpg\u00a0\u00bb background_blend=\u00a0\u00bbsoft-light\u00a0\u00bb custom_margin=\u00a0\u00bb||||false|false\u00a0\u00bb hover_enabled=\u00a0\u00bb0&Prime; da_disable_devices=\u00a0\u00bboff|off|off\u00a0\u00bb global_colors_info=\u00a0\u00bb{}\u00a0\u00bb module_id=\u00a0\u00bbfixcabecera\u00a0\u00bb admin_label=\u00a0\u00bbSection\u00a0\u00bb da_is_popup=\u00a0\u00bboff\u00a0\u00bb da_popup_slug=\u00a0\u00bbfixcabecera\u00a0\u00bb da_exit_intent=\u00a0\u00bboff\u00a0\u00bb da_has_close=\u00a0\u00bbon\u00a0\u00bb da_alt_close=\u00a0\u00bboff\u00a0\u00bb da_dark_close=\u00a0\u00bboff\u00a0\u00bb da_not_modal=\u00a0\u00bbon\u00a0\u00bb da_is_singular=\u00a0\u00bboff\u00a0\u00bb da_with_loader=\u00a0\u00bboff\u00a0\u00bb da_has_shadow=\u00a0\u00bbon\u00a0\u00bb sticky_enabled=\u00a0\u00bb0&Prime;][et_pb_row _builder_version=\u00a0\u00bb4.27.4&Prime; _module_preset=\u00a0\u00bbdefault\u00a0\u00bb global_colors_info=\u00a0\u00bb{}\u00a0\u00bb][et_pb_column type=\u00a0\u00bb4_4&Prime; _builder_version=\u00a0\u00bb4.27.4&Prime; _module_preset=\u00a0\u00bbdefault\u00a0\u00bb global_colors_info=\u00a0\u00bb{}\u00a0\u00bb][et_pb_text _builder_version=\u00a0\u00bb4.27.5&Prime; _module_preset=\u00a0\u00bbdefault\u00a0\u00bb global_colors_info=\u00a0\u00bb{}\u00a0\u00bb]<\/p>\n<h1 style=\"text-align: center;\">Adaptation des plans<\/h1>\n<p>[\/et_pb_text][dsm_breadcrumbs align=\u00a0\u00bbcenter\u00a0\u00bb _builder_version=\u00a0\u00bb4.27.4&Prime; _module_preset=\u00a0\u00bbdefault\u00a0\u00bb items_font=\u00a0\u00bb|600|||||||\u00a0\u00bb items_text_color=\u00a0\u00bb#111111&Prime; separators_text_color=\u00a0\u00bb#cccccc\u00a0\u00bb global_colors_info=\u00a0\u00bb{}\u00a0\u00bb][\/dsm_breadcrumbs][\/et_pb_column][\/et_pb_row][\/et_pb_section][et_pb_section fb_built=\u00a0\u00bb1&Prime; _builder_version=\u00a0\u00bb4.27.4&Prime; _module_preset=\u00a0\u00bbdefault\u00a0\u00bb da_disable_devices=\u00a0\u00bboff|off|off\u00a0\u00bb global_colors_info=\u00a0\u00bb{}\u00a0\u00bb admin_label=\u00a0\u00bbSection\u00a0\u00bb da_is_popup=\u00a0\u00bboff\u00a0\u00bb da_exit_intent=\u00a0\u00bboff\u00a0\u00bb da_has_close=\u00a0\u00bbon\u00a0\u00bb da_alt_close=\u00a0\u00bboff\u00a0\u00bb da_dark_close=\u00a0\u00bboff\u00a0\u00bb da_not_modal=\u00a0\u00bbon\u00a0\u00bb da_is_singular=\u00a0\u00bboff\u00a0\u00bb da_with_loader=\u00a0\u00bboff\u00a0\u00bb da_has_shadow=\u00a0\u00bbon\u00a0\u00bb][et_pb_row _builder_version=\u00a0\u00bb4.27.4&Prime; _module_preset=\u00a0\u00bbdefault\u00a0\u00bb global_colors_info=\u00a0\u00bb{}\u00a0\u00bb][et_pb_column type=\u00a0\u00bb4_4&Prime; _builder_version=\u00a0\u00bb4.27.4&Prime; _module_preset=\u00a0\u00bbdefault\u00a0\u00bb global_colors_info=\u00a0\u00bb{}\u00a0\u00bb][et_pb_text _builder_version=\u00a0\u00bb4.27.5&Prime; _module_preset=\u00a0\u00bbdefault\u00a0\u00bb global_colors_info=\u00a0\u00bb{}\u00a0\u00bb]<\/p>\n<p style=\"text-align: justify;\">Chez <strong><span style=\"color: #0a626c;\">ERSIGROUP<\/span><\/strong> nous transformons les projets con\u00e7us avec des armatures conventionnelles en solutions industrialis\u00e9es gr\u00e2ce \u00e0 l&rsquo;utilisation d&rsquo;armatures standard. Notre objectif est d&rsquo;offrir une plus grande fiabilit\u00e9, rapidit\u00e9 et contr\u00f4le dans la r\u00e9alisation de structures en b\u00e9ton arm\u00e9.\n<\/p>\n<p>[\/et_pb_text][et_pb_text _builder_version=\u00a0\u00bb4.27.5&Prime; _module_preset=\u00a0\u00bbdefault\u00a0\u00bb text_font=\u00a0\u00bbMontserrat|700||on|||||\u00a0\u00bb text_text_color=\u00a0\u00bb#111111&Prime; text_font_size=\u00a0\u00bb24px\u00a0\u00bb text_line_height=\u00a0\u00bb1.4em\u00a0\u00bb width=\u00a0\u00bb450px\u00a0\u00bb module_alignment=\u00a0\u00bbleft\u00a0\u00bb custom_padding=\u00a0\u00bb||10px||false|false\u00a0\u00bb border_width_bottom=\u00a0\u00bb3px\u00a0\u00bb border_color_bottom=\u00a0\u00bb#0a626c\u00a0\u00bb global_colors_info=\u00a0\u00bb{}\u00a0\u00bb]Principales caract\u00e9ristiques[\/et_pb_text][\/et_pb_column][\/et_pb_row][et_pb_row _builder_version=\u00a0\u00bb4.27.4&Prime; _module_preset=\u00a0\u00bbdefault\u00a0\u00bb global_colors_info=\u00a0\u00bb{}\u00a0\u00bb][et_pb_column type=\u00a0\u00bb4_4&Prime; _builder_version=\u00a0\u00bb4.27.4&Prime; _module_preset=\u00a0\u00bbdefault\u00a0\u00bb global_colors_info=\u00a0\u00bb{}\u00a0\u00bb][et_pb_text _builder_version=\u00a0\u00bb4.27.5&Prime; _module_preset=\u00a0\u00bbdefault\u00a0\u00bb global_colors_info=\u00a0\u00bb{}\u00a0\u00bb]<\/p>\n<ul>\n<li>Utilisation d&rsquo;armatures certifi\u00e9es, produites dans des installations fixes sous un syst\u00e8me de gestion int\u00e9gr\u00e9 de la qualit\u00e9.\n<\/li>\n<li>Garantie du contr\u00f4le de l&rsquo;ex\u00e9cution, assurant la tra\u00e7abilit\u00e9 et le respect des sp\u00e9cifications du projet.<\/li>\n<li>Application imm\u00e9diate dans l&rsquo;assemblage des \u00e9l\u00e9ments structurels de tout b\u00e2timent.\n<\/li>\n<li>Disponibilit\u00e9 imm\u00e9diate, gr\u00e2ce \u00e0 l&rsquo;existence d&rsquo;un stock permanent d&rsquo;armatures industrielles.<\/li>\n<\/ul>\n<p>[\/et_pb_text][et_pb_text _builder_version=\u00a0\u00bb4.27.5&Prime; _module_preset=\u00a0\u00bbdefault\u00a0\u00bb text_font=\u00a0\u00bbMontserrat|700||on|||||\u00a0\u00bb text_text_color=\u00a0\u00bb#111111&Prime; text_font_size=\u00a0\u00bb24px\u00a0\u00bb text_line_height=\u00a0\u00bb1.4em\u00a0\u00bb width=\u00a0\u00bb250px\u00a0\u00bb module_alignment=\u00a0\u00bbleft\u00a0\u00bb custom_padding=\u00a0\u00bb||10px||false|false\u00a0\u00bb border_width_bottom=\u00a0\u00bb3px\u00a0\u00bb border_color_bottom=\u00a0\u00bb#0a626c\u00a0\u00bb global_colors_info=\u00a0\u00bb{}\u00a0\u00bb]Avantages cl\u00e9s[\/et_pb_text][et_pb_text _builder_version=\u00a0\u00bb4.27.5&Prime; _module_preset=\u00a0\u00bbdefault\u00a0\u00bb global_colors_info=\u00a0\u00bb{}\u00a0\u00bb]L&rsquo;adaptation \u00e0 des solutions industrialis\u00e9es permet de r\u00e9duire les d\u00e9lais des projets, de minimiser les risques d&rsquo;erreurs lors du montage et de garantir un niveau de qualit\u00e9 constant \u00e0 chaque \u00e9tape du projet.[\/et_pb_text][\/et_pb_column][\/et_pb_row][\/et_pb_section]<\/p>\n","protected":false},"excerpt":{"rendered":"<p>Adaptation des plans<div class=\"et_pb_module dsm_breadcrumbs dsm_breadcrumbs_0\">\n\t\t\t\t\n\t\t\t\t\n\t\t\t\t\n\t\t\t\t\n\t\t\t\t\n\t\t\t\t\n\t\t\t\t<div class=\"et_pb_module_inner\">\n\t\t\t\t\t<nav class=\"dsm_breadcrumbs_wrap\">\n\t\t\t\t<ul class=\"dsm_breadcrumbs\" itemscope itemtype=\"https:\/\/schema.org\/BreadcrumbList\">\t\t\t<li class=\"dsm_breadcrumbs_item dsm_home_item dsm_home_item_custom\" itemprop=\"itemListElement\" itemscope\n\t\t\titemtype=\"https:\/\/schema.org\/ListItem\">\n\t\t\t\t<a href=\"https:\/\/www.ersigroup.com\/fr\/\" itemprop=\"item\" target=\"\">\n\t\t\t\t\t<span class='dsm_home_text_wrapper'>\n\t\t\t\t\t\t\t\t\t\t\t\t\t<span class=\"et-pb-icon dsm_home_icon\">\ue009<\/span>\n\t\t\t\t\t\t\t\t\t\t\t\t\t<span class=\"dsm_home_text\" itemprop=\"name\">\n\t\t\t\t\t\t\t\tHome\t\t\t\t\t\t\t<\/span>\n\t\t\t\t\t<\/span>\n\t\t\t\t<\/a>\n\t\t\t\t<meta itemprop=\"position\" content=\"1\" \/>\n\t\t\t<\/li>\n\n\t\t<li class=\"dsm_breadcrumbs_separator\"> <span class=\"et-pb-icon dsm_separator_icon\">5<\/span><\/li><\/ul>\n\t\t\t<\/nav>\n\t\t\t\t<\/div>\n\t\t\t<\/div>Chez ERSIGROUP nous transformons les projets con\u00e7us avec des armatures conventionnelles en solutions industrialis\u00e9es gr\u00e2ce \u00e0 l&rsquo;utilisation d&rsquo;armatures standard. Notre objectif est d&rsquo;offrir une plus grande fiabilit\u00e9, rapidit\u00e9 et contr\u00f4le dans la r\u00e9alisation de structures en b\u00e9ton arm\u00e9. Principales caract\u00e9ristiques Utilisation d&rsquo;armatures certifi\u00e9es, produites dans des installations fixes sous un syst\u00e8me de gestion int\u00e9gr\u00e9 de la qualit\u00e9. Garantie du contr\u00f4le de l&rsquo;ex\u00e9cution, assurant la tra\u00e7abilit\u00e9 et le respect des sp\u00e9cifications du projet. Application imm\u00e9diate dans l&rsquo;assemblage des \u00e9l\u00e9ments structurels de tout b\u00e2timent. Disponibilit\u00e9 imm\u00e9diate, gr\u00e2ce \u00e0 l&rsquo;existence d&rsquo;un stock permanent d&rsquo;armatures industrielles. Avantages cl\u00e9sL&rsquo;adaptation \u00e0 des solutions industrialis\u00e9es permet de r\u00e9duire les d\u00e9lais des projets, de minimiser les risques d&rsquo;erreurs lors du montage et de garantir un niveau de qualit\u00e9 constant \u00e0 chaque \u00e9tape du projet.<\/p>\n","protected":false},"author":1,"featured_media":0,"parent":4398463,"menu_order":0,"comment_status":"closed","ping_status":"closed","template":"","meta":{"_et_pb_use_builder":"on","_et_pb_old_content":"","_et_gb_content_width":"","footnotes":""},"class_list":["post-4398481","page","type-page","status-publish","hentry"],"_links":{"self":[{"href":"https:\/\/www.ersigroup.com\/fr\/wp-json\/wp\/v2\/pages\/4398481","targetHints":{"allow":["GET"]}}],"collection":[{"href":"https:\/\/www.ersigroup.com\/fr\/wp-json\/wp\/v2\/pages"}],"about":[{"href":"https:\/\/www.ersigroup.com\/fr\/wp-json\/wp\/v2\/types\/page"}],"author":[{"embeddable":true,"href":"https:\/\/www.ersigroup.com\/fr\/wp-json\/wp\/v2\/users\/1"}],"replies":[{"embeddable":true,"href":"https:\/\/www.ersigroup.com\/fr\/wp-json\/wp\/v2\/comments?post=4398481"}],"version-history":[{"count":5,"href":"https:\/\/www.ersigroup.com\/fr\/wp-json\/wp\/v2\/pages\/4398481\/revisions"}],"predecessor-version":[{"id":4402836,"href":"https:\/\/www.ersigroup.com\/fr\/wp-json\/wp\/v2\/pages\/4398481\/revisions\/4402836"}],"up":[{"embeddable":true,"href":"https:\/\/www.ersigroup.com\/fr\/wp-json\/wp\/v2\/pages\/4398463"}],"wp:attachment":[{"href":"https:\/\/www.ersigroup.com\/fr\/wp-json\/wp\/v2\/media?parent=4398481"}],"curies":[{"name":"wp","href":"https:\/\/api.w.org\/{rel}","templated":true}]}}