{"id":4398472,"date":"2025-08-20T09:49:31","date_gmt":"2025-08-20T07:49:31","guid":{"rendered":"https:\/\/desw.ersigroup.com\/productos\/racionalizacion-de-planos\/"},"modified":"2026-02-04T07:20:08","modified_gmt":"2026-02-04T06:20:08","slug":"rationalisation-des-plans","status":"publish","type":"page","link":"https:\/\/www.ersigroup.com\/fr\/produits-et-services\/rationalisation-des-plans\/","title":{"rendered":"Rationalisation des plans"},"content":{"rendered":"<p>[et_pb_section fb_built=\u00a0\u00bb1&Prime; _builder_version=\u00a0\u00bb4.27.5&Prime; _module_preset=\u00a0\u00bbdefault\u00a0\u00bb background_color=\u00a0\u00bbrgba(255,255,255,0.75)\u00a0\u00bb background_image=\u00a0\u00bbhttps:\/\/www.ersigroup.com\/wp-content\/uploads\/2025\/08\/bg-2.jpg\u00a0\u00bb background_blend=\u00a0\u00bbsoft-light\u00a0\u00bb custom_margin=\u00a0\u00bb||||false|false\u00a0\u00bb hover_enabled=\u00a0\u00bb0&Prime; da_disable_devices=\u00a0\u00bboff|off|off\u00a0\u00bb global_colors_info=\u00a0\u00bb{}\u00a0\u00bb module_id=\u00a0\u00bbfixcabecera\u00a0\u00bb admin_label=\u00a0\u00bbSection\u00a0\u00bb da_is_popup=\u00a0\u00bboff\u00a0\u00bb da_popup_slug=\u00a0\u00bbfixcabecera\u00a0\u00bb da_exit_intent=\u00a0\u00bboff\u00a0\u00bb da_has_close=\u00a0\u00bbon\u00a0\u00bb da_alt_close=\u00a0\u00bboff\u00a0\u00bb da_dark_close=\u00a0\u00bboff\u00a0\u00bb da_not_modal=\u00a0\u00bbon\u00a0\u00bb da_is_singular=\u00a0\u00bboff\u00a0\u00bb da_with_loader=\u00a0\u00bboff\u00a0\u00bb da_has_shadow=\u00a0\u00bbon\u00a0\u00bb sticky_enabled=\u00a0\u00bb0&Prime;][et_pb_row _builder_version=\u00a0\u00bb4.27.4&Prime; _module_preset=\u00a0\u00bbdefault\u00a0\u00bb global_colors_info=\u00a0\u00bb{}\u00a0\u00bb][et_pb_column type=\u00a0\u00bb4_4&Prime; _builder_version=\u00a0\u00bb4.27.4&Prime; _module_preset=\u00a0\u00bbdefault\u00a0\u00bb global_colors_info=\u00a0\u00bb{}\u00a0\u00bb][et_pb_text _builder_version=\u00a0\u00bb4.27.5&Prime; _module_preset=\u00a0\u00bbdefault\u00a0\u00bb global_colors_info=\u00a0\u00bb{}\u00a0\u00bb]<\/p>\n<h1 style=\"text-align: center;\">Rationalisation des plans<\/h1>\n<p>[\/et_pb_text][dsm_breadcrumbs align=\u00a0\u00bbcenter\u00a0\u00bb _builder_version=\u00a0\u00bb4.27.4&Prime; _module_preset=\u00a0\u00bbdefault\u00a0\u00bb items_font=\u00a0\u00bb|600|||||||\u00a0\u00bb items_text_color=\u00a0\u00bb#111111&Prime; separators_text_color=\u00a0\u00bb#cccccc\u00a0\u00bb global_colors_info=\u00a0\u00bb{}\u00a0\u00bb][\/dsm_breadcrumbs][\/et_pb_column][\/et_pb_row][\/et_pb_section][et_pb_section fb_built=\u00a0\u00bb1&Prime; _builder_version=\u00a0\u00bb4.27.4&Prime; _module_preset=\u00a0\u00bbdefault\u00a0\u00bb da_disable_devices=\u00a0\u00bboff|off|off\u00a0\u00bb global_colors_info=\u00a0\u00bb{}\u00a0\u00bb admin_label=\u00a0\u00bbSection\u00a0\u00bb da_is_popup=\u00a0\u00bboff\u00a0\u00bb da_exit_intent=\u00a0\u00bboff\u00a0\u00bb da_has_close=\u00a0\u00bbon\u00a0\u00bb da_alt_close=\u00a0\u00bboff\u00a0\u00bb da_dark_close=\u00a0\u00bboff\u00a0\u00bb da_not_modal=\u00a0\u00bbon\u00a0\u00bb da_is_singular=\u00a0\u00bboff\u00a0\u00bb da_with_loader=\u00a0\u00bboff\u00a0\u00bb da_has_shadow=\u00a0\u00bbon\u00a0\u00bb][et_pb_row _builder_version=\u00a0\u00bb4.27.4&Prime; _module_preset=\u00a0\u00bbdefault\u00a0\u00bb global_colors_info=\u00a0\u00bb{}\u00a0\u00bb][et_pb_column type=\u00a0\u00bb4_4&Prime; _builder_version=\u00a0\u00bb4.27.4&Prime; _module_preset=\u00a0\u00bbdefault\u00a0\u00bb global_colors_info=\u00a0\u00bb{}\u00a0\u00bb][et_pb_text _builder_version=\u00a0\u00bb4.27.5&Prime; _module_preset=\u00a0\u00bbdefault\u00a0\u00bb global_colors_info=\u00a0\u00bb{}\u00a0\u00bb]<\/p>\n<p style=\"text-align: justify;\">Chez <strong><span style=\"color: #0a626c;\">ERSIGROUP<\/span><\/strong> nous proposons des services de collaboration technique et d&rsquo;assistance sp\u00e9cialis\u00e9e afin d&rsquo;optimiser l&rsquo;utilisation de nos produits dans les projets de b\u00e9ton arm\u00e9. Notre objectif est de garantir des structures plus efficaces, plus rapides \u00e0 r\u00e9aliser et moins co\u00fbteuses globalement.\n<\/p>\n<p>[\/et_pb_text][et_pb_text _builder_version=\u00a0\u00bb4.27.5&Prime; _module_preset=\u00a0\u00bbdefault\u00a0\u00bb text_font=\u00a0\u00bbMontserrat|700||on|||||\u00a0\u00bb text_text_color=\u00a0\u00bb#111111&Prime; text_font_size=\u00a0\u00bb24px\u00a0\u00bb text_line_height=\u00a0\u00bb1.4em\u00a0\u00bb width=\u00a0\u00bb320px\u00a0\u00bb module_alignment=\u00a0\u00bbleft\u00a0\u00bb custom_padding=\u00a0\u00bb||10px||false|false\u00a0\u00bb border_width_bottom=\u00a0\u00bb3px\u00a0\u00bb border_color_bottom=\u00a0\u00bb#0a626c\u00a0\u00bb global_colors_info=\u00a0\u00bb{}\u00a0\u00bb]Principaux services[\/et_pb_text][et_pb_text _builder_version=\u00a0\u00bb4.27.5&Prime; _module_preset=\u00a0\u00bbdefault\u00a0\u00bb custom_padding=\u00a0\u00bb|||30px|false|false\u00a0\u00bb global_colors_info=\u00a0\u00bb{}\u00a0\u00bb]<\/p>\n<ul>\n<li>Modifications du projet : rationalisation des armatures et optimisation des processus de montage sur chantier.<\/li>\n<li>Contr\u00f4le et r\u00e9vision des plans d&rsquo;ex\u00e9cution des armatures, afin de garantir leur interpr\u00e9tation correcte et leur viabilit\u00e9 constructive.<\/li>\n<li>Plans de montage par phases, con\u00e7us pour faciliter une ex\u00e9cution ordonn\u00e9e et efficace.<\/li>\n<li>\u00c9tude, conception et design de moules et de parcs de pr\u00e9fabrication sur chantier.<\/li>\n<li>Solutions industrielles d&rsquo;armature, qui remplacent les processus artisanaux par des syst\u00e8mes pr\u00e9fabriqu\u00e9s plus rapides et plus fiables.<\/li>\n<\/ul>\n<p>[\/et_pb_text][et_pb_text _builder_version=\u00a0\u00bb4.27.5&Prime; _module_preset=\u00a0\u00bbdefault\u00a0\u00bb text_font=\u00a0\u00bbMontserrat|700||on|||||\u00a0\u00bb text_text_color=\u00a0\u00bb#111111&Prime; text_font_size=\u00a0\u00bb24px\u00a0\u00bb text_line_height=\u00a0\u00bb1.4em\u00a0\u00bb width=\u00a0\u00bb240px\u00a0\u00bb module_alignment=\u00a0\u00bbleft\u00a0\u00bb custom_padding=\u00a0\u00bb||10px||false|false\u00a0\u00bb border_width_bottom=\u00a0\u00bb3px\u00a0\u00bb border_color_bottom=\u00a0\u00bb#0a626c\u00a0\u00bb global_colors_info=\u00a0\u00bb{}\u00a0\u00bb]Avantages cl\u00e9s[\/et_pb_text][et_pb_text _builder_version=\u00a0\u00bb4.27.5&Prime; _module_preset=\u00a0\u00bbdefault\u00a0\u00bb custom_padding=\u00a0\u00bb|||30px|false|false\u00a0\u00bb global_colors_info=\u00a0\u00bb{}\u00a0\u00bb]<\/p>\n<ul>\n<li style=\"font-weight: 400;\" aria-level=\"3\"><span style=\"font-weight: 400;\">Des exemples pratiques montrent comment un projet conventionnel peut \u00eatre transform\u00e9 gr\u00e2ce \u00e0 l&rsquo;utilisation d&rsquo;armatures industrielles, ce qui r\u00e9duit les d\u00e9lais et am\u00e9liore la qualit\u00e9.<br \/>\n<\/span><\/li>\n<li style=\"font-weight: 400;\" aria-level=\"3\"><span style=\"font-weight: 400;\">Bien que le co\u00fbt de la structure ne repr\u00e9sente que 15 \u00e0 20 % du budget total du projet, il peut repr\u00e9senter jusqu&rsquo;\u00e0 50 % du temps d&rsquo;ex\u00e9cution. D&rsquo;o\u00f9 l&rsquo;importance d&rsquo;une analyse rigoureuse des m\u00e9thodes de construction.<\/span><\/li>\n<li style=\"font-weight: 400;\" aria-level=\"3\"><span style=\"font-weight: 400;\">Dans les structures, les armatures repr\u00e9sentent un tiers du co\u00fbt par m\u00b3 de b\u00e9ton arm\u00e9 coul\u00e9. L&rsquo;optimisation de leur production et de leur montage permet de r\u00e9aliser des \u00e9conomies significatives.<\/span><\/li>\n<li style=\"font-weight: 400;\" aria-level=\"3\"><span style=\"font-weight: 400;\">L&rsquo;industrialisation de l&rsquo;armature permet de remplacer les processus manuels par des solutions automatis\u00e9es, avec des avantages \u00e9vidents en termes de s\u00e9curit\u00e9, de qualit\u00e9 et de productivit\u00e9.<br \/>\n<\/span><\/li>\n<\/ul>\n<p>[\/et_pb_text][\/et_pb_column][\/et_pb_row][\/et_pb_section]<\/p>\n","protected":false},"excerpt":{"rendered":"<p>Rationalisation des plans<div class=\"et_pb_module dsm_breadcrumbs dsm_breadcrumbs_0\">\n\t\t\t\t\n\t\t\t\t\n\t\t\t\t\n\t\t\t\t\n\t\t\t\t\n\t\t\t\t\n\t\t\t\t<div class=\"et_pb_module_inner\">\n\t\t\t\t\t<nav class=\"dsm_breadcrumbs_wrap\">\n\t\t\t\t<ul class=\"dsm_breadcrumbs\" itemscope itemtype=\"https:\/\/schema.org\/BreadcrumbList\">\t\t\t<li class=\"dsm_breadcrumbs_item dsm_home_item dsm_home_item_custom\" itemprop=\"itemListElement\" itemscope\n\t\t\titemtype=\"https:\/\/schema.org\/ListItem\">\n\t\t\t\t<a href=\"https:\/\/www.ersigroup.com\/fr\/\" itemprop=\"item\" target=\"\">\n\t\t\t\t\t<span class='dsm_home_text_wrapper'>\n\t\t\t\t\t\t\t\t\t\t\t\t\t<span class=\"et-pb-icon dsm_home_icon\">\ue009<\/span>\n\t\t\t\t\t\t\t\t\t\t\t\t\t<span class=\"dsm_home_text\" itemprop=\"name\">\n\t\t\t\t\t\t\t\tHome\t\t\t\t\t\t\t<\/span>\n\t\t\t\t\t<\/span>\n\t\t\t\t<\/a>\n\t\t\t\t<meta itemprop=\"position\" content=\"1\" \/>\n\t\t\t<\/li>\n\n\t\t<li class=\"dsm_breadcrumbs_separator\"> <span class=\"et-pb-icon dsm_separator_icon\">5<\/span><\/li><\/ul>\n\t\t\t<\/nav>\n\t\t\t\t<\/div>\n\t\t\t<\/div>Chez ERSIGROUP nous proposons des services de collaboration technique et d&rsquo;assistance sp\u00e9cialis\u00e9e afin d&rsquo;optimiser l&rsquo;utilisation de nos produits dans les projets de b\u00e9ton arm\u00e9. Notre objectif est de garantir des structures plus efficaces, plus rapides \u00e0 r\u00e9aliser et moins co\u00fbteuses globalement. Principaux services Modifications du projet : rationalisation des armatures et optimisation des processus de montage sur chantier. Contr\u00f4le et r\u00e9vision des plans d&rsquo;ex\u00e9cution des armatures, afin de garantir leur interpr\u00e9tation correcte et leur viabilit\u00e9 constructive. Plans de montage par phases, con\u00e7us pour faciliter une ex\u00e9cution ordonn\u00e9e et efficace. \u00c9tude, conception et design de moules et de parcs de pr\u00e9fabrication sur chantier. Solutions industrielles d&rsquo;armature, qui remplacent les processus artisanaux par des syst\u00e8mes pr\u00e9fabriqu\u00e9s plus rapides et plus fiables. Avantages cl\u00e9s Des exemples pratiques montrent comment un projet conventionnel peut \u00eatre transform\u00e9 gr\u00e2ce \u00e0 l&rsquo;utilisation d&rsquo;armatures industrielles, ce qui r\u00e9duit les d\u00e9lais et am\u00e9liore la qualit\u00e9. Bien que le co\u00fbt de la structure ne repr\u00e9sente que 15 \u00e0 20 % du budget total du projet, il peut repr\u00e9senter jusqu&rsquo;\u00e0 50 % du temps d&rsquo;ex\u00e9cution. D&rsquo;o\u00f9 l&rsquo;importance d&rsquo;une analyse rigoureuse des m\u00e9thodes de construction. Dans les structures, les armatures repr\u00e9sentent un tiers [&hellip;]<\/p>\n","protected":false},"author":1,"featured_media":0,"parent":4398463,"menu_order":0,"comment_status":"closed","ping_status":"closed","template":"","meta":{"_et_pb_use_builder":"on","_et_pb_old_content":"","_et_gb_content_width":"","footnotes":""},"class_list":["post-4398472","page","type-page","status-publish","hentry"],"_links":{"self":[{"href":"https:\/\/www.ersigroup.com\/fr\/wp-json\/wp\/v2\/pages\/4398472","targetHints":{"allow":["GET"]}}],"collection":[{"href":"https:\/\/www.ersigroup.com\/fr\/wp-json\/wp\/v2\/pages"}],"about":[{"href":"https:\/\/www.ersigroup.com\/fr\/wp-json\/wp\/v2\/types\/page"}],"author":[{"embeddable":true,"href":"https:\/\/www.ersigroup.com\/fr\/wp-json\/wp\/v2\/users\/1"}],"replies":[{"embeddable":true,"href":"https:\/\/www.ersigroup.com\/fr\/wp-json\/wp\/v2\/comments?post=4398472"}],"version-history":[{"count":5,"href":"https:\/\/www.ersigroup.com\/fr\/wp-json\/wp\/v2\/pages\/4398472\/revisions"}],"predecessor-version":[{"id":4402835,"href":"https:\/\/www.ersigroup.com\/fr\/wp-json\/wp\/v2\/pages\/4398472\/revisions\/4402835"}],"up":[{"embeddable":true,"href":"https:\/\/www.ersigroup.com\/fr\/wp-json\/wp\/v2\/pages\/4398463"}],"wp:attachment":[{"href":"https:\/\/www.ersigroup.com\/fr\/wp-json\/wp\/v2\/media?parent=4398472"}],"curies":[{"name":"wp","href":"https:\/\/api.w.org\/{rel}","templated":true}]}}