{"id":4398425,"date":"2025-08-06T11:02:24","date_gmt":"2025-08-06T09:02:24","guid":{"rendered":"https:\/\/desw.ersigroup.com\/partenaires\/ata-argelia\/"},"modified":"2026-02-04T07:18:45","modified_gmt":"2026-02-04T06:18:45","slug":"ata-argelia","status":"publish","type":"page","link":"https:\/\/www.ersigroup.com\/fr\/partenaires\/ata-argelia\/","title":{"rendered":"ATA (Argelia)"},"content":{"rendered":"<p>[et_pb_section fb_built=\u00a0\u00bb1&Prime; _builder_version=\u00a0\u00bb4.27.5&Prime; _module_preset=\u00a0\u00bbdefault\u00a0\u00bb background_color=\u00a0\u00bbrgba(255,255,255,0.75)\u00a0\u00bb background_image=\u00a0\u00bbhttps:\/\/www.ersigroup.com\/wp-content\/uploads\/2025\/10\/Contrato-ERSI-BNHz-scaled.jpg\u00a0\u00bb background_blend=\u00a0\u00bbsoft-light\u00a0\u00bb custom_margin=\u00a0\u00bb||||false|false\u00a0\u00bb custom_padding=\u00a0\u00bb||||false|false\u00a0\u00bb hover_enabled=\u00a0\u00bb0&Prime; da_disable_devices=\u00a0\u00bboff|off|off\u00a0\u00bb global_colors_info=\u00a0\u00bb{}\u00a0\u00bb module_id=\u00a0\u00bbfixcabecera\u00a0\u00bb admin_label=\u00a0\u00bbSection\u00a0\u00bb da_is_popup=\u00a0\u00bboff\u00a0\u00bb da_popup_slug=\u00a0\u00bbfixcabecera\u00a0\u00bb da_exit_intent=\u00a0\u00bboff\u00a0\u00bb da_has_close=\u00a0\u00bbon\u00a0\u00bb da_alt_close=\u00a0\u00bboff\u00a0\u00bb da_dark_close=\u00a0\u00bboff\u00a0\u00bb da_not_modal=\u00a0\u00bbon\u00a0\u00bb da_is_singular=\u00a0\u00bboff\u00a0\u00bb da_with_loader=\u00a0\u00bboff\u00a0\u00bb da_has_shadow=\u00a0\u00bbon\u00a0\u00bb sticky_enabled=\u00a0\u00bb0&Prime;][et_pb_row _builder_version=\u00a0\u00bb4.27.4&Prime; _module_preset=\u00a0\u00bbdefault\u00a0\u00bb global_colors_info=\u00a0\u00bb{}\u00a0\u00bb][et_pb_column type=\u00a0\u00bb4_4&Prime; _builder_version=\u00a0\u00bb4.27.4&Prime; _module_preset=\u00a0\u00bbdefault\u00a0\u00bb global_colors_info=\u00a0\u00bb{}\u00a0\u00bb][et_pb_text _builder_version=\u00a0\u00bb4.27.5&Prime; _module_preset=\u00a0\u00bbdefault\u00a0\u00bb global_colors_info=\u00a0\u00bb{}\u00a0\u00bb]<\/p>\n<h1 style=\"text-align: center;\">ATA SPA: Technology, integration and the future for construction development in Algeria<\/h1>\n<p>[\/et_pb_text][dsm_breadcrumbs align=\u00a0\u00bbcenter\u00a0\u00bb _builder_version=\u00a0\u00bb4.27.4&Prime; _module_preset=\u00a0\u00bbdefault\u00a0\u00bb items_font=\u00a0\u00bb|600|||||||\u00a0\u00bb items_text_color=\u00a0\u00bb#111111&Prime; separators_text_color=\u00a0\u00bb#cccccc\u00a0\u00bb global_colors_info=\u00a0\u00bb{}\u00a0\u00bb][\/dsm_breadcrumbs][\/et_pb_column][\/et_pb_row][\/et_pb_section][et_pb_section fb_built=\u00a0\u00bb1&Prime; _builder_version=\u00a0\u00bb4.27.4&Prime; _module_preset=\u00a0\u00bbdefault\u00a0\u00bb da_disable_devices=\u00a0\u00bboff|off|off\u00a0\u00bb global_colors_info=\u00a0\u00bb{}\u00a0\u00bb admin_label=\u00a0\u00bbSection\u00a0\u00bb da_is_popup=\u00a0\u00bboff\u00a0\u00bb da_exit_intent=\u00a0\u00bboff\u00a0\u00bb da_has_close=\u00a0\u00bbon\u00a0\u00bb da_alt_close=\u00a0\u00bboff\u00a0\u00bb da_dark_close=\u00a0\u00bboff\u00a0\u00bb da_not_modal=\u00a0\u00bbon\u00a0\u00bb da_is_singular=\u00a0\u00bboff\u00a0\u00bb da_with_loader=\u00a0\u00bboff\u00a0\u00bb da_has_shadow=\u00a0\u00bbon\u00a0\u00bb][et_pb_row _builder_version=\u00a0\u00bb4.27.4&Prime; _module_preset=\u00a0\u00bbdefault\u00a0\u00bb global_colors_info=\u00a0\u00bb{}\u00a0\u00bb][et_pb_column type=\u00a0\u00bb4_4&Prime; _builder_version=\u00a0\u00bb4.27.4&Prime; _module_preset=\u00a0\u00bbdefault\u00a0\u00bb global_colors_info=\u00a0\u00bb{}\u00a0\u00bb][et_pb_text _builder_version=\u00a0\u00bb4.27.5&Prime; _module_preset=\u00a0\u00bbdefault\u00a0\u00bb global_colors_info=\u00a0\u00bb{}\u00a0\u00bb]<\/p>\n<p style=\"text-align: justify;\"><strong><b><span style=\"color: #115e67; font-size: 18px;\">ATA (Alg\u00e9rie)<\/span><\/b><\/strong><\/p>\n<p style=\"text-align: justify;\"><strong>Armatures Techniques Alg\u00e9rie SPA (ATA SPA)<\/strong> est une alliance strat\u00e9gique constitu\u00e9e par <strong>ASICOM SPA<\/strong> <b><span style=\"color: #0a626c;\">ERSIGROUP<\/span><\/b>, dont l&rsquo;objectif est de promouvoir en Alg\u00e9rie un mod\u00e8le de d\u00e9veloppement industriel bas\u00e9 sur la mise en \u0153uvre de technologies de pointe appliqu\u00e9es \u00e0 la construction, tant en termes de solutions produits que de services \u00e0 forte valeur ajout\u00e9e.<\/p>\n<p style=\"text-align: justify;\">La soci\u00e9t\u00e9 est n\u00e9e avec une vocation claire de permanence et d&rsquo;ancrage local, en favorisant une \u00e9troite collaboration avec les professionnels du pays afin de promouvoir le transfert de connaissances, le d\u00e9veloppement des capacit\u00e9s techniques et la cr\u00e9ation d&rsquo;\u00e9cosyst\u00e8mes durables autour de l&rsquo;industrialisation de l&rsquo;acier pour les structures en b\u00e9ton arm\u00e9.<\/p>\n<p style=\"text-align: justify;\">ATA SPA se positionne comme un agent de transformation, orient\u00e9 vers l&rsquo;accompagnement de la modernisation du secteur de la construction en Alg\u00e9rie, \u00e0 travers<\/p>\n<ul>\n<li style=\"list-style-type: none;\">\n<ul>\n<li style=\"text-align: justify;\">la garantie des normes de qualit\u00e9 les plus \u00e9lev\u00e9es,<\/li>\n<li style=\"text-align: justify;\">l&rsquo;int\u00e9gration de techniques de construction de pointe,<\/li>\n<li style=\"text-align: justify;\">l&rsquo;am\u00e9lioration continue de l&rsquo;innovation et de l&rsquo;efficacit\u00e9,<\/li>\n<li style=\"text-align: justify;\">l&rsquo;engagement en faveur de la s\u00e9curit\u00e9 et de la sant\u00e9 au travail,<\/li>\n<li style=\"text-align: justify;\">l&rsquo;optimisation des ressources productives<\/li>\n<li style=\"text-align: justify;\">et le respect int\u00e9gral de l&rsquo;environnement.<\/li>\n<\/ul>\n<\/li>\n<\/ul>\n<p>[\/et_pb_text][et_pb_text _builder_version=\u00a0\u00bb4.27.5&Prime; _module_preset=\u00a0\u00bbdefault\u00a0\u00bb global_colors_info=\u00a0\u00bb{}\u00a0\u00bb]<\/p>\n<p style=\"text-align: justify;\">ECette approche permettra \u00e0 <strong>ATA SPA<\/strong> de devenir une r\u00e9f\u00e9rence nationale en mati\u00e8re de solutions industrialis\u00e9es pour les structures en b\u00e9ton, contribuant ainsi au progr\u00e8s technique et durable du tissu constructif du pays.<\/p>\n<p style=\"text-align: justify;\"><strong>ASICOM SPA<\/strong> est une soci\u00e9t\u00e9 d&rsquo;investissement alg\u00e9ro-saoudienne cr\u00e9\u00e9e dans le cadre d&rsquo;un accord institutionnel sign\u00e9 avec le minist\u00e8re des Finances alg\u00e9rien en 2004. Son activit\u00e9 favorise le d\u00e9veloppement \u00e9conomique du pays gr\u00e2ce \u00e0 des alliances strat\u00e9giques dans des secteurs cl\u00e9s.<\/p>\n<p style=\"text-align: justify;\"><b><span style=\"color: #0a626c;\">ERSIGROUP<\/span><\/b> est une entreprise mondiale sp\u00e9cialis\u00e9e dans l&rsquo;ing\u00e9nierie de d\u00e9tail, la fabrication industrielle, la fourniture et le montage de solutions en acier ondul\u00e9 pour les structures en b\u00e9ton arm\u00e9. Son exp\u00e9rience dans les grandes infrastructures et les b\u00e2timents \u00e0 travers le monde la positionne comme un partenaire technique de confiance sur les march\u00e9s les plus exigeants.<\/p>\n<p>&nbsp;[\/et_pb_text][\/et_pb_column][\/et_pb_row][\/et_pb_section]<\/p>\n","protected":false},"excerpt":{"rendered":"<p>ATA SPA: Technology, integration and the future for construction development in Algeria<div class=\"et_pb_module dsm_breadcrumbs dsm_breadcrumbs_0\">\n\t\t\t\t\n\t\t\t\t\n\t\t\t\t\n\t\t\t\t\n\t\t\t\t\n\t\t\t\t\n\t\t\t\t<div class=\"et_pb_module_inner\">\n\t\t\t\t\t<nav class=\"dsm_breadcrumbs_wrap\">\n\t\t\t\t<ul class=\"dsm_breadcrumbs\" itemscope itemtype=\"https:\/\/schema.org\/BreadcrumbList\">\t\t\t<li class=\"dsm_breadcrumbs_item dsm_home_item dsm_home_item_custom\" itemprop=\"itemListElement\" itemscope\n\t\t\titemtype=\"https:\/\/schema.org\/ListItem\">\n\t\t\t\t<a href=\"https:\/\/www.ersigroup.com\/fr\/\" itemprop=\"item\" target=\"\">\n\t\t\t\t\t<span class='dsm_home_text_wrapper'>\n\t\t\t\t\t\t\t\t\t\t\t\t\t<span class=\"et-pb-icon dsm_home_icon\">\ue009<\/span>\n\t\t\t\t\t\t\t\t\t\t\t\t\t<span class=\"dsm_home_text\" itemprop=\"name\">\n\t\t\t\t\t\t\t\tHome\t\t\t\t\t\t\t<\/span>\n\t\t\t\t\t<\/span>\n\t\t\t\t<\/a>\n\t\t\t\t<meta itemprop=\"position\" content=\"1\" \/>\n\t\t\t<\/li>\n\n\t\t<li class=\"dsm_breadcrumbs_separator\"> <span class=\"et-pb-icon dsm_separator_icon\">5<\/span><\/li><\/ul>\n\t\t\t<\/nav>\n\t\t\t\t<\/div>\n\t\t\t<\/div>ATA (Alg\u00e9rie) Armatures Techniques Alg\u00e9rie SPA (ATA SPA) est une alliance strat\u00e9gique constitu\u00e9e par ASICOM SPA ERSIGROUP, dont l&rsquo;objectif est de promouvoir en Alg\u00e9rie un mod\u00e8le de d\u00e9veloppement industriel bas\u00e9 sur la mise en \u0153uvre de technologies de pointe appliqu\u00e9es \u00e0 la construction, tant en termes de solutions produits que de services \u00e0 forte valeur ajout\u00e9e. La soci\u00e9t\u00e9 est n\u00e9e avec une vocation claire de permanence et d&rsquo;ancrage local, en favorisant une \u00e9troite collaboration avec les professionnels du pays afin de promouvoir le transfert de connaissances, le d\u00e9veloppement des capacit\u00e9s techniques et la cr\u00e9ation d&rsquo;\u00e9cosyst\u00e8mes durables autour de l&rsquo;industrialisation de l&rsquo;acier pour les structures en b\u00e9ton arm\u00e9. ATA SPA se positionne comme un agent de transformation, orient\u00e9 vers l&rsquo;accompagnement de la modernisation du secteur de la construction en Alg\u00e9rie, \u00e0 travers la garantie des normes de qualit\u00e9 les plus \u00e9lev\u00e9es, l&rsquo;int\u00e9gration de techniques de construction de pointe, l&rsquo;am\u00e9lioration continue de l&rsquo;innovation et de l&rsquo;efficacit\u00e9, l&rsquo;engagement en faveur de la s\u00e9curit\u00e9 et de la sant\u00e9 au travail, l&rsquo;optimisation des ressources productives et le respect int\u00e9gral de l&rsquo;environnement. ECette approche permettra \u00e0 ATA SPA [&hellip;]<\/p>\n","protected":false},"author":1,"featured_media":0,"parent":4398412,"menu_order":0,"comment_status":"closed","ping_status":"closed","template":"","meta":{"_et_pb_use_builder":"on","_et_pb_old_content":"","_et_gb_content_width":"","footnotes":""},"class_list":["post-4398425","page","type-page","status-publish","hentry"],"_links":{"self":[{"href":"https:\/\/www.ersigroup.com\/fr\/wp-json\/wp\/v2\/pages\/4398425","targetHints":{"allow":["GET"]}}],"collection":[{"href":"https:\/\/www.ersigroup.com\/fr\/wp-json\/wp\/v2\/pages"}],"about":[{"href":"https:\/\/www.ersigroup.com\/fr\/wp-json\/wp\/v2\/types\/page"}],"author":[{"embeddable":true,"href":"https:\/\/www.ersigroup.com\/fr\/wp-json\/wp\/v2\/users\/1"}],"replies":[{"embeddable":true,"href":"https:\/\/www.ersigroup.com\/fr\/wp-json\/wp\/v2\/comments?post=4398425"}],"version-history":[{"count":7,"href":"https:\/\/www.ersigroup.com\/fr\/wp-json\/wp\/v2\/pages\/4398425\/revisions"}],"predecessor-version":[{"id":4402832,"href":"https:\/\/www.ersigroup.com\/fr\/wp-json\/wp\/v2\/pages\/4398425\/revisions\/4402832"}],"up":[{"embeddable":true,"href":"https:\/\/www.ersigroup.com\/fr\/wp-json\/wp\/v2\/pages\/4398412"}],"wp:attachment":[{"href":"https:\/\/www.ersigroup.com\/fr\/wp-json\/wp\/v2\/media?parent=4398425"}],"curies":[{"name":"wp","href":"https:\/\/api.w.org\/{rel}","templated":true}]}}