{"id":4398412,"date":"2025-10-07T17:30:47","date_gmt":"2025-10-07T15:30:47","guid":{"rendered":"https:\/\/desw.ersigroup.com\/socios\/"},"modified":"2026-04-30T12:38:45","modified_gmt":"2026-04-30T10:38:45","slug":"partenaires","status":"publish","type":"page","link":"https:\/\/www.ersigroup.com\/fr\/partenaires\/","title":{"rendered":"Partenaires"},"content":{"rendered":"<p>[et_pb_section fb_built=\u00a0\u00bb1&Prime; admin_label=\u00a0\u00bbSection\u00a0\u00bb module_id=\u00a0\u00bbfixcabecera\u00a0\u00bb _builder_version=\u00a0\u00bb4.27.5&Prime; _module_preset=\u00a0\u00bbdefault\u00a0\u00bb background_color=\u00a0\u00bbrgba(255,255,255,0.75)\u00a0\u00bb background_image=\u00a0\u00bbhttps:\/\/www.ersigroup.com\/wp-content\/uploads\/2025\/10\/Contrato-ERSI-BNHz-scaled.jpg\u00a0\u00bb background_blend=\u00a0\u00bbsoft-light\u00a0\u00bb custom_margin=\u00a0\u00bb||||false|false\u00a0\u00bb custom_padding=\u00a0\u00bb||||false|false\u00a0\u00bb da_popup_slug=\u00a0\u00bbfixcabecera\u00a0\u00bb da_disable_devices=\u00a0\u00bboff|off|off\u00a0\u00bb global_colors_info=\u00a0\u00bb{}\u00a0\u00bb da_is_popup=\u00a0\u00bboff\u00a0\u00bb da_exit_intent=\u00a0\u00bboff\u00a0\u00bb da_has_close=\u00a0\u00bbon\u00a0\u00bb da_alt_close=\u00a0\u00bboff\u00a0\u00bb da_dark_close=\u00a0\u00bboff\u00a0\u00bb da_not_modal=\u00a0\u00bbon\u00a0\u00bb da_is_singular=\u00a0\u00bboff\u00a0\u00bb da_with_loader=\u00a0\u00bboff\u00a0\u00bb da_has_shadow=\u00a0\u00bbon\u00a0\u00bb][et_pb_row _builder_version=\u00a0\u00bb4.27.4&Prime; _module_preset=\u00a0\u00bbdefault\u00a0\u00bb global_colors_info=\u00a0\u00bb{}\u00a0\u00bb][et_pb_column type=\u00a0\u00bb4_4&Prime; _builder_version=\u00a0\u00bb4.27.4&Prime; _module_preset=\u00a0\u00bbdefault\u00a0\u00bb global_colors_info=\u00a0\u00bb{}\u00a0\u00bb][et_pb_text _builder_version=\u00a0\u00bb4.27.5&Prime; _module_preset=\u00a0\u00bbdefault\u00a0\u00bb global_colors_info=\u00a0\u00bb{}\u00a0\u00bb]<\/p>\n<h1 style=\"text-align: center;\">Partenaires<\/h1>\n<p>[\/et_pb_text][dsm_breadcrumbs align=\u00a0\u00bbcenter\u00a0\u00bb _builder_version=\u00a0\u00bb4.27.4&Prime; _module_preset=\u00a0\u00bbdefault\u00a0\u00bb items_font=\u00a0\u00bb|600|||||||\u00a0\u00bb items_text_color=\u00a0\u00bb#111111&Prime; separators_text_color=\u00a0\u00bb#cccccc\u00a0\u00bb global_colors_info=\u00a0\u00bb{}\u00a0\u00bb][\/dsm_breadcrumbs][\/et_pb_column][\/et_pb_row][\/et_pb_section][et_pb_section fb_built=\u00a0\u00bb1&Prime; admin_label=\u00a0\u00bbSection\u00a0\u00bb _builder_version=\u00a0\u00bb4.27.4&Prime; _module_preset=\u00a0\u00bbdefault\u00a0\u00bb da_disable_devices=\u00a0\u00bboff|off|off\u00a0\u00bb global_colors_info=\u00a0\u00bb{}\u00a0\u00bb da_is_popup=\u00a0\u00bboff\u00a0\u00bb da_exit_intent=\u00a0\u00bboff\u00a0\u00bb da_has_close=\u00a0\u00bbon\u00a0\u00bb da_alt_close=\u00a0\u00bboff\u00a0\u00bb da_dark_close=\u00a0\u00bboff\u00a0\u00bb da_not_modal=\u00a0\u00bbon\u00a0\u00bb da_is_singular=\u00a0\u00bboff\u00a0\u00bb da_with_loader=\u00a0\u00bboff\u00a0\u00bb da_has_shadow=\u00a0\u00bbon\u00a0\u00bb][et_pb_row _builder_version=\u00a0\u00bb4.27.4&Prime; _module_preset=\u00a0\u00bbdefault\u00a0\u00bb global_colors_info=\u00a0\u00bb{}\u00a0\u00bb][et_pb_column type=\u00a0\u00bb4_4&Prime; _builder_version=\u00a0\u00bb4.27.4&Prime; _module_preset=\u00a0\u00bbdefault\u00a0\u00bb global_colors_info=\u00a0\u00bb{}\u00a0\u00bb][et_pb_text _builder_version=\u00a0\u00bb4.27.5&Prime; _module_preset=\u00a0\u00bbdefault\u00a0\u00bb global_colors_info=\u00a0\u00bb{}\u00a0\u00bb]<\/p>\n<p style=\"text-align: justify;\"><b><span style=\"color: #115e67; font-size: 18px;\">NOS PARTENAIRES<\/span><\/b><\/p>\n<p style=\"text-align: justify;\">Chez <span style=\"color: #0a626c;\"><b>ERSIGROUP<\/b><\/span>, nous sommes convaincus que la croissance durable et le d\u00e9veloppement industriel passent par une collaboration strat\u00e9gique. Tout au long de notre parcours, nous nous sommes associ\u00e9s \u00e0 des acteurs cl\u00e9s de la cha\u00eene de valeur de l&rsquo;acier (producteurs sid\u00e9rurgiques, distributeurs sp\u00e9cialis\u00e9s et grands entrepreneurs) afin d&rsquo;ouvrir de nouveaux march\u00e9s o\u00f9 la transformation de l&rsquo;acier ondul\u00e9 pour les structures en b\u00e9ton arm\u00e9 n&rsquo;\u00e9tait pas encore consolid\u00e9e<\/p>\n<p style=\"text-align: justify;\">Notre vision a toujours \u00e9t\u00e9 la m\u00eame: \u00e9tablir des ponts entre les connaissances techniques, les capacit\u00e9s industrielles et les besoins locaux. Ces alliances nous ont permis d&rsquo;adapter des solutions \u00e0 valeur ajout\u00e9e \u00e0 des contextes divers, favorisant le d\u00e9veloppement d&rsquo;\u00e9cosyst\u00e8mes locaux o\u00f9 il n&rsquo;y avait auparavant qu&rsquo;un potentiel inexploit\u00e9<\/p>\n<p style=\"text-align: justify;\">Gr\u00e2ce \u00e0 ces collaborations, <span style=\"color: #0a626c;\"><b>ERSIGROUP<\/b><\/span> a activement contribu\u00e9 \u00e0 la mise en place de mod\u00e8les efficaces de fabrication et d&rsquo;approvisionnement en acier, aidant ainsi \u00e0 transformer des r\u00e9gions \u00e9mergentes en r\u00e9f\u00e9rences en mati\u00e8re de qualit\u00e9, de productivit\u00e9 et d&rsquo;efficacit\u00e9 dans l&rsquo;utilisation de l&rsquo;acier pour le b\u00e9ton arm\u00e9<\/p>\n<p style=\"text-align: justify;\">Aujourd&rsquo;hui, nous continuons \u00e0 miser sur cette vision : cr\u00e9er des synergies avec des entit\u00e9s publiques et priv\u00e9es qui partagent notre ambition d&rsquo;industrialiser, d&rsquo;optimiser et de transformer la mani\u00e8re dont l&rsquo;acier est mis au service des grandes infrastructures<\/p>\n<p style=\"text-align: justify;\">\n<p style=\"text-align: justify;\">\n<p style=\"text-align: justify;\"><strong>Partageons-nous une vision commune ?<\/strong><\/p>\n<p style=\"text-align: justify;\">Si vous repr\u00e9sentez une entreprise, une institution ou une initiative int\u00e9ress\u00e9e par le d\u00e9veloppement de solutions innovantes autour de l&rsquo;acier \u00e9labor\u00e9 pour les structures en b\u00e9ton arm\u00e9, nous serons ravis d&rsquo;en discuter avec vous<\/p>\n<p style=\"text-align: justify;\">\n<p style=\"text-align: justify;\">\n<p style=\"text-align: justify;\"><strong>Contactez-nous et explorons ensemble de nouvelles opportunit\u00e9s de collaboration<br \/><\/strong><br \/><a href=\"mailto:info@ersigroup.com\">info@ersigroup.com<\/a><\/p>\n<p>[\/et_pb_text][\/et_pb_column][\/et_pb_row][\/et_pb_section]<\/p>\n","protected":false},"excerpt":{"rendered":"<p>Partenaires<div class=\"et_pb_module dsm_breadcrumbs dsm_breadcrumbs_0\">\n\t\t\t\t\n\t\t\t\t\n\t\t\t\t\n\t\t\t\t\n\t\t\t\t\n\t\t\t\t\n\t\t\t\t<div class=\"et_pb_module_inner\">\n\t\t\t\t\t<nav class=\"dsm_breadcrumbs_wrap\">\n\t\t\t\t<ul class=\"dsm_breadcrumbs\" itemscope itemtype=\"https:\/\/schema.org\/BreadcrumbList\">\t\t\t<li class=\"dsm_breadcrumbs_item dsm_home_item dsm_home_item_custom\" itemprop=\"itemListElement\" itemscope\n\t\t\titemtype=\"https:\/\/schema.org\/ListItem\">\n\t\t\t\t<a href=\"https:\/\/www.ersigroup.com\/fr\/\" itemprop=\"item\" target=\"\">\n\t\t\t\t\t<span class='dsm_home_text_wrapper'>\n\t\t\t\t\t\t\t\t\t\t\t\t\t<span class=\"et-pb-icon dsm_home_icon\">\ue009<\/span>\n\t\t\t\t\t\t\t\t\t\t\t\t\t<span class=\"dsm_home_text\" itemprop=\"name\">\n\t\t\t\t\t\t\t\tHome\t\t\t\t\t\t\t<\/span>\n\t\t\t\t\t<\/span>\n\t\t\t\t<\/a>\n\t\t\t\t<meta itemprop=\"position\" content=\"1\" \/>\n\t\t\t<\/li>\n\n\t\t<li class=\"dsm_breadcrumbs_separator\"> <span class=\"et-pb-icon dsm_separator_icon\">5<\/span><\/li><\/ul>\n\t\t\t<\/nav>\n\t\t\t\t<\/div>\n\t\t\t<\/div>NOS PARTENAIRES Chez ERSIGROUP, nous sommes convaincus que la croissance durable et le d\u00e9veloppement industriel passent par une collaboration strat\u00e9gique. Tout au long de notre parcours, nous nous sommes associ\u00e9s \u00e0 des acteurs cl\u00e9s de la cha\u00eene de valeur de l&rsquo;acier (producteurs sid\u00e9rurgiques, distributeurs sp\u00e9cialis\u00e9s et grands entrepreneurs) afin d&rsquo;ouvrir de nouveaux march\u00e9s o\u00f9 la transformation de l&rsquo;acier ondul\u00e9 pour les structures en b\u00e9ton arm\u00e9 n&rsquo;\u00e9tait pas encore consolid\u00e9e Notre vision a toujours \u00e9t\u00e9 la m\u00eame: \u00e9tablir des ponts entre les connaissances techniques, les capacit\u00e9s industrielles et les besoins locaux. Ces alliances nous ont permis d&rsquo;adapter des solutions \u00e0 valeur ajout\u00e9e \u00e0 des contextes divers, favorisant le d\u00e9veloppement d&rsquo;\u00e9cosyst\u00e8mes locaux o\u00f9 il n&rsquo;y avait auparavant qu&rsquo;un potentiel inexploit\u00e9 Gr\u00e2ce \u00e0 ces collaborations, ERSIGROUP a activement contribu\u00e9 \u00e0 la mise en place de mod\u00e8les efficaces de fabrication et d&rsquo;approvisionnement en acier, aidant ainsi \u00e0 transformer des r\u00e9gions \u00e9mergentes en r\u00e9f\u00e9rences en mati\u00e8re de qualit\u00e9, de productivit\u00e9 et d&rsquo;efficacit\u00e9 dans l&rsquo;utilisation de l&rsquo;acier pour le b\u00e9ton arm\u00e9 Aujourd&rsquo;hui, nous continuons \u00e0 miser sur cette vision : cr\u00e9er des synergies avec des entit\u00e9s publiques et priv\u00e9es qui partagent notre ambition d&rsquo;industrialiser, d&rsquo;optimiser et de transformer la [&hellip;]<\/p>\n","protected":false},"author":1,"featured_media":0,"parent":0,"menu_order":0,"comment_status":"closed","ping_status":"closed","template":"","meta":{"_et_pb_use_builder":"on","_et_pb_old_content":"","_et_gb_content_width":"","footnotes":""},"class_list":["post-4398412","page","type-page","status-publish","hentry"],"_links":{"self":[{"href":"https:\/\/www.ersigroup.com\/fr\/wp-json\/wp\/v2\/pages\/4398412","targetHints":{"allow":["GET"]}}],"collection":[{"href":"https:\/\/www.ersigroup.com\/fr\/wp-json\/wp\/v2\/pages"}],"about":[{"href":"https:\/\/www.ersigroup.com\/fr\/wp-json\/wp\/v2\/types\/page"}],"author":[{"embeddable":true,"href":"https:\/\/www.ersigroup.com\/fr\/wp-json\/wp\/v2\/users\/1"}],"replies":[{"embeddable":true,"href":"https:\/\/www.ersigroup.com\/fr\/wp-json\/wp\/v2\/comments?post=4398412"}],"version-history":[{"count":8,"href":"https:\/\/www.ersigroup.com\/fr\/wp-json\/wp\/v2\/pages\/4398412\/revisions"}],"predecessor-version":[{"id":4404725,"href":"https:\/\/www.ersigroup.com\/fr\/wp-json\/wp\/v2\/pages\/4398412\/revisions\/4404725"}],"wp:attachment":[{"href":"https:\/\/www.ersigroup.com\/fr\/wp-json\/wp\/v2\/media?parent=4398412"}],"curies":[{"name":"wp","href":"https:\/\/api.w.org\/{rel}","templated":true}]}}