{"id":4398387,"date":"2025-08-06T09:54:41","date_gmt":"2025-08-06T07:54:41","guid":{"rendered":"https:\/\/desw.ersigroup.com\/nuestra-historia\/"},"modified":"2026-04-30T12:26:06","modified_gmt":"2026-04-30T10:26:06","slug":"notre-histoire","status":"publish","type":"page","link":"https:\/\/www.ersigroup.com\/fr\/notre-histoire\/","title":{"rendered":"Notre Histoire"},"content":{"rendered":"<p>[et_pb_section fb_built=\u00a0\u00bb1&Prime; admin_label=\u00a0\u00bbSection\u00a0\u00bb module_id=\u00a0\u00bbfixcabecera\u00a0\u00bb _builder_version=\u00a0\u00bb4.27.5&Prime; _module_preset=\u00a0\u00bbdefault\u00a0\u00bb background_color=\u00a0\u00bbrgba(255,255,255,0.75)\u00a0\u00bb background_image=\u00a0\u00bbhttps:\/\/www.ersigroup.com\/wp-content\/uploads\/2025\/10\/Contrato-ERSI-BNHz-scaled.jpg\u00a0\u00bb background_blend=\u00a0\u00bbsoft-light\u00a0\u00bb custom_margin=\u00a0\u00bb||||false|false\u00a0\u00bb custom_padding=\u00a0\u00bb||||false|false\u00a0\u00bb da_popup_slug=\u00a0\u00bbfixcabecera\u00a0\u00bb da_disable_devices=\u00a0\u00bboff|off|off\u00a0\u00bb global_colors_info=\u00a0\u00bb{}\u00a0\u00bb da_is_popup=\u00a0\u00bboff\u00a0\u00bb da_exit_intent=\u00a0\u00bboff\u00a0\u00bb da_has_close=\u00a0\u00bbon\u00a0\u00bb da_alt_close=\u00a0\u00bboff\u00a0\u00bb da_dark_close=\u00a0\u00bboff\u00a0\u00bb da_not_modal=\u00a0\u00bbon\u00a0\u00bb da_is_singular=\u00a0\u00bboff\u00a0\u00bb da_with_loader=\u00a0\u00bboff\u00a0\u00bb da_has_shadow=\u00a0\u00bbon\u00a0\u00bb][et_pb_row _builder_version=\u00a0\u00bb4.27.4&Prime; _module_preset=\u00a0\u00bbdefault\u00a0\u00bb global_colors_info=\u00a0\u00bb{}\u00a0\u00bb][et_pb_column type=\u00a0\u00bb4_4&Prime; _builder_version=\u00a0\u00bb4.27.4&Prime; _module_preset=\u00a0\u00bbdefault\u00a0\u00bb global_colors_info=\u00a0\u00bb{}\u00a0\u00bb][et_pb_text _builder_version=\u00a0\u00bb4.27.5&Prime; _module_preset=\u00a0\u00bbdefault\u00a0\u00bb global_colors_info=\u00a0\u00bb{}\u00a0\u00bb]<\/p>\n<h1 style=\"text-align: center;\">Notre Histoire<br \/>\n<\/h1>\n<p>[\/et_pb_text][dsm_breadcrumbs align=\u00a0\u00bbcenter\u00a0\u00bb _builder_version=\u00a0\u00bb4.27.4&Prime; _module_preset=\u00a0\u00bbdefault\u00a0\u00bb items_font=\u00a0\u00bb|600|||||||\u00a0\u00bb items_text_color=\u00a0\u00bb#111111&Prime; separators_text_color=\u00a0\u00bb#cccccc\u00a0\u00bb global_colors_info=\u00a0\u00bb{}\u00a0\u00bb][\/dsm_breadcrumbs][\/et_pb_column][\/et_pb_row][\/et_pb_section][et_pb_section fb_built=\u00a0\u00bb1&Prime; admin_label=\u00a0\u00bbSection\u00a0\u00bb _builder_version=\u00a0\u00bb4.27.4&Prime; _module_preset=\u00a0\u00bbdefault\u00a0\u00bb da_disable_devices=\u00a0\u00bboff|off|off\u00a0\u00bb global_colors_info=\u00a0\u00bb{}\u00a0\u00bb da_is_popup=\u00a0\u00bboff\u00a0\u00bb da_exit_intent=\u00a0\u00bboff\u00a0\u00bb da_has_close=\u00a0\u00bbon\u00a0\u00bb da_alt_close=\u00a0\u00bboff\u00a0\u00bb da_dark_close=\u00a0\u00bboff\u00a0\u00bb da_not_modal=\u00a0\u00bbon\u00a0\u00bb da_is_singular=\u00a0\u00bboff\u00a0\u00bb da_with_loader=\u00a0\u00bboff\u00a0\u00bb da_has_shadow=\u00a0\u00bbon\u00a0\u00bb][et_pb_row _builder_version=\u00a0\u00bb4.27.4&Prime; _module_preset=\u00a0\u00bbdefault\u00a0\u00bb global_colors_info=\u00a0\u00bb{}\u00a0\u00bb][et_pb_column type=\u00a0\u00bb4_4&Prime; _builder_version=\u00a0\u00bb4.27.4&Prime; _module_preset=\u00a0\u00bbdefault\u00a0\u00bb global_colors_info=\u00a0\u00bb{}\u00a0\u00bb][et_pb_text _builder_version=\u00a0\u00bb4.27.5&Prime; _module_preset=\u00a0\u00bbdefault\u00a0\u00bb hover_enabled=\u00a0\u00bb0&Prime; global_colors_info=\u00a0\u00bb{}\u00a0\u00bb sticky_enabled=\u00a0\u00bb0&Prime;]<\/p>\n<p><b><span style=\"color: #115e67; font-size: 18px;\">NOTRE HISTOIRE<\/span><\/b><\/p>\n<p>L&rsquo;histoire du groupe Engineered Reinforcing Steel Industries <span style=\"color: #0a626c;\"><b>\u201cERSIGROUP\u201d<\/b><\/span> est l&rsquo;histoire d&rsquo;un succ\u00e8s international qui a commenc\u00e9 dans les ann\u00e9es 1960, pendant ce que l&rsquo;on appelait le miracle \u00e9conomique espagnol. Le d\u00e9veloppement de notre propre syst\u00e8me de construction sous la marque <span style=\"color: #0a626c;\"><b>Syst\u00e8me Construction Armatek\u00ae <\/b><\/span> a fait de nous une r\u00e9f\u00e9rence pour le secteur de la construction, qui s&rsquo;est appuy\u00e9 sur notre solution int\u00e9grale pour construire des infrastructures embl\u00e9matiques telles que le pont de l&rsquo;Oresund -Danemark-, le viaduc des A\u00e7ores -Portugal-, le pont de Vidin -Bulgarie-, le canal de Panama ou les m\u00e9tros de Guadalajara -Mexique-, Lima -P\u00e9rou-, Duba\u00ef -Emirats arabes-, ou Riyadh -Arabie Saoudite-<\/p>\n<p>[\/et_pb_text][et_pb_text _builder_version=\u00a0\u00bb4.27.5&Prime; _module_preset=\u00a0\u00bbdefault\u00a0\u00bb text_font=\u00a0\u00bbLato|900|||||||\u00a0\u00bb text_text_color=\u00a0\u00bb#0a626c\u00a0\u00bb text_font_size=\u00a0\u00bb26px\u00a0\u00bb global_colors_info=\u00a0\u00bb{}\u00a0\u00bb]<\/p>\n<p style=\"text-align: center;\">Notre leadership se caract\u00e9rise par notre capacit\u00e9 \u00e0 avoir su d\u00e9passer chaque crise avec de l&rsquo;innovation<\/p>\n<p>[\/et_pb_text][\/et_pb_column][\/et_pb_row][et_pb_row _builder_version=\u00a0\u00bb4.27.4&Prime; _module_preset=\u00a0\u00bbdefault\u00a0\u00bb global_colors_info=\u00a0\u00bb{}\u00a0\u00bb][et_pb_column type=\u00a0\u00bb4_4&Prime; _builder_version=\u00a0\u00bb4.27.4&Prime; _module_preset=\u00a0\u00bbdefault\u00a0\u00bb global_colors_info=\u00a0\u00bb{}\u00a0\u00bb][dsm_content_timeline dsm_pointer_bg_color=\u00a0\u00bb#0a626c\u00a0\u00bb dsm_tree_bg_color=\u00a0\u00bb#0a626c\u00a0\u00bb dsm_opposite_bg_color=\u00a0\u00bb#0a626c\u00a0\u00bb dsm_opposite_padding=\u00a0\u00bb10px|10px|10px|10px|true|true\u00a0\u00bb dsm_opposite_bg_color_tablet=\u00a0\u00bb#0a626c\u00a0\u00bb dsm_opposite_bg_color_phone=\u00a0\u00bb#0a626c\u00a0\u00bb dsm_opposite_bg_color_last_edited=\u00a0\u00bbon|desktop\u00a0\u00bb _builder_version=\u00a0\u00bb4.27.5&Prime; _module_preset=\u00a0\u00bbdefault\u00a0\u00bb opposite_text_font=\u00a0\u00bb|600|||||||\u00a0\u00bb opposite_text_text_color=\u00a0\u00bb#FFFFFF\u00a0\u00bb hover_enabled=\u00a0\u00bb0&Prime; opposite_text_text_color_tablet=\u00a0\u00bb#FFFFFF\u00a0\u00bb opposite_text_text_color_phone=\u00a0\u00bb#0a626c\u00a0\u00bb opposite_text_text_color_last_edited=\u00a0\u00bbon|phone\u00a0\u00bb global_colors_info=\u00a0\u00bb{}\u00a0\u00bb sticky_enabled=\u00a0\u00bb0&Prime;][dsm_content_timeline_child dsm_title=\u00a0\u00bbORIGINES\u00a0\u00bb dsm_content=\u00a0\u00bb<\/p>\n<p>Nous devan\u00e7ons les concurrents en modernisant le march\u00e9 de l&rsquo;acier \u00e9labor\u00e9 avec son industrialisation dans des centres de fabrication fixes<\/p>\n<p>\u00a0\u00bb dsm_opposite_text=\u00a0\u00bb1962-1990&Prime; dsm_opposite_padding=\u00a0\u00bb||||true|true\u00a0\u00bb _builder_version=\u00a0\u00bb4.27.5&Prime; _module_preset=\u00a0\u00bbdefault\u00a0\u00bb header_font=\u00a0\u00bbLato|900|||||||\u00a0\u00bb opposite_text_font=\u00a0\u00bb|800|||||||\u00a0\u00bb background_enable_color=\u00a0\u00bboff\u00a0\u00bb hover_enabled=\u00a0\u00bb0&Prime; opposite_text_text_color_tablet=\u00a0\u00bb\u00a0\u00bb opposite_text_text_color_phone=\u00a0\u00bb\u00a0\u00bb opposite_text_text_color_last_edited=\u00a0\u00bbon|phone\u00a0\u00bb global_colors_info=\u00a0\u00bb{}\u00a0\u00bb parent_header_level=\u00a0\u00bbh4&Prime; sticky_enabled=\u00a0\u00bb0&Prime;][\/dsm_content_timeline_child][dsm_content_timeline_child dsm_title=\u00a0\u00bbIMPLANTATION ET D\u00c9VELOPPEMENT\u00a0\u00bb dsm_content=\u00a0\u00bb<\/p>\n<p><span>En 1991, nous d\u00e9veloppons notre activit\u00e9 afin de continuer \u00e0 promouvoir la transformation du secteur : am\u00e9lioration de la qualit\u00e9, de la s\u00e9curit\u00e9 sur le lieu de travail, et du respect de l&rsquo;environnement<\/span><\/p>\n<p>\u00a0\u00bb dsm_opposite_text=\u00a0\u00bb1991-1994&Prime; dsm_opposite_padding=\u00a0\u00bb||||true|true\u00a0\u00bb _builder_version=\u00a0\u00bb4.27.5&Prime; _module_preset=\u00a0\u00bbdefault\u00a0\u00bb header_font=\u00a0\u00bbLato|900|||||||\u00a0\u00bb opposite_text_font=\u00a0\u00bb|800|||||||\u00a0\u00bb background_enable_color=\u00a0\u00bboff\u00a0\u00bb hover_enabled=\u00a0\u00bb0&Prime; opposite_text_text_color_tablet=\u00a0\u00bb\u00a0\u00bb opposite_text_text_color_phone=\u00a0\u00bb\u00a0\u00bb opposite_text_text_color_last_edited=\u00a0\u00bbon|phone\u00a0\u00bb global_colors_info=\u00a0\u00bb{}\u00a0\u00bb parent_header_level=\u00a0\u00bbh4&Prime; sticky_enabled=\u00a0\u00bb0&Prime;][\/dsm_content_timeline_child][dsm_content_timeline_child dsm_title=\u00a0\u00bbACTIVIT\u00c9 INTERNATIONALE\u00a0\u00bb dsm_content=\u00a0\u00bb<\/p>\n<p><span>Le ralentissement du secteur en Espagne motive notre premi\u00e8re expansion internationale, nous participons \u00e0 des projets significatifs comme le Pont Vasco de Gama au Portugal. En parall\u00e8le, le groupe se transforme en pionnier et assure la tra\u00e7abilit\u00e9 de l&rsquo;acier \u00e0 travers des supports informatiques<\/span><\/p>\n<p>\u00a0\u00bb dsm_opposite_text=\u00a0\u00bb1994-1998&Prime; dsm_opposite_padding=\u00a0\u00bb||||true|true\u00a0\u00bb _builder_version=\u00a0\u00bb4.27.5&Prime; _module_preset=\u00a0\u00bbdefault\u00a0\u00bb header_font=\u00a0\u00bbLato|900|||||||\u00a0\u00bb opposite_text_font=\u00a0\u00bb|800|||||||\u00a0\u00bb background_enable_color=\u00a0\u00bboff\u00a0\u00bb hover_enabled=\u00a0\u00bb0&Prime; opposite_text_text_color_tablet=\u00a0\u00bb\u00a0\u00bb opposite_text_text_color_phone=\u00a0\u00bb\u00a0\u00bb opposite_text_text_color_last_edited=\u00a0\u00bbon|phone\u00a0\u00bb global_colors_info=\u00a0\u00bb{}\u00a0\u00bb parent_header_level=\u00a0\u00bbh4&Prime; sticky_enabled=\u00a0\u00bb0&Prime;][\/dsm_content_timeline_child][dsm_content_timeline_child dsm_title=\u00a0\u00bbLEADERSHIP TECHNOLOGIQUE\u00a0\u00bb dsm_content=\u00a0\u00bb<\/p>\n<p><span>Nous consolidons comme le groupe le plus avanc\u00e9 du secteur dans l&rsquo;industrialisation, l&rsquo;automatisation dans le centre de fabrication, et l&rsquo;incorporation de l&rsquo;informatique \u00e0 la production. En 2000, naissance de notre solution int\u00e9grale: <span style=%22color: #0a626c;%22><b>Syst\u00e8me Construction Armatek\u00ae<\/b><\/span><\/span><\/p>\n<p>\u00a0\u00bb dsm_opposite_text=\u00a0\u00bb1999-2003&Prime; dsm_opposite_padding=\u00a0\u00bb||||true|true\u00a0\u00bb _builder_version=\u00a0\u00bb4.27.5&Prime; _module_preset=\u00a0\u00bbdefault\u00a0\u00bb header_font=\u00a0\u00bbLato|900|||||||\u00a0\u00bb opposite_text_font=\u00a0\u00bb|800|||||||\u00a0\u00bb background_enable_color=\u00a0\u00bboff\u00a0\u00bb hover_enabled=\u00a0\u00bb0&Prime; opposite_text_text_color_tablet=\u00a0\u00bb\u00a0\u00bb opposite_text_text_color_phone=\u00a0\u00bb\u00a0\u00bb opposite_text_text_color_last_edited=\u00a0\u00bbon|phone\u00a0\u00bb global_colors_info=\u00a0\u00bb{}\u00a0\u00bb parent_header_level=\u00a0\u00bbh4&Prime; sticky_enabled=\u00a0\u00bb0&Prime;][\/dsm_content_timeline_child][dsm_content_timeline_child dsm_title=\u00a0\u00bbDIVERSIFICATION\u00a0\u00bb dsm_content=\u00a0\u00bb<\/p>\n<p><span>Pendant cette p\u00e9riode, notre expansion se poursuit, avec l&rsquo;ouverture de nouveaux centres de fabrication. Le succ\u00e8s de notre <span style=%22color: #0a626c;%22><b>Syst\u00e8me Construction Armatek\u00ae<\/b><\/span> se consolide. Nous sommes la principale soci\u00e9t\u00e9 du secteur, dont nous en conduisons les progr\u00e8s technologiques<\/span><\/p>\n<p>\u00a0\u00bb dsm_opposite_text=\u00a0\u00bb2003-2008&Prime; dsm_opposite_padding=\u00a0\u00bb||||true|true\u00a0\u00bb _builder_version=\u00a0\u00bb4.27.5&Prime; _module_preset=\u00a0\u00bbdefault\u00a0\u00bb header_font=\u00a0\u00bbLato|900|||||||\u00a0\u00bb opposite_text_font=\u00a0\u00bb|800|||||||\u00a0\u00bb background_enable_color=\u00a0\u00bboff\u00a0\u00bb hover_enabled=\u00a0\u00bb0&Prime; opposite_text_text_color_tablet=\u00a0\u00bb\u00a0\u00bb opposite_text_text_color_phone=\u00a0\u00bb\u00a0\u00bb opposite_text_text_color_last_edited=\u00a0\u00bbon|phone\u00a0\u00bb global_colors_info=\u00a0\u00bb{}\u00a0\u00bb parent_header_level=\u00a0\u00bbh4&Prime; sticky_enabled=\u00a0\u00bb0&Prime;][\/dsm_content_timeline_child][dsm_content_timeline_child dsm_title=\u00a0\u00bbR\u00c9PONSE \u00c0 LA CRISE\u00a0\u00bb dsm_content=\u00a0\u00bb<\/p>\n<p><span>Appartenant au secteur de la construction, nous subissons durement les effets de la crise. Nous recherchons et nous obtenons de nouvelles alliances et nous nous \u00e9tablissons sur des march\u00e9s pr\u00e9sentant un potentiel de croissance \u00e9lev\u00e9. Notre r\u00e9ponse \u00e0 la crise \u00e9conomique est l&rsquo;internationalisation de notre innovation<\/span><\/p>\n<p>\u00a0\u00bb dsm_opposite_text=\u00a0\u00bb2009-2015&Prime; dsm_opposite_padding=\u00a0\u00bb||||true|true\u00a0\u00bb _builder_version=\u00a0\u00bb4.27.5&Prime; _module_preset=\u00a0\u00bbdefault\u00a0\u00bb header_font=\u00a0\u00bbLato|900|||||||\u00a0\u00bb opposite_text_font=\u00a0\u00bb|800|||||||\u00a0\u00bb background_enable_color=\u00a0\u00bboff\u00a0\u00bb hover_enabled=\u00a0\u00bb0&Prime; opposite_text_text_color_tablet=\u00a0\u00bb\u00a0\u00bb opposite_text_text_color_phone=\u00a0\u00bb\u00a0\u00bb opposite_text_text_color_last_edited=\u00a0\u00bbon|phone\u00a0\u00bb global_colors_info=\u00a0\u00bb{}\u00a0\u00bb parent_header_level=\u00a0\u00bbh4&Prime; sticky_enabled=\u00a0\u00bb0&Prime;][\/dsm_content_timeline_child][dsm_content_timeline_child dsm_title=\u00a0\u00bbREFONDATION ET GRANDES ALLIANCES INTERNATIONALES AVEC DES GROUPES SID\u00c9RURGIQUES DE PREMIER PLAN\u00a0\u00bb dsm_content=\u00a0\u00bb<\/p>\n<div id=%22btnHistoria6%22 class=%22collapse in%22 aria-expanded=%22true%22>\n<p>La cr\u00e9ation d&rsquo;<span style=%22color: #0a626c;%22><b>ERSIGROUP <\/b><\/span>defl\u00e8te le succ\u00e8s de nos activit\u00e9s internationales et nous guide dans nos projets d&rsquo;avenir : nous obtenons des liquidit\u00e9s et des contrats sur les plus grands chantiers de construction du monde Des alliances JV majeures sont form\u00e9es avec des groupes sid\u00e9rurgiques de premier plan qui nous assurent la continuit\u00e9 et la stabilit\u00e9 \u00e9conomiques n\u00e9cessaires pour faire face \u00e0 l&rsquo;instabilit\u00e9 d&rsquo;une p\u00e9riode \u00e9conomique complexe au niveau international<br \/>\u00c9VOLUTION, CONSOLIDATION, CROISSANCE<\/p>\n<\/div>\n<p>\u00a0\u00bb dsm_opposite_text=\u00a0\u00bb2016-2023&Prime; dsm_opposite_padding=\u00a0\u00bb||||true|true\u00a0\u00bb _builder_version=\u00a0\u00bb4.27.5&Prime; _module_preset=\u00a0\u00bbdefault\u00a0\u00bb header_font=\u00a0\u00bbLato|900|||||||\u00a0\u00bb opposite_text_font=\u00a0\u00bb|800|||||||\u00a0\u00bb background_enable_color=\u00a0\u00bboff\u00a0\u00bb hover_enabled=\u00a0\u00bb0&Prime; opposite_text_text_color_tablet=\u00a0\u00bb\u00a0\u00bb opposite_text_text_color_phone=\u00a0\u00bb\u00a0\u00bb opposite_text_text_color_last_edited=\u00a0\u00bbon|phone\u00a0\u00bb global_colors_info=\u00a0\u00bb{}\u00a0\u00bb parent_header_level=\u00a0\u00bbh4&Prime; sticky_enabled=\u00a0\u00bb0&Prime;][\/dsm_content_timeline_child][dsm_content_timeline_child dsm_title=\u00a0\u00bb\u00c9VOLUTION, CONSOLIDATION, CROISSANCE\u00a0\u00bb dsm_content=\u00a0\u00bb<\/p>\n<p><span>Gr\u00e2ce \u00e0 l&rsquo;am\u00e9lioration continue de notre mod\u00e8le de travail, nous avons \u00e9volu\u00e9 naturellement, en nous adaptant aux d\u00e9fis des diff\u00e9rents march\u00e9s et en profitant des opportunit\u00e9s d&rsquo;affaires pour acqu\u00e9rir une consolidation \u00e9conomique. Nous nous sommes impos\u00e9s comme un groupe international de r\u00e9f\u00e9rence et sommes pr\u00eats \u00e0 cro\u00eetre progressivement dans les ann\u00e9es \u00e0 venir<\/span><\/p>\n<p>\u00a0\u00bb dsm_opposite_text=\u00a0\u00bb2024-ACTUALIT\u00c9S\u00a0\u00bb dsm_opposite_padding=\u00a0\u00bb||||true|true\u00a0\u00bb _builder_version=\u00a0\u00bb4.27.5&Prime; _module_preset=\u00a0\u00bbdefault\u00a0\u00bb header_font=\u00a0\u00bbLato|900|||||||\u00a0\u00bb opposite_text_font=\u00a0\u00bb|800|||||||\u00a0\u00bb background_enable_color=\u00a0\u00bboff\u00a0\u00bb hover_enabled=\u00a0\u00bb0&Prime; opposite_text_text_color_tablet=\u00a0\u00bb\u00a0\u00bb opposite_text_text_color_phone=\u00a0\u00bb\u00a0\u00bb opposite_text_text_color_last_edited=\u00a0\u00bbon|phone\u00a0\u00bb global_colors_info=\u00a0\u00bb{}\u00a0\u00bb parent_header_level=\u00a0\u00bbh4&Prime; sticky_enabled=\u00a0\u00bb0&Prime;][\/dsm_content_timeline_child][\/dsm_content_timeline][\/et_pb_column][\/et_pb_row][\/et_pb_section]<\/p>\n","protected":false},"excerpt":{"rendered":"<p>Notre Histoire <div class=\"et_pb_module dsm_breadcrumbs dsm_breadcrumbs_0\">\n\t\t\t\t\n\t\t\t\t\n\t\t\t\t\n\t\t\t\t\n\t\t\t\t\n\t\t\t\t\n\t\t\t\t<div class=\"et_pb_module_inner\">\n\t\t\t\t\t<nav class=\"dsm_breadcrumbs_wrap\">\n\t\t\t\t<ul class=\"dsm_breadcrumbs\" itemscope itemtype=\"https:\/\/schema.org\/BreadcrumbList\">\t\t\t<li class=\"dsm_breadcrumbs_item dsm_home_item dsm_home_item_custom\" itemprop=\"itemListElement\" itemscope\n\t\t\titemtype=\"https:\/\/schema.org\/ListItem\">\n\t\t\t\t<a href=\"https:\/\/www.ersigroup.com\/fr\/\" itemprop=\"item\" target=\"\">\n\t\t\t\t\t<span class='dsm_home_text_wrapper'>\n\t\t\t\t\t\t\t\t\t\t\t\t\t<span class=\"et-pb-icon dsm_home_icon\">\ue009<\/span>\n\t\t\t\t\t\t\t\t\t\t\t\t\t<span class=\"dsm_home_text\" itemprop=\"name\">\n\t\t\t\t\t\t\t\tHome\t\t\t\t\t\t\t<\/span>\n\t\t\t\t\t<\/span>\n\t\t\t\t<\/a>\n\t\t\t\t<meta itemprop=\"position\" content=\"1\" \/>\n\t\t\t<\/li>\n\n\t\t<li class=\"dsm_breadcrumbs_separator\"> <span class=\"et-pb-icon dsm_separator_icon\">5<\/span><\/li><\/ul>\n\t\t\t<\/nav>\n\t\t\t\t<\/div>\n\t\t\t<\/div>NOTRE HISTOIRE L&rsquo;histoire du groupe Engineered Reinforcing Steel Industries \u201cERSIGROUP\u201d est l&rsquo;histoire d&rsquo;un succ\u00e8s international qui a commenc\u00e9 dans les ann\u00e9es 1960, pendant ce que l&rsquo;on appelait le miracle \u00e9conomique espagnol. Le d\u00e9veloppement de notre propre syst\u00e8me de construction sous la marque Syst\u00e8me Construction Armatek\u00ae a fait de nous une r\u00e9f\u00e9rence pour le secteur de la construction, qui s&rsquo;est appuy\u00e9 sur notre solution int\u00e9grale pour construire des infrastructures embl\u00e9matiques telles que le pont de l&rsquo;Oresund -Danemark-, le viaduc des A\u00e7ores -Portugal-, le pont de Vidin -Bulgarie-, le canal de Panama ou les m\u00e9tros de Guadalajara -Mexique-, Lima -P\u00e9rou-, Duba\u00ef -Emirats arabes-, ou Riyadh -Arabie Saoudite-Notre leadership se caract\u00e9rise par notre capacit\u00e9 \u00e0 avoir su d\u00e9passer chaque crise avec de l&rsquo;innovation <div class=\"et_pb_module dsm_content_timeline dsm_content_timeline_0\">\n\t\t\t\t\n\t\t\t\t\n\t\t\t\t\n\t\t\t\t\n\t\t\t\t\n\t\t\t\t\n\t\t\t\t<div class=\"et_pb_module_inner\">\n\t\t\t\t\t<div class=\"dsm-content-timeline-items-wrapper dsm-center\" data-tree-animation=\"off\" data-tree-animation-tablet=\"\" data-tree-animation-phone=\"\" data-image_lightbox=\"off\">\n\t\t\t<div class=\"dsm-content-timeline-tree\">\n\t\t\t\t\n\t\t\t<\/div>\n\t\t   \n\t\t<\/div>\n\t\t\n\t\t\t\t<\/div>\n\t\t\t<\/div><div class=\"dsm-content-timeline-item-wrapper dsm_content_timeline_child_0\">\n\t\t\t\t<div class=\"dsm-content-timeline-date dsm-desktop\"><span class=\"date\">1962-1990<\/span><\/div>\n\t\t\t\t<div class=\"dsm-content-timeline-content-wrapper dsm_wrapper_dsm_content_timeline_child_0 dsm-visibility\">   \t\t\n\t\t\t\t\t<div class=\"dsm-content-timeline-date dsm-mobile\"><span class=\"date\">1962-1990<\/span><\/div>\n\t\t\t\t\t\n\t\t\t\t\t\n\t\t\t\t\t<div class=\"dsm-timeline-content\">\n\t\t\t\t\t\t<h4 class=\"dsm-title\">ORIGINES<\/h4>\n\t\t\t\t\t\t<div class=\"dsm-description\">Nous devan\u00e7ons les concurrents en modernisant le march\u00e9 de l'acier \u00e9labor\u00e9 avec son industrialisation dans des centres de fabrication fixes<\/div>\n\t\t\t\t\t\t\n\t\t\t\t\t\t\n\t\t\t\t\t<\/div>\t\n\t\t\t\t<\/div>\n\t\t\t\t<div class=\"dsm-pointer-wrapper\">\n\t\t\t\t\t\n\t\t\t\t\t\n\t\t\t\t<\/div>\n\t\t\t<\/div><div class=\"dsm-content-timeline-item-wrapper dsm_content_timeline_child_1\">\n\t\t\t\t\n\t\t\t\t<div class=\"dsm-content-timeline-content-wrapper dsm_wrapper_dsm_content_timeline_child_1 dsm-visibility\">   \t\t\n\t\t\t\t\t\n\t\t\t\t\t\n\t\t\t\t\t\n\t\t\t\t\t<div class=\"dsm-timeline-content\">\n\t\t\t\t\t\t<h4 class=\"dsm-title\">\u00bbIMPLANTATION<\/h4>\n\t\t\t\t\t\t<div class=\"dsm-description\">\u00bbEn<\/div>\n\t\t\t\t\t\t\n\t\t\t\t\t\t\n\t\t\t\t\t<\/div>\t\n\t\t\t\t<\/div>\n\t\t\t\t<div class=\"dsm-pointer-wrapper\">\n\t\t\t\t\t\n\t\t\t\t\t\n\t\t\t\t<\/div>\n\t\t\t<\/div><\/p>\n","protected":false},"author":1,"featured_media":0,"parent":0,"menu_order":0,"comment_status":"closed","ping_status":"closed","template":"","meta":{"_et_pb_use_builder":"on","_et_pb_old_content":"","_et_gb_content_width":"","footnotes":""},"class_list":["post-4398387","page","type-page","status-publish","hentry"],"_links":{"self":[{"href":"https:\/\/www.ersigroup.com\/fr\/wp-json\/wp\/v2\/pages\/4398387","targetHints":{"allow":["GET"]}}],"collection":[{"href":"https:\/\/www.ersigroup.com\/fr\/wp-json\/wp\/v2\/pages"}],"about":[{"href":"https:\/\/www.ersigroup.com\/fr\/wp-json\/wp\/v2\/types\/page"}],"author":[{"embeddable":true,"href":"https:\/\/www.ersigroup.com\/fr\/wp-json\/wp\/v2\/users\/1"}],"replies":[{"embeddable":true,"href":"https:\/\/www.ersigroup.com\/fr\/wp-json\/wp\/v2\/comments?post=4398387"}],"version-history":[{"count":9,"href":"https:\/\/www.ersigroup.com\/fr\/wp-json\/wp\/v2\/pages\/4398387\/revisions"}],"predecessor-version":[{"id":4404715,"href":"https:\/\/www.ersigroup.com\/fr\/wp-json\/wp\/v2\/pages\/4398387\/revisions\/4404715"}],"wp:attachment":[{"href":"https:\/\/www.ersigroup.com\/fr\/wp-json\/wp\/v2\/media?parent=4398387"}],"curies":[{"name":"wp","href":"https:\/\/api.w.org\/{rel}","templated":true}]}}