{"id":4398339,"date":"2025-08-05T14:08:57","date_gmt":"2025-08-05T12:08:57","guid":{"rendered":"https:\/\/desw.ersigroup.com\/nuestra-identidad\/"},"modified":"2026-02-04T07:17:10","modified_gmt":"2026-02-04T06:17:10","slug":"notre-identite","status":"publish","type":"page","link":"https:\/\/www.ersigroup.com\/fr\/notre-identite\/","title":{"rendered":"Notre Identit\u00e9"},"content":{"rendered":"<p>[et_pb_section fb_built=\u00a0\u00bb1&Prime; _builder_version=\u00a0\u00bb4.27.5&Prime; _module_preset=\u00a0\u00bbdefault\u00a0\u00bb background_color=\u00a0\u00bbrgba(255,255,255,0.75)\u00a0\u00bb background_image=\u00a0\u00bbhttps:\/\/www.ersigroup.com\/wp-content\/uploads\/2025\/10\/Contrato-ERSI-BNHz-scaled.jpg\u00a0\u00bb background_blend=\u00a0\u00bbsoft-light\u00a0\u00bb custom_margin=\u00a0\u00bb||||false|false\u00a0\u00bb custom_padding=\u00a0\u00bb||||false|false\u00a0\u00bb hover_enabled=\u00a0\u00bb0&Prime; da_disable_devices=\u00a0\u00bboff|off|off\u00a0\u00bb global_colors_info=\u00a0\u00bb{}\u00a0\u00bb module_id=\u00a0\u00bbfixcabecera\u00a0\u00bb admin_label=\u00a0\u00bbSection\u00a0\u00bb da_is_popup=\u00a0\u00bboff\u00a0\u00bb da_popup_slug=\u00a0\u00bbfixcabecera\u00a0\u00bb da_exit_intent=\u00a0\u00bboff\u00a0\u00bb da_has_close=\u00a0\u00bbon\u00a0\u00bb da_alt_close=\u00a0\u00bboff\u00a0\u00bb da_dark_close=\u00a0\u00bboff\u00a0\u00bb da_not_modal=\u00a0\u00bbon\u00a0\u00bb da_is_singular=\u00a0\u00bboff\u00a0\u00bb da_with_loader=\u00a0\u00bboff\u00a0\u00bb da_has_shadow=\u00a0\u00bbon\u00a0\u00bb sticky_enabled=\u00a0\u00bb0&Prime;][et_pb_row _builder_version=\u00a0\u00bb4.27.4&Prime; _module_preset=\u00a0\u00bbdefault\u00a0\u00bb global_colors_info=\u00a0\u00bb{}\u00a0\u00bb][et_pb_column type=\u00a0\u00bb4_4&Prime; _builder_version=\u00a0\u00bb4.27.4&Prime; _module_preset=\u00a0\u00bbdefault\u00a0\u00bb global_colors_info=\u00a0\u00bb{}\u00a0\u00bb][et_pb_text _builder_version=\u00a0\u00bb4.27.5&Prime; _module_preset=\u00a0\u00bbdefault\u00a0\u00bb global_colors_info=\u00a0\u00bb{}\u00a0\u00bb]<\/p>\n<h1 style=\"text-align: center;\">Notre Identit\u00e9<br \/>\n<\/h1>\n<p>[\/et_pb_text][dsm_breadcrumbs align=\u00a0\u00bbcenter\u00a0\u00bb _builder_version=\u00a0\u00bb4.27.4&Prime; _module_preset=\u00a0\u00bbdefault\u00a0\u00bb items_font=\u00a0\u00bb|600|||||||\u00a0\u00bb items_text_color=\u00a0\u00bb#111111&Prime; separators_text_color=\u00a0\u00bb#cccccc\u00a0\u00bb global_colors_info=\u00a0\u00bb{}\u00a0\u00bb][\/dsm_breadcrumbs][\/et_pb_column][\/et_pb_row][\/et_pb_section][et_pb_section fb_built=\u00a0\u00bb1&Prime; _builder_version=\u00a0\u00bb4.27.4&Prime; _module_preset=\u00a0\u00bbdefault\u00a0\u00bb custom_margin=\u00a0\u00bb0px||||false|false\u00a0\u00bb custom_padding=\u00a0\u00bb0px||||false|false\u00a0\u00bb da_disable_devices=\u00a0\u00bboff|off|off\u00a0\u00bb global_colors_info=\u00a0\u00bb{}\u00a0\u00bb admin_label=\u00a0\u00bbSection\u00a0\u00bb da_is_popup=\u00a0\u00bboff\u00a0\u00bb da_exit_intent=\u00a0\u00bboff\u00a0\u00bb da_has_close=\u00a0\u00bbon\u00a0\u00bb da_alt_close=\u00a0\u00bboff\u00a0\u00bb da_dark_close=\u00a0\u00bboff\u00a0\u00bb da_not_modal=\u00a0\u00bbon\u00a0\u00bb da_is_singular=\u00a0\u00bboff\u00a0\u00bb da_with_loader=\u00a0\u00bboff\u00a0\u00bb da_has_shadow=\u00a0\u00bbon\u00a0\u00bb][et_pb_row _builder_version=\u00a0\u00bb4.27.4&Prime; _module_preset=\u00a0\u00bbdefault\u00a0\u00bb global_colors_info=\u00a0\u00bb{}\u00a0\u00bb][et_pb_column type=\u00a0\u00bb4_4&Prime; _builder_version=\u00a0\u00bb4.27.4&Prime; _module_preset=\u00a0\u00bbdefault\u00a0\u00bb global_colors_info=\u00a0\u00bb{}\u00a0\u00bb][et_pb_text _builder_version=\u00a0\u00bb4.27.5&Prime; _module_preset=\u00a0\u00bbdefault\u00a0\u00bb global_colors_info=\u00a0\u00bb{}\u00a0\u00bb]<\/p>\n<p style=\"text-align: justify;\"><b><span style=\"color: #115e67; font-size: 18px;\">NOTRE IDENTIT\u00c9 <\/span><\/b><\/p>\n<p style=\"text-align: justify;\">Chez <b><span style=\"color: #115e67; font-size: 16px;\">ERSIGROUP<\/span><\/b>, snous sommes une organisation mondiale sp\u00e9cialis\u00e9e dans l&rsquo;ing\u00e9nierie, la fourniture, la transformation et le montage d&rsquo;armatures passives pour structures en b\u00e9ton arm\u00e9. Notre proposition de valeur repose sur la fourniture de solutions int\u00e9grales \u00e0 nos clients gr\u00e2ce au <span style=\"color: #115e67;\"><strong>Syst\u00e8me de Construction Armatek\u00ae<\/strong><\/span>, une m\u00e9thodologie qui, bas\u00e9e sur une ing\u00e9nierie de d\u00e9tail hautement \u00e9prouv\u00e9e, augmente de mani\u00e8re d\u00e9cisive la productivit\u00e9, la qualit\u00e9 d&rsquo;ex\u00e9cution et les normes de s\u00e9curit\u00e9 dans l&rsquo;installation d&rsquo;acier \u00e9labor\u00e9 sur chantier.<br \/>Gr\u00e2ce \u00e0 cette approche diff\u00e9renci\u00e9e, nous nous sommes impos\u00e9s comme un partenaire strat\u00e9gique de r\u00e9f\u00e9rence dans les projets de construction et de g\u00e9nie civil \u00e0 haute complexit\u00e9 technique.<\/p>\n<p style=\"text-align: justify;\">Notre capacit\u00e9 \u00e0 transf\u00e9rer et \u00e0 adapter rapidement notre savoir-faire \u00e0 n&rsquo;importe quel environnement g\u00e9ographique nous a permis de nous positionner comme un acteur cl\u00e9 sur les principaux march\u00e9s internationaux. Forts de plus de <strong>60 ans d&rsquo;exp\u00e9rience<\/strong>, nous avons r\u00e9alis\u00e9 des projets sur les cinq continents, apportant \u00e0 chaque chantier notre expertise accumul\u00e9e et notre volont\u00e9 constante d&rsquo;am\u00e9lioration et d&rsquo;innovation.<\/p>\n<p style=\"text-align: justify;\">Dans un contexte mondial qui exige l&rsquo;optimisation des processus de construction et la maximisation de l&rsquo;efficacit\u00e9 des ressources, <b><span style=\"color: #115e67; font-size: 16px;\">ERSIGROUP<\/span><\/b> propose \u00e0 ses clients une offre unique : une expertise technique en ing\u00e9nierie, une capacit\u00e9 op\u00e9rationnelle \u00e0 l&rsquo;\u00e9chelle mondiale et un engagement ferme en faveur de la transformation num\u00e9rique, de la durabilit\u00e9 et de l&rsquo;excellence op\u00e9rationnelle.<\/p>\n<p style=\"text-align: justify;\"><b><span style=\"color: #115e67; font-size: 18px;\">Nos engagements<\/span><\/b><\/p>\n<p>[\/et_pb_text][\/et_pb_column][\/et_pb_row][et_pb_row column_structure=\u00a0\u00bb1_3,1_3,1_3&Prime; make_equal=\u00a0\u00bbon\u00a0\u00bb _builder_version=\u00a0\u00bb4.27.5&Prime; _module_preset=\u00a0\u00bbdefault\u00a0\u00bb global_colors_info=\u00a0\u00bb{}\u00a0\u00bb background_color__hover=\u00a0\u00bbrgba(0,0,0,0.15)\u00a0\u00bb background_enable_color__hover=\u00a0\u00bbon\u00a0\u00bb][et_pb_column type=\u00a0\u00bb1_3&Prime; _builder_version=\u00a0\u00bb4.27.4&Prime; _module_preset=\u00a0\u00bbdefault\u00a0\u00bb global_colors_info=\u00a0\u00bb{}\u00a0\u00bb][dsm_card title=\u00a0\u00bbSolutions efficaces\u00a0\u00bb content_equal_height=\u00a0\u00bbon\u00a0\u00bb equal_height_image_height=\u00a0\u00bb150px\u00a0\u00bb image=\u00a0\u00bbhttps:\/\/www.ersigroup.com\/wp-content\/uploads\/2025\/10\/1.1-Icono-Soluciones-tecnicas-v&#8211;150&#215;150.png\u00a0\u00bb image_as_background=\u00a0\u00bboff\u00a0\u00bb image_width=\u00a0\u00bb40%\u00a0\u00bb stretch_image=\u00a0\u00bboff\u00a0\u00bb image_alignment=\u00a0\u00bbcenter\u00a0\u00bb button_url_new_window=\u00a0\u00bb1&Prime; _builder_version=\u00a0\u00bb4.27.5&Prime; _module_preset=\u00a0\u00bbdefault\u00a0\u00bb header_font=\u00a0\u00bb|600|||||||\u00a0\u00bb header_text_align=\u00a0\u00bbcenter\u00a0\u00bb header_text_color=\u00a0\u00bb#115e67&Prime; animation_style=\u00a0\u00bbslide\u00a0\u00bb border_radii=\u00a0\u00bbon|25px|25px|25px|25px\u00a0\u00bb box_shadow_style=\u00a0\u00bbpreset1&Prime; global_colors_info=\u00a0\u00bb{}\u00a0\u00bb background_color__hover=\u00a0\u00bbrgba(0,0,0,0.15)\u00a0\u00bb background_enable_color__hover=\u00a0\u00bbon\u00a0\u00bb background__hover_enabled=\u00a0\u00bbon|hover\u00a0\u00bb]<\/p>\n<p style=\"text-align: center;\">Nous proposons des solutions techniques efficaces et personnalis\u00e9es qui s&rsquo;adaptent aux besoins sp\u00e9cifiques de chaque client et projet.\n<\/p>\n<p>[\/dsm_card][\/et_pb_column][et_pb_column type=\u00a0\u00bb1_3&Prime; _builder_version=\u00a0\u00bb4.27.4&Prime; _module_preset=\u00a0\u00bbdefault\u00a0\u00bb global_colors_info=\u00a0\u00bb{}\u00a0\u00bb][dsm_card title=\u00a0\u00bbConnaissances et exp\u00e9rience\u00a0\u00bb content_equal_height=\u00a0\u00bbon\u00a0\u00bb equal_height_image_height=\u00a0\u00bb150px\u00a0\u00bb image=\u00a0\u00bbhttps:\/\/www.ersigroup.com\/wp-content\/uploads\/2025\/10\/1.1-Icono-Innovacion-v&#8211;150&#215;150.png\u00a0\u00bb image_as_background=\u00a0\u00bboff\u00a0\u00bb image_width=\u00a0\u00bb40%\u00a0\u00bb stretch_image=\u00a0\u00bboff\u00a0\u00bb image_alignment=\u00a0\u00bbcenter\u00a0\u00bb button_url_new_window=\u00a0\u00bb1&Prime; _builder_version=\u00a0\u00bb4.27.5&Prime; _module_preset=\u00a0\u00bbdefault\u00a0\u00bb header_font=\u00a0\u00bb|600|||||||\u00a0\u00bb header_text_align=\u00a0\u00bbcenter\u00a0\u00bb header_text_color=\u00a0\u00bb#115e67&Prime; animation_style=\u00a0\u00bbslide\u00a0\u00bb border_radii=\u00a0\u00bbon|25px|25px|25px|25px\u00a0\u00bb box_shadow_style=\u00a0\u00bbpreset1&Prime; global_colors_info=\u00a0\u00bb{}\u00a0\u00bb background_color__hover=\u00a0\u00bbrgba(0,0,0,0.15)\u00a0\u00bb background_enable_color__hover=\u00a0\u00bbon\u00a0\u00bb background__hover_enabled=\u00a0\u00bbon|hover\u00a0\u00bb]<\/p>\n<p style=\"text-align: center;\">Nous adaptons nos connaissances et notre exp\u00e9rience aux d\u00e9fis techniques et op\u00e9rationnels li\u00e9s \u00e0 l&rsquo;expansion internationale sur n&rsquo;importe quel march\u00e9.\n<\/p>\n<p>[\/dsm_card][\/et_pb_column][et_pb_column type=\u00a0\u00bb1_3&Prime; _builder_version=\u00a0\u00bb4.27.4&Prime; _module_preset=\u00a0\u00bbdefault\u00a0\u00bb global_colors_info=\u00a0\u00bb{}\u00a0\u00bb][dsm_card title=\u00a0\u00bbAvanc\u00e9es et m\u00e9thodologies \u00a0\u00bb content_equal_height=\u00a0\u00bbon\u00a0\u00bb equal_height_image_height=\u00a0\u00bb150px\u00a0\u00bb image=\u00a0\u00bbhttps:\/\/www.ersigroup.com\/wp-content\/uploads\/2025\/10\/1.1-Icono-Compartimos-avances-v&#8211;150&#215;150.png\u00a0\u00bb image_as_background=\u00a0\u00bboff\u00a0\u00bb image_width=\u00a0\u00bb40%\u00a0\u00bb stretch_image=\u00a0\u00bboff\u00a0\u00bb image_alignment=\u00a0\u00bbcenter\u00a0\u00bb button_url_new_window=\u00a0\u00bb1&Prime; _builder_version=\u00a0\u00bb4.27.5&Prime; _module_preset=\u00a0\u00bbdefault\u00a0\u00bb header_font=\u00a0\u00bb|600|||||||\u00a0\u00bb header_text_align=\u00a0\u00bbcenter\u00a0\u00bb header_text_color=\u00a0\u00bb#115e67&Prime; animation_style=\u00a0\u00bbslide\u00a0\u00bb border_radii=\u00a0\u00bbon|25px|25px|25px|25px\u00a0\u00bb box_shadow_style=\u00a0\u00bbpreset1&Prime; global_colors_info=\u00a0\u00bb{}\u00a0\u00bb background_color__hover=\u00a0\u00bbrgba(0,0,0,0.15)\u00a0\u00bb background_enable_color__hover=\u00a0\u00bbon\u00a0\u00bb background__hover_enabled=\u00a0\u00bbon|hover\u00a0\u00bb]<\/p>\n<p style=\"text-align: center;\">Nous partageons nos avanc\u00e9es et nos m\u00e9thodologies avec tous les groupes d&rsquo;int\u00e9r\u00eat afin d&rsquo;enrichir les connaissances collectives du secteur.\n<\/p>\n<p>[\/dsm_card][\/et_pb_column][\/et_pb_row][et_pb_row column_structure=\u00a0\u00bb1_3,1_3,1_3&Prime; make_equal=\u00a0\u00bbon\u00a0\u00bb _builder_version=\u00a0\u00bb4.27.5&Prime; _module_preset=\u00a0\u00bbdefault\u00a0\u00bb global_colors_info=\u00a0\u00bb{}\u00a0\u00bb][et_pb_column type=\u00a0\u00bb1_3&Prime; _builder_version=\u00a0\u00bb4.27.4&Prime; _module_preset=\u00a0\u00bbdefault\u00a0\u00bb global_colors_info=\u00a0\u00bb{}\u00a0\u00bb][dsm_card title=\u00a0\u00bbSolutions efficaces\u00a0\u00bb content_equal_height=\u00a0\u00bbon\u00a0\u00bb equal_height_image_height=\u00a0\u00bb150px\u00a0\u00bb image=\u00a0\u00bbhttps:\/\/www.ersigroup.com\/wp-content\/uploads\/2025\/10\/1.1-Icono-Adaptamos-conocimiento-v-.png\u00a0\u00bb image_as_background=\u00a0\u00bboff\u00a0\u00bb image_width=\u00a0\u00bb40%\u00a0\u00bb stretch_image=\u00a0\u00bboff\u00a0\u00bb image_alignment=\u00a0\u00bbcenter\u00a0\u00bb button_url_new_window=\u00a0\u00bb1&Prime; _builder_version=\u00a0\u00bb4.27.5&Prime; _module_preset=\u00a0\u00bbdefault\u00a0\u00bb header_font=\u00a0\u00bb|600|||||||\u00a0\u00bb header_text_align=\u00a0\u00bbcenter\u00a0\u00bb header_text_color=\u00a0\u00bb#115e67&Prime; animation_style=\u00a0\u00bbslide\u00a0\u00bb border_radii=\u00a0\u00bbon|25px|25px|25px|25px\u00a0\u00bb box_shadow_style=\u00a0\u00bbpreset1&Prime; global_colors_info=\u00a0\u00bb{}\u00a0\u00bb background_color__hover=\u00a0\u00bbrgba(0,0,0,0.15)\u00a0\u00bb background_enable_color__hover=\u00a0\u00bbon\u00a0\u00bb background__hover_enabled=\u00a0\u00bbon|hover\u00a0\u00bb]<\/p>\n<p style=\"text-align: center;\">Nous proposons des solutions techniques efficaces et personnalis\u00e9es qui s&rsquo;adaptent aux besoins sp\u00e9cifiques de chaque client et projet.\n<\/p>\n<p>[\/dsm_card][\/et_pb_column][et_pb_column type=\u00a0\u00bb1_3&Prime; _builder_version=\u00a0\u00bb4.27.4&Prime; _module_preset=\u00a0\u00bbdefault\u00a0\u00bb global_colors_info=\u00a0\u00bb{}\u00a0\u00bb][dsm_card title=\u00a0\u00bbD\u00e9veloppement durable\u00a0\u00bb content_equal_height=\u00a0\u00bbon\u00a0\u00bb equal_height_image_height=\u00a0\u00bb150px\u00a0\u00bb image=\u00a0\u00bbhttps:\/\/www.ersigroup.com\/wp-content\/uploads\/2025\/10\/1.1-Icono-Desarrollo-Sostenible_v-150&#215;150.png\u00a0\u00bb image_as_background=\u00a0\u00bboff\u00a0\u00bb image_width=\u00a0\u00bb40%\u00a0\u00bb stretch_image=\u00a0\u00bboff\u00a0\u00bb image_alignment=\u00a0\u00bbcenter\u00a0\u00bb button_url_new_window=\u00a0\u00bb1&Prime; _builder_version=\u00a0\u00bb4.27.5&Prime; _module_preset=\u00a0\u00bbdefault\u00a0\u00bb header_font=\u00a0\u00bb|600|||||||\u00a0\u00bb header_text_align=\u00a0\u00bbcenter\u00a0\u00bb header_text_color=\u00a0\u00bb#115e67&Prime; animation_style=\u00a0\u00bbslide\u00a0\u00bb border_radii=\u00a0\u00bbon|25px|25px|25px|25px\u00a0\u00bb box_shadow_style=\u00a0\u00bbpreset1&Prime; global_colors_info=\u00a0\u00bb{}\u00a0\u00bb background_color__hover=\u00a0\u00bbrgba(0,0,0,0.15)\u00a0\u00bb background_enable_color__hover=\u00a0\u00bbon\u00a0\u00bb background__hover_enabled=\u00a0\u00bbon|hover\u00a0\u00bb]<\/p>\n<p style=\"text-align: center;\">Nous contribuons activement au d\u00e9veloppement durable de nos activit\u00e9s et des communaut\u00e9s o\u00f9 nous menons nos projets.\n<\/p>\n<p>[\/dsm_card][\/et_pb_column][et_pb_column type=\u00a0\u00bb1_3&Prime; _builder_version=\u00a0\u00bb4.27.4&Prime; _module_preset=\u00a0\u00bbdefault\u00a0\u00bb global_colors_info=\u00a0\u00bb{}\u00a0\u00bb][dsm_card title=\u00a0\u00bbD\u00e9veloppement personnel\u00a0\u00bb content_equal_height=\u00a0\u00bbon\u00a0\u00bb equal_height_image_height=\u00a0\u00bb150px\u00a0\u00bb image=\u00a0\u00bbhttps:\/\/www.ersigroup.com\/wp-content\/uploads\/2025\/10\/1.1-Icono-Desarrollo-Personal-v&#8211;150&#215;150.png\u00a0\u00bb image_as_background=\u00a0\u00bboff\u00a0\u00bb image_width=\u00a0\u00bb40%\u00a0\u00bb stretch_image=\u00a0\u00bboff\u00a0\u00bb image_alignment=\u00a0\u00bbcenter\u00a0\u00bb button_url_new_window=\u00a0\u00bb1&Prime; _builder_version=\u00a0\u00bb4.27.5&Prime; _module_preset=\u00a0\u00bbdefault\u00a0\u00bb header_font=\u00a0\u00bb|600|||||||\u00a0\u00bb header_text_align=\u00a0\u00bbcenter\u00a0\u00bb header_text_color=\u00a0\u00bb#115e67&Prime; animation_style=\u00a0\u00bbslide\u00a0\u00bb border_radii=\u00a0\u00bbon|25px|25px|25px|25px\u00a0\u00bb box_shadow_style=\u00a0\u00bbpreset1&Prime; global_colors_info=\u00a0\u00bb{}\u00a0\u00bb background_color__hover=\u00a0\u00bbrgba(0,0,0,0.15)\u00a0\u00bb background_enable_color__hover=\u00a0\u00bbon\u00a0\u00bb background__hover_enabled=\u00a0\u00bbon|hover\u00a0\u00bb]<\/p>\n<p style=\"text-align: center;\">Nous encourageons le d\u00e9veloppement personnel et professionnel de nos employ\u00e9s et collaborateurs, en favorisant des environnements de travail s\u00fbrs, inclusifs et motivants.<\/p>\n<p>[\/dsm_card][\/et_pb_column][\/et_pb_row][\/et_pb_section]<\/p>\n","protected":false},"excerpt":{"rendered":"<p>Notre Identit\u00e9 <div class=\"et_pb_module dsm_breadcrumbs dsm_breadcrumbs_0\">\n\t\t\t\t\n\t\t\t\t\n\t\t\t\t\n\t\t\t\t\n\t\t\t\t\n\t\t\t\t\n\t\t\t\t<div class=\"et_pb_module_inner\">\n\t\t\t\t\t<nav class=\"dsm_breadcrumbs_wrap\">\n\t\t\t\t<ul class=\"dsm_breadcrumbs\" itemscope itemtype=\"https:\/\/schema.org\/BreadcrumbList\">\t\t\t<li class=\"dsm_breadcrumbs_item dsm_home_item dsm_home_item_custom\" itemprop=\"itemListElement\" itemscope\n\t\t\titemtype=\"https:\/\/schema.org\/ListItem\">\n\t\t\t\t<a href=\"https:\/\/www.ersigroup.com\/fr\/\" itemprop=\"item\" target=\"\">\n\t\t\t\t\t<span class='dsm_home_text_wrapper'>\n\t\t\t\t\t\t\t\t\t\t\t\t\t<span class=\"et-pb-icon dsm_home_icon\">\ue009<\/span>\n\t\t\t\t\t\t\t\t\t\t\t\t\t<span class=\"dsm_home_text\" itemprop=\"name\">\n\t\t\t\t\t\t\t\tHome\t\t\t\t\t\t\t<\/span>\n\t\t\t\t\t<\/span>\n\t\t\t\t<\/a>\n\t\t\t\t<meta itemprop=\"position\" content=\"1\" \/>\n\t\t\t<\/li>\n\n\t\t<li class=\"dsm_breadcrumbs_separator\"> <span class=\"et-pb-icon dsm_separator_icon\">5<\/span><\/li><\/ul>\n\t\t\t<\/nav>\n\t\t\t\t<\/div>\n\t\t\t<\/div>NOTRE IDENTIT\u00c9 Chez ERSIGROUP, snous sommes une organisation mondiale sp\u00e9cialis\u00e9e dans l&rsquo;ing\u00e9nierie, la fourniture, la transformation et le montage d&rsquo;armatures passives pour structures en b\u00e9ton arm\u00e9. Notre proposition de valeur repose sur la fourniture de solutions int\u00e9grales \u00e0 nos clients gr\u00e2ce au Syst\u00e8me de Construction Armatek\u00ae, une m\u00e9thodologie qui, bas\u00e9e sur une ing\u00e9nierie de d\u00e9tail hautement \u00e9prouv\u00e9e, augmente de mani\u00e8re d\u00e9cisive la productivit\u00e9, la qualit\u00e9 d&rsquo;ex\u00e9cution et les normes de s\u00e9curit\u00e9 dans l&rsquo;installation d&rsquo;acier \u00e9labor\u00e9 sur chantier.Gr\u00e2ce \u00e0 cette approche diff\u00e9renci\u00e9e, nous nous sommes impos\u00e9s comme un partenaire strat\u00e9gique de r\u00e9f\u00e9rence dans les projets de construction et de g\u00e9nie civil \u00e0 haute complexit\u00e9 technique. Notre capacit\u00e9 \u00e0 transf\u00e9rer et \u00e0 adapter rapidement notre savoir-faire \u00e0 n&rsquo;importe quel environnement g\u00e9ographique nous a permis de nous positionner comme un acteur cl\u00e9 sur les principaux march\u00e9s internationaux. Forts de plus de 60 ans d&rsquo;exp\u00e9rience, nous avons r\u00e9alis\u00e9 des projets sur les cinq continents, apportant \u00e0 chaque chantier notre expertise accumul\u00e9e et notre volont\u00e9 constante d&rsquo;am\u00e9lioration et d&rsquo;innovation. Dans un contexte mondial qui exige l&rsquo;optimisation des processus de construction et la maximisation de l&rsquo;efficacit\u00e9 des ressources, ERSIGROUP propose \u00e0 ses clients une offre unique : [&hellip;]<\/p>\n","protected":false},"author":1,"featured_media":0,"parent":0,"menu_order":0,"comment_status":"closed","ping_status":"closed","template":"","meta":{"_et_pb_use_builder":"on","_et_pb_old_content":"","_et_gb_content_width":"","footnotes":""},"class_list":["post-4398339","page","type-page","status-publish","hentry"],"_links":{"self":[{"href":"https:\/\/www.ersigroup.com\/fr\/wp-json\/wp\/v2\/pages\/4398339","targetHints":{"allow":["GET"]}}],"collection":[{"href":"https:\/\/www.ersigroup.com\/fr\/wp-json\/wp\/v2\/pages"}],"about":[{"href":"https:\/\/www.ersigroup.com\/fr\/wp-json\/wp\/v2\/types\/page"}],"author":[{"embeddable":true,"href":"https:\/\/www.ersigroup.com\/fr\/wp-json\/wp\/v2\/users\/1"}],"replies":[{"embeddable":true,"href":"https:\/\/www.ersigroup.com\/fr\/wp-json\/wp\/v2\/comments?post=4398339"}],"version-history":[{"count":10,"href":"https:\/\/www.ersigroup.com\/fr\/wp-json\/wp\/v2\/pages\/4398339\/revisions"}],"predecessor-version":[{"id":4402828,"href":"https:\/\/www.ersigroup.com\/fr\/wp-json\/wp\/v2\/pages\/4398339\/revisions\/4402828"}],"wp:attachment":[{"href":"https:\/\/www.ersigroup.com\/fr\/wp-json\/wp\/v2\/media?parent=4398339"}],"curies":[{"name":"wp","href":"https:\/\/api.w.org\/{rel}","templated":true}]}}