{"id":4399546,"date":"2025-08-21T11:47:45","date_gmt":"2025-08-21T09:47:45","guid":{"rendered":"https:\/\/desw.ersigroup.com\/proyectos\/"},"modified":"2026-01-25T00:54:57","modified_gmt":"2026-01-24T23:54:57","slug":"proyectos","status":"publish","type":"page","link":"https:\/\/www.ersigroup.com\/en\/proyectos\/","title":{"rendered":"Proyectos"},"content":{"rendered":"<p>[et_pb_section fb_built=&#8221;1&#8243; _builder_version=&#8221;4.27.4&#8243; _module_preset=&#8221;default&#8221; background_color=&#8221;rgba(255,255,255,0.75)&#8221; background_image=&#8221;https:\/\/www.ersigroup.com\/wp-content\/uploads\/2025\/08\/bg-2.jpg&#8221; background_blend=&#8221;soft-light&#8221; custom_margin=&#8221;||||false|false&#8221; da_disable_devices=&#8221;off|off|off&#8221; global_colors_info=&#8221;{}&#8221; da_is_popup=&#8221;off&#8221; da_exit_intent=&#8221;off&#8221; da_has_close=&#8221;on&#8221; da_alt_close=&#8221;off&#8221; da_dark_close=&#8221;off&#8221; da_not_modal=&#8221;on&#8221; da_is_singular=&#8221;off&#8221; da_with_loader=&#8221;off&#8221; da_has_shadow=&#8221;on&#8221;][et_pb_row _builder_version=&#8221;4.27.4&#8243; _module_preset=&#8221;default&#8221; global_colors_info=&#8221;{}&#8221;][et_pb_column type=&#8221;4_4&#8243; _builder_version=&#8221;4.27.4&#8243; _module_preset=&#8221;default&#8221; global_colors_info=&#8221;{}&#8221;][et_pb_text _builder_version=&#8221;4.27.4&#8243; _module_preset=&#8221;default&#8221; global_colors_info=&#8221;{}&#8221;]<\/p>\n<h1 style=\"text-align: center;\">Obras Singulares<\/h1>\n<p>[\/et_pb_text][dsm_breadcrumbs align=&#8221;center&#8221; _builder_version=&#8221;4.27.4&#8243; _module_preset=&#8221;default&#8221; items_font=&#8221;|600|||||||&#8221; items_text_color=&#8221;#111111&#8243; separators_text_color=&#8221;#cccccc&#8221; global_colors_info=&#8221;{}&#8221;][\/dsm_breadcrumbs][\/et_pb_column][\/et_pb_row][\/et_pb_section][et_pb_section fb_built=&#8221;1&#8243; _builder_version=&#8221;4.27.4&#8243; _module_preset=&#8221;default&#8221; da_disable_devices=&#8221;off|off|off&#8221; global_colors_info=&#8221;{}&#8221; da_is_popup=&#8221;off&#8221; da_exit_intent=&#8221;off&#8221; da_has_close=&#8221;on&#8221; da_alt_close=&#8221;off&#8221; da_dark_close=&#8221;off&#8221; da_not_modal=&#8221;on&#8221; da_is_singular=&#8221;off&#8221; da_with_loader=&#8221;off&#8221; da_has_shadow=&#8221;on&#8221;][et_pb_row _builder_version=&#8221;4.27.4&#8243; _module_preset=&#8221;default&#8221; global_colors_info=&#8221;{}&#8221;][et_pb_column type=&#8221;4_4&#8243; _builder_version=&#8221;4.27.4&#8243; _module_preset=&#8221;default&#8221; global_colors_info=&#8221;{}&#8221;][et_pb_text _builder_version=&#8221;4.27.4&#8243; _module_preset=&#8221;default&#8221; global_colors_info=&#8221;{}&#8221;]<\/p>\n<p>En <span style=\"color: #0a626c;\"><strong>ERSIGROUP<\/strong><\/span> aplicamos nuestros conocimientos t\u00e9cnicos orient\u00e1ndolos a la invenci\u00f3n, dise\u00f1o, perfeccionamiento y utilizaci\u00f3n tanto de consolidados como nuevos procedimientos constructivos en la industria del acero corrugado y sus diferentes campos de aplicaci\u00f3n en elementos o estructuras de hormig\u00f3n armado.<\/p>\n<p>[\/et_pb_text][\/et_pb_column][\/et_pb_row][\/et_pb_section][et_pb_section fb_built=&#8221;1&#8243; admin_label=&#8221;Portfolio_Style_6&#8243; _builder_version=&#8221;4.16&#8243; _module_preset=&#8221;default&#8221; background_enable_color=&#8221;off&#8221; da_disable_devices=&#8221;off|off|off&#8221; locked=&#8221;off&#8221; global_colors_info=&#8221;{}&#8221; da_is_popup=&#8221;off&#8221; da_exit_intent=&#8221;off&#8221; da_has_close=&#8221;on&#8221; da_alt_close=&#8221;off&#8221; da_dark_close=&#8221;off&#8221; da_not_modal=&#8221;on&#8221; da_is_singular=&#8221;off&#8221; da_with_loader=&#8221;off&#8221; da_has_shadow=&#8221;on&#8221;][et_pb_row use_custom_gutter=&#8221;on&#8221; gutter_width=&#8221;1&#8243; make_equal=&#8221;on&#8221; module_class=&#8221; et_pb_row_fullwidth&#8221; _builder_version=&#8221;4.16&#8243; width=&#8221;100%&#8221; width_tablet=&#8221;100%&#8221; width_phone=&#8221;&#8221; width_last_edited=&#8221;on|desktop&#8221; max_width=&#8221;100%&#8221; max_width_tablet=&#8221;100%&#8221; max_width_phone=&#8221;&#8221; max_width_last_edited=&#8221;on|desktop&#8221; custom_padding=&#8221;27px|0px|67px|0px|false|false&#8221; make_fullwidth=&#8221;on&#8221; locked=&#8221;off&#8221; global_colors_info=&#8221;{}&#8221;][et_pb_column type=&#8221;4_4&#8243; _builder_version=&#8221;4.16&#8243; custom_padding=&#8221;|||&#8221; global_colors_info=&#8221;{}&#8221; custom_padding__hover=&#8221;|||&#8221;][et_pb_filterable_portfolio fullwidth=&#8221;off&#8221; posts_number=&#8221;8&#8243; admin_label=&#8221;Filterable Portfolio Style V6&#8243; module_class=&#8221;et_pb_flt_portfolio_dct_1_6&#8243; _builder_version=&#8221;4.16&#8243; _module_preset=&#8221;default&#8221; title_font_size=&#8221;18px&#8221; text_orientation=&#8221;center&#8221; locked=&#8221;off&#8221; global_colors_info=&#8221;{}&#8221;][\/et_pb_filterable_portfolio][\/et_pb_column][\/et_pb_row][et_pb_row _builder_version=&#8221;4.16&#8243; _module_preset=&#8221;default&#8221; custom_margin=&#8221;||0px||false|false&#8221; custom_padding=&#8221;||0px||false|false&#8221; global_colors_info=&#8221;{}&#8221;][et_pb_column type=&#8221;4_4&#8243; _builder_version=&#8221;4.16&#8243; _module_preset=&#8221;default&#8221; global_colors_info=&#8221;{}&#8221;][et_pb_text admin_label=&#8221;CSS Is Located In A Code Module Under This Text&#8221; _builder_version=&#8221;4.16&#8243; _module_preset=&#8221;default&#8221; text_font=&#8221;Open Sans|600||on|||||&#8221; link_font=&#8221;Open Sans||||||||&#8221; ul_font=&#8221;Open Sans||||||||&#8221; ol_font=&#8221;Open Sans||||||||&#8221; quote_font=&#8221;Open Sans||||||||&#8221; header_font=&#8221;Open Sans||||||||&#8221; header_2_font=&#8221;Open Sans|600||on|||||&#8221; header_3_font=&#8221;Open Sans||||||||&#8221; header_4_font=&#8221;Open Sans||||||||&#8221; header_5_font=&#8221;Open Sans||||||||&#8221; header_6_font=&#8221;Open Sans||||||||&#8221; text_orientation=&#8221;center&#8221; global_colors_info=&#8221;{}&#8221;]CSS is located in a code module under this text[\/et_pb_text][et_pb_code admin_label=&#8221;TEMPLATE 6  Style 6 CSS&#8221; _builder_version=&#8221;4.16&#8243; _module_preset=&#8221;default&#8221; global_colors_info=&#8221;{}&#8221;]<\/p>\n<style><!-- [et_pb_line_break_holder] -->  <!-- [et_pb_line_break_holder] -->  <!-- [et_pb_line_break_holder] --><!-- [et_pb_line_break_holder] -->.et_pb_flt_portfolio_dct_1_6 .et_pb_portofolio_pagination {<!-- [et_pb_line_break_holder] -->    border: none !important;<!-- [et_pb_line_break_holder] -->    margin-top: 20px;<!-- [et_pb_line_break_holder] -->}<!-- [et_pb_line_break_holder] -->.et_pb_flt_portfolio_dct_1_6 .et_pb_portofolio_pagination ul {<!-- [et_pb_line_break_holder] -->    float: none;<!-- [et_pb_line_break_holder] -->    position: relative;<!-- [et_pb_line_break_holder] -->    display: inline-block;<!-- [et_pb_line_break_holder] -->}<!-- [et_pb_line_break_holder] -->.et_pb_flt_portfolio_dct_1_6 .et_pb_portofolio_pagination ul:before {<!-- [et_pb_line_break_holder] -->    width: 100%;<!-- [et_pb_line_break_holder] -->    height: 2px;<!-- [et_pb_line_break_holder] -->    display: block;<!-- [et_pb_line_break_holder] -->    background: #e8e8e8;<!-- [et_pb_line_break_holder] -->    content: \"\";<!-- [et_pb_line_break_holder] -->    position: absolute;<!-- [et_pb_line_break_holder] -->    top: 50%;<!-- [et_pb_line_break_holder] -->    z-index: -1;<!-- [et_pb_line_break_holder] -->    left: 0;<!-- [et_pb_line_break_holder] -->    transform: translateY(-50%);<!-- [et_pb_line_break_holder] -->}<!-- [et_pb_line_break_holder] -->.et_pb_flt_portfolio_dct_1_6 .et_pb_portofolio_pagination ul li {<!-- [et_pb_line_break_holder] -->    border-radius: 5px;<!-- [et_pb_line_break_holder] -->    background: #000;<!-- [et_pb_line_break_holder] -->    position: relative;<!-- [et_pb_line_break_holder] -->    z-index: 1;<!-- [et_pb_line_break_holder] -->    padding: 5px 15px !important;<!-- [et_pb_line_break_holder] -->    margin-right: 20px;<!-- [et_pb_line_break_holder] -->    border-color: #000;<!-- [et_pb_line_break_holder] -->    color: #fff;<!-- [et_pb_line_break_holder] -->}<!-- [et_pb_line_break_holder] -->.et_pb_flt_portfolio_dct_1_6 .et_pb_portofolio_pagination ul li:last-child {<!-- [et_pb_line_break_holder] -->    margin-right: 0px;<!-- [et_pb_line_break_holder] -->}<!-- [et_pb_line_break_holder] -->.et_pb_flt_portfolio_dct_1_6 .et_pb_portofolio_pagination ul li a {<!-- [et_pb_line_break_holder] -->    color: #fff !important;<!-- [et_pb_line_break_holder] -->}<!-- [et_pb_line_break_holder] --><!-- [et_pb_line_break_holder] -->.et_pb_flt_portfolio_dct_1_6 .et_pb_portfolio_filters ul {<!-- [et_pb_line_break_holder] -->    text-align:center;<!-- [et_pb_line_break_holder] -->    position: relative;<!-- [et_pb_line_break_holder] -->}<!-- [et_pb_line_break_holder] -->.et_pb_flt_portfolio_dct_1_6 .et_pb_portfolio_filters ul li {<!-- [et_pb_line_break_holder] -->    margin: 0 5px;float:none;display:inline-block;<!-- [et_pb_line_break_holder] -->}<!-- [et_pb_line_break_holder] -->.et_pb_flt_portfolio_dct_1_6 .et_pb_portfolio_filters ul li a {<!-- [et_pb_line_break_holder] -->    color: #cf1f4f;<!-- [et_pb_line_break_holder] -->    font-size: 18px;<!-- [et_pb_line_break_holder] -->    font-weight: 600;<!-- [et_pb_line_break_holder] -->    text-align: center;<!-- [et_pb_line_break_holder] -->    text-transform: uppercase;<!-- [et_pb_line_break_holder] -->    padding: 12px 20px;<!-- [et_pb_line_break_holder] -->    border: 2px solid #cf1f4f;<!-- [et_pb_line_break_holder] -->    border-radius: 360px !important;<!-- [et_pb_line_break_holder] -->    display: block;<!-- [et_pb_line_break_holder] -->    perspective: 800px;<!-- [et_pb_line_break_holder] -->    position: relative;<!-- [et_pb_line_break_holder] -->    z-index: 1;<!-- [et_pb_line_break_holder] -->    transition: all 0.5s ease 0s;<!-- [et_pb_line_break_holder] -->}<!-- [et_pb_line_break_holder] -->.et_pb_flt_portfolio_dct_1_6 .et_pb_portfolio_filters ul li a:hover,<!-- [et_pb_line_break_holder] -->.et_pb_flt_portfolio_dct_1_6 .et_pb_portfolio_filters ul li a.active,<!-- [et_pb_line_break_holder] -->.et_pb_flt_portfolio_dct_1_6 .et_pb_portfolio_filters ul li a.active:hover {<!-- [et_pb_line_break_holder] -->    color: #fff !important;<!-- [et_pb_line_break_holder] -->    background-color: transparent;<!-- [et_pb_line_break_holder] -->    border: 2px solid #cf1f4f;<!-- [et_pb_line_break_holder] -->}<!-- [et_pb_line_break_holder] -->.et_pb_flt_portfolio_dct_1_6 .et_pb_portfolio_filters ul li a:before {<!-- [et_pb_line_break_holder] -->    content: \"\";<!-- [et_pb_line_break_holder] -->    height: 100%;<!-- [et_pb_line_break_holder] -->    width: 100%;<!-- [et_pb_line_break_holder] -->    background: #cf1f4f;<!-- [et_pb_line_break_holder] -->    border-radius: 30px;<!-- [et_pb_line_break_holder] -->    opacity: 1;<!-- [et_pb_line_break_holder] -->    transform: rotateY(90deg);<!-- [et_pb_line_break_holder] -->    transform-origin: center center;<!-- [et_pb_line_break_holder] -->    position: absolute;<!-- [et_pb_line_break_holder] -->    bottom: 0;<!-- [et_pb_line_break_holder] -->    left: 0;<!-- [et_pb_line_break_holder] -->    z-index: -1;<!-- [et_pb_line_break_holder] -->    transition: all 0.5s ease;<!-- [et_pb_line_break_holder] -->}<!-- [et_pb_line_break_holder] -->.et_pb_flt_portfolio_dct_1_6 .et_pb_portfolio_filters ul li a:hover:before,<!-- [et_pb_line_break_holder] -->.et_pb_flt_portfolio_dct_1_6 .et_pb_portfolio_filters ul li a.active:before {<!-- [et_pb_line_break_holder] -->    transform: rotateY(0);<!-- [et_pb_line_break_holder] -->}<!-- [et_pb_line_break_holder] --><!-- [et_pb_line_break_holder] -->@media only screen and (max-width: 767px) {<!-- [et_pb_line_break_holder] -->    .et_pb_flt_portfolio_dct_1_6 .et_pb_portfolio_filters ul li {<!-- [et_pb_line_break_holder] -->        display: block;<!-- [et_pb_line_break_holder] -->        width: 100%;<!-- [et_pb_line_break_holder] -->\t\tmargin: 0 auto 10px;<!-- [et_pb_line_break_holder] -->    }<!-- [et_pb_line_break_holder] -->    .et_pb_flt_portfolio_dct_1_6 .et_pb_portfolio_filters ul {<!-- [et_pb_line_break_holder] -->        display: block;<!-- [et_pb_line_break_holder] -->    }<!-- [et_pb_line_break_holder] -->}<!-- [et_pb_line_break_holder] --><!-- [et_pb_line_break_holder] -->@media only screen and (max-width: 480px) {<!-- [et_pb_line_break_holder] -->    .et_pb_flt_portfolio_dct_1_6 .et_pb_portfolio_filters ul {<!-- [et_pb_line_break_holder] -->        display: block !important;<!-- [et_pb_line_break_holder] -->    }<!-- [et_pb_line_break_holder] -->}<!-- [et_pb_line_break_holder] --><!-- [et_pb_line_break_holder] --><!-- [et_pb_line_break_holder] --><!-- [et_pb_line_break_holder] -->.et_pb_flt_portfolio_dct_1_6 .et_pb_portfolio_item .et_overlay {<!-- [et_pb_line_break_holder] -->    background-color: transparent;<!-- [et_pb_line_break_holder] -->    border: none;<!-- [et_pb_line_break_holder] -->    z-index: 111;<!-- [et_pb_line_break_holder] -->}<!-- [et_pb_line_break_holder] -->.et_pb_flt_portfolio_dct_1_6 .et_pb_portfolio_item .et_overlay::before {<!-- [et_pb_line_break_holder] -->    color: transparent;<!-- [et_pb_line_break_holder] -->}<!-- [et_pb_line_break_holder] -->.et_pb_flt_portfolio_dct_1_6 .et_pb_portfolio_item {<!-- [et_pb_line_break_holder] -->    position: relative;<!-- [et_pb_line_break_holder] -->}<!-- [et_pb_line_break_holder] -->.et_pb_flt_portfolio_dct_1_6 .et_pb_portfolio_item .et_portfolio_image {<!-- [et_pb_line_break_holder] -->    width: 100%;<!-- [et_pb_line_break_holder] -->    height: auto;<!-- [et_pb_line_break_holder] -->    position: relative;<!-- [et_pb_line_break_holder] -->}<!-- [et_pb_line_break_holder] --><!-- [et_pb_line_break_holder] -->.et_pb_flt_portfolio_dct_1_6 .et_pb_portfolio_item .et_portfolio_image img{width:100%;}<!-- [et_pb_line_break_holder] --><!-- [et_pb_line_break_holder] -->.et_pb_flt_portfolio_dct_1_6 .et_pb_portfolio_item .et_portfolio_image:before {<!-- [et_pb_line_break_holder] -->    content: \"\";<!-- [et_pb_line_break_holder] -->    position: absolute;<!-- [et_pb_line_break_holder] -->    top: 0;<!-- [et_pb_line_break_holder] -->    left: 0;<!-- [et_pb_line_break_holder] -->    width: 100%;<!-- [et_pb_line_break_holder] -->    height: 100%;<!-- [et_pb_line_break_holder] -->    background: #cf1f4f;<!-- [et_pb_line_break_holder] -->    text-align: center;<!-- [et_pb_line_break_holder] -->    transform: scale(0);<!-- [et_pb_line_break_holder] -->    transition: all 0.5s ease-in-out 0s;<!-- [et_pb_line_break_holder] -->    right: 0;<!-- [et_pb_line_break_holder] -->    bottom: 0;<!-- [et_pb_line_break_holder] -->    opacity: 0.7;<!-- [et_pb_line_break_holder] -->    margin: 0;<!-- [et_pb_line_break_holder] -->}<!-- [et_pb_line_break_holder] -->.et_pb_flt_portfolio_dct_1_6 .et_pb_portfolio_item:hover .et_portfolio_image:before {<!-- [et_pb_line_break_holder] -->    transform: scale(1);<!-- [et_pb_line_break_holder] -->}<!-- [et_pb_line_break_holder] -->.et_pb_flt_portfolio_dct_1_6 .et_pb_portfolio_item .post-meta {<!-- [et_pb_line_break_holder] -->    position: absolute;<!-- [et_pb_line_break_holder] -->    top: 50%;<!-- [et_pb_line_break_holder] -->    left: 0;<!-- [et_pb_line_break_holder] -->    width: 100%;<!-- [et_pb_line_break_holder] -->    text-align: center;<!-- [et_pb_line_break_holder] -->    transition: all 0.5s ease-in-out 0s;<!-- [et_pb_line_break_holder] -->    opacity: 0;<!-- [et_pb_line_break_holder] -->    margin: 0;<!-- [et_pb_line_break_holder] -->}<!-- [et_pb_line_break_holder] -->.et_pb_flt_portfolio_dct_1_6 .et_pb_portfolio_item:hover .post-meta {<!-- [et_pb_line_break_holder] -->    opacity: 1;<!-- [et_pb_line_break_holder] -->}<!-- [et_pb_line_break_holder] -->.et_pb_flt_portfolio_dct_1_6 .et_pb_portfolio_item .post-meta a {<!-- [et_pb_line_break_holder] -->    color: #fff !important;<!-- [et_pb_line_break_holder] -->    top: 40%;<!-- [et_pb_line_break_holder] -->    position: absolute;<!-- [et_pb_line_break_holder] -->    left: 40%;<!-- [et_pb_line_break_holder] -->    font-size: 15px;<!-- [et_pb_line_break_holder] -->    font-style: italic;<!-- [et_pb_line_break_holder] -->    font-weight: 700;<!-- [et_pb_line_break_holder] -->}<!-- [et_pb_line_break_holder] -->.et_pb_flt_portfolio_dct_1_6 .et_pb_portfolio_item .et_pb_module_header {<!-- [et_pb_line_break_holder] -->    width: 100%;<!-- [et_pb_line_break_holder] -->    display: block;<!-- [et_pb_line_break_holder] -->    text-align: center;<!-- [et_pb_line_break_holder] -->    position: absolute;<!-- [et_pb_line_break_holder] -->    top: 40%;<!-- [et_pb_line_break_holder] -->    transform: scale(0);<!-- [et_pb_line_break_holder] -->    z-index: 1;<!-- [et_pb_line_break_holder] -->    color: #fff;<!-- [et_pb_line_break_holder] -->    text-transform: uppercase;<!-- [et_pb_line_break_holder] -->    font-weight: 600;<!-- [et_pb_line_break_holder] -->    transition: all 0.5s ease-in-out 0s;<!-- [et_pb_line_break_holder] -->}<!-- [et_pb_line_break_holder] -->.et_pb_flt_portfolio_dct_1_6 .et_pb_portfolio_item:hover .et_pb_module_header {<!-- [et_pb_line_break_holder] -->    transform: scale(1);<!-- [et_pb_line_break_holder] -->}<!-- [et_pb_line_break_holder] -->@media only screen and (max-width: 990px) {<!-- [et_pb_line_break_holder] -->    .et_pb_flt_portfolio_dct_1_6 {<!-- [et_pb_line_break_holder] -->        margin-bottom: 20px;<!-- [et_pb_line_break_holder] -->    }<!-- [et_pb_line_break_holder] -->}<!-- [et_pb_line_break_holder] -->@media only screen and (max-width: 480px) {<!-- [et_pb_line_break_holder] -->    .et_pb_flt_portfolio_dct_1_6 .et_pb_portfolio_item {<!-- [et_pb_line_break_holder] -->        width: 100% !important;<!-- [et_pb_line_break_holder] -->    }<!-- [et_pb_line_break_holder] -->}<!-- [et_pb_line_break_holder] --><!-- [et_pb_line_break_holder] --><\/style>\n<p>[\/et_pb_code][\/et_pb_column][\/et_pb_row][\/et_pb_section]<\/p>\n","protected":false},"excerpt":{"rendered":"<p>Obras Singulares<div class=\"et_pb_module dsm_breadcrumbs dsm_breadcrumbs_0\">\n\t\t\t\t\n\t\t\t\t\n\t\t\t\t\n\t\t\t\t\n\t\t\t\t\n\t\t\t\t\n\t\t\t\t<div class=\"et_pb_module_inner\">\n\t\t\t\t\t<nav class=\"dsm_breadcrumbs_wrap\">\n\t\t\t\t<ul class=\"dsm_breadcrumbs\" itemscope itemtype=\"https:\/\/schema.org\/BreadcrumbList\">\t\t\t<li class=\"dsm_breadcrumbs_item dsm_home_item dsm_home_item_custom\" itemprop=\"itemListElement\" itemscope\n\t\t\titemtype=\"https:\/\/schema.org\/ListItem\">\n\t\t\t\t<a href=\"https:\/\/www.ersigroup.com\/en\/\" itemprop=\"item\" target=\"\">\n\t\t\t\t\t<span class='dsm_home_text_wrapper'>\n\t\t\t\t\t\t\t\t\t\t\t\t\t<span class=\"et-pb-icon dsm_home_icon\">\ue009<\/span>\n\t\t\t\t\t\t\t\t\t\t\t\t\t<span class=\"dsm_home_text\" itemprop=\"name\">\n\t\t\t\t\t\t\t\tHome\t\t\t\t\t\t\t<\/span>\n\t\t\t\t\t<\/span>\n\t\t\t\t<\/a>\n\t\t\t\t<meta itemprop=\"position\" content=\"1\" \/>\n\t\t\t<\/li>\n\n\t\t<li class=\"dsm_breadcrumbs_separator\"> <span class=\"et-pb-icon dsm_separator_icon\">5<\/span><\/li><\/ul>\n\t\t\t<\/nav>\n\t\t\t\t<\/div>\n\t\t\t<\/div>En ERSIGROUP aplicamos nuestros conocimientos t\u00e9cnicos orient\u00e1ndolos a la invenci\u00f3n, dise\u00f1o, perfeccionamiento y utilizaci\u00f3n tanto de consolidados como nuevos procedimientos constructivos en la industria del acero corrugado y sus diferentes campos de aplicaci\u00f3n en elementos o estructuras de hormig\u00f3n armado.CSS is located in a code module under this text<\/p>\n","protected":false},"author":1,"featured_media":0,"parent":0,"menu_order":0,"comment_status":"closed","ping_status":"closed","template":"","meta":{"_et_pb_use_builder":"on","_et_pb_old_content":"","_et_gb_content_width":"","footnotes":""},"class_list":["post-4399546","page","type-page","status-publish","hentry"],"_links":{"self":[{"href":"https:\/\/www.ersigroup.com\/en\/wp-json\/wp\/v2\/pages\/4399546","targetHints":{"allow":["GET"]}}],"collection":[{"href":"https:\/\/www.ersigroup.com\/en\/wp-json\/wp\/v2\/pages"}],"about":[{"href":"https:\/\/www.ersigroup.com\/en\/wp-json\/wp\/v2\/types\/page"}],"author":[{"embeddable":true,"href":"https:\/\/www.ersigroup.com\/en\/wp-json\/wp\/v2\/users\/1"}],"replies":[{"embeddable":true,"href":"https:\/\/www.ersigroup.com\/en\/wp-json\/wp\/v2\/comments?post=4399546"}],"version-history":[{"count":1,"href":"https:\/\/www.ersigroup.com\/en\/wp-json\/wp\/v2\/pages\/4399546\/revisions"}],"predecessor-version":[{"id":4399548,"href":"https:\/\/www.ersigroup.com\/en\/wp-json\/wp\/v2\/pages\/4399546\/revisions\/4399548"}],"wp:attachment":[{"href":"https:\/\/www.ersigroup.com\/en\/wp-json\/wp\/v2\/media?parent=4399546"}],"curies":[{"name":"wp","href":"https:\/\/api.w.org\/{rel}","templated":true}]}}