{"id":4399541,"date":"2025-08-06T11:54:00","date_gmt":"2025-08-06T09:54:00","guid":{"rendered":"https:\/\/desw.ersigroup.com\/partners\/steel-tech-texas\/"},"modified":"2026-01-25T00:52:05","modified_gmt":"2026-01-24T23:52:05","slug":"steel-tech-texas","status":"publish","type":"page","link":"https:\/\/www.ersigroup.com\/en\/partners\/steel-tech-texas\/","title":{"rendered":"Steel Tech (Texas)"},"content":{"rendered":"<p>[et_pb_section fb_built=&#8221;1&#8243; _builder_version=&#8221;4.27.4&#8243; _module_preset=&#8221;default&#8221; background_color=&#8221;rgba(255,255,255,0.75)&#8221; background_image=&#8221;https:\/\/www.ersigroup.com\/wp-content\/uploads\/2025\/08\/bg-2.jpg&#8221; background_blend=&#8221;soft-light&#8221; custom_margin=&#8221;||||false|false&#8221; da_disable_devices=&#8221;off|off|off&#8221; global_colors_info=&#8221;{}&#8221; da_is_popup=&#8221;off&#8221; da_exit_intent=&#8221;off&#8221; da_has_close=&#8221;on&#8221; da_alt_close=&#8221;off&#8221; da_dark_close=&#8221;off&#8221; da_not_modal=&#8221;on&#8221; da_is_singular=&#8221;off&#8221; da_with_loader=&#8221;off&#8221; da_has_shadow=&#8221;on&#8221;][et_pb_row _builder_version=&#8221;4.27.4&#8243; _module_preset=&#8221;default&#8221; global_colors_info=&#8221;{}&#8221;][et_pb_column type=&#8221;4_4&#8243; _builder_version=&#8221;4.27.4&#8243; _module_preset=&#8221;default&#8221; global_colors_info=&#8221;{}&#8221;][et_pb_text _builder_version=&#8221;4.27.4&#8243; _module_preset=&#8221;default&#8221; global_colors_info=&#8221;{}&#8221;]<\/p>\n<h1 style=\"text-align: center;\">STS Steel Technologies LLC: Industrializaci\u00f3n y Tecnolog\u00eda para el Futuro del Hormig\u00f3n Armado en Estados Unidos<\/h1>\n<p>[\/et_pb_text][dsm_breadcrumbs align=&#8221;center&#8221; _builder_version=&#8221;4.27.4&#8243; _module_preset=&#8221;default&#8221; items_font=&#8221;|600|||||||&#8221; items_text_color=&#8221;#111111&#8243; separators_text_color=&#8221;#cccccc&#8221; global_colors_info=&#8221;{}&#8221;][\/dsm_breadcrumbs][\/et_pb_column][\/et_pb_row][\/et_pb_section][et_pb_section fb_built=&#8221;1&#8243; _builder_version=&#8221;4.27.4&#8243; _module_preset=&#8221;default&#8221; da_disable_devices=&#8221;off|off|off&#8221; global_colors_info=&#8221;{}&#8221; da_is_popup=&#8221;off&#8221; da_exit_intent=&#8221;off&#8221; da_has_close=&#8221;on&#8221; da_alt_close=&#8221;off&#8221; da_dark_close=&#8221;off&#8221; da_not_modal=&#8221;on&#8221; da_is_singular=&#8221;off&#8221; da_with_loader=&#8221;off&#8221; da_has_shadow=&#8221;on&#8221;][et_pb_row _builder_version=&#8221;4.27.4&#8243; _module_preset=&#8221;default&#8221; global_colors_info=&#8221;{}&#8221;][et_pb_column type=&#8221;4_4&#8243; _builder_version=&#8221;4.27.4&#8243; _module_preset=&#8221;default&#8221; global_colors_info=&#8221;{}&#8221;][et_pb_text _builder_version=&#8221;4.27.4&#8243; _module_preset=&#8221;default&#8221; hover_enabled=&#8221;0&#8243; global_colors_info=&#8221;{}&#8221; sticky_enabled=&#8221;0&#8243;]<\/p>\n<p style=\"text-align: justify;\"><strong><b><span style=\"color: #115e67; font-size: 18px;\">STEEL TECH (Texas)<\/span><\/b><\/strong><\/p>\n<p style=\"text-align: justify;\"><strong>STS Steel Technologies LLC<\/strong> es una alianza estrat\u00e9gica constituida por <b><span style=\"color: #0a626c;\">ERSIGROUP<\/span><\/b> y un grupo sider\u00fargico estadounidense, orientada a introducir en el mercado de Estados Unidos las soluciones m\u00e1s avanzadas en acero elaborado para estructuras de hormig\u00f3n armado.<\/p>\n<p style=\"text-align: justify;\">La compa\u00f1\u00eda nace con una vocaci\u00f3n clara de integraci\u00f3n permanente en el entorno local, fomentando una estrecha colaboraci\u00f3n con profesionales y actores clave del pa\u00eds. Su objetivo es generar sinergias t\u00e9cnicas, compartir conocimiento especializado y contribuir al desarrollo de un modelo constructivo industrializado, sostenible y altamente eficiente.<\/p>\n<p style=\"text-align: justify;\"><strong>STS Steel Technologies LLC<\/strong> se apoya en un enfoque que combina experiencia internacional, proximidad operativa y compromiso con la innovaci\u00f3n. Su desarrollo en el mercado estadounidense se fundamenta en pilares esenciales:<\/p>\n<ul>\n<li style=\"list-style-type: none;\">\n<ul>\n<li style=\"text-align: justify;\">cumplimiento estricto de los m\u00e1s altos est\u00e1ndares de calidad,<\/li>\n<li style=\"text-align: justify;\">incorporaci\u00f3n de tecnolog\u00edas constructivas de \u00faltima generaci\u00f3n,<\/li>\n<li style=\"text-align: justify;\">impulso a la innovaci\u00f3n aplicada,<\/li>\n<li style=\"text-align: justify;\">reducci\u00f3n de riesgos laborales,<\/li>\n<li style=\"text-align: justify;\">sostenibilidad ambiental<\/li>\n<li style=\"text-align: justify;\">y optimizaci\u00f3n de recursos en toda la cadena de valor.<\/li>\n<\/ul>\n<\/li>\n<\/ul>\n<p>[\/et_pb_text][et_pb_text _builder_version=&#8221;4.27.4&#8243; _module_preset=&#8221;default&#8221; global_colors_info=&#8221;{}&#8221;]<\/p>\n<p style=\"text-align: justify;\">Con esta visi\u00f3n, <strong>STS Steel Technologies LLC<\/strong> se posiciona como un operador industrial capaz de ofrecer soluciones eficientes, seguras y sostenibles, en l\u00ednea con los desaf\u00edos t\u00e9cnicos y normativos de las infraestructuras contempor\u00e1neas en Estados Unidos.<\/p>\n<p style=\"text-align: justify;\"><b><span style=\"color: #0a626c;\">ERSIGROUP<\/span><\/b> aporta su experiencia internacional como especialista en ingenier\u00eda de detalle, elaboraci\u00f3n y montaje en obra de acero corrugado para estructuras de hormig\u00f3n armado. Su participaci\u00f3n en grandes proyectos de infraestructura y edificaci\u00f3n a nivel global lo posiciona como un socio t\u00e9cnico estrat\u00e9gico, capaz de ofrecer soluciones integrales adaptadas a los m\u00e1s altos est\u00e1ndares de calidad, eficiencia y sostenibilidad.<\/p>\n<p>[\/et_pb_text][\/et_pb_column][\/et_pb_row][\/et_pb_section]<\/p>\n","protected":false},"excerpt":{"rendered":"<p>STS Steel Technologies LLC: Industrializaci\u00f3n y Tecnolog\u00eda para el Futuro del Hormig\u00f3n Armado en Estados Unidos<div class=\"et_pb_module dsm_breadcrumbs dsm_breadcrumbs_0\">\n\t\t\t\t\n\t\t\t\t\n\t\t\t\t\n\t\t\t\t\n\t\t\t\t\n\t\t\t\t\n\t\t\t\t<div class=\"et_pb_module_inner\">\n\t\t\t\t\t<nav class=\"dsm_breadcrumbs_wrap\">\n\t\t\t\t<ul class=\"dsm_breadcrumbs\" itemscope itemtype=\"https:\/\/schema.org\/BreadcrumbList\">\t\t\t<li class=\"dsm_breadcrumbs_item dsm_home_item dsm_home_item_custom\" itemprop=\"itemListElement\" itemscope\n\t\t\titemtype=\"https:\/\/schema.org\/ListItem\">\n\t\t\t\t<a href=\"https:\/\/www.ersigroup.com\/en\/\" itemprop=\"item\" target=\"\">\n\t\t\t\t\t<span class='dsm_home_text_wrapper'>\n\t\t\t\t\t\t\t\t\t\t\t\t\t<span class=\"et-pb-icon dsm_home_icon\">\ue009<\/span>\n\t\t\t\t\t\t\t\t\t\t\t\t\t<span class=\"dsm_home_text\" itemprop=\"name\">\n\t\t\t\t\t\t\t\tHome\t\t\t\t\t\t\t<\/span>\n\t\t\t\t\t<\/span>\n\t\t\t\t<\/a>\n\t\t\t\t<meta itemprop=\"position\" content=\"1\" \/>\n\t\t\t<\/li>\n\n\t\t<li class=\"dsm_breadcrumbs_separator\"> <span class=\"et-pb-icon dsm_separator_icon\">5<\/span><\/li><\/ul>\n\t\t\t<\/nav>\n\t\t\t\t<\/div>\n\t\t\t<\/div>STEEL TECH (Texas) STS Steel Technologies LLC es una alianza estrat\u00e9gica constituida por ERSIGROUP y un grupo sider\u00fargico estadounidense, orientada a introducir en el mercado de Estados Unidos las soluciones m\u00e1s avanzadas en acero elaborado para estructuras de hormig\u00f3n armado. La compa\u00f1\u00eda nace con una vocaci\u00f3n clara de integraci\u00f3n permanente en el entorno local, fomentando una estrecha colaboraci\u00f3n con profesionales y actores clave del pa\u00eds. Su objetivo es generar sinergias t\u00e9cnicas, compartir conocimiento especializado y contribuir al desarrollo de un modelo constructivo industrializado, sostenible y altamente eficiente. STS Steel Technologies LLC se apoya en un enfoque que combina experiencia internacional, proximidad operativa y compromiso con la innovaci\u00f3n. Su desarrollo en el mercado estadounidense se fundamenta en pilares esenciales: cumplimiento estricto de los m\u00e1s altos est\u00e1ndares de calidad, incorporaci\u00f3n de tecnolog\u00edas constructivas de \u00faltima generaci\u00f3n, impulso a la innovaci\u00f3n aplicada, reducci\u00f3n de riesgos laborales, sostenibilidad ambiental y optimizaci\u00f3n de recursos en toda la cadena de valor. Con esta visi\u00f3n, STS Steel Technologies LLC se posiciona como un operador industrial capaz de ofrecer soluciones eficientes, seguras y sostenibles, en l\u00ednea [&hellip;]<\/p>\n","protected":false},"author":1,"featured_media":0,"parent":4398411,"menu_order":0,"comment_status":"closed","ping_status":"closed","template":"","meta":{"_et_pb_use_builder":"on","_et_pb_old_content":"","_et_gb_content_width":"","footnotes":""},"class_list":["post-4399541","page","type-page","status-publish","hentry"],"_links":{"self":[{"href":"https:\/\/www.ersigroup.com\/en\/wp-json\/wp\/v2\/pages\/4399541","targetHints":{"allow":["GET"]}}],"collection":[{"href":"https:\/\/www.ersigroup.com\/en\/wp-json\/wp\/v2\/pages"}],"about":[{"href":"https:\/\/www.ersigroup.com\/en\/wp-json\/wp\/v2\/types\/page"}],"author":[{"embeddable":true,"href":"https:\/\/www.ersigroup.com\/en\/wp-json\/wp\/v2\/users\/1"}],"replies":[{"embeddable":true,"href":"https:\/\/www.ersigroup.com\/en\/wp-json\/wp\/v2\/comments?post=4399541"}],"version-history":[{"count":1,"href":"https:\/\/www.ersigroup.com\/en\/wp-json\/wp\/v2\/pages\/4399541\/revisions"}],"predecessor-version":[{"id":4399543,"href":"https:\/\/www.ersigroup.com\/en\/wp-json\/wp\/v2\/pages\/4399541\/revisions\/4399543"}],"up":[{"embeddable":true,"href":"https:\/\/www.ersigroup.com\/en\/wp-json\/wp\/v2\/pages\/4398411"}],"wp:attachment":[{"href":"https:\/\/www.ersigroup.com\/en\/wp-json\/wp\/v2\/media?parent=4399541"}],"curies":[{"name":"wp","href":"https:\/\/api.w.org\/{rel}","templated":true}]}}