{"id":4399143,"date":"2025-10-27T11:39:15","date_gmt":"2025-10-27T10:39:15","guid":{"rendered":"https:\/\/desw.ersigroup.com\/ersigroup-argelia\/"},"modified":"2026-01-23T12:59:06","modified_gmt":"2026-01-23T11:59:06","slug":"ersigroup-argelia","status":"publish","type":"page","link":"https:\/\/www.ersigroup.com\/en\/ersigroup-argelia\/","title":{"rendered":"ERSIGROUP Argelia"},"content":{"rendered":"<p>[et_pb_section fb_built=&#8221;1&#8243; _builder_version=&#8221;4.27.5&#8243; _module_preset=&#8221;default&#8221; custom_margin=&#8221;||0px||false|false&#8221; custom_padding=&#8221;||0px||false|false&#8221; da_disable_devices=&#8221;off|off|off&#8221; global_colors_info=&#8221;{}&#8221; da_is_popup=&#8221;off&#8221; da_exit_intent=&#8221;off&#8221; da_has_close=&#8221;on&#8221; da_alt_close=&#8221;off&#8221; da_dark_close=&#8221;off&#8221; da_not_modal=&#8221;on&#8221; da_is_singular=&#8221;off&#8221; da_with_loader=&#8221;off&#8221; da_has_shadow=&#8221;on&#8221;][et_pb_row column_structure=&#8221;1_4,1_4,1_4,1_4&#8243; _builder_version=&#8221;4.27.4&#8243; _module_preset=&#8221;default&#8221; max_width=&#8221;1280px&#8221; custom_margin=&#8221;-4vw||||false|false&#8221; custom_padding=&#8221;0px||||false|false&#8221; locked=&#8221;off&#8221; global_colors_info=&#8221;{}&#8221;][et_pb_column type=&#8221;1_4&#8243; _builder_version=&#8221;4.27.4&#8243; _module_preset=&#8221;default&#8221; background_color=&#8221;gcid-f0ea3984-34c6-490b-8ec9-14422edca868&#8243; custom_padding=&#8221;40px|30px|40px|30px|true|true&#8221; custom_padding_tablet=&#8221;30px||30px||true|false&#8221; custom_padding_phone=&#8221;|20px||20px|false|true&#8221; custom_padding_last_edited=&#8221;on|desktop&#8221; global_colors_info=&#8221;{%22gcid-f0ea3984-34c6-490b-8ec9-14422edca868%22:%91%22background_color%22,%22background_color%22%93}&#8221; background__hover_enabled=&#8221;on|hover&#8221; background_color__hover=&#8221;rgba(0,0,0,0.15)&#8221; background_enable_color__hover=&#8221;on&#8221;][et_pb_image src=&#8221;https:\/\/www.ersigroup.com\/wp-content\/uploads\/2025\/10\/Icono-INGENIERIA-150&#215;150.png&#8221; title_text=&#8221;Icono INGENIERIA&#8221; url=&#8221;https:\/\/www.ersigroup.com\/en\/engineering\/&#8221; align=&#8221;center&#8221; _builder_version=&#8221;4.27.5&#8243; _module_preset=&#8221;default&#8221; max_height=&#8221;100px&#8221; global_colors_info=&#8221;{}&#8221;][\/et_pb_image][et_pb_text _builder_version=&#8221;4.27.5&#8243; _dynamic_attributes=&#8221;link_option_url&#8221; _module_preset=&#8221;_initial&#8221; text_text_color=&#8221;#115e67&#8243; header_5_font=&#8221;Outfit|700|||||||&#8221; header_5_font_size=&#8221;20px&#8221; header_5_line_height=&#8221;1.4em&#8221; text_orientation=&#8221;center&#8221; custom_margin=&#8221;||10px||false|false&#8221; link_option_url=&#8221;@ET-DC@eyJkeW5hbWljIjp0cnVlLCJjb250ZW50IjoicG9zdF9saW5rX3VybF9wYWdlIiwic2V0dGluZ3MiOnsicG9zdF9pZCI6IjQzOTQ4ODQifX0=@&#8221; hover_enabled=&#8221;0&#8243; header_5_font_size_tablet=&#8221;16px&#8221; header_5_font_size_phone=&#8221;14px&#8221; header_5_font_size_last_edited=&#8221;on|desktop&#8221; locked=&#8221;off&#8221; global_colors_info=&#8221;{}&#8221; sticky_enabled=&#8221;0&#8243;]<\/p>\n<h5 style=\"color: #115e67;\">Engineering<\/h5>\n<p>[\/et_pb_text][\/et_pb_column][et_pb_column type=&#8221;1_4&#8243; _builder_version=&#8221;4.27.4&#8243; _module_preset=&#8221;default&#8221; background_color=&#8221;gcid-f0ea3984-34c6-490b-8ec9-14422edca868&#8243; custom_padding=&#8221;40px|30px|40px|30px|true|true&#8221; custom_padding_tablet=&#8221;30px||30px||true|false&#8221; custom_padding_phone=&#8221;|20px||20px|false|true&#8221; custom_padding_last_edited=&#8221;on|desktop&#8221; global_colors_info=&#8221;{%22gcid-f0ea3984-34c6-490b-8ec9-14422edca868%22:%91%22background_color%22,%22background_color%22%93}&#8221; background__hover_enabled=&#8221;on|hover&#8221; background_color__hover=&#8221;rgba(0,0,0,0.15)&#8221; background_enable_color__hover=&#8221;on&#8221;][et_pb_image src=&#8221;https:\/\/www.ersigroup.com\/wp-content\/uploads\/2025\/10\/Icono-ELABORADO-1.png&#8221; title_text=&#8221;Icono ELABORADO&#8221; url=&#8221;https:\/\/www.ersigroup.com\/en\/manufactured-products\/&#8221; align=&#8221;center&#8221; _builder_version=&#8221;4.27.5&#8243; _module_preset=&#8221;default&#8221; max_height=&#8221;100px&#8221; global_colors_info=&#8221;{}&#8221;][\/et_pb_image][et_pb_text _builder_version=&#8221;4.27.5&#8243; _module_preset=&#8221;_initial&#8221; header_5_font=&#8221;Outfit|700|||||||&#8221; header_5_font_size=&#8221;20px&#8221; header_5_line_height=&#8221;1.4em&#8221; text_orientation=&#8221;center&#8221; custom_margin=&#8221;||10px||false|false&#8221; hover_enabled=&#8221;0&#8243; header_5_font_size_tablet=&#8221;16px&#8221; header_5_font_size_phone=&#8221;14px&#8221; header_5_font_size_last_edited=&#8221;on|desktop&#8221; locked=&#8221;off&#8221; global_colors_info=&#8221;{}&#8221; sticky_enabled=&#8221;0&#8243;]<\/p>\n<h5 style=\"color: #115e67;\">Manufactured<\/h5>\n<p>[\/et_pb_text][\/et_pb_column][et_pb_column type=&#8221;1_4&#8243; _builder_version=&#8221;4.27.4&#8243; _module_preset=&#8221;default&#8221; background_color=&#8221;gcid-f0ea3984-34c6-490b-8ec9-14422edca868&#8243; custom_padding=&#8221;40px|30px|40px|30px|true|true&#8221; custom_padding_tablet=&#8221;30px||30px||true|false&#8221; custom_padding_phone=&#8221;|20px||20px|false|true&#8221; custom_padding_last_edited=&#8221;on|desktop&#8221; global_colors_info=&#8221;{%22gcid-f0ea3984-34c6-490b-8ec9-14422edca868%22:%91%22background_color%22%93}&#8221; background__hover_enabled=&#8221;on|hover&#8221; background_color__hover=&#8221;rgba(0,0,0,0.15)&#8221; background_enable_color__hover=&#8221;on&#8221;][et_pb_image src=&#8221;https:\/\/www.ersigroup.com\/wp-content\/uploads\/2025\/10\/Icono-PREFABRICADO-150&#215;150.png&#8221; title_text=&#8221;Icono PREFABRICADO&#8221; url=&#8221;https:\/\/www.ersigroup.com\/en\/prefabricated-products\/&#8221; align=&#8221;center&#8221; _builder_version=&#8221;4.27.5&#8243; _module_preset=&#8221;default&#8221; max_height=&#8221;100px&#8221; global_colors_info=&#8221;{}&#8221;][\/et_pb_image][et_pb_text _builder_version=&#8221;4.27.5&#8243; _module_preset=&#8221;_initial&#8221; header_5_font=&#8221;Outfit|700|||||||&#8221; header_5_font_size=&#8221;20px&#8221; header_5_line_height=&#8221;1.4em&#8221; text_orientation=&#8221;center&#8221; custom_margin=&#8221;||10px||false|false&#8221; hover_enabled=&#8221;0&#8243; header_5_font_size_tablet=&#8221;16px&#8221; header_5_font_size_phone=&#8221;14px&#8221; header_5_font_size_last_edited=&#8221;on|desktop&#8221; global_colors_info=&#8221;{}&#8221; sticky_enabled=&#8221;0&#8243;]<\/p>\n<h5 style=\"color: #115e67;\">Prefabricated<\/h5>\n<p>[\/et_pb_text][\/et_pb_column][et_pb_column type=&#8221;1_4&#8243; _builder_version=&#8221;4.27.4&#8243; _module_preset=&#8221;default&#8221; background_color=&#8221;gcid-f0ea3984-34c6-490b-8ec9-14422edca868&#8243; custom_padding=&#8221;40px|30px|40px|30px|true|true&#8221; custom_padding_tablet=&#8221;30px||30px||true|false&#8221; custom_padding_phone=&#8221;|20px||20px|false|true&#8221; custom_padding_last_edited=&#8221;on|desktop&#8221; global_colors_info=&#8221;{%22gcid-f0ea3984-34c6-490b-8ec9-14422edca868%22:%91%22background_color%22%93}&#8221; background__hover_enabled=&#8221;on|hover&#8221; background_color__hover=&#8221;rgba(0,0,0,0.15)&#8221; background_enable_color__hover=&#8221;on&#8221;][et_pb_image src=&#8221;https:\/\/www.ersigroup.com\/wp-content\/uploads\/2025\/10\/Icono-PLANTA-INDUSTRIAL-150&#215;150.png&#8221; title_text=&#8221;Icono PLANTA INDUSTRIAL&#8221; url=&#8221;https:\/\/www.ersigroup.com\/en\/industrial-plants\/planta-industrial-de-argelia-innovacion-y-eficiencia-para-el-mercado-argelino\/&#8221; align=&#8221;center&#8221; _builder_version=&#8221;4.27.5&#8243; _module_preset=&#8221;default&#8221; max_height=&#8221;100px&#8221; global_colors_info=&#8221;{}&#8221;][\/et_pb_image][et_pb_text _builder_version=&#8221;4.27.5&#8243; _module_preset=&#8221;_initial&#8221; header_5_font=&#8221;Outfit|700|||||||&#8221; header_5_font_size=&#8221;20px&#8221; header_5_line_height=&#8221;1.4em&#8221; text_orientation=&#8221;center&#8221; custom_margin=&#8221;||10px||false|false&#8221; link_option_url=&#8221;https:\/\/www.ersigroup.com\/en\/industrial-plants\/planta-industrial-de-argelia-innovacion-y-eficiencia-para-el-mercado-argelino\/&#8221; hover_enabled=&#8221;0&#8243; header_5_font_size_tablet=&#8221;16px&#8221; header_5_font_size_phone=&#8221;14px&#8221; header_5_font_size_last_edited=&#8221;on|desktop&#8221; global_colors_info=&#8221;{}&#8221; sticky_enabled=&#8221;0&#8243;]<\/p>\n<h5 style=\"color: #115e67;\">Industrials Plants<\/h5>\n<p>[\/et_pb_text][\/et_pb_column][\/et_pb_row][et_pb_row _builder_version=&#8221;4.27.5&#8243; _module_preset=&#8221;default&#8221; custom_margin=&#8221;0px||||false|false&#8221; custom_padding=&#8221;0px||||false|false&#8221; global_colors_info=&#8221;{}&#8221;][et_pb_column type=&#8221;4_4&#8243; _builder_version=&#8221;4.27.4&#8243; _module_preset=&#8221;default&#8221; global_colors_info=&#8221;{}&#8221;][et_pb_text _builder_version=&#8221;4.27.5&#8243; _module_preset=&#8221;default&#8221; hover_enabled=&#8221;0&#8243; global_colors_info=&#8221;{}&#8221; sticky_enabled=&#8221;0&#8243;]<\/p>\n<p style=\"text-align: justify;\"><b><span style=\"color: #115e67; font-size: 18px;\">Who is ERSIGROUP ALGERIA?<\/span><\/b><\/p>\n<p style=\"text-align: justify;\"><b><span style=\"color: #115e67;\">ERSIGROUP ARGELIA, <\/span><\/b>through Armatures Techniques Alg\u00e9rie <strong>SPA (ATA SPA)<\/strong>, is the representative office of the international <b><span style=\"color: #115e67;\">ERSIGROUP<\/span><\/b> group in the country. <strong>ATA SPA<\/strong> arose from a strategic alliance between <strong>ASICOM SPA<\/strong> and <b><span style=\"color: #115e67;\">ERSIGROUP<\/span><\/b>, with the aim of incorporating the most advanced construction technologies in Algeria, both in the production of corrugated steel for reinforced concrete and in the provision of detailed engineering, prefabrication and industrialised construction methods services.<\/p>\n<p>Since its creation, <strong>ATA SPA<\/strong> has sought to establish close collaboration with professionals in the sector in Algeria, promoting the integration of experiences, the transfer of knowledge and the sustainable development of the local construction ecosystem. This commitment to permanence is based on a firm commitment to the country and the desire to become a key industrial player in major national infrastructure programmes.<\/p>\n<p>Our presence is underpinned by the <strong>guarantee of the highest quality standards<\/strong>, the incorporation of <strong>modern construction techniques<\/strong>, a continuous commitment to innovation, the reduction of occupational risks, respect for the environment and the optimisation of productive resources. As a result, <b><span style=\"color: #115e67;\">ERSIGROUP ARGELIA<\/span><\/b> is positioned to offer the market the most advanced construction procedures, fully aligned with international requirements.<\/p>\n<p>The Soci\u00e9t\u00e9 <strong>Alg\u00e9ro-Saoudienne d&#8217;Investissement<\/strong> <strong>(ASICOM SPA)<\/strong>, our strategic partner, was founded in 2004 and is one of the most important industrial players in the country, allowing <strong>ATA SPA<\/strong> to integrate itself firmly into the Algerian economic fabric. For its part, <b><span style=\"color: #115e67;\">ERSIGROUP<\/span><\/b>\u00a0is an international benchmark in the engineering, supply, manufacture and assembly of corrugated steel for reinforced concrete structures, with a long history of participation in major infrastructure and building projects on several continents.<\/p>\n<p>Together, <b><span style=\"color: #115e67;\">ERSIGROUP ARGELIA<\/span><\/b> \u2013 <strong>ATA SPA<\/strong> offers the market a comprehensive proposal that combines engineering, industrial capacity and technical excellence, becoming a leading technical and industrial partner for construction companies and developers seeking efficiency, safety, innovation and high-performance structural results in Algeria.<\/p>\n<p>[\/et_pb_text][\/et_pb_column][\/et_pb_row][\/et_pb_section][et_pb_section fb_built=&#8221;1&#8243; _builder_version=&#8221;4.27.5&#8243; _module_preset=&#8221;default&#8221; background_enable_color=&#8221;off&#8221; width=&#8221;100%&#8221; max_width=&#8221;100%&#8221; custom_margin=&#8221;0px||||false|false&#8221; custom_padding=&#8221;0px||||false|false&#8221; da_disable_devices=&#8221;off|off|off&#8221; global_colors_info=&#8221;{}&#8221; da_is_popup=&#8221;off&#8221; da_exit_intent=&#8221;off&#8221; da_has_close=&#8221;on&#8221; da_alt_close=&#8221;off&#8221; da_dark_close=&#8221;off&#8221; da_not_modal=&#8221;on&#8221; da_is_singular=&#8221;off&#8221; da_with_loader=&#8221;off&#8221; da_has_shadow=&#8221;on&#8221;][et_pb_row _builder_version=&#8221;4.27.4&#8243; _module_preset=&#8221;default&#8221; global_colors_info=&#8221;{}&#8221;][et_pb_column type=&#8221;4_4&#8243; _builder_version=&#8221;4.27.4&#8243; _module_preset=&#8221;default&#8221; global_colors_info=&#8221;{}&#8221;][et_pb_text _builder_version=&#8221;4.27.4&#8243; _module_preset=&#8221;default&#8221; text_font=&#8221;Montserrat|700||on|||||&#8221; text_text_color=&#8221;#111111&#8243; text_font_size=&#8221;24px&#8221; text_line_height=&#8221;1.4em&#8221; width=&#8221;250px&#8221; module_alignment=&#8221;left&#8221; custom_padding=&#8221;||10px||false|false&#8221; border_width_bottom=&#8221;3px&#8221; border_color_bottom=&#8221;#0a626c&#8221; global_colors_info=&#8221;{}&#8221;]<\/p>\n<p>OBRAS EN EL PA\u00cdS<\/p>\n<p>[\/et_pb_text][\/et_pb_column][\/et_pb_row][et_pb_row _builder_version=&#8221;4.27.4&#8243; _module_preset=&#8221;default&#8221; width=&#8221;100%&#8221; max_width=&#8221;100%&#8221; global_colors_info=&#8221;{}&#8221;][et_pb_column type=&#8221;4_4&#8243; _builder_version=&#8221;4.27.4&#8243; _module_preset=&#8221;default&#8221; global_colors_info=&#8221;{}&#8221;][et_pb_filterable_portfolio_tags project_tag=&#8221;argelia&#8221; _builder_version=&#8221;4.27.4&#8243; _module_preset=&#8221;default&#8221; width=&#8221;100%&#8221; global_colors_info=&#8221;{}&#8221;][\/et_pb_filterable_portfolio_tags][\/et_pb_column][\/et_pb_row][\/et_pb_section]<\/p>\n","protected":false},"excerpt":{"rendered":"<p>EngineeringManufacturedPrefabricatedIndustrials PlantsWho is ERSIGROUP ALGERIA? ERSIGROUP ARGELIA, through Armatures Techniques Alg\u00e9rie SPA (ATA SPA), is the representative office of the international ERSIGROUP group in the country. ATA SPA arose from a strategic alliance between ASICOM SPA and ERSIGROUP, with the aim of incorporating the most advanced construction technologies in Algeria, both in the production of corrugated steel for reinforced concrete and in the provision of detailed engineering, prefabrication and industrialised construction methods services. Since its creation, ATA SPA has sought to establish close collaboration with professionals in the sector in Algeria, promoting the integration of experiences, the transfer of knowledge and the sustainable development of the local construction ecosystem. This commitment to permanence is based on a firm commitment to the country and the desire to become a key industrial player in major national infrastructure programmes. Our presence is underpinned by the guarantee of the highest quality standards, the incorporation of modern construction techniques, a continuous commitment to innovation, the reduction of occupational risks, respect for the environment and the optimisation of productive resources. As a result, ERSIGROUP ARGELIA is positioned to offer the market the most advanced construction procedures, fully aligned with international requirements. The Soci\u00e9t\u00e9 Alg\u00e9ro-Saoudienne d&#8217;Investissement (ASICOM [&hellip;]<\/p>\n","protected":false},"author":1,"featured_media":0,"parent":0,"menu_order":0,"comment_status":"closed","ping_status":"closed","template":"","meta":{"_et_pb_use_builder":"on","_et_pb_old_content":"","_et_gb_content_width":"","footnotes":""},"class_list":["post-4399143","page","type-page","status-publish","hentry"],"_links":{"self":[{"href":"https:\/\/www.ersigroup.com\/en\/wp-json\/wp\/v2\/pages\/4399143","targetHints":{"allow":["GET"]}}],"collection":[{"href":"https:\/\/www.ersigroup.com\/en\/wp-json\/wp\/v2\/pages"}],"about":[{"href":"https:\/\/www.ersigroup.com\/en\/wp-json\/wp\/v2\/types\/page"}],"author":[{"embeddable":true,"href":"https:\/\/www.ersigroup.com\/en\/wp-json\/wp\/v2\/users\/1"}],"replies":[{"embeddable":true,"href":"https:\/\/www.ersigroup.com\/en\/wp-json\/wp\/v2\/comments?post=4399143"}],"version-history":[{"count":4,"href":"https:\/\/www.ersigroup.com\/en\/wp-json\/wp\/v2\/pages\/4399143\/revisions"}],"predecessor-version":[{"id":4399152,"href":"https:\/\/www.ersigroup.com\/en\/wp-json\/wp\/v2\/pages\/4399143\/revisions\/4399152"}],"wp:attachment":[{"href":"https:\/\/www.ersigroup.com\/en\/wp-json\/wp\/v2\/media?parent=4399143"}],"curies":[{"name":"wp","href":"https:\/\/api.w.org\/{rel}","templated":true}]}}